{"id":3280,"date":"2020-03-21T00:05:34","date_gmt":"2020-03-20T23:05:34","guid":{"rendered":"http:\/\/agora.xtec.cat\/ceipcarmeguaschidarne\/?page_id=3280"},"modified":"2020-03-30T21:34:44","modified_gmt":"2020-03-30T19:34:44","slug":"activitats-ambit-linguistic","status":"publish","type":"page","link":"https:\/\/agora.xtec.cat\/ceipcarmeguaschidarne\/recursos-educatius\/cicle-mitja\/activitats-ambit-linguistic\/","title":{"rendered":"Activitats \u00e0mbit ling\u00fc\u00edstic"},"content":{"rendered":"<h3><\/h3>\n<p>Els i les alumnes de Cicle Mitj\u00e0 i les vostres fam\u00edlies tamb\u00e9 podeu accedir al web que ha habilitat l&#8217;editorial Teide mentre ens quedem a casa.<\/p>\n<p>Accedir-hi \u00e9s ben senzill, cal seguir les seg\u00fcents instruccions:<\/p>\n<ol>\n<li>Clicar l\u2019enlla\u00e7 <a href=\"https:\/\/web.editorialteide.com\/ca\/ensquedemacasa\/\" target=\"_blank\" rel=\"noopener noreferrer\" data-saferedirecturl=\"https:\/\/www.google.com\/url?q=https:\/\/web.editorialteide.com\/ca\/ensquedemacasa\/&amp;source=gmail&amp;ust=1584981711986000&amp;usg=AFQjCNF9-aH3gdwmA4GuByXVG8Er5Wy0uQ\">https:\/\/web.<wbr \/>editorialteide.com\/ca\/<wbr \/>ensquedemacasa\/<\/a><\/li>\n<li>Clicar el bot\u00f3 ACCEDEIX<\/li>\n<li>Triar el curs i despr\u00e9s la mat\u00e8ria (llengua, matem\u00e0tiques i medi).<\/li>\n<\/ol>\n","protected":false},"excerpt":{"rendered":"<p>Els i les alumnes de Cicle Mitj\u00e0 i les vostres fam\u00edlies tamb\u00e9 podeu accedir al web que ha habilitat l&#8217;editorial Teide mentre ens quedem a casa.<br \/>\nAccedir-hi \u00e9s ben senzill, cal seguir les seg\u00fcents instruccions:<\/p>\n<ol>\n<li>Clicar l\u2019enlla\u00e7 <a href=\"https:\/\/web.editorialteide.com\/ca\/ensquedemacasa\/\" target=\"_blank\" rel=\"noopener noreferrer\" data-saferedirecturl=\"https:\/\/www.google.com\/url?q=https:\/\/web.editorialteide.com\/ca\/ensquedemacasa\/&amp;source=gmail&amp;ust=1584981711986000&amp;usg=AFQjCNF9-aH3gdwmA4GuByXVG8Er5Wy0uQ\">https:\/\/web.editorialteide.com\/ca\/ensquedemacasa\/<\/a><\/li>\n<li>Clicar el bot\u00f3 ACCEDEIX<\/li>\n<li>Triar el&hellip;  <a href=\"https:\/\/agora.xtec.cat\/ceipcarmeguaschidarne\/recursos-educatius\/cicle-mitja\/activitats-ambit-linguistic\/\" title=\"Read Activitats \u00e0mbit ling\u00fc\u00edstic\">Llegeix m\u00e9s\u00bb<\/a><br \/>\n","protected":false},"author":1,"featured_media":0,"parent":3622,"menu_order":0,"comment_status":"closed","ping_status":"closed","template":"","meta":{"_bbp_topic_count":0,"_bbp_reply_count":0,"_bbp_total_topic_count":0,"_bbp_total_reply_count":0,"_bbp_voice_count":0,"_bbp_anonymous_reply_count":0,"_bbp_topic_count_hidden":0,"_bbp_reply_count_hidden":0,"_bbp_forum_subforum_count":0,"footnotes":""},"class_list":["post-3280","page","type-page","status-publish","hentry"],"post_mailing_queue_ids":[],"_links":{"self":[{"href":"https:\/\/agora.xtec.cat\/ceipcarmeguaschidarne\/wp-json\/wp\/v2\/pages\/3280","targetHints":{"allow":["GET"]}}],"collection":[{"href":"https:\/\/agora.xtec.cat\/ceipcarmeguaschidarne\/wp-json\/wp\/v2\/pages"}],"about":[{"href":"https:\/\/agora.xtec.cat\/ceipcarmeguaschidarne\/wp-json\/wp\/v2\/types\/page"}],"author":[{"embeddable":true,"href":"https:\/\/agora.xtec.cat\/ceipcarmeguaschidarne\/wp-json\/wp\/v2\/users\/1"}],"replies":[{"embeddable":true,"href":"https:\/\/agora.xtec.cat\/ceipcarmeguaschidarne\/wp-json\/wp\/v2\/comments?post=3280"}],"version-history":[{"count":4,"href":"https:\/\/agora.xtec.cat\/ceipcarmeguaschidarne\/wp-json\/wp\/v2\/pages\/3280\/revisions"}],"predecessor-version":[{"id":3649,"href":"https:\/\/agora.xtec.cat\/ceipcarmeguaschidarne\/wp-json\/wp\/v2\/pages\/3280\/revisions\/3649"}],"up":[{"embeddable":true,"href":"https:\/\/agora.xtec.cat\/ceipcarmeguaschidarne\/wp-json\/wp\/v2\/pages\/3622"}],"wp:attachment":[{"href":"https:\/\/agora.xtec.cat\/ceipcarmeguaschidarne\/wp-json\/wp\/v2\/media?parent=3280"}],"curies":[{"name":"wp","href":"https:\/\/api.w.org\/{rel}","templated":true}]}}