{"id":3189,"date":"2020-02-17T13:34:46","date_gmt":"2020-02-17T12:34:46","guid":{"rendered":"http:\/\/agora.xtec.cat\/ceipcarmeguaschidarne\/?page_id=3189"},"modified":"2025-02-08T13:32:01","modified_gmt":"2025-02-08T12:32:01","slug":"projectes-del-centre","status":"publish","type":"page","link":"https:\/\/agora.xtec.cat\/ceipcarmeguaschidarne\/projectes-del-centre\/","title":{"rendered":"Documentaci\u00f3 de Centre"},"content":{"rendered":"<p>En aquesta p\u00e0gina podeu consultar els seg\u00fcents documents de centre:<\/p>\n<ul>\n<li>El Projecte Educatiu de Centre (PEC)<\/li>\n<li>Les Normes d\u2019Organitzaci\u00f3 i Funcionament del Centre (NOFC)<\/li>\n<li>El Projecte Ling\u00fc\u00edstic de Centre<\/li>\n<li>Pla d&#8217;organitzaci\u00f3 de Centre<\/li>\n<li>Pla de conviv\u00e8ncia<\/li>\n<li>Protocol de fets<\/li>\n<li>L\u2019Estrat\u00e8gia Digital de Centre<\/li>\n<\/ul>\n","protected":false},"excerpt":{"rendered":"<p>En aquesta p\u00e0gina podeu consultar els seg\u00fcents documents de centre:<\/p>\n<ul>\n<li>El Projecte Educatiu de Centre (PEC)<\/li>\n<li>Les Normes d\u2019Organitzaci\u00f3 i Funcionament del Centre (NOFC)<\/li>\n<li>El Projecte Ling\u00fc\u00edstic de Centre<\/li>\n<li>Pla d&#8217;organitzaci\u00f3 de Centre<\/li>\n<li>Pla de conviv\u00e8ncia<\/li>\n<li>Protocol de fets<\/li>\n<li>L\u2019Estrat\u00e8gia Digital de Centre<\/li>\n<\/ul>\n","protected":false},"author":1,"featured_media":0,"parent":0,"menu_order":0,"comment_status":"closed","ping_status":"closed","template":"page-templates\/side-menu.php","meta":{"_bbp_topic_count":0,"_bbp_reply_count":0,"_bbp_total_topic_count":0,"_bbp_total_reply_count":0,"_bbp_voice_count":0,"_bbp_anonymous_reply_count":0,"_bbp_topic_count_hidden":0,"_bbp_reply_count_hidden":0,"_bbp_forum_subforum_count":0,"footnotes":""},"class_list":["post-3189","page","type-page","status-publish","hentry"],"post_mailing_queue_ids":[],"_links":{"self":[{"href":"https:\/\/agora.xtec.cat\/ceipcarmeguaschidarne\/wp-json\/wp\/v2\/pages\/3189","targetHints":{"allow":["GET"]}}],"collection":[{"href":"https:\/\/agora.xtec.cat\/ceipcarmeguaschidarne\/wp-json\/wp\/v2\/pages"}],"about":[{"href":"https:\/\/agora.xtec.cat\/ceipcarmeguaschidarne\/wp-json\/wp\/v2\/types\/page"}],"author":[{"embeddable":true,"href":"https:\/\/agora.xtec.cat\/ceipcarmeguaschidarne\/wp-json\/wp\/v2\/users\/1"}],"replies":[{"embeddable":true,"href":"https:\/\/agora.xtec.cat\/ceipcarmeguaschidarne\/wp-json\/wp\/v2\/comments?post=3189"}],"version-history":[{"count":5,"href":"https:\/\/agora.xtec.cat\/ceipcarmeguaschidarne\/wp-json\/wp\/v2\/pages\/3189\/revisions"}],"predecessor-version":[{"id":7038,"href":"https:\/\/agora.xtec.cat\/ceipcarmeguaschidarne\/wp-json\/wp\/v2\/pages\/3189\/revisions\/7038"}],"wp:attachment":[{"href":"https:\/\/agora.xtec.cat\/ceipcarmeguaschidarne\/wp-json\/wp\/v2\/media?parent=3189"}],"curies":[{"name":"wp","href":"https:\/\/api.w.org\/{rel}","templated":true}]}}