{"id":30,"date":"2014-09-18T12:30:23","date_gmt":"2014-09-18T11:30:23","guid":{"rendered":"http:\/\/agora.xtec.cat\/ceipcarmeguaschidarne\/?page_id=30"},"modified":"2025-05-29T12:27:11","modified_gmt":"2025-05-29T10:27:11","slug":"instal%c2%b7lacions","status":"publish","type":"page","link":"https:\/\/agora.xtec.cat\/ceipcarmeguaschidarne\/lescola\/instal%c2%b7lacions\/","title":{"rendered":"Instal\u00b7lacions"},"content":{"rendered":"<p title=\"entrada escola\"><a href=\"https:\/\/agora.xtec.cat\/ceipcarmeguaschidarne\/wp-content\/uploads\/usu1597\/2025\/05\/entrada.jpg\"><img loading=\"lazy\" decoding=\"async\" class=\"aligncenter  wp-image-7091\" src=\"https:\/\/agora.xtec.cat\/ceipcarmeguaschidarne\/wp-content\/uploads\/usu1597\/2025\/05\/entrada.jpg\" alt=\"\" width=\"405\" height=\"304\" srcset=\"https:\/\/agora.xtec.cat\/ceipcarmeguaschidarne\/wp-content\/uploads\/usu1597\/2025\/05\/entrada.jpg 1008w, https:\/\/agora.xtec.cat\/ceipcarmeguaschidarne\/wp-content\/uploads\/usu1597\/2025\/05\/entrada-300x225.jpg 300w, https:\/\/agora.xtec.cat\/ceipcarmeguaschidarne\/wp-content\/uploads\/usu1597\/2025\/05\/entrada-768x576.jpg 768w, https:\/\/agora.xtec.cat\/ceipcarmeguaschidarne\/wp-content\/uploads\/usu1597\/2025\/05\/entrada-200x150.jpg 200w\" sizes=\"auto, (max-width: 405px) 100vw, 405px\" \/><\/a><\/p>\n<p title=\"entrada escola\">L&#8217;escola Carme Guasch i Darn\u00e9 est\u00e0 situada en una ubicaci\u00f3 provisional en m\u00f2duls prefabricats al C\/ Josep Ma de Sagarra s\/n.<\/p>\n<p><a href=\"https:\/\/agora.xtec.cat\/ceipcarmeguaschidarne\/wp-content\/uploads\/usu1597\/2025\/05\/carme-guasch.jpg\"><img loading=\"lazy\" decoding=\"async\" class=\"aligncenter  wp-image-7092\" src=\"https:\/\/agora.xtec.cat\/ceipcarmeguaschidarne\/wp-content\/uploads\/usu1597\/2025\/05\/carme-guasch.jpg\" alt=\"\" width=\"336\" height=\"252\" srcset=\"https:\/\/agora.xtec.cat\/ceipcarmeguaschidarne\/wp-content\/uploads\/usu1597\/2025\/05\/carme-guasch.jpg 1008w, https:\/\/agora.xtec.cat\/ceipcarmeguaschidarne\/wp-content\/uploads\/usu1597\/2025\/05\/carme-guasch-300x225.jpg 300w, https:\/\/agora.xtec.cat\/ceipcarmeguaschidarne\/wp-content\/uploads\/usu1597\/2025\/05\/carme-guasch-768x576.jpg 768w, https:\/\/agora.xtec.cat\/ceipcarmeguaschidarne\/wp-content\/uploads\/usu1597\/2025\/05\/carme-guasch-200x150.jpg 200w\" sizes=\"auto, (max-width: 336px) 100vw, 336px\" \/><\/a><\/p>\n<p>&nbsp;<\/p>\n<p>Les<strong> infraestructures<\/strong> que actualment disposem\u00a0es poden concretar en:<\/p>\n<p>1 M\u00f2dul d&#8217;administraci\u00f3:<\/p>\n<ul>\n<li>Consergeria<\/li>\n<li>Despatx d&#8217;administraci\u00f3<\/li>\n<li>Rebost<\/li>\n<li>Despatx de direcci\u00f3<\/li>\n<li>Els Aiguamolls<\/li>\n<li>Aula de mestres.<\/li>\n<\/ul>\n<div><\/div>\n<p>1 M\u00f2dul per compartir:<\/p>\n<ul>\n<li>Aula Viatgera<\/li>\n<li>Aula de SIEI.<\/li>\n<li>Aula Cap de Creus<\/li>\n<\/ul>\n<p>1 M\u00f2dul d&#8217;<strong>I3<\/strong> amb l&#8217;aula <strong>groga<\/strong> i la <strong>blava.<\/strong><\/p>\n<p>1 M\u00f2dul d&#8217;<strong>I4<\/strong> amb l&#8217;aula <strong>vermella<\/strong> i <strong>verda.<\/strong><\/p>\n<p>1 M\u00f2dul d&#8217;<strong>I5<\/strong> amb l&#8217;aula <strong>lila i taronja.<br \/>\n<\/strong><\/p>\n<p>1 M\u00f2dul de cicle inicial amb les aules de <strong>1r<\/strong> <strong>turquesa<\/strong> i <strong>f\u00facsia,<\/strong> i <strong>2n<\/strong> amb aules <strong>pistatxo<\/strong> i <strong>violeta.<\/strong><\/p>\n<p>1 M\u00f2dul de <strong>3r<\/strong> amb l&#8217;<strong>\u00c0rtic<\/strong> i <strong>Ant\u00e0rtic <\/strong>i el <strong>Xiringuito <\/strong>d&#8217;Educaci\u00f3 Especial<\/p>\n<p>1 M\u00f2dul de\u00a0<strong>4t<\/strong> amb les aules <strong>Gobi i S\u00e0hara <\/strong>i el<strong> Petit SIEI<br \/>\n<\/strong><\/p>\n<p>1 M\u00f2dul de cicle superior amb les aules de <strong>5\u00e8<\/strong>\u00a0<strong>Amaz\u00f2nia<\/strong> i <strong>Congo<\/strong> i <strong>6\u00e8<\/strong> amb les aules<strong> Everest i K2.<\/strong><\/p>\n<p>1 m\u00f2dul amb dues aules: <strong>Cian<\/strong> i <strong>Cova<\/strong><\/p>\n<p>1 M\u00f2dul de menjador.<\/p>\n<p>El pati consta de:<\/p>\n<ul>\n<li>1 pista poliesportiva amb 4 cistelles de b\u00e0squet<\/li>\n<li>1 pista de futbol<\/li>\n<li>Gronxadors<\/li>\n<li>Sorrera amb estris per jugar-hi (pales, galledes, sedassos&#8230;)<\/li>\n<li>Estructura amb troncs<\/li>\n<li>Estructura amb tobogan, pont penjant, escales&#8230;<\/li>\n<li>Taules de p\u00edcnic<\/li>\n<li>Pati sostenible<\/li>\n<\/ul>\n<p><a href=\"https:\/\/agora.xtec.cat\/ceipcarmeguaschidarne\/wp-content\/uploads\/usu1597\/2025\/05\/WhatsApp-Image-2025-05-29-at-09.43.20-scaled.jpeg\"><img loading=\"lazy\" decoding=\"async\" class=\"wp-image-7089 alignleft\" src=\"https:\/\/agora.xtec.cat\/ceipcarmeguaschidarne\/wp-content\/uploads\/usu1597\/2025\/05\/WhatsApp-Image-2025-05-29-at-09.43.20-1024x768.jpeg\" alt=\"\" width=\"309\" height=\"232\" srcset=\"https:\/\/agora.xtec.cat\/ceipcarmeguaschidarne\/wp-content\/uploads\/usu1597\/2025\/05\/WhatsApp-Image-2025-05-29-at-09.43.20-1024x768.jpeg 1024w, https:\/\/agora.xtec.cat\/ceipcarmeguaschidarne\/wp-content\/uploads\/usu1597\/2025\/05\/WhatsApp-Image-2025-05-29-at-09.43.20-300x225.jpeg 300w, https:\/\/agora.xtec.cat\/ceipcarmeguaschidarne\/wp-content\/uploads\/usu1597\/2025\/05\/WhatsApp-Image-2025-05-29-at-09.43.20-768x576.jpeg 768w, https:\/\/agora.xtec.cat\/ceipcarmeguaschidarne\/wp-content\/uploads\/usu1597\/2025\/05\/WhatsApp-Image-2025-05-29-at-09.43.20-1536x1152.jpeg 1536w, https:\/\/agora.xtec.cat\/ceipcarmeguaschidarne\/wp-content\/uploads\/usu1597\/2025\/05\/WhatsApp-Image-2025-05-29-at-09.43.20-2048x1536.jpeg 2048w, https:\/\/agora.xtec.cat\/ceipcarmeguaschidarne\/wp-content\/uploads\/usu1597\/2025\/05\/WhatsApp-Image-2025-05-29-at-09.43.20-200x150.jpeg 200w\" sizes=\"auto, (max-width: 309px) 100vw, 309px\" \/><\/a><\/p>\n<p><a style=\"color: #2795b6;\" href=\"https:\/\/agora.xtec.cat\/ceipcarmeguaschidarne\/wp-content\/uploads\/usu1597\/2025\/05\/gronxadors.jpg\"><img loading=\"lazy\" decoding=\"async\" class=\"wp-image-7093 alignleft\" src=\"https:\/\/agora.xtec.cat\/ceipcarmeguaschidarne\/wp-content\/uploads\/usu1597\/2025\/05\/gronxadors.jpg\" alt=\"\" width=\"309\" height=\"232\" srcset=\"https:\/\/agora.xtec.cat\/ceipcarmeguaschidarne\/wp-content\/uploads\/usu1597\/2025\/05\/gronxadors.jpg 1008w, https:\/\/agora.xtec.cat\/ceipcarmeguaschidarne\/wp-content\/uploads\/usu1597\/2025\/05\/gronxadors-300x225.jpg 300w, https:\/\/agora.xtec.cat\/ceipcarmeguaschidarne\/wp-content\/uploads\/usu1597\/2025\/05\/gronxadors-768x576.jpg 768w, https:\/\/agora.xtec.cat\/ceipcarmeguaschidarne\/wp-content\/uploads\/usu1597\/2025\/05\/gronxadors-200x150.jpg 200w\" sizes=\"auto, (max-width: 309px) 100vw, 309px\" \/><\/a><\/p>\n<p style=\"text-align: right;\"><img loading=\"lazy\" decoding=\"async\" class=\"wp-image-7094 alignleft\" src=\"https:\/\/agora.xtec.cat\/ceipcarmeguaschidarne\/wp-content\/uploads\/usu1597\/2025\/05\/troncs.jpg\" alt=\"\" width=\"309\" height=\"232\" srcset=\"https:\/\/agora.xtec.cat\/ceipcarmeguaschidarne\/wp-content\/uploads\/usu1597\/2025\/05\/troncs.jpg 1008w, https:\/\/agora.xtec.cat\/ceipcarmeguaschidarne\/wp-content\/uploads\/usu1597\/2025\/05\/troncs-300x225.jpg 300w, https:\/\/agora.xtec.cat\/ceipcarmeguaschidarne\/wp-content\/uploads\/usu1597\/2025\/05\/troncs-768x576.jpg 768w, https:\/\/agora.xtec.cat\/ceipcarmeguaschidarne\/wp-content\/uploads\/usu1597\/2025\/05\/troncs-200x150.jpg 200w\" sizes=\"auto, (max-width: 309px) 100vw, 309px\" \/> \u00a0<a href=\"https:\/\/agora.xtec.cat\/ceipcarmeguaschidarne\/wp-content\/uploads\/usu1597\/2025\/05\/WhatsApp-Image-2025-05-29-at-09.43.19-1.jpg\"><img loading=\"lazy\" decoding=\"async\" class=\"wp-image-7095 alignleft\" src=\"https:\/\/agora.xtec.cat\/ceipcarmeguaschidarne\/wp-content\/uploads\/usu1597\/2025\/05\/WhatsApp-Image-2025-05-29-at-09.43.19-1.jpg\" alt=\"\" width=\"309\" height=\"232\" srcset=\"https:\/\/agora.xtec.cat\/ceipcarmeguaschidarne\/wp-content\/uploads\/usu1597\/2025\/05\/WhatsApp-Image-2025-05-29-at-09.43.19-1.jpg 1008w, https:\/\/agora.xtec.cat\/ceipcarmeguaschidarne\/wp-content\/uploads\/usu1597\/2025\/05\/WhatsApp-Image-2025-05-29-at-09.43.19-1-300x225.jpg 300w, https:\/\/agora.xtec.cat\/ceipcarmeguaschidarne\/wp-content\/uploads\/usu1597\/2025\/05\/WhatsApp-Image-2025-05-29-at-09.43.19-1-768x576.jpg 768w, https:\/\/agora.xtec.cat\/ceipcarmeguaschidarne\/wp-content\/uploads\/usu1597\/2025\/05\/WhatsApp-Image-2025-05-29-at-09.43.19-1-200x150.jpg 200w\" sizes=\"auto, (max-width: 309px) 100vw, 309px\" \/><\/a><\/p>\n<p>&nbsp;<\/p>\n<p>&nbsp;<\/p>\n<p>&nbsp;<\/p>\n<p>&nbsp;<\/p>\n<p>&nbsp;<\/p>\n<p>&nbsp;<\/p>\n<p>&nbsp;<\/p>\n<p>&nbsp;<\/p>\n<p>&nbsp;<\/p>\n<p>&nbsp;<\/p>\n<p>L&#8217;escola disposa de dues<strong> entrades<\/strong>, per tal de facilitar l&#8217;acc\u00e9s i la recollida dels\/les alumnes del recinte:<\/p>\n<ul>\n<li>El <strong>portal verd<\/strong>, en el que entren i surten els\/les alumnes d&#8217;educaci\u00f3 Infantil.<\/li>\n<li>El <strong>portal groc<\/strong> (a la zona del parc), entrada i sortida pels alumnes de prim\u00e0ria.<\/li>\n<\/ul>\n<div>A m\u00e9s, el centre tamb\u00e9 disposa:<\/div>\n<ul>\n<li>D&#8217;un <strong>portal vermell<\/strong>, per serveis i d&#8217;entrada i sortida quan plou molt.<\/li>\n<li>Una porta blava, on hi ha timbre i int\u00e8rfon per a qualsevol gesti\u00f3 que no es dugui a terme en els horaris d&#8217;entrada i sortida.<\/li>\n<\/ul>\n","protected":false},"excerpt":{"rendered":"<p><a href=\"https:\/\/agora.xtec.cat\/ceipcarmeguaschidarne\/wp-content\/uploads\/usu1597\/2025\/05\/entrada.jpg\"><\/a><br \/>\nL&#8217;escola Carme Guasch i Darn\u00e9 est\u00e0 situada en una ubicaci\u00f3 provisional en m\u00f2duls prefabricats al C\/ Josep Ma de Sagarra s\/n.<br \/>\n<a href=\"https:\/\/agora.xtec.cat\/ceipcarmeguaschidarne\/wp-content\/uploads\/usu1597\/2025\/05\/carme-guasch.jpg\"><\/a><br \/>\n&nbsp;<br \/>\nLes infraestructures que actualment disposem\u00a0es poden concretar en:<br \/>\n1 M\u00f2dul d&#8217;administraci\u00f3:<\/p>\n<ul>\n<li>Consergeria<\/li>\n<li>Despatx d&#8217;administraci\u00f3<\/li>\n<li>Rebost<\/li>\n<li>Despatx de direcci\u00f3<\/li>\n<li>Els Aiguamolls<\/li>\n<li>Aula de mestres.<\/li>\n<\/ul>\n<p>1 M\u00f2dul per compartir:<\/p>\n<ul>\n<li>Aula Viatgera<\/li>\n<li>Aula de SIEI.<\/li>\n<li>Aula Cap&hellip;  <a href=\"https:\/\/agora.xtec.cat\/ceipcarmeguaschidarne\/lescola\/instal%c2%b7lacions\/\" title=\"Read Instal\u00b7lacions\">Llegeix m\u00e9s\u00bb<\/a><br \/>\n","protected":false},"author":1,"featured_media":0,"parent":22,"menu_order":2,"comment_status":"closed","ping_status":"closed","template":"page-templates\/side-menu.php","meta":{"_bbp_topic_count":0,"_bbp_reply_count":0,"_bbp_total_topic_count":0,"_bbp_total_reply_count":0,"_bbp_voice_count":0,"_bbp_anonymous_reply_count":0,"_bbp_topic_count_hidden":0,"_bbp_reply_count_hidden":0,"_bbp_forum_subforum_count":0,"footnotes":""},"class_list":["post-30","page","type-page","status-publish","hentry"],"post_mailing_queue_ids":[],"_links":{"self":[{"href":"https:\/\/agora.xtec.cat\/ceipcarmeguaschidarne\/wp-json\/wp\/v2\/pages\/30","targetHints":{"allow":["GET"]}}],"collection":[{"href":"https:\/\/agora.xtec.cat\/ceipcarmeguaschidarne\/wp-json\/wp\/v2\/pages"}],"about":[{"href":"https:\/\/agora.xtec.cat\/ceipcarmeguaschidarne\/wp-json\/wp\/v2\/types\/page"}],"author":[{"embeddable":true,"href":"https:\/\/agora.xtec.cat\/ceipcarmeguaschidarne\/wp-json\/wp\/v2\/users\/1"}],"replies":[{"embeddable":true,"href":"https:\/\/agora.xtec.cat\/ceipcarmeguaschidarne\/wp-json\/wp\/v2\/comments?post=30"}],"version-history":[{"count":6,"href":"https:\/\/agora.xtec.cat\/ceipcarmeguaschidarne\/wp-json\/wp\/v2\/pages\/30\/revisions"}],"predecessor-version":[{"id":7096,"href":"https:\/\/agora.xtec.cat\/ceipcarmeguaschidarne\/wp-json\/wp\/v2\/pages\/30\/revisions\/7096"}],"up":[{"embeddable":true,"href":"https:\/\/agora.xtec.cat\/ceipcarmeguaschidarne\/wp-json\/wp\/v2\/pages\/22"}],"wp:attachment":[{"href":"https:\/\/agora.xtec.cat\/ceipcarmeguaschidarne\/wp-json\/wp\/v2\/media?parent=30"}],"curies":[{"name":"wp","href":"https:\/\/api.w.org\/{rel}","templated":true}]}}