{"id":26,"date":"2014-09-18T12:24:32","date_gmt":"2014-09-18T11:24:32","guid":{"rendered":"http:\/\/agora.xtec.cat\/ceipcarmeguaschidarne\/?page_id=26"},"modified":"2024-12-14T13:34:05","modified_gmt":"2024-12-14T12:34:05","slug":"historia","status":"publish","type":"page","link":"https:\/\/agora.xtec.cat\/ceipcarmeguaschidarne\/lescola\/historia\/","title":{"rendered":"Hist\u00f2ria"},"content":{"rendered":"<p><span lang=\"CA\">L&#8217;escola CARME GUASCH I DARN\u00c9, neix al 2006 com a CEIP NOU de Figueres. Durant el curs 2006-2007 es va comen\u00e7ar l&#8217;activitat lectiva amb 2 grups de I3 i 4 mestres que lideraven el Projecte d&#8217;escola. Cada curs s&#8217;ha anat creixent progressivament fins al curs 2014-2015 en el qual s&#8217;ha arribat a 6\u00e8 curs completant tots els grups de prim\u00e0ria. Per tant, ja som una escola de dues l\u00ednies complerta!<\/span><\/p>\n<p><span lang=\"CA\">L&#8217;escola es diu <strong>Carme Guasch i Darn\u00e9<\/strong> en homenatge a aquesta poeta i escriptora figuerenca. Des d&#8217;un inici el Consell Escolar del Centre, \u00f2rgan representant de tota la comunitat educativa, va tenir molt clar que volia que l&#8217;escola port\u00e9s el nom d&#8217;una dona, tamb\u00e9 vol\u00edem que es record\u00e9ssim els dos cognoms, el patern i el matern, \u00e9s per aix\u00f2 que els\/les alumnes de l&#8217;escola diuen que la seva escola, \u00e9s\u00a0el Carme Guasch i Darn\u00e9.<\/span><\/p>\n<p>&nbsp;<\/p>\n<p><strong>Carme Guasch i Darn\u00e9 (Figueres, 1928 \u2013 Badalona, 1998) <\/strong>est\u00e0 considerada una de les escriptores empordaneses m\u00e9s importants del segle XX. Va dedicar tota la seva vida a la doc\u00e8ncia i, en concret, a l\u2019ensenyament de la llengua i la literatura, per\u00f2 sense deixar mai d\u2019escriure. Es va casar amb Antoni Soler, un home molt lligat a la cultura i al m\u00f3n del teatre a Figueres. Carme Guasch i Darn\u00e9 va tenir tres fills: Blanca, S\u00edlvia i Toni. El 2008 es va commemorar el des\u00e8 aniversari de la mort de Carme Guasch i Darn\u00e9 i la nostra escola va recordar-la amb un acte d\u2019homenatge molt emotiu en el qual van ser presents els tres fills de l\u2019autora i els seus amics m\u00e9s \u00edntims, a m\u00e9s de totes les persones que conformem la comunitat educativa del centre: equip docent i equip no docent, alumnes i fam\u00edlies, a m\u00e9s d\u2019autoritats de diferents \u00e0mbits.<\/p>\n<p>Els seus fills els quals van ser presents a la festa, van fer donaci\u00f3 de l&#8217;obra de la seva mare a la biblioteca del centre. Tant l&#8217;AMPA, com les fam\u00edlies, els infants i les diferents autoritats van recordar molta emotivament a l&#8217;autora figuerenca, que dona nom a l&#8217;escola.<\/p>\n<p><img loading=\"lazy\" decoding=\"async\" class=\"\" src=\"https:\/\/www.escriptors.cat\/sites\/default\/files\/2019-02\/portic_2.jpg\" width=\"237\" height=\"275\" \/>\u00a0 \u00a0 \u00a0 <img loading=\"lazy\" decoding=\"async\" class=\"\" src=\"https:\/\/pbs.twimg.com\/media\/Ch24QTvWwAAnth7?format=jpg&amp;name=large\" alt=\"Imatge\" width=\"413\" height=\"275\" \/><\/p>\n<p>&nbsp;<\/p>\n<p>&nbsp;<\/p>\n","protected":false},"excerpt":{"rendered":"<p>L&#8217;escola CARME GUASCH I DARN\u00c9, neix al 2006 com a CEIP NOU de Figueres. Durant el curs 2006-2007 es va comen\u00e7ar l&#8217;activitat lectiva amb 2 grups de I3 i 4 mestres que lideraven el Projecte d&#8217;escola. Cada curs s&#8217;ha anat creixent progressivament fins al curs&hellip;  <a href=\"https:\/\/agora.xtec.cat\/ceipcarmeguaschidarne\/lescola\/historia\/\" title=\"Read Hist\u00f2ria\">Llegeix m\u00e9s\u00bb<\/a><\/p>\n","protected":false},"author":1,"featured_media":0,"parent":22,"menu_order":0,"comment_status":"closed","ping_status":"closed","template":"page-templates\/side-menu.php","meta":{"_bbp_topic_count":0,"_bbp_reply_count":0,"_bbp_total_topic_count":0,"_bbp_total_reply_count":0,"_bbp_voice_count":0,"_bbp_anonymous_reply_count":0,"_bbp_topic_count_hidden":0,"_bbp_reply_count_hidden":0,"_bbp_forum_subforum_count":0,"footnotes":""},"class_list":["post-26","page","type-page","status-publish","hentry"],"post_mailing_queue_ids":[],"_links":{"self":[{"href":"https:\/\/agora.xtec.cat\/ceipcarmeguaschidarne\/wp-json\/wp\/v2\/pages\/26","targetHints":{"allow":["GET"]}}],"collection":[{"href":"https:\/\/agora.xtec.cat\/ceipcarmeguaschidarne\/wp-json\/wp\/v2\/pages"}],"about":[{"href":"https:\/\/agora.xtec.cat\/ceipcarmeguaschidarne\/wp-json\/wp\/v2\/types\/page"}],"author":[{"embeddable":true,"href":"https:\/\/agora.xtec.cat\/ceipcarmeguaschidarne\/wp-json\/wp\/v2\/users\/1"}],"replies":[{"embeddable":true,"href":"https:\/\/agora.xtec.cat\/ceipcarmeguaschidarne\/wp-json\/wp\/v2\/comments?post=26"}],"version-history":[{"count":5,"href":"https:\/\/agora.xtec.cat\/ceipcarmeguaschidarne\/wp-json\/wp\/v2\/pages\/26\/revisions"}],"predecessor-version":[{"id":7001,"href":"https:\/\/agora.xtec.cat\/ceipcarmeguaschidarne\/wp-json\/wp\/v2\/pages\/26\/revisions\/7001"}],"up":[{"embeddable":true,"href":"https:\/\/agora.xtec.cat\/ceipcarmeguaschidarne\/wp-json\/wp\/v2\/pages\/22"}],"wp:attachment":[{"href":"https:\/\/agora.xtec.cat\/ceipcarmeguaschidarne\/wp-json\/wp\/v2\/media?parent=26"}],"curies":[{"name":"wp","href":"https:\/\/api.w.org\/{rel}","templated":true}]}}