{"id":1365,"date":"2018-04-11T20:20:56","date_gmt":"2018-04-11T18:20:56","guid":{"rendered":"http:\/\/agora.xtec.cat\/ceipcarmeguaschidarne\/?page_id=1365"},"modified":"2024-04-24T13:28:50","modified_gmt":"2024-04-24T11:28:50","slug":"afa-com-fer-se-soci","status":"publish","type":"page","link":"https:\/\/agora.xtec.cat\/ceipcarmeguaschidarne\/afa\/afa-com-fer-se-soci\/","title":{"rendered":"AFA &#8211; Com fer-se soci ?"},"content":{"rendered":"<div id=\"responsive-form\" class=\"clearfix\">\n<div class=\"form-row\">\n<div class=\"fullcol\">\n<h5>Fes-te Soci !<\/h5>\n<p><strong>Per fer-se soci s&#8217;ha d&#8217;usar la App TPV Escola<\/strong><br \/>\n<a href=\"https:\/\/tpvescola.com\/Default2.aspx\" target=\"_blank\" rel=\"noopener noreferrer\"><img loading=\"lazy\" decoding=\"async\" class=\"alignnone size-full wp-image-1378\" src=\"\/ceipcarmeguaschidarne\/wp-content\/uploads\/usu1597\/2021\/09\/TPVEscola.jpg\" alt=\"\" width=\"285\" height=\"76\" \/><\/a><br \/>\nSi teniu dubtes podeu contactar amb nosaltres a trav\u00e9s d&#8217;aquesta adre\u00e7a de correu <a href=\"mailto:secretariaampacarmeguasch@gmail.com\">secretariaampacarmeguasch@gmail.com<\/a><br \/>\nEl cost de la quota de soci est\u00e0 compost per la suma de dues parts:<\/p>\n<\/div>\n<\/div>\n<\/div>\n<div id=\"responsive-form\" class=\"clearfix\">\n<div class=\"form-row\">\n<div class=\"fullcol\">\n<table style=\"height: 104px;\" width=\"266\">\n<tbody>\n<tr style=\"height: 33px;\">\n<td style=\"height: 33px; width: 130px;\"><strong>Quota Familiar<\/strong><\/td>\n<td style=\"height: 33px; width: 66.6667px;\"><strong>35 \u20ac<\/strong><\/td>\n<td style=\"height: 33px; width: 64.4444px;\"><\/td>\n<\/tr>\n<tr style=\"height: 1px;\">\n<td style=\"height: 1px; width: 130px; text-align: center;\">+<\/td>\n<td style=\"height: 1px; width: 66.6667px;\"><\/td>\n<td style=\"height: 1px; width: 64.4444px;\"><\/td>\n<\/tr>\n<tr style=\"height: 33px;\">\n<td style=\"height: 33px; width: 130px;\"><strong>Quota per alumne<\/strong><\/td>\n<td style=\"height: 33px; width: 66.6667px;\"><strong>5 \u20ac<\/strong><\/td>\n<td style=\"height: 33px; width: 64.4444px;\"><\/td>\n<\/tr>\n<tr style=\"height: 33px;\">\n<td style=\"height: 33px; width: 130px;\"><\/td>\n<td style=\"height: 33px; width: 66.6667px;\"><\/td>\n<td style=\"height: 33px; width: 64.4444px;\"><\/td>\n<\/tr>\n<\/tbody>\n<\/table>\n<\/div>\n<\/div>\n<\/div>\n<div id=\"responsive-form\" class=\"clearfix\">\n<div class=\"form-row\">\n<div class=\"fullcol\">\n<h5>L&#8217;AFA \u00e9s molt important ! Sense l&#8217;AFA:<\/h5>\n<ul>\n<li>No tindr\u00edem activitats extraescolars dins del centre, aix\u00ed com tampoc l&#8217;acollida matinal, ni la ludoteca.<\/li>\n<li>La nostra escola no participaria en la rua de les escoles per Santa Creu.<\/li>\n<li>No existiria la socialitzaci\u00f3 de llibres. \u00c9s a dir que els llibres de text costarien el triple del que costen fins ara.<\/li>\n<li>No es podrien fer xerrades educatives o informatives per les fam\u00edlies.<\/li>\n<li>El cost de l&#8217;equipament escolar no seria el mateix.<\/li>\n<li>Moltes de les aules no gaudirien ni d&#8217;ordinadors, ni de netbooks, ni de tauletes, ni de pissarres digitals..<\/li>\n<li>Els patges reials no arribarien mai a l&#8217;escola per nadal, ni cap regal pels nens.<\/li>\n<li>A la festa de la castanyada no menjar\u00edem castanyes, no vindria ni el castanyer, ni la castanyera<\/li>\n<li>Per carnaval no menjarien xocolata.<\/li>\n<li>No hi hauria festa de fi de curs, amb inflables, ni festa de l&#8217;espuma, ni sopar,\u2026<\/li>\n<li>No tindr\u00edem el pati que tenim en aquests moments, ni els barracons estarien pintats donant vida i alegria a la nostra escola. Els nostres petits no podrien jugar amb la cuineta, ni amb la taula de sorra, ni amb els escacs gegants, ni amb la pir\u00e0mide, ni amb el twister,\u2026 tampoc tindrien coniller, ni hort, ni bassa, ni bicicleters, ni rodes de tractor per fer mini assemblees, ni les taules de p\u00edcnic, ni les files dels cursos estarien pintades. Tampoc no haurien pogut gastar les 13 tones de sorra a la sorrera la qual misteriosament acaba apareixent a les cases en butxaques, sabates,&#8230;<\/li>\n<li>No haur\u00edem disposat dels 1.935 m2 de les diferents ampliacions del pati, ni de la barraca, aconseguit tot amb negociacions no gens f\u00e0cils amb l\u2019Ajuntament.<\/li>\n<li>Ara com ara \u00e9s ben cert que no hi hauria encara cap esperan\u00e7a de tenir una escola nova.<\/li>\n<\/ul>\n<\/div>\n<\/div>\n<\/div>\n<p>&nbsp;<\/p>\n<div id=\"responsive-form\" class=\"clearfix\">\n<div class=\"form-row\">\n<div class=\"fullcol\">\n<h5>Participa a l&#8217;AFA<\/h5>\n<p>Esteu tots convidats a formar part d&#8217;aquest projecte. El projecte de la fam\u00edlia Guasch.<br \/>\nTenim moltes ganes de veure els vostres somriures en un moment o altre, en les assemblees, participant en alguna de les comissions, formant part de la Junta&#8230;<br \/>\nParticipar, ajudar, implicar-se a organitzar l\u2019AFA no \u00e9s una tasca dif\u00edcil. \u00c9s una tasca que si tots aportem un xic d\u2019esfor\u00e7 es fa molt f\u00e0cil. Nom\u00e9s cal tenir ganes de que les coses surtin b\u00e9. Per sort abans que tots nosaltres sempre hi ha hagut pares molt implicats i participatius per\u00f2 per poder mantenir la feina feta necessitem de vosaltres. No implicar-s\u2019hi acaba repercutint en el dia dia dels nostres fills.<br \/>\nSou tots molt benvinguts i, de tot cor, si encara teniu alguna esperan\u00e7a de fer que aquest m\u00f3n sigui un xic millor no perdeu aquesta ocasi\u00f3.<\/p>\n<\/div>\n<\/div>\n<\/div>\n","protected":false},"excerpt":{"rendered":"<p>Fes-te Soci !<br \/>\nPer fer-se soci s&#8217;ha d&#8217;usar la App TPV Escola<br \/>\n<a href=\"https:\/\/tpvescola.com\/Default2.aspx\" target=\"_blank\" rel=\"noopener noreferrer\"><\/a><br \/>\nSi teniu dubtes podeu contactar amb nosaltres a trav\u00e9s d&#8217;aquesta adre\u00e7a de correu <a href=\"mailto:secretariaampacarmeguasch@gmail.com\">secretariaampacarmeguasch@gmail.com<\/a><br \/>\nEl cost de la quota de soci est\u00e0 compost per la suma de dues parts:<\/p>\n<p>Quota Familiar<br \/>\n35 \u20ac<\/p>\n<p>+<\/p>\n<p>Quota&hellip;  <a href=\"https:\/\/agora.xtec.cat\/ceipcarmeguaschidarne\/afa\/afa-com-fer-se-soci\/\" title=\"Read AFA &#8211; Com fer-se soci ?\">Llegeix m\u00e9s\u00bb<\/a><\/p>\n","protected":false},"author":38,"featured_media":0,"parent":903,"menu_order":0,"comment_status":"closed","ping_status":"closed","template":"page-templates\/side-menu.php","meta":{"_bbp_topic_count":0,"_bbp_reply_count":0,"_bbp_total_topic_count":0,"_bbp_total_reply_count":0,"_bbp_voice_count":0,"_bbp_anonymous_reply_count":0,"_bbp_topic_count_hidden":0,"_bbp_reply_count_hidden":0,"_bbp_forum_subforum_count":0,"footnotes":""},"class_list":["post-1365","page","type-page","status-publish","hentry"],"post_mailing_queue_ids":[],"_links":{"self":[{"href":"https:\/\/agora.xtec.cat\/ceipcarmeguaschidarne\/wp-json\/wp\/v2\/pages\/1365","targetHints":{"allow":["GET"]}}],"collection":[{"href":"https:\/\/agora.xtec.cat\/ceipcarmeguaschidarne\/wp-json\/wp\/v2\/pages"}],"about":[{"href":"https:\/\/agora.xtec.cat\/ceipcarmeguaschidarne\/wp-json\/wp\/v2\/types\/page"}],"author":[{"embeddable":true,"href":"https:\/\/agora.xtec.cat\/ceipcarmeguaschidarne\/wp-json\/wp\/v2\/users\/38"}],"replies":[{"embeddable":true,"href":"https:\/\/agora.xtec.cat\/ceipcarmeguaschidarne\/wp-json\/wp\/v2\/comments?post=1365"}],"version-history":[{"count":4,"href":"https:\/\/agora.xtec.cat\/ceipcarmeguaschidarne\/wp-json\/wp\/v2\/pages\/1365\/revisions"}],"predecessor-version":[{"id":6873,"href":"https:\/\/agora.xtec.cat\/ceipcarmeguaschidarne\/wp-json\/wp\/v2\/pages\/1365\/revisions\/6873"}],"up":[{"embeddable":true,"href":"https:\/\/agora.xtec.cat\/ceipcarmeguaschidarne\/wp-json\/wp\/v2\/pages\/903"}],"wp:attachment":[{"href":"https:\/\/agora.xtec.cat\/ceipcarmeguaschidarne\/wp-json\/wp\/v2\/media?parent=1365"}],"curies":[{"name":"wp","href":"https:\/\/api.w.org\/{rel}","templated":true}]}}