{"id":84,"date":"2014-09-18T14:11:31","date_gmt":"2014-09-18T13:11:31","guid":{"rendered":"http:\/\/agora.xtec.cat\/ceipcarlesbuigas\/?page_id=84"},"modified":"2016-04-22T12:00:23","modified_gmt":"2016-04-22T11:00:23","slug":"activitats-extraescolars","status":"publish","type":"page","link":"https:\/\/agora.xtec.cat\/ceipcarlesbuigas\/serveis\/activitats-extraescolars\/","title":{"rendered":"Activitats extraescolars"},"content":{"rendered":"<p>L&#8217;Ampa de l&#8217;escola ofereix diferents activitats als alumnes del centre. Aquest curs s&#8217; est\u00e0 fent canguratge, gimn\u00e0stica r\u00edtmica, rob\u00f2tica,\u00a0 poliesportiu i angl\u00e8s.<\/p>\n<p>Amb motiu de la diada de Sant Jordi, s&#8217;ha dut a terme una jornada de portes obertes per pares\/mares d\u2019alumnes que realitzen l&#8217;activitat de rob\u00f2tica.\u00a0 Pares i fills han gaudit junts dissenyant un punt de llibre amb el programa 123D Design autodesk. Aquest punt de llibre l\u2019imprimiran amb la impressora 3D.<\/p>\n<p>Per veure el funcionament de la impressora durant la jornada han impr\u00e8s una rosa.<\/p>\n<p style=\"text-align: center;\"><embed width=\"288\" height=\"192\" type=\"application\/x-shockwave-flash\" src=\"https:\/\/photos.gstatic.com\/media\/slideshow.swf\" flashvars=\"host=picasaweb.google.com&amp;hl=ca&amp;feat=flashalbum&amp;RGB=0x000000&amp;feed=https%3A%2F%2Fpicasaweb.google.com%2Fdata%2Ffeed%2Fapi%2Fuser%2F104809808614837310394%2Falbumid%2F6276330420119658625%3Falt%3Drss%26kind%3Dphoto%26hl%3Dca\" pluginspage=\"http:\/\/www.macromedia.com\/go\/getflashplayer\"><\/embed><\/p>\n","protected":false},"excerpt":{"rendered":"<p>L&#8217;Ampa de l&#8217;escola ofereix diferents activitats als alumnes del centre. Aquest curs s&#8217; est\u00e0 fent canguratge, gimn\u00e0stica r\u00edtmica, rob\u00f2tica,\u00a0 poliesportiu i angl\u00e8s.<br \/>\nAmb motiu de la diada de Sant Jordi, s&#8217;ha dut a terme una jornada de portes obertes per pares\/mares d\u2019alumnes que realitzen l&#8217;activitat de&hellip;  <a href=\"https:\/\/agora.xtec.cat\/ceipcarlesbuigas\/serveis\/activitats-extraescolars\/\" title=\"Read Activitats extraescolars\">Llegeix m\u00e9s\u00bb<\/a><\/p>\n","protected":false},"author":1,"featured_media":0,"parent":66,"menu_order":60,"comment_status":"closed","ping_status":"closed","template":"page-templates\/side-menu.php","meta":{"_bbp_topic_count":0,"_bbp_reply_count":0,"_bbp_total_topic_count":0,"_bbp_total_reply_count":0,"_bbp_voice_count":0,"_bbp_anonymous_reply_count":0,"_bbp_topic_count_hidden":0,"_bbp_reply_count_hidden":0,"_bbp_forum_subforum_count":0,"footnotes":""},"class_list":["post-84","page","type-page","status-publish","hentry"],"post_mailing_queue_ids":[],"_links":{"self":[{"href":"https:\/\/agora.xtec.cat\/ceipcarlesbuigas\/wp-json\/wp\/v2\/pages\/84","targetHints":{"allow":["GET"]}}],"collection":[{"href":"https:\/\/agora.xtec.cat\/ceipcarlesbuigas\/wp-json\/wp\/v2\/pages"}],"about":[{"href":"https:\/\/agora.xtec.cat\/ceipcarlesbuigas\/wp-json\/wp\/v2\/types\/page"}],"author":[{"embeddable":true,"href":"https:\/\/agora.xtec.cat\/ceipcarlesbuigas\/wp-json\/wp\/v2\/users\/1"}],"replies":[{"embeddable":true,"href":"https:\/\/agora.xtec.cat\/ceipcarlesbuigas\/wp-json\/wp\/v2\/comments?post=84"}],"version-history":[{"count":3,"href":"https:\/\/agora.xtec.cat\/ceipcarlesbuigas\/wp-json\/wp\/v2\/pages\/84\/revisions"}],"predecessor-version":[{"id":1365,"href":"https:\/\/agora.xtec.cat\/ceipcarlesbuigas\/wp-json\/wp\/v2\/pages\/84\/revisions\/1365"}],"up":[{"embeddable":true,"href":"https:\/\/agora.xtec.cat\/ceipcarlesbuigas\/wp-json\/wp\/v2\/pages\/66"}],"wp:attachment":[{"href":"https:\/\/agora.xtec.cat\/ceipcarlesbuigas\/wp-json\/wp\/v2\/media?parent=84"}],"curies":[{"name":"wp","href":"https:\/\/api.w.org\/{rel}","templated":true}]}}