{"id":73,"date":"2014-09-18T14:01:51","date_gmt":"2014-09-18T13:01:51","guid":{"rendered":"http:\/\/agora.xtec.cat\/ceipcarlesbuigas\/?page_id=73"},"modified":"2026-03-03T13:28:42","modified_gmt":"2026-03-03T12:28:42","slug":"menjador-escolar","status":"publish","type":"page","link":"https:\/\/agora.xtec.cat\/ceipcarlesbuigas\/serveis\/menjador-escolar\/","title":{"rendered":"Menjador escolar"},"content":{"rendered":"<p><img decoding=\"async\" class=\"aligncenter\" src=\"https:\/\/paidos.fundesplai.org\/wp-content\/uploads\/2025\/02\/logo-Paidos-212.png\" alt=\"Paidos + Fundesplai - Lleure educatiu escolar\" \/><\/p>\n<p>L\u2019empresa que gestiona el menjador de l\u2019escola \u00e9s la <strong><span style=\"font-size: small;\"><a href=\"https:\/\/fundesplai.org\/ca\/\" target=\"_blank\" rel=\"noopener noreferrer\"><span style=\"color: #444444; font-family: Open Sans,Arial,Helvetica,sans-serif;\"><span style=\"font-family: inherit;\"><span style=\"color: #087eb6; font-family: Open Sans,sans-serif;\">Fundaci\u00f3 Catalana de l&#8217; Esplai: Paid\u00f3s<\/span><\/span><\/span><\/a><\/span><\/strong><\/p>\n<ul>\n<li><strong>Atenci\u00f3 a les fam\u00edlies:<\/strong><u><\/u><u><\/u><\/li>\n<\/ul>\n<p>El tel\u00e8fon d\u2019atenci\u00f3 a les fam\u00edlies \u00e9s el seg\u00fcent: <a href=\"tel:627%2064%2027%2036\">627642736<\/a><\/p>\n<p>Correu electr\u00f2nic: <a href=\"mailto:carlesbuigas@fundesplai.org\">carlesbuigas@fundesplai.org<\/a><\/p>\n<p>Presencial, dimarts i divendres de 8:45h a 10:00h<u><\/u><u><\/u><\/p>\n<p>Via telef\u00f2nica o per mail, la resta de dies.<\/p>\n<p>&nbsp;<\/p>\n<ul type=\"disc\">\n<li><strong>Referents de Fundesplai a l\u2019escola:<\/strong><u><\/u><u><\/u><\/li>\n<\/ul>\n<p>Soraya L\u00f3pez<u><\/u><u><\/u><\/p>\n<p>Nica Vall<\/p>\n<p>&nbsp;<\/p>\n<ul type=\"disc\">\n<li>Preu del men\u00fa de l\u2019\/de la usu\u00e0ria fix\/a: <strong>7,30\u20ac<\/strong><u><\/u><u><\/u><\/li>\n<li>Preu del men\u00fa de l\u2019\/de la usu\u00e0ria espor\u00e0dic\/a: <strong>8\u20ac<\/strong><\/li>\n<\/ul>\n<p><a href=\"https:\/\/escoles.fundesplai.org\/escola-carles-buigas\/\" target=\"_blank\" rel=\"noopener noreferrer\" data-saferedirecturl=\"https:\/\/www.google.com\/url?hl=ca&amp;q=https:\/\/escoles.fundesplai.org\/escola-carles-buigas\/&amp;source=gmail&amp;ust=1505374691111000&amp;usg=AFQjCNEe7fpUaHDjgzBGdB70vih4Gy_XxA\">Menjador Escola Carles Bu\u00efgas<\/a><\/p>\n<p>&nbsp;<\/p>\n","protected":false},"excerpt":{"rendered":"<p>L\u2019empresa que gestiona el menjador de l\u2019escola \u00e9s la <a href=\"https:\/\/fundesplai.org\/ca\/\" target=\"_blank\" rel=\"noopener noreferrer\">Fundaci\u00f3 Catalana de l&#8217; Esplai: Paid\u00f3s<\/a><\/p>\n<ul>\n<li>Atenci\u00f3 a les fam\u00edlies:<\/li>\n<\/ul>\n<p>El tel\u00e8fon d\u2019atenci\u00f3 a les fam\u00edlies \u00e9s el seg\u00fcent: <a href=\"tel:627%2064%2027%2036\">627642736<\/a><br \/>\nCorreu electr\u00f2nic: <a href=\"mailto:carlesbuigas@fundesplai.org\">carlesbuigas@fundesplai.org<\/a><br \/>\nPresencial, dimarts i divendres de 8:45h a 10:00h<br \/>\nVia telef\u00f2nica o per&hellip;  <a href=\"https:\/\/agora.xtec.cat\/ceipcarlesbuigas\/serveis\/menjador-escolar\/\" title=\"Read Menjador escolar\">Llegeix m\u00e9s\u00bb<\/a><\/p>\n","protected":false},"author":1,"featured_media":0,"parent":66,"menu_order":30,"comment_status":"closed","ping_status":"closed","template":"page-templates\/side-menu.php","meta":{"_bbp_topic_count":0,"_bbp_reply_count":0,"_bbp_total_topic_count":0,"_bbp_total_reply_count":0,"_bbp_voice_count":0,"_bbp_anonymous_reply_count":0,"_bbp_topic_count_hidden":0,"_bbp_reply_count_hidden":0,"_bbp_forum_subforum_count":0,"footnotes":""},"class_list":["post-73","page","type-page","status-publish","hentry"],"post_mailing_queue_ids":[],"_links":{"self":[{"href":"https:\/\/agora.xtec.cat\/ceipcarlesbuigas\/wp-json\/wp\/v2\/pages\/73","targetHints":{"allow":["GET"]}}],"collection":[{"href":"https:\/\/agora.xtec.cat\/ceipcarlesbuigas\/wp-json\/wp\/v2\/pages"}],"about":[{"href":"https:\/\/agora.xtec.cat\/ceipcarlesbuigas\/wp-json\/wp\/v2\/types\/page"}],"author":[{"embeddable":true,"href":"https:\/\/agora.xtec.cat\/ceipcarlesbuigas\/wp-json\/wp\/v2\/users\/1"}],"replies":[{"embeddable":true,"href":"https:\/\/agora.xtec.cat\/ceipcarlesbuigas\/wp-json\/wp\/v2\/comments?post=73"}],"version-history":[{"count":8,"href":"https:\/\/agora.xtec.cat\/ceipcarlesbuigas\/wp-json\/wp\/v2\/pages\/73\/revisions"}],"predecessor-version":[{"id":13051,"href":"https:\/\/agora.xtec.cat\/ceipcarlesbuigas\/wp-json\/wp\/v2\/pages\/73\/revisions\/13051"}],"up":[{"embeddable":true,"href":"https:\/\/agora.xtec.cat\/ceipcarlesbuigas\/wp-json\/wp\/v2\/pages\/66"}],"wp:attachment":[{"href":"https:\/\/agora.xtec.cat\/ceipcarlesbuigas\/wp-json\/wp\/v2\/media?parent=73"}],"curies":[{"name":"wp","href":"https:\/\/api.w.org\/{rel}","templated":true}]}}