{"id":38,"date":"2014-09-18T12:34:08","date_gmt":"2014-09-18T11:34:08","guid":{"rendered":"http:\/\/agora.xtec.cat\/ceipcarlesbuigas\/?page_id=38"},"modified":"2023-12-12T13:20:31","modified_gmt":"2023-12-12T12:20:31","slug":"salut","status":"publish","type":"page","link":"https:\/\/agora.xtec.cat\/ceipcarlesbuigas\/lescola\/salut\/","title":{"rendered":"Salut"},"content":{"rendered":"<p>El nens i les nenes especialment quan s\u00f3n molt petits, s\u00f3n molt susceptibles a les infeccions i a encomanar-se f\u00e0cilment d\u2019aquelles malalties que poden tenir els seus companys. \u00c9s per aix\u00f2 que us recordem que com a mesura preventiva cal mantenir l&#8217;infant a casa en cas de: febre, descomposici\u00f3, conjuntivitis o qualsevol altra circumst\u00e0ncia que pugui suposar el comen\u00e7ament o desenvolupament d\u2019una malaltia contagiosa . Tanmateix per a prevenir possibles plagues, quan un alumne tingui polls romandr\u00e0 a casa fins que, un cop fet el tractament ja estigui net de ll\u00e9menes i\/o polls.<\/p>\n<p>Us recordem que la <strong>normativa<\/strong> ens prohibeix administrar qualsevol tipus de medicament si no \u00e9s amb recepta m\u00e8dica.<\/p>\n<p>Si cal medicar a un nen\/a caldr\u00e0 lliurar al tutor la recepta del pediatre amb l\u2019horari d\u2019administraci\u00f3 del medicament i <strong>una xeringa amb la dosi exacta<\/strong>. D\u2019aquesta manera evitem una possible intoxicaci\u00f3 d\u2019algun alumne i garantim que no es quedi cap medicament oblidat a l\u2019escola.<\/p>\n<p>&nbsp;<\/p>\n<p>&nbsp;<\/p>\n<p>&nbsp;<\/p>\n<p>&nbsp;<\/p>\n","protected":false},"excerpt":{"rendered":"<p>El nens i les nenes especialment quan s\u00f3n molt petits, s\u00f3n molt susceptibles a les infeccions i a encomanar-se f\u00e0cilment d\u2019aquelles malalties que poden tenir els seus companys. \u00c9s per aix\u00f2 que us recordem que com a mesura preventiva cal mantenir l&#8217;infant a casa en&hellip;  <a href=\"https:\/\/agora.xtec.cat\/ceipcarlesbuigas\/lescola\/salut\/\" title=\"Read Salut\">Llegeix m\u00e9s\u00bb<\/a><\/p>\n","protected":false},"author":1,"featured_media":0,"parent":22,"menu_order":80,"comment_status":"closed","ping_status":"closed","template":"page-templates\/side-menu.php","meta":{"_bbp_topic_count":0,"_bbp_reply_count":0,"_bbp_total_topic_count":0,"_bbp_total_reply_count":0,"_bbp_voice_count":0,"_bbp_anonymous_reply_count":0,"_bbp_topic_count_hidden":0,"_bbp_reply_count_hidden":0,"_bbp_forum_subforum_count":0,"footnotes":""},"class_list":["post-38","page","type-page","status-publish","hentry"],"post_mailing_queue_ids":[],"_links":{"self":[{"href":"https:\/\/agora.xtec.cat\/ceipcarlesbuigas\/wp-json\/wp\/v2\/pages\/38","targetHints":{"allow":["GET"]}}],"collection":[{"href":"https:\/\/agora.xtec.cat\/ceipcarlesbuigas\/wp-json\/wp\/v2\/pages"}],"about":[{"href":"https:\/\/agora.xtec.cat\/ceipcarlesbuigas\/wp-json\/wp\/v2\/types\/page"}],"author":[{"embeddable":true,"href":"https:\/\/agora.xtec.cat\/ceipcarlesbuigas\/wp-json\/wp\/v2\/users\/1"}],"replies":[{"embeddable":true,"href":"https:\/\/agora.xtec.cat\/ceipcarlesbuigas\/wp-json\/wp\/v2\/comments?post=38"}],"version-history":[{"count":5,"href":"https:\/\/agora.xtec.cat\/ceipcarlesbuigas\/wp-json\/wp\/v2\/pages\/38\/revisions"}],"predecessor-version":[{"id":12803,"href":"https:\/\/agora.xtec.cat\/ceipcarlesbuigas\/wp-json\/wp\/v2\/pages\/38\/revisions\/12803"}],"up":[{"embeddable":true,"href":"https:\/\/agora.xtec.cat\/ceipcarlesbuigas\/wp-json\/wp\/v2\/pages\/22"}],"wp:attachment":[{"href":"https:\/\/agora.xtec.cat\/ceipcarlesbuigas\/wp-json\/wp\/v2\/media?parent=38"}],"curies":[{"name":"wp","href":"https:\/\/api.w.org\/{rel}","templated":true}]}}