{"id":32,"date":"2014-09-18T12:31:33","date_gmt":"2014-09-18T11:31:33","guid":{"rendered":"http:\/\/agora.xtec.cat\/ceipcarlesbuigas\/?page_id=32"},"modified":"2025-04-29T11:05:12","modified_gmt":"2025-04-29T09:05:12","slug":"calendari-del-curs","status":"publish","type":"page","link":"https:\/\/agora.xtec.cat\/ceipcarlesbuigas\/lescola\/calendari-del-curs\/","title":{"rendered":"Calendari del curs"},"content":{"rendered":"<h4 style=\"text-align: left;\"><strong>\u00a0 \u00a0 \u00a0 \u00a0 \u00a0 \u00a0 \u00a0 \u00a0 \u00a0 \u00a0 \u00a0 Calendari Escolar 2024 &#8211; 2025<\/strong><\/h4>\n<p><strong>Inici de les classes:<\/strong> 9 de setembre<\/p>\n<ul>\n<li><strong>Primer trimestre:<\/strong>\n<ul>\n<li>Del 9 de setembre al 20 de desembre de 2024 (ambd\u00f3s inclosos).<\/li>\n<\/ul>\n<\/li>\n<li><strong>Segon trimestre:<\/strong>\n<ul>\n<li>Del 8 de gener al 11 d&#8217;abril de 2025 (ambd\u00f3s inclosos)<\/li>\n<\/ul>\n<\/li>\n<li><strong>Tercer trimestre:<\/strong>\n<ul>\n<li>Del 22 d\u2019abril al 19 de juny de 2025 (ambd\u00f3s inclosos)<\/li>\n<\/ul>\n<\/li>\n<\/ul>\n<p><strong>Final de les classes:<\/strong><span style=\"font-family: inherit; font-size: 1em;\">19 de juny de 2023<\/span><\/p>\n<p><strong>Dies festius<\/strong><\/p>\n<p>.\u00a0 \u00a0 \u00a0 \u00a0 \u00a0 \u00a0 \u00a0 2024<br \/>\n.\u00a0 \u00a0 \u00a0 \u00a0 \u00a0 \u00a0 \u00a0 11 de setembre, Diada de Catalunya.<br \/>\n.\u00a0 \u00a0 \u00a0 \u00a0 \u00a0 \u00a0 \u00a0 12 d\u2019octubre, El Pilar.<br \/>\n.\u00a0 \u00a0 \u00a0 \u00a0 \u00a0 \u00a0 \u00a0 \u00a01 de novembre, Tots Sants.<br \/>\n.\u00a0 \u00a0 \u00a0 \u00a0 \u00a0 \u00a0 \u00a0 \u00a06 de desembre, la Immaculada.<br \/>\n.\u00a0 \u00a0 \u00a0 \u00a0 \u00a0 \u00a0 \u00a0 \u00a08 de desembre, la Constituci\u00f3.<\/p>\n<p>.\u00a0 \u00a0 \u00a0 \u00a0 \u00a0 \u00a0 \u00a0 \u00a02025<br \/>\n.\u00a0 \u00a0 \u00a0 \u00a0 \u00a0 \u00a0 \u00a0 \u00a01 de maig, festa del Treball.<\/p>\n<p><strong>Dies de festa local disposats per l\u2019Ajuntament:<\/strong><br \/>\n.\u00a0 \u00a0 \u00a0 \u00a0 \u00a0 \u00a0 \u00a0 11 de novembre de 2024, Sant Mart\u00ed.<br \/>\n.\u00a0 \u00a0 \u00a0 \u00a0 \u00a0 \u00a0 \u00a0 \u00a05 de maig de 2025, el Roser de Maig.<\/p>\n<p><strong>Dies festius de lliure disposici\u00f3 aprovats pel Consell Municipal:<\/strong><br \/>\n.\u00a0 \u00a0 \u00a0 \u00a0 \u00a0 \u00a0 \u00a031 d\u2019octubre de 2024.<br \/>\n.\u00a0 \u00a0 \u00a0 \u00a0 \u00a0 \u00a0 \u00a05 de desembre de 2024.<br \/>\n.\u00a0 \u00a0 \u00a0 \u00a0 \u00a0 \u00a0 \u00a03 de mar\u00e7 de 2025.<br \/>\n.\u00a0 \u00a0 \u00a0 \u00a0 \u00a0 \u00a0 \u00a02 de maig de 2025.<\/p>\n<p><strong>Per\u00edodes de vacances:<\/strong><\/p>\n<ul>\n<li><strong>Nadal:<\/strong> Del 21 de desembre de 2024 al 7 de gener de 2025\u00a0 (ambd\u00f3s inclosos).<\/li>\n<li><strong>Setmana Santa:<\/strong> Del 12 d\u2019abril al 21 d\u2019abril de 2025 (ambd\u00f3s inclosos)<\/li>\n<li><strong>Estiu:<\/strong> A partir del 20 de juny de 2025<\/li>\n<\/ul>\n<p><strong>Jornada intensiva: (Horari: 9:00 a 13:00)<\/strong><\/p>\n<p>20 de desembre de 2024.<br \/>\nDel 9 al 19 de juny de 2025.<\/p>\n<p>&nbsp;<\/p>\n<p>L\u2019<strong>horari lectiu<\/strong> del centre \u00e9s de 9h. a 12:30h. i de 15:00h. a 16:30h. per a tots els alumnes de l&#8217;escola. El dia 20 de desembre de 2024 i del 9 al 19 de juny de 2025 es realitzar\u00e0 horari compactat de 9:00h. a 13:00h. (Els alumnes que utilitzen el servei de menjador sortiran a les 15:00h.)<\/p>\n<p>Per als alumnes d&#8217;I3 que comencen l&#8217;escolaritzaci\u00f3, s&#8217;estableix un breu <strong>per\u00edode d&#8217;adaptaci\u00f3<\/strong> que implica una lleugera modificaci\u00f3 dels horaris durant els primers dies de classe. Aquesta informaci\u00f3 es comunica a les fam\u00edlies en les reunions pr\u00e8vies corresponents.<\/p>\n<p>&nbsp;<\/p>\n<p>&nbsp;<\/p>\n","protected":false},"excerpt":{"rendered":"<p>\u00a0 \u00a0 \u00a0 \u00a0 \u00a0 \u00a0 \u00a0 \u00a0 \u00a0 \u00a0 \u00a0 Calendari Escolar 2024 &#8211; 2025<br \/>\nInici de les classes: 9 de setembre<\/p>\n<ul>\n<li>Primer trimestre:\n<ul>\n<li>Del 9 de setembre al 20 de desembre de 2024 (ambd\u00f3s inclosos).<\/li>\n<\/ul>\n<\/li>\n<li>Segon trimestre:\n<ul>\n<li>Del 8 de gener al 11 d&#8217;abril de 2025 (ambd\u00f3s inclosos)<\/li>\n<\/ul>\n<\/li>\n<li>Tercer&hellip;  <a href=\"https:\/\/agora.xtec.cat\/ceipcarlesbuigas\/lescola\/calendari-del-curs\/\" title=\"Read Calendari del curs\">Llegeix m\u00e9s\u00bb<\/a><br \/>\n","protected":false},"author":1,"featured_media":0,"parent":22,"menu_order":50,"comment_status":"closed","ping_status":"closed","template":"page-templates\/side-menu.php","meta":{"_bbp_topic_count":0,"_bbp_reply_count":0,"_bbp_total_topic_count":0,"_bbp_total_reply_count":0,"_bbp_voice_count":0,"_bbp_anonymous_reply_count":0,"_bbp_topic_count_hidden":0,"_bbp_reply_count_hidden":0,"_bbp_forum_subforum_count":0,"footnotes":""},"class_list":["post-32","page","type-page","status-publish","hentry"],"post_mailing_queue_ids":[],"_links":{"self":[{"href":"https:\/\/agora.xtec.cat\/ceipcarlesbuigas\/wp-json\/wp\/v2\/pages\/32","targetHints":{"allow":["GET"]}}],"collection":[{"href":"https:\/\/agora.xtec.cat\/ceipcarlesbuigas\/wp-json\/wp\/v2\/pages"}],"about":[{"href":"https:\/\/agora.xtec.cat\/ceipcarlesbuigas\/wp-json\/wp\/v2\/types\/page"}],"author":[{"embeddable":true,"href":"https:\/\/agora.xtec.cat\/ceipcarlesbuigas\/wp-json\/wp\/v2\/users\/1"}],"replies":[{"embeddable":true,"href":"https:\/\/agora.xtec.cat\/ceipcarlesbuigas\/wp-json\/wp\/v2\/comments?post=32"}],"version-history":[{"count":8,"href":"https:\/\/agora.xtec.cat\/ceipcarlesbuigas\/wp-json\/wp\/v2\/pages\/32\/revisions"}],"predecessor-version":[{"id":12947,"href":"https:\/\/agora.xtec.cat\/ceipcarlesbuigas\/wp-json\/wp\/v2\/pages\/32\/revisions\/12947"}],"up":[{"embeddable":true,"href":"https:\/\/agora.xtec.cat\/ceipcarlesbuigas\/wp-json\/wp\/v2\/pages\/22"}],"wp:attachment":[{"href":"https:\/\/agora.xtec.cat\/ceipcarlesbuigas\/wp-json\/wp\/v2\/media?parent=32"}],"curies":[{"name":"wp","href":"https:\/\/api.w.org\/{rel}","templated":true}]}}