{"id":26,"date":"2014-09-18T12:24:32","date_gmt":"2014-09-18T11:24:32","guid":{"rendered":"http:\/\/agora.xtec.cat\/ceipcarlesbuigas\/?page_id=26"},"modified":"2021-02-05T20:54:37","modified_gmt":"2021-02-05T19:54:37","slug":"historia","status":"publish","type":"page","link":"https:\/\/agora.xtec.cat\/ceipcarlesbuigas\/lescola\/historia\/","title":{"rendered":"Hist\u00f2ria"},"content":{"rendered":"<p>L\u2019escola Carles Bu\u00efgas, situada entre el barri de Canaletes i el del Turonet, va iniciar les seves activitats el curs 1974-1975, en un moment de creixement del municipi i amb un important augment de la seva poblaci\u00f3. Va ser inaugurada el dia 11 de novembre, diada de Sant Mart\u00ed, festa patronal de Cerdanyola.<\/p>\n<p>Aquell mateix any es van inaugurar dues escoles m\u00e9s al poble, l\u2019escola Serraparera i l\u2019escola Gorgs, que actualment \u00e9s un institut. Cinc anys m\u00e9s tard, l\u2019escola va canviar de nom i va passar a anomenar-se Escola Carles Bu\u00efgas, nom que ha mantingut fins a l\u2019actualitat, en honor a l\u2019arquitecte cerdanyolenc que va crear la famosa Font M\u00e0gica de Montju\u00efc.<\/p>\n<p>El curs 2014-20015 l&#8217;escola va celebrar el 40\u00e8 aniversari. Actualment ja en porta uns quants m\u00e9s!<\/p>\n<p>En aquest ampli per\u00edode de temps, l&#8217;escola ha anat canviant molt. Actualment t\u00e9 400 alumnes, 3 aules d&#8217;educaci\u00f3 infantil i 8 de prim\u00e0ria. Ubicat a la vessant sud del Turonet, el centre compta amb diferents espais d\u2019aprenentatge exteriors com l\u2019hort, la pista de futbol o la de b\u00e0squet, la zona dels troncs,&#8230; i interiors com la biblioteca, l&#8217;aula de psicomotricitat, la d&#8217;inform\u00e0tica, la d\u2019experimentaci\u00f3 o el gimn\u00e0s, entre d&#8217;altres.<\/p>\n<p>Es tracta d\u2019un centre educatiu en el que cada cop m\u00e9s es treballa per projectes, utilitzant recursos innovadors i que s&#8217;ha anat adaptat als nous aven\u00e7os, renovant- se i reinventant-se.<\/p>\n","protected":false},"excerpt":{"rendered":"<p>L\u2019escola Carles Bu\u00efgas, situada entre el barri de Canaletes i el del Turonet, va iniciar les seves activitats el curs 1974-1975, en un moment de creixement del municipi i amb un important augment de la seva poblaci\u00f3. Va ser inaugurada el dia 11 de novembre,&hellip;  <a href=\"https:\/\/agora.xtec.cat\/ceipcarlesbuigas\/lescola\/historia\/\" title=\"Read Hist\u00f2ria\">Llegeix m\u00e9s\u00bb<\/a><\/p>\n","protected":false},"author":1,"featured_media":0,"parent":22,"menu_order":20,"comment_status":"closed","ping_status":"closed","template":"page-templates\/side-menu.php","meta":{"_bbp_topic_count":0,"_bbp_reply_count":0,"_bbp_total_topic_count":0,"_bbp_total_reply_count":0,"_bbp_voice_count":0,"_bbp_anonymous_reply_count":0,"_bbp_topic_count_hidden":0,"_bbp_reply_count_hidden":0,"_bbp_forum_subforum_count":0,"footnotes":""},"class_list":["post-26","page","type-page","status-publish","hentry"],"post_mailing_queue_ids":[],"_links":{"self":[{"href":"https:\/\/agora.xtec.cat\/ceipcarlesbuigas\/wp-json\/wp\/v2\/pages\/26","targetHints":{"allow":["GET"]}}],"collection":[{"href":"https:\/\/agora.xtec.cat\/ceipcarlesbuigas\/wp-json\/wp\/v2\/pages"}],"about":[{"href":"https:\/\/agora.xtec.cat\/ceipcarlesbuigas\/wp-json\/wp\/v2\/types\/page"}],"author":[{"embeddable":true,"href":"https:\/\/agora.xtec.cat\/ceipcarlesbuigas\/wp-json\/wp\/v2\/users\/1"}],"replies":[{"embeddable":true,"href":"https:\/\/agora.xtec.cat\/ceipcarlesbuigas\/wp-json\/wp\/v2\/comments?post=26"}],"version-history":[{"count":3,"href":"https:\/\/agora.xtec.cat\/ceipcarlesbuigas\/wp-json\/wp\/v2\/pages\/26\/revisions"}],"predecessor-version":[{"id":12051,"href":"https:\/\/agora.xtec.cat\/ceipcarlesbuigas\/wp-json\/wp\/v2\/pages\/26\/revisions\/12051"}],"up":[{"embeddable":true,"href":"https:\/\/agora.xtec.cat\/ceipcarlesbuigas\/wp-json\/wp\/v2\/pages\/22"}],"wp:attachment":[{"href":"https:\/\/agora.xtec.cat\/ceipcarlesbuigas\/wp-json\/wp\/v2\/media?parent=26"}],"curies":[{"name":"wp","href":"https:\/\/api.w.org\/{rel}","templated":true}]}}