{"id":10509,"date":"2019-03-13T15:17:29","date_gmt":"2019-03-13T14:17:29","guid":{"rendered":"http:\/\/agora.xtec.cat\/ceipcarlesbuigas\/?page_id=10509"},"modified":"2025-02-15T12:10:52","modified_gmt":"2025-02-15T11:10:52","slug":"programa-cultura-emprenedora-cueme","status":"publish","type":"page","link":"https:\/\/agora.xtec.cat\/ceipcarlesbuigas\/programa-cultura-emprenedora-cueme\/","title":{"rendered":"Programa Cultura Emprenedora (CuEmE)"},"content":{"rendered":"<p><strong>El programa<\/strong><\/p>\n<p>Cultura emprenedora a l\u2019escola (CuEmE) fomenta l\u2019esperit emprenedor i les compet\u00e8ncies b\u00e0siques en el cicle superior d&#8217;educaci\u00f3 prim\u00e0ria.<\/p>\n<p>Durant un curs escolar, l&#8217;alumnat crea i gestiona una cooperativa escolar amb el recolzament de la comunitat educativa, l&#8217;administraci\u00f3 i altres agents socials de la seva localitat.<\/p>\n<p><strong>Car\u00e0cter innovador i arrelat al context local<\/strong><\/p>\n<p>La metodologia educativa \u00e9s el treball per projectes.<\/p>\n<p>Refor\u00e7a valors com la solidaritat, la igualtat d\u2019oportunitats i l\u2019equitat i constitueix una eina d\u2019inclusi\u00f3 social.<\/p>\n<p>La cooperativa centra l\u2019activitat empresarial en la persona i no en el capital, es gestiona de manera democr\u00e0tica i participativa i d\u00f3na part dels beneficis a projectes socials.<\/p>\n<p>La participaci\u00f3 dels ajuntaments i ens locals \u00e9s cabdal en el projecte perqu\u00e8 facilita la relaci\u00f3 de les escoles amb l\u2019entorn i promou la implicaci\u00f3 dels agents locals en la din\u00e0mica quotidiana de les cooperatives. Els serveis de promoci\u00f3 econ\u00f2mica i educaci\u00f3 municipals actuen com a dinamitzadors i coordinadors del projecte posant els seus recursos al servei de l\u2019esperit emprenedor de l\u2019alumnat.<\/p>\n<p><strong>L&#8217;esperit emprenedor<\/strong><\/p>\n<p>L\u2019esperit emprenedor \u00e9s l\u2019habilitat de les persones per transformar les idees en actes. La creativitat, la iniciativa, la innovaci\u00f3 i l&#8217;assumpci\u00f3 de riscos, aix\u00ed com amb l&#8217;habilitat per planificar i gestionar projectes amb el fi d&#8217;aconseguir objectius, en s\u00f3n les seves principals caracter\u00edstiques.<\/p>\n<p>La seva promoci\u00f3 esdev\u00e9 cabdal en el context d&#8217;una societat del coneixement, perqu\u00e8 augmenta la relaci\u00f3 entre el sistema educatiu i el productiu, incrementa la qualitat del treball, afavoreix la millora dels resultats educatius i promou l&#8217;adquisici\u00f3 d&#8217;un conjunt de capacitats, habilitats i valors \u00fatils que capaciten les persones a gestionar adequadament els seus projectes professionals i vitals.<\/p>\n<p>La cultura emprenedora aposta pel model cooperatiu com a filosofia empresarial de base, perqu\u00e8 aporta un model de gesti\u00f3 democr\u00e0tica i participativa i refor\u00e7a un vessant de responsabilitat social.<\/p>\n<p>L&#8217;actual marc normatiu europeu, estatal i auton\u00f2mic situa l&#8217;esperit emprenedor com a una de les vuit compet\u00e8ncies clau que s&#8217;ha d&#8217;integrar en el curr\u00edculum per \u00e9sser assolida al final de l&#8217;ensenyament obligatori, i mantenir-la i refor\u00e7ar-la al llarg de tota la vida.<\/p>\n<p>El programa de Cultura emprenedora est\u00e0 destinat als alumnes de cicle superior d\u2019educaci\u00f3 prim\u00e0ria, amb la voluntat de consolidar aprenentatges en una etapa en la qual els nens i nenes evolucionen progressivament cap a l\u2019autonomia, l\u2019autoconcepte i la seva inclusi\u00f3 en grups.<\/p>\n<p><strong>Foment de les compet\u00e8ncies clau<\/strong><\/p>\n<p>La compet\u00e8ncia \u00e9s la capacitat que tenen les persones per posar en pr\u00e0ctica de forma integrada i ordenada els coneixements, les habilitats i les actituds necess\u00e0ries per adaptar-se a la diversitat de contextos i situacions que planteja la societat actual.<\/p>\n<p>A m\u00e9s, suposa una combinaci\u00f3 d&#8217;habilitats pr\u00e0ctiques, coneixements, motivaci\u00f3, valors \u00e8tics, actituds, emocions, i altres components socials i de comportament que es mobilitzen conjuntament per aconseguir una acci\u00f3 efica\u00e7 i que les persones puguin aconseguir el seu ple desenvolupament personal, social i professional.<\/p>\n<p>Vuit s\u00f3n en total les compet\u00e8ncies clau segons uns coneixements, destreses i actituds que es consideren necessaris per a totes les persones en la societat del coneixement:<\/p>\n<ol>\n<li>Compet\u00e8ncia en comunicaci\u00f3 ling\u00fc\u00edstica<\/li>\n<li>Compet\u00e8ncia matem\u00e0tica<\/li>\n<li>Compet\u00e8ncia en el coneixement i la interacci\u00f3 amb el m\u00f3n f\u00edsic<\/li>\n<li>Compet\u00e8ncia digital i en el tractament de la informaci\u00f3<\/li>\n<li>Compet\u00e8ncia social i ciutadana<\/li>\n<li>Compet\u00e8ncia cultural i art\u00edstica<\/li>\n<li>Compet\u00e8ncia per aprendre a aprendre<\/li>\n<li>Compet\u00e8ncia en autonomia i iniciativa<\/li>\n<\/ol>\n<ol start=\"9\">\n<li>Cultura emprenedora a l\u2019escola treballa totes les compet\u00e8ncies educatives clau de manera transversal a partir de la compet\u00e8ncia en autonomia i iniciativa personal<\/li>\n<li>La Diputaci\u00f3 de Barcelona dissenya actuacions municipals de refor\u00e7 de les compet\u00e8ncies clau i de motivaci\u00f3 pel coneixement i els aprenentatges de tota la poblaci\u00f3. Els projectes que fomenta en aquest \u00e0mbit, vinculen els centres educatius amb metodologies innovadores a partir de col\u00b7laboracions amb els recursos i els agents del territori.<\/li>\n<\/ol>\n<p><a href=\"https:\/\/agora.xtec.cat\/ceipcarlesbuigas\/categoria\/projecte-emprenedoria-cueme\/\">PROJECTES CuEmE<\/a><\/p>\n<table style=\"border-collapse: collapse; width: 98.1819%; height: 417px;\" border=\"1\">\n<tbody>\n<tr>\n<td style=\"width: 33.3333%;\"><a href=\"https:\/\/agora.xtec.cat\/ceipcarlesbuigas\/wp-content\/uploads\/usu15\/2019\/03\/ARTIBUIGAS-2.jpg\"><img loading=\"lazy\" decoding=\"async\" class=\"alignnone size-medium wp-image-10510\" src=\"https:\/\/agora.xtec.cat\/ceipcarlesbuigas\/wp-content\/uploads\/usu15\/2019\/03\/ARTIBUIGAS-2-300x225.jpg\" alt=\"\" width=\"300\" height=\"225\" srcset=\"https:\/\/agora.xtec.cat\/ceipcarlesbuigas\/wp-content\/uploads\/usu15\/2019\/03\/ARTIBUIGAS-2.jpg 300w, https:\/\/agora.xtec.cat\/ceipcarlesbuigas\/wp-content\/uploads\/usu15\/2019\/03\/ARTIBUIGAS-2-200x150.jpg 200w\" sizes=\"auto, (max-width: 300px) 100vw, 300px\" \/><\/a><\/td>\n<td style=\"width: 33.3333%;\"><a href=\"https:\/\/agora.xtec.cat\/ceipcarlesbuigas\/wp-content\/uploads\/usu15\/2019\/03\/DSC04725.jpg\"><img loading=\"lazy\" decoding=\"async\" class=\"alignnone size-medium wp-image-10515\" src=\"https:\/\/agora.xtec.cat\/ceipcarlesbuigas\/wp-content\/uploads\/usu15\/2019\/03\/DSC04725-300x225.jpg\" alt=\"\" width=\"300\" height=\"225\" srcset=\"https:\/\/agora.xtec.cat\/ceipcarlesbuigas\/wp-content\/uploads\/usu15\/2019\/03\/DSC04725.jpg 300w, https:\/\/agora.xtec.cat\/ceipcarlesbuigas\/wp-content\/uploads\/usu15\/2019\/03\/DSC04725-200x150.jpg 200w\" sizes=\"auto, (max-width: 300px) 100vw, 300px\" \/><\/a><\/td>\n<td style=\"width: 33.3333%;\"><a href=\"https:\/\/agora.xtec.cat\/ceipcarlesbuigas\/wp-content\/uploads\/usu15\/2019\/03\/DSC04140.jpg\"><img loading=\"lazy\" decoding=\"async\" class=\"alignnone size-medium wp-image-10511\" src=\"https:\/\/agora.xtec.cat\/ceipcarlesbuigas\/wp-content\/uploads\/usu15\/2019\/03\/DSC04140-300x225.jpg\" alt=\"\" width=\"300\" height=\"225\" srcset=\"https:\/\/agora.xtec.cat\/ceipcarlesbuigas\/wp-content\/uploads\/usu15\/2019\/03\/DSC04140.jpg 300w, https:\/\/agora.xtec.cat\/ceipcarlesbuigas\/wp-content\/uploads\/usu15\/2019\/03\/DSC04140-200x150.jpg 200w\" sizes=\"auto, (max-width: 300px) 100vw, 300px\" \/><\/a><\/td>\n<\/tr>\n<tr>\n<td style=\"width: 33.3333%;\"><a href=\"https:\/\/agora.xtec.cat\/ceipcarlesbuigas\/wp-content\/uploads\/usu15\/2019\/03\/DSC04666.jpg\"><img loading=\"lazy\" decoding=\"async\" class=\"alignnone size-medium wp-image-10512\" src=\"https:\/\/agora.xtec.cat\/ceipcarlesbuigas\/wp-content\/uploads\/usu15\/2019\/03\/DSC04666-300x225.jpg\" alt=\"\" width=\"300\" height=\"225\" srcset=\"https:\/\/agora.xtec.cat\/ceipcarlesbuigas\/wp-content\/uploads\/usu15\/2019\/03\/DSC04666.jpg 300w, https:\/\/agora.xtec.cat\/ceipcarlesbuigas\/wp-content\/uploads\/usu15\/2019\/03\/DSC04666-200x150.jpg 200w\" sizes=\"auto, (max-width: 300px) 100vw, 300px\" \/><\/a><\/td>\n<td style=\"width: 33.3333%;\"><a href=\"https:\/\/agora.xtec.cat\/ceipcarlesbuigas\/wp-content\/uploads\/usu15\/2019\/03\/DSC04676.jpg\"><img loading=\"lazy\" decoding=\"async\" class=\"alignnone size-medium wp-image-10514\" src=\"https:\/\/agora.xtec.cat\/ceipcarlesbuigas\/wp-content\/uploads\/usu15\/2019\/03\/DSC04676-300x225.jpg\" alt=\"\" width=\"300\" height=\"225\" srcset=\"https:\/\/agora.xtec.cat\/ceipcarlesbuigas\/wp-content\/uploads\/usu15\/2019\/03\/DSC04676.jpg 300w, https:\/\/agora.xtec.cat\/ceipcarlesbuigas\/wp-content\/uploads\/usu15\/2019\/03\/DSC04676-200x150.jpg 200w\" sizes=\"auto, (max-width: 300px) 100vw, 300px\" \/><\/a><\/td>\n<td style=\"width: 33.3333%;\"><img loading=\"lazy\" decoding=\"async\" class=\"alignnone size-medium wp-image-10513\" src=\"https:\/\/agora.xtec.cat\/ceipcarlesbuigas\/wp-content\/uploads\/usu15\/2019\/03\/DSC04675-300x225.jpg\" alt=\"\" width=\"300\" height=\"225\" srcset=\"https:\/\/agora.xtec.cat\/ceipcarlesbuigas\/wp-content\/uploads\/usu15\/2019\/03\/DSC04675.jpg 300w, https:\/\/agora.xtec.cat\/ceipcarlesbuigas\/wp-content\/uploads\/usu15\/2019\/03\/DSC04675-200x150.jpg 200w\" sizes=\"auto, (max-width: 300px) 100vw, 300px\" \/><\/td>\n<\/tr>\n<\/tbody>\n<\/table>\n","protected":false},"excerpt":{"rendered":"<p>El programa<br \/>\nCultura emprenedora a l\u2019escola (CuEmE) fomenta l\u2019esperit emprenedor i les compet\u00e8ncies b\u00e0siques en el cicle superior d&#8217;educaci\u00f3 prim\u00e0ria.<br \/>\nDurant un curs escolar, l&#8217;alumnat crea i gestiona una cooperativa escolar amb el recolzament de la comunitat educativa, l&#8217;administraci\u00f3 i altres agents socials de la seva localitat.<br \/>\nCar\u00e0cter&hellip;  <a href=\"https:\/\/agora.xtec.cat\/ceipcarlesbuigas\/programa-cultura-emprenedora-cueme\/\" title=\"Read Programa Cultura Emprenedora (CuEmE)\">Llegeix m\u00e9s\u00bb<\/a><\/p>\n","protected":false},"author":3,"featured_media":0,"parent":0,"menu_order":0,"comment_status":"closed","ping_status":"closed","template":"","meta":{"_bbp_topic_count":0,"_bbp_reply_count":0,"_bbp_total_topic_count":0,"_bbp_total_reply_count":0,"_bbp_voice_count":0,"_bbp_anonymous_reply_count":0,"_bbp_topic_count_hidden":0,"_bbp_reply_count_hidden":0,"_bbp_forum_subforum_count":0,"footnotes":""},"class_list":["post-10509","page","type-page","status-publish","hentry"],"post_mailing_queue_ids":[],"_links":{"self":[{"href":"https:\/\/agora.xtec.cat\/ceipcarlesbuigas\/wp-json\/wp\/v2\/pages\/10509","targetHints":{"allow":["GET"]}}],"collection":[{"href":"https:\/\/agora.xtec.cat\/ceipcarlesbuigas\/wp-json\/wp\/v2\/pages"}],"about":[{"href":"https:\/\/agora.xtec.cat\/ceipcarlesbuigas\/wp-json\/wp\/v2\/types\/page"}],"author":[{"embeddable":true,"href":"https:\/\/agora.xtec.cat\/ceipcarlesbuigas\/wp-json\/wp\/v2\/users\/3"}],"replies":[{"embeddable":true,"href":"https:\/\/agora.xtec.cat\/ceipcarlesbuigas\/wp-json\/wp\/v2\/comments?post=10509"}],"version-history":[{"count":2,"href":"https:\/\/agora.xtec.cat\/ceipcarlesbuigas\/wp-json\/wp\/v2\/pages\/10509\/revisions"}],"predecessor-version":[{"id":12938,"href":"https:\/\/agora.xtec.cat\/ceipcarlesbuigas\/wp-json\/wp\/v2\/pages\/10509\/revisions\/12938"}],"wp:attachment":[{"href":"https:\/\/agora.xtec.cat\/ceipcarlesbuigas\/wp-json\/wp\/v2\/media?parent=10509"}],"curies":[{"name":"wp","href":"https:\/\/api.w.org\/{rel}","templated":true}]}}