{"id":10499,"date":"2019-03-11T15:53:55","date_gmt":"2019-03-11T14:53:55","guid":{"rendered":"http:\/\/agora.xtec.cat\/ceipcarlesbuigas\/?page_id=10499"},"modified":"2019-03-11T15:53:55","modified_gmt":"2019-03-11T14:53:55","slug":"programa-generacio-plurilingue-gep","status":"publish","type":"page","link":"https:\/\/agora.xtec.cat\/ceipcarlesbuigas\/programa-generacio-plurilingue-gep\/","title":{"rendered":"Programa Generaci\u00f3 Pluriling\u00fce (GEP)"},"content":{"rendered":"<p>La finalitat d\u2019aquest programa \u00e9s millorar la compet\u00e8ncia en lleng\u00fces estrangeres de l\u2019alumnat, afavorint el seu creixement acad\u00e8mic i posterior inserci\u00f3 laboral, i capacitant-lo per interactuar amb el m\u00f3n en diverses lleng\u00fces i de manera cr\u00edtica. \u00a0Les accions del programa GEP s\u2019orienten, d\u2019una banda, a incrementar el temps d\u2019exposici\u00f3 de l\u2019alumnat a les lleng\u00fces estrangeres curriculars i, d\u2019una altra, a acompanyar els centres educatius en el proc\u00e9s de desplegament i consolidaci\u00f3 d\u2019un projecte ling\u00fc\u00edstic pluriling\u00fce propi. Es tracta de treure l\u2019angl\u00e8s fora de l\u2019aula d\u2019angl\u00e8s i comen\u00e7ar a fer que els alumnes entrin en contacte amb aquesta llengua d\u2019una forma m\u00e9s habitual, m\u00e9s natural i que interactu\u00efn amb aquesta llengua des d\u2019altres \u00e0mbits.<\/p>\n<p>La durada del programa \u00e9s de tres cursos escolars. La nostra escola ha comen\u00e7ant aquest curs i finalitzar\u00e0 el programa el curs 2020-21.<\/p>\n<p><strong>Objectius del programa<\/strong><\/p>\n<ul>\n<li><strong>Millorar el nivell de compet\u00e8ncia en llengua estrangera<\/strong> de l&#8217;alumnat que participa en el programa.<\/li>\n<li><strong>Facilitar estrat\u00e8gies<\/strong> organitzatives als centres per planificar la incorporaci\u00f3 progressiva de l&#8217;ensenyament de lleng\u00fces estrangeres curriculars a trav\u00e9s de mat\u00e8ries no ling\u00fc\u00edstiques.<\/li>\n<li><strong>Acompanyar i orientar els centres educatius<\/strong> per al desplegament i implementaci\u00f3 d&#8217;un projecte ling\u00fc\u00edstic pluriling\u00fce propi.<\/li>\n<li><strong>Oferir assessorament metodol\u00f2gic i formaci\u00f3 als professors<\/strong> per tal que incorporin en la seva doc\u00e8ncia estrat\u00e8gies AICLE i d&#8217;aprenentatge basat en projectes (ABP), estrat\u00e8gies d&#8217;intercomprensi\u00f3 i pr\u00e0ctiques diversificades per a la gesti\u00f3 del coneixement en diverses lleng\u00fces.<\/li>\n<li><strong>Promoure la col\u00b7laboraci\u00f3 docent<\/strong>, especialment entre el docent de mat\u00e8ria i l&#8217;especialista de llengua estrangera, i per al desenvolupament de projectes transversals des d&#8217;una concepci\u00f3 de l&#8217;aprenentatge globalitzadora.<\/li>\n<li><strong>Proposar als centres recursos complementaris<\/strong> per incrementar les oportunitats d&#8217;aprenentatge i \u00fas de les lleng\u00fces estrangeres.<\/li>\n<li><strong>Promoure la interacci\u00f3 entre els centres<\/strong> del programa, amb l&#8217;objectiu d&#8217;intercanviar experi\u00e8ncies docents i bones pr\u00e0ctiques educatives per a la promoci\u00f3 de l&#8217;aprenentatge i \u00fas de les lleng\u00fces estrangeres curriculars.<\/li>\n<li><strong>Afavorir la participaci\u00f3 i implicaci\u00f3 de la comunitat educativa<\/strong> en el projecte pluriling\u00fce del centre.<\/li>\n<\/ul>\n","protected":false},"excerpt":{"rendered":"<p>La finalitat d\u2019aquest programa \u00e9s millorar la compet\u00e8ncia en lleng\u00fces estrangeres de l\u2019alumnat, afavorint el seu creixement acad\u00e8mic i posterior inserci\u00f3 laboral, i capacitant-lo per interactuar amb el m\u00f3n en diverses lleng\u00fces i de manera cr\u00edtica. \u00a0Les accions del programa GEP s\u2019orienten, d\u2019una banda, a&hellip;  <a href=\"https:\/\/agora.xtec.cat\/ceipcarlesbuigas\/programa-generacio-plurilingue-gep\/\" title=\"Read Programa Generaci\u00f3 Pluriling\u00fce (GEP)\">Llegeix m\u00e9s\u00bb<\/a><\/p>\n","protected":false},"author":3,"featured_media":0,"parent":0,"menu_order":0,"comment_status":"closed","ping_status":"closed","template":"","meta":{"_bbp_topic_count":0,"_bbp_reply_count":0,"_bbp_total_topic_count":0,"_bbp_total_reply_count":0,"_bbp_voice_count":0,"_bbp_anonymous_reply_count":0,"_bbp_topic_count_hidden":0,"_bbp_reply_count_hidden":0,"_bbp_forum_subforum_count":0,"footnotes":""},"class_list":["post-10499","page","type-page","status-publish","hentry"],"post_mailing_queue_ids":[],"_links":{"self":[{"href":"https:\/\/agora.xtec.cat\/ceipcarlesbuigas\/wp-json\/wp\/v2\/pages\/10499","targetHints":{"allow":["GET"]}}],"collection":[{"href":"https:\/\/agora.xtec.cat\/ceipcarlesbuigas\/wp-json\/wp\/v2\/pages"}],"about":[{"href":"https:\/\/agora.xtec.cat\/ceipcarlesbuigas\/wp-json\/wp\/v2\/types\/page"}],"author":[{"embeddable":true,"href":"https:\/\/agora.xtec.cat\/ceipcarlesbuigas\/wp-json\/wp\/v2\/users\/3"}],"replies":[{"embeddable":true,"href":"https:\/\/agora.xtec.cat\/ceipcarlesbuigas\/wp-json\/wp\/v2\/comments?post=10499"}],"version-history":[{"count":1,"href":"https:\/\/agora.xtec.cat\/ceipcarlesbuigas\/wp-json\/wp\/v2\/pages\/10499\/revisions"}],"predecessor-version":[{"id":10501,"href":"https:\/\/agora.xtec.cat\/ceipcarlesbuigas\/wp-json\/wp\/v2\/pages\/10499\/revisions\/10501"}],"wp:attachment":[{"href":"https:\/\/agora.xtec.cat\/ceipcarlesbuigas\/wp-json\/wp\/v2\/media?parent=10499"}],"curies":[{"name":"wp","href":"https:\/\/api.w.org\/{rel}","templated":true}]}}