{"id":10459,"date":"2019-03-07T13:07:15","date_gmt":"2019-03-07T12:07:15","guid":{"rendered":"http:\/\/agora.xtec.cat\/ceipcarlesbuigas\/?page_id=10459"},"modified":"2019-03-11T16:14:42","modified_gmt":"2019-03-11T15:14:42","slug":"descobrim-el-barri-de-canaletes","status":"publish","type":"page","link":"https:\/\/agora.xtec.cat\/ceipcarlesbuigas\/descobrim-el-barri-de-canaletes\/","title":{"rendered":"Descobrim el barri de Canaletes"},"content":{"rendered":"<p>Aquest curs hem iniciat el projecte \u201c<strong>Descobrim el barri de Canaletes<\/strong>\u201d i l&#8217;hem implementat a 4t. Amb aquest projecte els nostres alumnes pretenen descobrir i donar a con\u00e8ixer els equipaments i espais del nostre barri: Canaletes.<\/p>\n<p>Aquest projecte s&#8217;emmarca dintre del\u00a0\u00a0<strong><a href=\"http:\/\/mhm.mobileworldcapital.com\">Mobile History Map\u00a0 <\/a><\/strong>que \u00e9s\u00a0 una iniciativa del programa mSchools. El\u00a0Mobile History map<b>\u00a0<\/b>\u00e9s una aplicaci\u00f3 m\u00f2bil i plataforma de georeferenciaci\u00f3 que permet als alumnes crear continguts de forma col\u00b7lectiva sobre punts d\u2019inter\u00e8s propers a les\u00a0 escoles, alhora que potencia les seves habilitats en tecnologia digital.<\/p>\n<p>Entre tots hem consensuat el total de punts a georeferenciar i hem acordat publicar els 10 que ens semblavem m\u00e9s identificatius del nostre barri : Els Jutjats, Escola Carles Bu\u00efgas, IES forat del Vent, Resid\u00e8ncia d\u2019avis, EBM Turonet, parc de la Riera, Jard\u00ed de les Papallones, el PEM Guiera, AAVV, i el CAP.<\/p>\n<p>Amb l&#8217;us de de la tecnologia m\u00f3bil ( hem fet fotos, editat videos, consultes a internet, &#8230;) aplicada a l&#8217;\u00e0mbit de les humanitats, ajudats per familiars i ve\u00efns\u00a0 hem documentat continguts sobre el nostre barri.<\/p>\n<p>Cliqueu aqu\u00ed per veure el <a href=\"http:\/\/mhm.mobileworldcapital.com\/ca_ES\/escenari\/593\/showedit\">Projecte<\/a><\/p>\n<p>Si ho voleu veure a trav\u00e9s del m\u00f2vil us heu de descarregar l&#8217;aplicaci\u00f3\u00a0 MHM (MobileHistory Map), clicqueu\u00a0 a sobre d&#8217; escenaris i escriure el nom del projecte.<\/p>\n","protected":false},"excerpt":{"rendered":"<p>Aquest curs hem iniciat el projecte \u201cDescobrim el barri de Canaletes\u201d i l&#8217;hem implementat a 4t. Amb aquest projecte els nostres alumnes pretenen descobrir i donar a con\u00e8ixer els equipaments i espais del nostre barri: Canaletes.<br \/>\nAquest projecte s&#8217;emmarca dintre del\u00a0\u00a0<a href=\"http:\/\/mhm.mobileworldcapital.com\">Mobile History Map\u00a0 <\/a>que \u00e9s\u00a0&hellip;  <a href=\"https:\/\/agora.xtec.cat\/ceipcarlesbuigas\/descobrim-el-barri-de-canaletes\/\" title=\"Read Descobrim el barri de Canaletes\">Llegeix m\u00e9s\u00bb<\/a><\/p>\n","protected":false},"author":3,"featured_media":0,"parent":0,"menu_order":0,"comment_status":"closed","ping_status":"closed","template":"","meta":{"_bbp_topic_count":0,"_bbp_reply_count":0,"_bbp_total_topic_count":0,"_bbp_total_reply_count":0,"_bbp_voice_count":0,"_bbp_anonymous_reply_count":0,"_bbp_topic_count_hidden":0,"_bbp_reply_count_hidden":0,"_bbp_forum_subforum_count":0,"footnotes":""},"class_list":["post-10459","page","type-page","status-publish","hentry"],"post_mailing_queue_ids":[],"_links":{"self":[{"href":"https:\/\/agora.xtec.cat\/ceipcarlesbuigas\/wp-json\/wp\/v2\/pages\/10459","targetHints":{"allow":["GET"]}}],"collection":[{"href":"https:\/\/agora.xtec.cat\/ceipcarlesbuigas\/wp-json\/wp\/v2\/pages"}],"about":[{"href":"https:\/\/agora.xtec.cat\/ceipcarlesbuigas\/wp-json\/wp\/v2\/types\/page"}],"author":[{"embeddable":true,"href":"https:\/\/agora.xtec.cat\/ceipcarlesbuigas\/wp-json\/wp\/v2\/users\/3"}],"replies":[{"embeddable":true,"href":"https:\/\/agora.xtec.cat\/ceipcarlesbuigas\/wp-json\/wp\/v2\/comments?post=10459"}],"version-history":[{"count":3,"href":"https:\/\/agora.xtec.cat\/ceipcarlesbuigas\/wp-json\/wp\/v2\/pages\/10459\/revisions"}],"predecessor-version":[{"id":10503,"href":"https:\/\/agora.xtec.cat\/ceipcarlesbuigas\/wp-json\/wp\/v2\/pages\/10459\/revisions\/10503"}],"wp:attachment":[{"href":"https:\/\/agora.xtec.cat\/ceipcarlesbuigas\/wp-json\/wp\/v2\/media?parent=10459"}],"curies":[{"name":"wp","href":"https:\/\/api.w.org\/{rel}","templated":true}]}}