{"id":10444,"date":"2019-03-07T10:22:41","date_gmt":"2019-03-07T09:22:41","guid":{"rendered":"http:\/\/agora.xtec.cat\/ceipcarlesbuigas\/?page_id=10444"},"modified":"2019-03-07T10:22:41","modified_gmt":"2019-03-07T09:22:41","slug":"internet-segura","status":"publish","type":"page","link":"https:\/\/agora.xtec.cat\/ceipcarlesbuigas\/internet-segura\/","title":{"rendered":"Internet segura"},"content":{"rendered":"<p>Protecci\u00f3 de dades i propietat intel\u00b7lectual i drets d\u2019autoria:<\/p>\n<p>L\u2019 escola Carles Bu\u00efgas ha implantat les mesures necess\u00e0ries per tractar i protegir les dades de car\u00e0cter personal dels alumnes i de les seves fam\u00edlies segons els requeriments de la normativa de la protecci\u00f3 de dades europea (Reglament EU2016\/679)<\/p>\n<p>Per qualsevol aclariment, rectificaci\u00f3 o supressi\u00f3 sobre el tractament de les dades de car\u00e0cter personal podeu adre\u00e7ar vos a secretaria o enviar un correu a <a href=\"mailto:ceipcarlesbuigas@xtec.cat\">ceipcarlesbuigas@xtec.cat<\/a>.<\/p>\n<p>&nbsp;<\/p>\n<p>Enlla\u00e7os d\u2019inter\u00e8s sobre internet segura, protecci\u00f3 de dades i propietat intel\u00b7lectual i drets d\u2019autoria:<\/p>\n<p><a href=\"http:\/\/xtec.gencat.cat\/ca\/recursos\/tecinformacio\/internet_segura\/enllacos\/index.html?pagec1d40266-4001-11e5-beba-000c291c997a=1&amp;googleoff=1\">http:\/\/xtec.gencat.cat\/ca\/recursos\/tecinformacio\/internet_segura\/enllacos\/index.html?pagec1d40266-4001-11e5-beba-000c291c997a=1&amp;googleoff=1<\/a><\/p>\n<p><a href=\"http:\/\/xtec.gencat.cat\/ca\/centres\/propintel_dretauto\/\">http:\/\/xtec.gencat.cat\/ca\/centres\/propintel_dretauto\/<\/a><\/p>\n","protected":false},"excerpt":{"rendered":"<p>Protecci\u00f3 de dades i propietat intel\u00b7lectual i drets d\u2019autoria:<br \/>\nL\u2019 escola Carles Bu\u00efgas ha implantat les mesures necess\u00e0ries per tractar i protegir les dades de car\u00e0cter personal dels alumnes i de les seves fam\u00edlies segons els requeriments de la normativa de la protecci\u00f3 de dades europea&hellip;  <a href=\"https:\/\/agora.xtec.cat\/ceipcarlesbuigas\/internet-segura\/\" title=\"Read Internet segura\">Llegeix m\u00e9s\u00bb<\/a><\/p>\n","protected":false},"author":3,"featured_media":0,"parent":0,"menu_order":0,"comment_status":"closed","ping_status":"closed","template":"","meta":{"_bbp_topic_count":0,"_bbp_reply_count":0,"_bbp_total_topic_count":0,"_bbp_total_reply_count":0,"_bbp_voice_count":0,"_bbp_anonymous_reply_count":0,"_bbp_topic_count_hidden":0,"_bbp_reply_count_hidden":0,"_bbp_forum_subforum_count":0,"footnotes":""},"class_list":["post-10444","page","type-page","status-publish","hentry"],"post_mailing_queue_ids":[],"_links":{"self":[{"href":"https:\/\/agora.xtec.cat\/ceipcarlesbuigas\/wp-json\/wp\/v2\/pages\/10444","targetHints":{"allow":["GET"]}}],"collection":[{"href":"https:\/\/agora.xtec.cat\/ceipcarlesbuigas\/wp-json\/wp\/v2\/pages"}],"about":[{"href":"https:\/\/agora.xtec.cat\/ceipcarlesbuigas\/wp-json\/wp\/v2\/types\/page"}],"author":[{"embeddable":true,"href":"https:\/\/agora.xtec.cat\/ceipcarlesbuigas\/wp-json\/wp\/v2\/users\/3"}],"replies":[{"embeddable":true,"href":"https:\/\/agora.xtec.cat\/ceipcarlesbuigas\/wp-json\/wp\/v2\/comments?post=10444"}],"version-history":[{"count":1,"href":"https:\/\/agora.xtec.cat\/ceipcarlesbuigas\/wp-json\/wp\/v2\/pages\/10444\/revisions"}],"predecessor-version":[{"id":10446,"href":"https:\/\/agora.xtec.cat\/ceipcarlesbuigas\/wp-json\/wp\/v2\/pages\/10444\/revisions\/10446"}],"wp:attachment":[{"href":"https:\/\/agora.xtec.cat\/ceipcarlesbuigas\/wp-json\/wp\/v2\/media?parent=10444"}],"curies":[{"name":"wp","href":"https:\/\/api.w.org\/{rel}","templated":true}]}}