{"id":811,"date":"2018-01-31T09:41:53","date_gmt":"2018-01-31T08:41:53","guid":{"rendered":"http:\/\/agora.xtec.cat\/ceipcansalvi\/?page_id=811"},"modified":"2024-11-10T18:26:12","modified_gmt":"2024-11-10T17:26:12","slug":"funny-day","status":"publish","type":"page","link":"https:\/\/agora.xtec.cat\/ceipcansalvi\/activitats\/funny-day\/","title":{"rendered":"Funny day!"},"content":{"rendered":"<p style=\"text-align: center;\"><strong><em>FUNNY DAY- a big cooperative activity between all St Andreu schools<\/em><\/strong><\/p>\n<p style=\"text-align: justify;\">Aquesta activitat \u00e9s fruit de la coordinaci\u00f3 dels mestres d&#8217;angl\u00e8s de les diferents escoles i instituts del nostre municipi.<\/p>\n<p style=\"text-align: justify;\">L&#8217;activitat consisteix en que al llarg del curs els alumnes de 5\u00e8 de les diferents escoles tenen &#8220;penfriends&#8221; que significa que tenen un amic per carta. Al final de curs aquests penfriends s&#8217;acaben coneixent, aquest dia \u00e9s l&#8217;anomenat Funny day. Per a aquell dia els alumnes de 3r\/4t de la ESO dels diferents instituts del municipi,\u00a0 preparen a la resta d&#8217;alumnes de cinqu\u00e8 unes proves i jocs en llengua anglesa.<\/p>\n<p style=\"text-align: justify;\">Aix\u00ed doncs, els alumnes de l&#8217;institut i els penfriends gaudeixen d&#8217;una jornada l\u00fadica en qu\u00e8 totes les activitats i proves s\u00f3n en angl\u00e8s. Un Funny Day totalment en English!<\/p>\n<p style=\"text-align: justify;\"><img loading=\"lazy\" decoding=\"async\" class=\"aligncenter\" src=\"https:\/\/3.bp.blogspot.com\/-CqFht382AkY\/WSVnsCvLQNI\/AAAAAAAAA4g\/pVgJL9hVN4UCCo0jjqPleKDVI_jTxaMZgCLcB\/s320\/medallafunnyday.jpg\" width=\"320\" height=\"164\" border=\"0\" data-original-height=\"448\" data-original-width=\"874\" \/><\/p>\n","protected":false},"excerpt":{"rendered":"<p>FUNNY DAY- a big cooperative activity between all St Andreu schools<br \/>\nAquesta activitat \u00e9s fruit de la coordinaci\u00f3 dels mestres d&#8217;angl\u00e8s de les diferents escoles i instituts del nostre municipi.<br \/>\nL&#8217;activitat consisteix en que al llarg del curs els alumnes de 5\u00e8 de les diferents escoles tenen&hellip;  <a href=\"https:\/\/agora.xtec.cat\/ceipcansalvi\/activitats\/funny-day\/\" title=\"Read Funny day!\">Llegeix m\u00e9s\u00bb<\/a><\/p>\n","protected":false},"author":1,"featured_media":0,"parent":798,"menu_order":5,"comment_status":"closed","ping_status":"closed","template":"page-templates\/side-menu.php","meta":{"_bbp_topic_count":0,"_bbp_reply_count":0,"_bbp_total_topic_count":0,"_bbp_total_reply_count":0,"_bbp_voice_count":0,"_bbp_anonymous_reply_count":0,"_bbp_topic_count_hidden":0,"_bbp_reply_count_hidden":0,"_bbp_forum_subforum_count":0,"footnotes":""},"class_list":["post-811","page","type-page","status-publish","hentry"],"post_mailing_queue_ids":[],"_links":{"self":[{"href":"https:\/\/agora.xtec.cat\/ceipcansalvi\/wp-json\/wp\/v2\/pages\/811","targetHints":{"allow":["GET"]}}],"collection":[{"href":"https:\/\/agora.xtec.cat\/ceipcansalvi\/wp-json\/wp\/v2\/pages"}],"about":[{"href":"https:\/\/agora.xtec.cat\/ceipcansalvi\/wp-json\/wp\/v2\/types\/page"}],"author":[{"embeddable":true,"href":"https:\/\/agora.xtec.cat\/ceipcansalvi\/wp-json\/wp\/v2\/users\/1"}],"replies":[{"embeddable":true,"href":"https:\/\/agora.xtec.cat\/ceipcansalvi\/wp-json\/wp\/v2\/comments?post=811"}],"version-history":[{"count":4,"href":"https:\/\/agora.xtec.cat\/ceipcansalvi\/wp-json\/wp\/v2\/pages\/811\/revisions"}],"predecessor-version":[{"id":3108,"href":"https:\/\/agora.xtec.cat\/ceipcansalvi\/wp-json\/wp\/v2\/pages\/811\/revisions\/3108"}],"up":[{"embeddable":true,"href":"https:\/\/agora.xtec.cat\/ceipcansalvi\/wp-json\/wp\/v2\/pages\/798"}],"wp:attachment":[{"href":"https:\/\/agora.xtec.cat\/ceipcansalvi\/wp-json\/wp\/v2\/media?parent=811"}],"curies":[{"name":"wp","href":"https:\/\/api.w.org\/{rel}","templated":true}]}}