{"id":751,"date":"2018-01-15T16:23:38","date_gmt":"2018-01-15T15:23:38","guid":{"rendered":"http:\/\/agora.xtec.cat\/ceipcansalvi\/?page_id=751"},"modified":"2025-09-15T11:52:35","modified_gmt":"2025-09-15T09:52:35","slug":"dinamitzacio-de-patis","status":"publish","type":"page","link":"https:\/\/agora.xtec.cat\/ceipcansalvi\/projecte-educatiu\/dinamitzacio-de-patis\/","title":{"rendered":"Dinamitzaci\u00f3 de patis"},"content":{"rendered":"<p style=\"text-align: justify;\">El pati \u00e9s un <strong>espai plenament educatiu<\/strong> on es donen un tipus de jocs i relacions pr\u00f2pies i diferents de la resta d\u2019espais. \u00c9s el lloc on les din\u00e0miques de grup s\u00f3n plenament vives.<\/p>\n<div class=\"textLayer\" style=\"text-align: justify;\">\n<p style=\"text-align: justify;\">El temps dedicat a l\u2019esbarjo en els centres educatius \u00e9s d\u2019una mitjana de trenta minuts al dia. S\u00f3n moltes hores al cap de tota l\u2019etapa. Per tant es converteix en un temps molt important en la formaci\u00f3 dels infants.<\/p>\n<\/div>\n<p style=\"text-align: justify;\">L\u2019estructura dels patis tenen un efecte directe sobre all\u00f2 que hi passa. A m\u00e9s, les habilitats esportives dels diferents alumnes tenen un paper rellevant en les posicions de lideratge dins dels diferents grups.<\/p>\n<p style=\"text-align: justify;\">Aquest fet no \u00e9s negatiu per s\u00ed mateix, per\u00f2 a l\u2019escola s\u00ed que creiem en la necessitat que les estones d\u2019esbarjo <strong>siguin espais que promoguin tamb\u00e9 l\u2019acc\u00e9s a la cultura, s\u2019hi fomentin valors i proporcionin experi\u00e8ncies generadores d\u2019aprenentatge<\/strong>. \u00c9s per aquest motiu que en aquestes estones s\u2019ofereixen diferents propostes que promouen que l\u2019esbarjo sigui un espai obert a diferents interessos dels diferents nens i nenes:<img loading=\"lazy\" decoding=\"async\" class=\"irc_mi alignright\" src=\"https:\/\/s-media-cache-ak0.pinimg.com\/736x\/80\/9f\/0c\/809f0ca1895ee6e9ec13c537d8e8b596.jpg\" alt=\"Resultat d'imatges de FOTOS ESCOLA CAN SALVI\" width=\"209\" height=\"296\" \/><\/p>\n<h4 style=\"text-align: justify;\">INFANTIL<\/h4>\n<ul style=\"list-style-type: square;\">\n<li style=\"text-align: justify;\">SORRAL<\/li>\n<li style=\"text-align: justify;\">M\u00daSICA<\/li>\n<li style=\"text-align: justify;\">PISSARRES<\/li>\n<li style=\"text-align: justify;\">ROC\u00d2DROM<\/li>\n<li style=\"text-align: justify;\">ESTRUCTURES (TOBOGAN, CASETA&#8230;)<\/li>\n<\/ul>\n<h4 style=\"text-align: justify;\">PRIM\u00c0RIA<\/h4>\n<ul style=\"list-style-type: square;\">\n<li style=\"text-align: justify;\">BIBLIOPATI<\/li>\n<li style=\"text-align: justify;\">PING PONG<\/li>\n<li style=\"text-align: justify;\">B\u00c0SQUET<\/li>\n<li style=\"text-align: justify;\">FUTBOL<\/li>\n<li style=\"text-align: justify;\">ROC\u00d2DROM<\/li>\n<li>JOCS DE TAULA<\/li>\n<li style=\"text-align: justify;\"><a href=\"https:\/\/www.dropbox.com\/s\/aeo8iosqc9628gd\/PRISSION%20BALL.docx?dl=0\">LLIGA PRISSION BALL<\/a><\/li>\n<li style=\"text-align: justify;\">JOCS TRADICIONALS (PINTATS AL TERRA)<\/li>\n<\/ul>\n","protected":false},"excerpt":{"rendered":"<p>El pati \u00e9s un espai plenament educatiu on es donen un tipus de jocs i relacions pr\u00f2pies i diferents de la resta d\u2019espais. \u00c9s el lloc on les din\u00e0miques de grup s\u00f3n plenament vives.<\/p>\n<p>El temps dedicat a l\u2019esbarjo en els centres educatius \u00e9s d\u2019una mitjana&hellip;  <a href=\"https:\/\/agora.xtec.cat\/ceipcansalvi\/projecte-educatiu\/dinamitzacio-de-patis\/\" title=\"Read Dinamitzaci\u00f3 de patis\">Llegeix m\u00e9s\u00bb<\/a><\/p>\n","protected":false},"author":1,"featured_media":0,"parent":64,"menu_order":5,"comment_status":"closed","ping_status":"closed","template":"page-templates\/side-menu.php","meta":{"_bbp_topic_count":0,"_bbp_reply_count":0,"_bbp_total_topic_count":0,"_bbp_total_reply_count":0,"_bbp_voice_count":0,"_bbp_anonymous_reply_count":0,"_bbp_topic_count_hidden":0,"_bbp_reply_count_hidden":0,"_bbp_forum_subforum_count":0,"footnotes":""},"class_list":["post-751","page","type-page","status-publish","hentry"],"post_mailing_queue_ids":[],"_links":{"self":[{"href":"https:\/\/agora.xtec.cat\/ceipcansalvi\/wp-json\/wp\/v2\/pages\/751","targetHints":{"allow":["GET"]}}],"collection":[{"href":"https:\/\/agora.xtec.cat\/ceipcansalvi\/wp-json\/wp\/v2\/pages"}],"about":[{"href":"https:\/\/agora.xtec.cat\/ceipcansalvi\/wp-json\/wp\/v2\/types\/page"}],"author":[{"embeddable":true,"href":"https:\/\/agora.xtec.cat\/ceipcansalvi\/wp-json\/wp\/v2\/users\/1"}],"replies":[{"embeddable":true,"href":"https:\/\/agora.xtec.cat\/ceipcansalvi\/wp-json\/wp\/v2\/comments?post=751"}],"version-history":[{"count":5,"href":"https:\/\/agora.xtec.cat\/ceipcansalvi\/wp-json\/wp\/v2\/pages\/751\/revisions"}],"predecessor-version":[{"id":3224,"href":"https:\/\/agora.xtec.cat\/ceipcansalvi\/wp-json\/wp\/v2\/pages\/751\/revisions\/3224"}],"up":[{"embeddable":true,"href":"https:\/\/agora.xtec.cat\/ceipcansalvi\/wp-json\/wp\/v2\/pages\/64"}],"wp:attachment":[{"href":"https:\/\/agora.xtec.cat\/ceipcansalvi\/wp-json\/wp\/v2\/media?parent=751"}],"curies":[{"name":"wp","href":"https:\/\/api.w.org\/{rel}","templated":true}]}}