{"id":1562,"date":"2018-07-10T13:59:46","date_gmt":"2018-07-10T11:59:46","guid":{"rendered":"http:\/\/agora.xtec.cat\/ceipcansalvi\/?page_id=1562"},"modified":"2024-11-10T18:32:52","modified_gmt":"2024-11-10T17:32:52","slug":"pec","status":"publish","type":"page","link":"https:\/\/agora.xtec.cat\/ceipcansalvi\/documents-de-centre\/pec\/","title":{"rendered":"PEC"},"content":{"rendered":"<p style=\"text-align: justify;\"><a href=\"https:\/\/www.dropbox.com\/s\/3f5ao97cn8r8zx1\/CAN%20SALVI%20PECdoc%2027_2_2017.pdf?dl=0\">El projecte educatiu de centre (PEC)<\/a> \u00e9s el document que inclou els trets d&#8217;identitat del centre, els principis pedag\u00f2gics, els principis organitzatius i el projecte ling\u00fc\u00edstic.<\/p>\n<p style=\"text-align: justify;\">En aquest document s&#8217;especifiquen els valors, els objectius i les prioritats d&#8217;actuaci\u00f3 del centre, la concreci\u00f3 dels curr\u00edculums que s&#8217;imparteixen i el tractament transversal en les \u00e0rees, mat\u00e8ries o m\u00f2duls de l&#8217;educaci\u00f3 en valors i altres ensenyaments.<\/p>\n<p><a href=\"https:\/\/drive.google.com\/file\/d\/1Qd1IA0QZApKt8tqLtXojiHVQaAwEm7Rp\/view?usp=sharing\">CAN SALVI PEC 2021<\/a><\/p>\n","protected":false},"excerpt":{"rendered":"<p><a href=\"https:\/\/www.dropbox.com\/s\/3f5ao97cn8r8zx1\/CAN%20SALVI%20PECdoc%2027_2_2017.pdf?dl=0\">El projecte educatiu de centre (PEC)<\/a> \u00e9s el document que inclou els trets d&#8217;identitat del centre, els principis pedag\u00f2gics, els principis organitzatius i el projecte ling\u00fc\u00edstic.<br \/>\nEn aquest document s&#8217;especifiquen els valors, els objectius i les prioritats d&#8217;actuaci\u00f3 del centre, la concreci\u00f3 dels curr\u00edculums que&hellip;  <a href=\"https:\/\/agora.xtec.cat\/ceipcansalvi\/documents-de-centre\/pec\/\" title=\"Read PEC\">Llegeix m\u00e9s\u00bb<\/a><\/p>\n","protected":false},"author":1,"featured_media":0,"parent":476,"menu_order":1,"comment_status":"closed","ping_status":"closed","template":"page-templates\/side-menu.php","meta":{"_bbp_topic_count":0,"_bbp_reply_count":0,"_bbp_total_topic_count":0,"_bbp_total_reply_count":0,"_bbp_voice_count":0,"_bbp_anonymous_reply_count":0,"_bbp_topic_count_hidden":0,"_bbp_reply_count_hidden":0,"_bbp_forum_subforum_count":0,"footnotes":""},"class_list":["post-1562","page","type-page","status-publish","hentry"],"post_mailing_queue_ids":[],"_links":{"self":[{"href":"https:\/\/agora.xtec.cat\/ceipcansalvi\/wp-json\/wp\/v2\/pages\/1562","targetHints":{"allow":["GET"]}}],"collection":[{"href":"https:\/\/agora.xtec.cat\/ceipcansalvi\/wp-json\/wp\/v2\/pages"}],"about":[{"href":"https:\/\/agora.xtec.cat\/ceipcansalvi\/wp-json\/wp\/v2\/types\/page"}],"author":[{"embeddable":true,"href":"https:\/\/agora.xtec.cat\/ceipcansalvi\/wp-json\/wp\/v2\/users\/1"}],"replies":[{"embeddable":true,"href":"https:\/\/agora.xtec.cat\/ceipcansalvi\/wp-json\/wp\/v2\/comments?post=1562"}],"version-history":[{"count":4,"href":"https:\/\/agora.xtec.cat\/ceipcansalvi\/wp-json\/wp\/v2\/pages\/1562\/revisions"}],"predecessor-version":[{"id":3109,"href":"https:\/\/agora.xtec.cat\/ceipcansalvi\/wp-json\/wp\/v2\/pages\/1562\/revisions\/3109"}],"up":[{"embeddable":true,"href":"https:\/\/agora.xtec.cat\/ceipcansalvi\/wp-json\/wp\/v2\/pages\/476"}],"wp:attachment":[{"href":"https:\/\/agora.xtec.cat\/ceipcansalvi\/wp-json\/wp\/v2\/media?parent=1562"}],"curies":[{"name":"wp","href":"https:\/\/api.w.org\/{rel}","templated":true}]}}