{"id":1527,"date":"2018-07-10T09:01:07","date_gmt":"2018-07-10T07:01:07","guid":{"rendered":"http:\/\/agora.xtec.cat\/ceipcansalvi\/?page_id=1527"},"modified":"2024-07-04T12:35:39","modified_gmt":"2024-07-04T10:35:39","slug":"nofc","status":"publish","type":"page","link":"https:\/\/agora.xtec.cat\/ceipcansalvi\/documents-de-centre\/nofc\/","title":{"rendered":"NOFC"},"content":{"rendered":"<p align=\"justify\">Les Normes d\u2019Organitzaci\u00f3 i Funcionament del Centre \u00e9s el document on es recull de manera ordenada el conjunt d&#8217;acords i decisions d&#8217;organitzaci\u00f3 i funcionament que adopta el centre en el dia a dia.<\/p>\n<p align=\"justify\">\u00c9s un document viu, en constant renovaci\u00f3 a proposta de tots els sectors i permet assolir els objectius proposats en el PEC i en la PGC.<\/p>\n<p align=\"justify\">El document est\u00e0 a la disposici\u00f3 de qualsevol membre de la comunitat escolar que el vulgui consultar.<\/p>\n<p style=\"text-align: center;\" align=\"justify\"><a href=\"https:\/\/drive.google.com\/file\/d\/1VAPqTamj4ewDgQGUUcccBWJeSxixOUBq\/view?usp=drive_link\">NOFC<\/a><\/p>\n","protected":false},"excerpt":{"rendered":"<p>Les Normes d\u2019Organitzaci\u00f3 i Funcionament del Centre \u00e9s el document on es recull de manera ordenada el conjunt d&#8217;acords i decisions d&#8217;organitzaci\u00f3 i funcionament que adopta el centre en el dia a dia.<br \/>\n\u00c9s un document viu, en constant renovaci\u00f3 a proposta de tots els sectors&hellip;  <a href=\"https:\/\/agora.xtec.cat\/ceipcansalvi\/documents-de-centre\/nofc\/\" title=\"Read NOFC\">Llegeix m\u00e9s\u00bb<\/a><\/p>\n","protected":false},"author":1,"featured_media":0,"parent":476,"menu_order":3,"comment_status":"closed","ping_status":"closed","template":"page-templates\/side-menu.php","meta":{"_bbp_topic_count":0,"_bbp_reply_count":0,"_bbp_total_topic_count":0,"_bbp_total_reply_count":0,"_bbp_voice_count":0,"_bbp_anonymous_reply_count":0,"_bbp_topic_count_hidden":0,"_bbp_reply_count_hidden":0,"_bbp_forum_subforum_count":0,"footnotes":""},"class_list":["post-1527","page","type-page","status-publish","hentry"],"post_mailing_queue_ids":[],"_links":{"self":[{"href":"https:\/\/agora.xtec.cat\/ceipcansalvi\/wp-json\/wp\/v2\/pages\/1527","targetHints":{"allow":["GET"]}}],"collection":[{"href":"https:\/\/agora.xtec.cat\/ceipcansalvi\/wp-json\/wp\/v2\/pages"}],"about":[{"href":"https:\/\/agora.xtec.cat\/ceipcansalvi\/wp-json\/wp\/v2\/types\/page"}],"author":[{"embeddable":true,"href":"https:\/\/agora.xtec.cat\/ceipcansalvi\/wp-json\/wp\/v2\/users\/1"}],"replies":[{"embeddable":true,"href":"https:\/\/agora.xtec.cat\/ceipcansalvi\/wp-json\/wp\/v2\/comments?post=1527"}],"version-history":[{"count":4,"href":"https:\/\/agora.xtec.cat\/ceipcansalvi\/wp-json\/wp\/v2\/pages\/1527\/revisions"}],"predecessor-version":[{"id":3091,"href":"https:\/\/agora.xtec.cat\/ceipcansalvi\/wp-json\/wp\/v2\/pages\/1527\/revisions\/3091"}],"up":[{"embeddable":true,"href":"https:\/\/agora.xtec.cat\/ceipcansalvi\/wp-json\/wp\/v2\/pages\/476"}],"wp:attachment":[{"href":"https:\/\/agora.xtec.cat\/ceipcansalvi\/wp-json\/wp\/v2\/media?parent=1527"}],"curies":[{"name":"wp","href":"https:\/\/api.w.org\/{rel}","templated":true}]}}