{"id":9269,"date":"2023-04-25T11:09:54","date_gmt":"2023-04-25T09:09:54","guid":{"rendered":"https:\/\/agora.xtec.cat\/ceipcanmanent\/?page_id=9269"},"modified":"2024-02-09T12:40:30","modified_gmt":"2024-02-09T11:40:30","slug":"acords-consell-escolar-2022-23","status":"publish","type":"page","link":"https:\/\/agora.xtec.cat\/ceipcanmanent\/lescola\/consell-escolar\/acords-consell-escolar-2022-23\/","title":{"rendered":"Acords Consell escolar 2022-23"},"content":{"rendered":"<p>&nbsp;<\/p>\n<table>\n<tbody>\n<tr style=\"height: 29px;\">\n<td style=\"height: 29px; width: 16.4286%;\">\n<h5><span style=\"color: #008000;\">N\u00famero de sessi\u00f3 i ordre del dia<\/span><\/h5>\n<\/td>\n<td style=\"height: 29px; width: 13.4286%;\">\n<h5><span style=\"color: #008000;\">Data<\/span><\/h5>\n<\/td>\n<td style=\"height: 29px; width: 13.8571%;\">\n<h5><span style=\"color: #008000;\">Membres assistents<\/span><\/h5>\n<\/td>\n<td style=\"height: 29px; width: 75.0904%;\">\n<h5><span style=\"color: #008000;\">Acords<\/span><\/h5>\n<\/td>\n<\/tr>\n<tr style=\"height: 31px;\">\n<td style=\"height: 31px; width: 16.4286%;\">1a sessi\u00f3<\/td>\n<td style=\"height: 31px; width: 13.4286%;\">02\/11\/2022<\/td>\n<td style=\"height: 31px; width: 13.8571%;\">12<\/td>\n<td style=\"height: 31px; width: 75.0904%;\">\n<ul>\n<li>Presentaci\u00f3 i aprovaci\u00f3 de la MA<\/li>\n<li>Presentaci\u00f3 i aprovaci\u00f3 de la PGA<\/li>\n<li>Informacions v\u00e0ries:<br \/>\na. Valoraci\u00f3 horari setembre<br \/>\nb. Novetats comunitats<br \/>\nc. Projecte COEDUCA i formaci\u00f3<br \/>\nd. Reducci\u00f3 hora lectiva dels mestres a partir del gener<br \/>\ne. FRoca ens comunica que ja tenen el projecte de menjador01<br \/>\nf. La propera setmana hi haur\u00e0 renovaci\u00f3 de l&#8217;AFA<\/li>\n<\/ul>\n<\/td>\n<\/tr>\n<tr style=\"height: 31px;\">\n<td style=\"height: 31px; width: 16.4286%;\">2a sessi\u00f3<\/td>\n<td style=\"height: 31px; width: 13.4286%;\"><span style=\"font-weight: 400;\">16\/02\/2023<\/span><\/td>\n<td style=\"height: 31px; width: 13.8571%;\">8<\/td>\n<td style=\"height: 31px; width: 75.0904%;\">\n<ul>\n<li style=\"font-weight: 400;\"><span style=\"font-family: inherit; font-size: 1em;\">Presentaci\u00f3 del<a href=\"https:\/\/agora.xtec.cat\/ceipcanmanent\/wp-content\/uploads\/usu153\/2023\/04\/Tancament-economic-2022-Escola-Can-Manent-def.pdf\" target=\"_blank\" rel=\"noopener\"> tancament de l\u2019exercici 2022<\/a><\/span><\/li>\n<li style=\"font-weight: 400;\"><span style=\"font-family: inherit; font-size: 1em;\">Presentaci\u00f3 i <a href=\"https:\/\/agora.xtec.cat\/ceipcanmanent\/wp-content\/uploads\/usu153\/2023\/04\/Tancament-economic-2022-Escola-Can-Manent-def.pdf\" target=\"_blank\" rel=\"noopener\">aprovaci\u00f3 del pressupost 2023\u00a0<\/a><\/span><\/li>\n<li>Aprovaci\u00f3 augment de<a href=\"https:\/\/agora.xtec.cat\/ceipcanmanent\/wp-content\/uploads\/usu153\/2023\/04\/Tancament-economic-2022-Escola-Can-Manent-def.pdf\" target=\"_blank\" rel=\"noopener\"> quotes pel curs 2023-2024<\/a><\/li>\n<li>Preinscripci\u00f3 curs 23\/24 i Portes obertes a l\u2019escola<\/li>\n<li>Aprovaci\u00f3<a href=\"https:\/\/agora.xtec.cat\/ceipcanmanent\/wp-content\/uploads\/usu153\/2023\/04\/PlaFuncionament_CanManent1.pdf\" target=\"_blank\" rel=\"noopener\"> Pla de funcionament de menjador<\/a><\/li>\n<li>Informacions v\u00e0ries\n<ul>\n<li>Canvi en les barreges de grups de comunitat de petits<\/li>\n<li>Compet\u00e8ncies b\u00e0siques a 6\u00e8<\/li>\n<\/ul>\n<\/li>\n<\/ul>\n<\/td>\n<\/tr>\n<tr style=\"height: 31px;\">\n<td style=\"width: 16.4286%; height: 31px;\">3a sessi\u00f3<\/td>\n<td style=\"width: 13.4286%; height: 31px;\"><span style=\"font-weight: 400;\">13\/03\/2023<\/span><\/td>\n<td style=\"width: 13.8571%; height: 31px;\">12<\/td>\n<td style=\"width: 75.0904%; height: 31px;\">\n<ul>\n<li>Creaci\u00f3 de la comissi\u00f3 avaluadora de la candidatura de direcci\u00f3 els cursos 2023\/2027<\/li>\n<li>Avaluaci\u00f3 mem\u00f2ria direcci\u00f3 actual, dijous 27 d&#8217;abril a les 17h<\/li>\n<\/ul>\n<\/td>\n<\/tr>\n<tr style=\"height: 31px;\">\n<td style=\"width: 16.4286%; height: 31px;\">4a sessi\u00f3<\/td>\n<td style=\"width: 13.4286%; height: 31px;\">27\/04\/2023<\/td>\n<td style=\"width: 13.8571%; height: 31px;\">8<\/td>\n<td style=\"width: 75.0904%; height: 31px;\">\n<ul>\n<li>Presentaci\u00f3 mem\u00f2ria dels \u00faltims 4 cursos<\/li>\n<li>Aprovaci\u00f3 de la demanda d&#8217;un nou perfil estructural, de metodologies globalitzades, per ajudar a estabilitzar la plantilla<\/li>\n<li>Temes aportats per les fam\u00edlies en el torn obert:\n<ul>\n<li>Estat de les preinscripcions<\/li>\n<\/ul>\n<\/li>\n<\/ul>\n<\/td>\n<\/tr>\n<tr>\n<td style=\"width: 16.4286%;\">5a sessi\u00f3<\/td>\n<td style=\"width: 13.4286%;\">26\/06\/2023<\/td>\n<td style=\"width: 13.8571%;\">12<\/td>\n<td style=\"width: 75.0904%;\">\n<ul>\n<li>Aprovaci\u00f3 del calendari escolar 2023-2024<\/li>\n<li>Informaci\u00f3 de l&#8217;estat de les matr\u00edcules<\/li>\n<li>Plantilla del curs vinent<\/li>\n<li>Activitats d&#8217;inici de curs, sortides i col\u00f2nies aprovades<\/li>\n<li>Temes aportats per les fam\u00edlies en el torn obert:\n<ul>\n<li>Comissi\u00f3 de menjador<\/li>\n<li>Nataci\u00f3 a mitjans<\/li>\n<li>Comissi\u00f3 de feminisme<\/li>\n<li>Plataforma popular en refer\u00e8ncia a l&#8217;acc\u00e9s als m\u00f2bils &#8211; enfocament comunitari<\/li>\n<\/ul>\n<\/li>\n<\/ul>\n<\/td>\n<\/tr>\n<\/tbody>\n<\/table>\n","protected":false},"excerpt":{"rendered":"<p>&nbsp; N\u00famero de sessi\u00f3 i ordre del dia Data Membres assistents Acords 1a sessi\u00f3 02\/11\/2022 12 Presentaci\u00f3 i aprovaci\u00f3 de la MA Presentaci\u00f3 i aprovaci\u00f3 de la PGA Informacions v\u00e0ries: a. Valoraci\u00f3 horari setembre b. Novetats comunitats c. Projecte COEDUCA i formaci\u00f3 d. Reducci\u00f3 hora lectiva dels mestres a partir del gener e. FRoca ens [&hellip;]<\/p>\n","protected":false},"author":1,"featured_media":0,"parent":28,"menu_order":1,"comment_status":"closed","ping_status":"closed","template":"","meta":{"_bbp_topic_count":0,"_bbp_reply_count":0,"_bbp_total_topic_count":0,"_bbp_total_reply_count":0,"_bbp_voice_count":0,"_bbp_anonymous_reply_count":0,"_bbp_topic_count_hidden":0,"_bbp_reply_count_hidden":0,"_bbp_forum_subforum_count":0,"site-sidebar-layout":"default","site-content-layout":"","ast-site-content-layout":"","site-content-style":"default","site-sidebar-style":"default","ast-global-header-display":"","ast-banner-title-visibility":"","ast-main-header-display":"","ast-hfb-above-header-display":"","ast-hfb-below-header-display":"","ast-hfb-mobile-header-display":"","site-post-title":"","ast-breadcrumbs-content":"","ast-featured-img":"","footer-sml-layout":"","theme-transparent-header-meta":"","adv-header-id-meta":"","stick-header-meta":"","header-above-stick-meta":"","header-main-stick-meta":"","header-below-stick-meta":"","astra-migrate-meta-layouts":"default","ast-page-background-enabled":"default","ast-page-background-meta":{"desktop":{"background-color":"var(--ast-global-color-4)","background-image":"","background-repeat":"repeat","background-position":"center center","background-size":"auto","background-attachment":"scroll","background-type":"","background-media":"","overlay-type":"","overlay-color":"","overlay-opacity":"","overlay-gradient":""},"tablet":{"background-color":"","background-image":"","background-repeat":"repeat","background-position":"center center","background-size":"auto","background-attachment":"scroll","background-type":"","background-media":"","overlay-type":"","overlay-color":"","overlay-opacity":"","overlay-gradient":""},"mobile":{"background-color":"","background-image":"","background-repeat":"repeat","background-position":"center center","background-size":"auto","background-attachment":"scroll","background-type":"","background-media":"","overlay-type":"","overlay-color":"","overlay-opacity":"","overlay-gradient":""}},"ast-content-background-meta":{"desktop":{"background-color":"var(--ast-global-color-5)","background-image":"","background-repeat":"repeat","background-position":"center center","background-size":"auto","background-attachment":"scroll","background-type":"","background-media":"","overlay-type":"","overlay-color":"","overlay-opacity":"","overlay-gradient":""},"tablet":{"background-color":"var(--ast-global-color-5)","background-image":"","background-repeat":"repeat","background-position":"center center","background-size":"auto","background-attachment":"scroll","background-type":"","background-media":"","overlay-type":"","overlay-color":"","overlay-opacity":"","overlay-gradient":""},"mobile":{"background-color":"var(--ast-global-color-5)","background-image":"","background-repeat":"repeat","background-position":"center center","background-size":"auto","background-attachment":"scroll","background-type":"","background-media":"","overlay-type":"","overlay-color":"","overlay-opacity":"","overlay-gradient":""}},"footnotes":""},"class_list":["post-9269","page","type-page","status-publish","hentry"],"post_mailing_queue_ids":[],"_links":{"self":[{"href":"https:\/\/agora.xtec.cat\/ceipcanmanent\/wp-json\/wp\/v2\/pages\/9269","targetHints":{"allow":["GET"]}}],"collection":[{"href":"https:\/\/agora.xtec.cat\/ceipcanmanent\/wp-json\/wp\/v2\/pages"}],"about":[{"href":"https:\/\/agora.xtec.cat\/ceipcanmanent\/wp-json\/wp\/v2\/types\/page"}],"author":[{"embeddable":true,"href":"https:\/\/agora.xtec.cat\/ceipcanmanent\/wp-json\/wp\/v2\/users\/1"}],"replies":[{"embeddable":true,"href":"https:\/\/agora.xtec.cat\/ceipcanmanent\/wp-json\/wp\/v2\/comments?post=9269"}],"version-history":[{"count":3,"href":"https:\/\/agora.xtec.cat\/ceipcanmanent\/wp-json\/wp\/v2\/pages\/9269\/revisions"}],"predecessor-version":[{"id":9614,"href":"https:\/\/agora.xtec.cat\/ceipcanmanent\/wp-json\/wp\/v2\/pages\/9269\/revisions\/9614"}],"up":[{"embeddable":true,"href":"https:\/\/agora.xtec.cat\/ceipcanmanent\/wp-json\/wp\/v2\/pages\/28"}],"wp:attachment":[{"href":"https:\/\/agora.xtec.cat\/ceipcanmanent\/wp-json\/wp\/v2\/media?parent=9269"}],"curies":[{"name":"wp","href":"https:\/\/api.w.org\/{rel}","templated":true}]}}