{"id":5450,"date":"2020-03-26T12:21:49","date_gmt":"2020-03-26T11:21:49","guid":{"rendered":"https:\/\/agora.xtec.cat\/ceipcanmanent\/?page_id=5450"},"modified":"2020-05-12T21:17:52","modified_gmt":"2020-05-12T19:17:52","slug":"articles-interessants","status":"publish","type":"page","link":"https:\/\/agora.xtec.cat\/ceipcanmanent\/articles-interessants\/","title":{"rendered":"Articles interessants"},"content":{"rendered":"<p>&nbsp;<\/p>\n<table style=\"height: 249px; width: 631px;\">\n<tbody>\n<tr style=\"height: 60px;\">\n<td style=\"width: 625px; height: 60px;\"><a href=\"https:\/\/www.catorze.cat\/noticia\/13944\/perdran\/curs\" target=\"_blank\" rel=\"noopener noreferrer\"><img loading=\"lazy\" decoding=\"async\" class=\"alignleft wp-image-5457\" src=\"https:\/\/agora.xtec.cat\/ceipcanmanent\/wp-content\/uploads\/usu153\/2020\/03\/Perdran-el-curs.jpg\" alt=\"\" width=\"152\" height=\"97\" srcset=\"https:\/\/agora.xtec.cat\/ceipcanmanent\/wp-content\/uploads\/usu153\/2020\/03\/Perdran-el-curs.jpg 650w, https:\/\/agora.xtec.cat\/ceipcanmanent\/wp-content\/uploads\/usu153\/2020\/03\/Perdran-el-curs-300x191.jpg 300w\" sizes=\"auto, (max-width: 152px) 100vw, 152px\" \/><\/a><\/p>\n<p><span style=\"color: #99cc00;\"><em>Perdran el curs?<\/em><\/span> de Dolors Feixas a Catorze (26 de mar\u00e7 de 2020)<\/td>\n<\/tr>\n<tr style=\"height: 134px;\">\n<td style=\"width: 625px; height: 134px; text-align: left; vertical-align: top;\"><a href=\"https:\/\/elpais.com\/sociedad\/2020-04-11\/francesco-tonucci-no-perdamos-este-tiempo-precioso-dando-deberes.html\" target=\"_blank\" rel=\"noopener noreferrer\"><img loading=\"lazy\" decoding=\"async\" class=\"alignleft wp-image-5694\" src=\"https:\/\/agora.xtec.cat\/ceipcanmanent\/wp-content\/uploads\/usu153\/2020\/04\/Tonuci-confinament.png\" alt=\"\" width=\"146\" height=\"100\" srcset=\"https:\/\/agora.xtec.cat\/ceipcanmanent\/wp-content\/uploads\/usu153\/2020\/04\/Tonuci-confinament.png 658w, https:\/\/agora.xtec.cat\/ceipcanmanent\/wp-content\/uploads\/usu153\/2020\/04\/Tonuci-confinament-300x206.png 300w\" sizes=\"auto, (max-width: 146px) 100vw, 146px\" \/><\/a><\/p>\n<p class=\"a_t | font_secondary color_gray_ultra_dark \"><span style=\"color: #99cc00;\"><em>No perdem aquest temps preci\u00f3s donant deures<\/em><\/span>. Francesco Tonucci (El Pa\u00eds, 11 d&#8217;abril de 2020)<\/p>\n<\/td>\n<\/tr>\n<tr style=\"height: 55px;\">\n<td style=\"width: 625px; height: 55px;\">\n<div class=\"categoriadata\">\n<div class=\"data col-md-8 pull-left row\"><\/div>\n<\/div>\n<p><a href=\"https:\/\/www.catorze.cat\/noticia\/14033\/prohibit\/ser\/infants\" target=\"_blank\" rel=\"noopener noreferrer\"><img loading=\"lazy\" decoding=\"async\" class=\"alignleft wp-image-5695\" src=\"https:\/\/agora.xtec.cat\/ceipcanmanent\/wp-content\/uploads\/usu153\/2020\/04\/Prohibit-ser-infants-confinament.png\" alt=\"\" width=\"111\" height=\"124\" srcset=\"https:\/\/agora.xtec.cat\/ceipcanmanent\/wp-content\/uploads\/usu153\/2020\/04\/Prohibit-ser-infants-confinament.png 528w, https:\/\/agora.xtec.cat\/ceipcanmanent\/wp-content\/uploads\/usu153\/2020\/04\/Prohibit-ser-infants-confinament-270x300.png 270w\" sizes=\"auto, (max-width: 111px) 100vw, 111px\" \/><\/a><\/p>\n<p class=\"h2noticia titulocategoria877\"><span style=\"color: #99cc00;\"><em>Prohibit ser infants, 14 verbs (il\u00b7lustrats) que hem negat als m\u00e9s petits. <\/em><\/span>Gemma Par\u00eds &amp; Carme Romia<\/p>\n<\/td>\n<\/tr>\n<tr>\n<td style=\"width: 625px;\">\n<p class=\"h2noticia titulocategoria879\"><a href=\"https:\/\/www.catorze.cat\/noticia\/14050\/heike\/freire\/infants\/haurien\/sortir\/hora\/al\/dia\" target=\"_blank\" rel=\"noopener noreferrer\"><img loading=\"lazy\" decoding=\"async\" class=\"alignleft wp-image-5712\" src=\"https:\/\/agora.xtec.cat\/ceipcanmanent\/wp-content\/uploads\/usu153\/2020\/04\/Heike.png\" alt=\"\" width=\"151\" height=\"127\" srcset=\"https:\/\/agora.xtec.cat\/ceipcanmanent\/wp-content\/uploads\/usu153\/2020\/04\/Heike.png 384w, https:\/\/agora.xtec.cat\/ceipcanmanent\/wp-content\/uploads\/usu153\/2020\/04\/Heike-300x250.png 300w\" sizes=\"auto, (max-width: 151px) 100vw, 151px\" \/><\/a><\/p>\n<p>&nbsp;<\/p>\n<p class=\"h2noticia titulocategoria879\"><em><span style=\"color: #99cc00;\">Els infants haurien de sortir una hora al dia.<\/span><\/em> Heike Freire (Revista digital Catorze,13 d&#8217;abril)<\/p>\n<\/td>\n<\/tr>\n<tr>\n<td style=\"width: 625px;\">\n<div class=\"infor\">\u00a0<span style=\"color: #99cc00;\"><em><a href=\"https:\/\/criatures.ara.cat\/blogs\/una-familia-nombrosa\/TELETREBALL-NO-EDUCAR_6_2448415136.html\" target=\"_blank\" rel=\"noopener noreferrer\"><img loading=\"lazy\" decoding=\"async\" class=\"wp-image-6605 alignleft\" src=\"https:\/\/agora.xtec.cat\/ceipcanmanent\/wp-content\/uploads\/usu153\/2020\/05\/onf_jB5r_400x400.jpg\" alt=\"\" width=\"143\" height=\"143\" srcset=\"https:\/\/agora.xtec.cat\/ceipcanmanent\/wp-content\/uploads\/usu153\/2020\/05\/onf_jB5r_400x400.jpg 400w, https:\/\/agora.xtec.cat\/ceipcanmanent\/wp-content\/uploads\/usu153\/2020\/05\/onf_jB5r_400x400-150x150.jpg 150w, https:\/\/agora.xtec.cat\/ceipcanmanent\/wp-content\/uploads\/usu153\/2020\/05\/onf_jB5r_400x400-300x300.jpg 300w\" sizes=\"auto, (max-width: 143px) 100vw, 143px\" \/><\/a><\/em><\/span><\/div>\n<div><\/div>\n<div><\/div>\n<div><\/div>\n<div><\/div>\n<div class=\"infor\"><span style=\"color: #99cc00;\"><em>Fer teletreball no \u00e9s educar. <\/em><\/span><span class=\"ara-icon-autor author x15\" style=\"font-family: inherit; font-size: 0.875em;\">Marina Sancho (Revista digital Criatures, <\/span><span style=\"font-family: inherit; font-size: 0.875em;\">6 de maig 2020)<\/span><\/div>\n<\/td>\n<\/tr>\n<\/tbody>\n<\/table>\n<p>&nbsp;<\/p>\n<p>&nbsp;<\/p>\n","protected":false},"excerpt":{"rendered":"<p>&nbsp; Perdran el curs? de Dolors Feixas a Catorze (26 de mar\u00e7 de 2020) No perdem aquest temps preci\u00f3s donant deures. Francesco Tonucci (El Pa\u00eds, 11 d&#8217;abril de 2020) Prohibit ser infants, 14 verbs (il\u00b7lustrats) que hem negat als m\u00e9s petits. Gemma Par\u00eds &amp; Carme Romia &nbsp; Els infants haurien de sortir una hora al [&hellip;]<\/p>\n","protected":false},"author":1,"featured_media":0,"parent":0,"menu_order":0,"comment_status":"closed","ping_status":"closed","template":"","meta":{"_bbp_topic_count":0,"_bbp_reply_count":0,"_bbp_total_topic_count":0,"_bbp_total_reply_count":0,"_bbp_voice_count":0,"_bbp_anonymous_reply_count":0,"_bbp_topic_count_hidden":0,"_bbp_reply_count_hidden":0,"_bbp_forum_subforum_count":0,"site-sidebar-layout":"default","site-content-layout":"","ast-site-content-layout":"","site-content-style":"default","site-sidebar-style":"default","ast-global-header-display":"","ast-banner-title-visibility":"","ast-main-header-display":"","ast-hfb-above-header-display":"","ast-hfb-below-header-display":"","ast-hfb-mobile-header-display":"","site-post-title":"","ast-breadcrumbs-content":"","ast-featured-img":"","footer-sml-layout":"","theme-transparent-header-meta":"","adv-header-id-meta":"","stick-header-meta":"","header-above-stick-meta":"","header-main-stick-meta":"","header-below-stick-meta":"","astra-migrate-meta-layouts":"default","ast-page-background-enabled":"default","ast-page-background-meta":{"desktop":{"background-color":"var(--ast-global-color-4)","background-image":"","background-repeat":"repeat","background-position":"center center","background-size":"auto","background-attachment":"scroll","background-type":"","background-media":"","overlay-type":"","overlay-color":"","overlay-opacity":"","overlay-gradient":""},"tablet":{"background-color":"","background-image":"","background-repeat":"repeat","background-position":"center center","background-size":"auto","background-attachment":"scroll","background-type":"","background-media":"","overlay-type":"","overlay-color":"","overlay-opacity":"","overlay-gradient":""},"mobile":{"background-color":"","background-image":"","background-repeat":"repeat","background-position":"center center","background-size":"auto","background-attachment":"scroll","background-type":"","background-media":"","overlay-type":"","overlay-color":"","overlay-opacity":"","overlay-gradient":""}},"ast-content-background-meta":{"desktop":{"background-color":"var(--ast-global-color-5)","background-image":"","background-repeat":"repeat","background-position":"center center","background-size":"auto","background-attachment":"scroll","background-type":"","background-media":"","overlay-type":"","overlay-color":"","overlay-opacity":"","overlay-gradient":""},"tablet":{"background-color":"var(--ast-global-color-5)","background-image":"","background-repeat":"repeat","background-position":"center center","background-size":"auto","background-attachment":"scroll","background-type":"","background-media":"","overlay-type":"","overlay-color":"","overlay-opacity":"","overlay-gradient":""},"mobile":{"background-color":"var(--ast-global-color-5)","background-image":"","background-repeat":"repeat","background-position":"center center","background-size":"auto","background-attachment":"scroll","background-type":"","background-media":"","overlay-type":"","overlay-color":"","overlay-opacity":"","overlay-gradient":""}},"footnotes":""},"class_list":["post-5450","page","type-page","status-publish","hentry"],"post_mailing_queue_ids":[],"_links":{"self":[{"href":"https:\/\/agora.xtec.cat\/ceipcanmanent\/wp-json\/wp\/v2\/pages\/5450","targetHints":{"allow":["GET"]}}],"collection":[{"href":"https:\/\/agora.xtec.cat\/ceipcanmanent\/wp-json\/wp\/v2\/pages"}],"about":[{"href":"https:\/\/agora.xtec.cat\/ceipcanmanent\/wp-json\/wp\/v2\/types\/page"}],"author":[{"embeddable":true,"href":"https:\/\/agora.xtec.cat\/ceipcanmanent\/wp-json\/wp\/v2\/users\/1"}],"replies":[{"embeddable":true,"href":"https:\/\/agora.xtec.cat\/ceipcanmanent\/wp-json\/wp\/v2\/comments?post=5450"}],"version-history":[{"count":3,"href":"https:\/\/agora.xtec.cat\/ceipcanmanent\/wp-json\/wp\/v2\/pages\/5450\/revisions"}],"predecessor-version":[{"id":6604,"href":"https:\/\/agora.xtec.cat\/ceipcanmanent\/wp-json\/wp\/v2\/pages\/5450\/revisions\/6604"}],"wp:attachment":[{"href":"https:\/\/agora.xtec.cat\/ceipcanmanent\/wp-json\/wp\/v2\/media?parent=5450"}],"curies":[{"name":"wp","href":"https:\/\/api.w.org\/{rel}","templated":true}]}}