{"id":496,"date":"2015-06-12T09:08:20","date_gmt":"2015-06-12T08:08:20","guid":{"rendered":"http:\/\/agora.xtec.cat\/ceipcanmanent\/?page_id=496"},"modified":"2026-02-25T12:23:34","modified_gmt":"2026-02-25T11:23:34","slug":"docsecret","status":"publish","type":"page","link":"https:\/\/agora.xtec.cat\/ceipcanmanent\/docsecret\/","title":{"rendered":"Secretaria"},"content":{"rendered":"<p>Aqu\u00ed trobareu els impresos m\u00e9s utilitzats en la relaci\u00f3 fam\u00edlia-escola, podeu imprimir-los i entregar-los a Secretaria.<\/p>\n<ul>\n<li><a href=\"http:\/\/agora.xtec.cat\/ceipcanmanent\/wp-content\/uploads\/usu153\/2016\/10\/Autoritzaci\u00f3-DRET-DIMATGE.pdf\">Autoritzaci\u00f3 DRET D&#8217;IMATGE<\/a><\/li>\n<li><a href=\"http:\/\/agora.xtec.cat\/ceipcanmanent\/wp-content\/uploads\/usu153\/2016\/10\/Autoritzaci\u00f3-RECOLLIDA-INFANT.pdf\">Autoritzaci\u00f3 RECOLLIDA INFANT<\/a><\/li>\n<li><a href=\"http:\/\/agora.xtec.cat\/ceipcanmanent\/wp-content\/uploads\/usu153\/2016\/10\/Sol\u00b7licitud-CANVI-DE-DADES-ADMINISTRATIVES.pdf\">Sol\u00b7licitud de CANVI DE DADES ADMINISTRATIVES<\/a><\/li>\n<\/ul>\n\n\n<p><\/p>\n\n\n\n<h1 class=\"wp-block-heading\">Pagaments<\/h1>\n\n\n\n<p>Imports acordats per Consell Escolar sobre aportacions volunt\u00e0ries de les fam\u00edlies sobre material escolar, sortides i activitats complement\u00e0ries.<\/p>\n\n\n\n<figure class=\"wp-block-table\"><table class=\"has-fixed-layout\"><tbody><tr><td>CONCEPTES<\/td><td>Activitats al Centre Cultural (en part subvencionades)Material fungible: paper, llapis, colors i d\u2019altresMaterial did\u00e0cticSortides fora de l\u2019escolaSamarretes de la Trobada de Dansa<\/td><\/tr><tr><td>IMPORT CURS<\/td><td><strong>&nbsp;<\/strong><strong>&nbsp;<\/strong><strong>195 euros&nbsp;<\/strong>per alumne\/a<\/td><\/tr><tr><td>FORMA DE PAGAMENT i DATES<\/td><td>En tres pagaments:1.&nbsp;&nbsp;&nbsp;&nbsp; Octubre&nbsp;&nbsp;<strong>65 euros&nbsp; &nbsp; &nbsp; &nbsp; &nbsp; &nbsp;&nbsp; &nbsp;&nbsp; &nbsp;&nbsp; &nbsp;&nbsp; &nbsp;&nbsp;<a href=\"http:\/\/agora.xtec.cat\/ceipcanmanent\/wp-content\/uploads\/usu153\/2016\/10\/Autoritzaci%C3%B3-DOMICILIACI%C3%93-BANC%C3%80RIA.pdf\" target=\"_blank\" rel=\"noreferrer noopener\">Autoritzaci\u00f3 DOMICILIACI\u00d3 BANC\u00c0RIA<\/a><\/strong>2.&nbsp;&nbsp;&nbsp;&nbsp; Gener&nbsp;&nbsp;<strong>65 euros&nbsp; &nbsp; &nbsp; &nbsp; &nbsp; &nbsp; &nbsp; &nbsp; &nbsp; &nbsp; &nbsp; &nbsp; &nbsp;&nbsp;<a href=\"http:\/\/agora.xtec.cat\/ceipcanmanent\/wp-content\/uploads\/usu153\/2016\/10\/COM-FER-PAGAMENTS-PER-CAIXER-AUTOM%C3%80TIC.pdf\" target=\"_blank\" rel=\"noreferrer noopener\">Com fer PAGAMENTS per caixer autom\u00e0tic<\/a><\/strong>3.&nbsp;&nbsp;&nbsp;&nbsp; Abril&nbsp;&nbsp;<strong>65 euros<\/strong><\/td><\/tr><\/tbody><\/table><\/figure>\n\n\n\n<h1 class=\"wp-block-heading\">Material a portar<\/h1>\n\n\n\n<figure class=\"wp-block-image alignleft is-resized\"><a href=\"https:\/\/agora.xtec.cat\/ceipcanmanent\/wp-content\/uploads\/usu153\/2023\/07\/MAterial-PETITS.png\"><img loading=\"lazy\" decoding=\"async\" width=\"724\" height=\"1024\" src=\"https:\/\/agora.xtec.cat\/ceipcanmanent\/wp-content\/uploads\/usu153\/2023\/07\/MAterial-PETITS-724x1024.png\" alt=\"\" class=\"wp-image-9431\" style=\"width:200px\" srcset=\"https:\/\/agora.xtec.cat\/ceipcanmanent\/wp-content\/uploads\/usu153\/2023\/07\/MAterial-PETITS-724x1024.png 724w, https:\/\/agora.xtec.cat\/ceipcanmanent\/wp-content\/uploads\/usu153\/2023\/07\/MAterial-PETITS-212x300.png 212w, https:\/\/agora.xtec.cat\/ceipcanmanent\/wp-content\/uploads\/usu153\/2023\/07\/MAterial-PETITS-768x1086.png 768w, https:\/\/agora.xtec.cat\/ceipcanmanent\/wp-content\/uploads\/usu153\/2023\/07\/MAterial-PETITS-1086x1536.png 1086w, https:\/\/agora.xtec.cat\/ceipcanmanent\/wp-content\/uploads\/usu153\/2023\/07\/MAterial-PETITS.png 1414w\" sizes=\"auto, (max-width: 724px) 100vw, 724px\" \/><\/a><\/figure>\n\n\n\n<figure class=\"wp-block-image alignleft is-resized\"><a href=\"https:\/\/agora.xtec.cat\/ceipcanmanent\/wp-content\/uploads\/usu153\/2023\/07\/Material-MITJANS.png\"><img loading=\"lazy\" decoding=\"async\" width=\"724\" height=\"1024\" src=\"https:\/\/agora.xtec.cat\/ceipcanmanent\/wp-content\/uploads\/usu153\/2023\/07\/Material-MITJANS-724x1024.png\" alt=\"\" class=\"wp-image-9430\" style=\"width:200px\" srcset=\"https:\/\/agora.xtec.cat\/ceipcanmanent\/wp-content\/uploads\/usu153\/2023\/07\/Material-MITJANS-724x1024.png 724w, https:\/\/agora.xtec.cat\/ceipcanmanent\/wp-content\/uploads\/usu153\/2023\/07\/Material-MITJANS-212x300.png 212w, https:\/\/agora.xtec.cat\/ceipcanmanent\/wp-content\/uploads\/usu153\/2023\/07\/Material-MITJANS-768x1086.png 768w, https:\/\/agora.xtec.cat\/ceipcanmanent\/wp-content\/uploads\/usu153\/2023\/07\/Material-MITJANS-1086x1536.png 1086w, https:\/\/agora.xtec.cat\/ceipcanmanent\/wp-content\/uploads\/usu153\/2023\/07\/Material-MITJANS.png 1414w\" sizes=\"auto, (max-width: 724px) 100vw, 724px\" \/><\/a><\/figure>\n\n\n\n<figure class=\"wp-block-image alignleft is-resized\"><a href=\"https:\/\/agora.xtec.cat\/ceipcanmanent\/wp-content\/uploads\/usu153\/2023\/07\/Material-GRANS.png\"><img loading=\"lazy\" decoding=\"async\" width=\"724\" height=\"1024\" src=\"https:\/\/agora.xtec.cat\/ceipcanmanent\/wp-content\/uploads\/usu153\/2023\/07\/Material-GRANS-724x1024.png\" alt=\"\" class=\"wp-image-9429\" style=\"width:200px\" srcset=\"https:\/\/agora.xtec.cat\/ceipcanmanent\/wp-content\/uploads\/usu153\/2023\/07\/Material-GRANS-724x1024.png 724w, https:\/\/agora.xtec.cat\/ceipcanmanent\/wp-content\/uploads\/usu153\/2023\/07\/Material-GRANS-212x300.png 212w, https:\/\/agora.xtec.cat\/ceipcanmanent\/wp-content\/uploads\/usu153\/2023\/07\/Material-GRANS-768x1086.png 768w, https:\/\/agora.xtec.cat\/ceipcanmanent\/wp-content\/uploads\/usu153\/2023\/07\/Material-GRANS-1086x1536.png 1086w, https:\/\/agora.xtec.cat\/ceipcanmanent\/wp-content\/uploads\/usu153\/2023\/07\/Material-GRANS.png 1414w\" sizes=\"auto, (max-width: 724px) 100vw, 724px\" \/><\/a><\/figure>\n\n\n\n<p><\/p>\n\n\n\n<p><\/p>\n\n\n\n<p><\/p>\n\n\n\n<p><\/p>\n\n\n\n<p><\/p>\n\n\n\n<p><\/p>\n\n\n\n<h1 class=\"wp-block-heading\">Medicina i salut<\/h1>\n\n\n\n<p><a href=\"http:\/\/agora.xtec.cat\/ceipcanmanent\/wp-content\/uploads\/usu153\/2016\/10\/Autoritzaci%C3%B3-ADMINISTRACI%C3%93-DE-PARACETAMOL.pdf\">Autoritzaci\u00f3 ADMINISTRACI\u00d3 DE PARACETAMOL<\/a><\/p>\n\n\n\n<p>Per la seva &nbsp;administraci\u00f3 \u00e9s imprescindible una nota signada pel metge o per &nbsp;la fam\u00edlia amb la posologia. Cal procurar establir els intervals horaris intentant que coincideixi amb l\u2019estada del nen al seu domicili, nom\u00e9s si \u00e9s imprescindible es&nbsp;far\u00e0 l\u2019administraci\u00f3 &nbsp;al centre escolar. Cal advertir als tutors si el nen necessita algun medicament espec\u00edfic per situacions concretes no previsibles.<\/p>\n\n\n\n<p><strong>Al\u00b7l\u00e8rgies<\/strong><\/p>\n\n\n\n<p>Cal comunicar per escrit al centre i al menjador &nbsp;les al.l\u00e8rgies conegudes.<\/p>\n\n\n\n<p><strong>Par\u00e0sits i polls<\/strong><\/p>\n\n\n\n<p>Els alumnes no poden assistir al centre fins la seva desparasitaci\u00f3 total. Veure el&nbsp;<a href=\"https:\/\/agora.xtec.cat\/ceipcanmanent\/wp-content\/uploads\/usu153\/2019\/12\/Annex-18.1.-prevenci%C3%B3-i-transmissi%C3%B3-Polls.pdf\" target=\"_blank\" rel=\"noreferrer noopener\">protocol<\/a><\/p>\n\n\n\n<figure class=\"wp-block-image aligncenter\"><img loading=\"lazy\" decoding=\"async\" width=\"300\" height=\"64\" src=\"https:\/\/agora.xtec.cat\/ceipcanmanent\/wp-content\/uploads\/usu153\/2014\/09\/albertbachiller-300x64.png\" alt=\"Il\u00b7lustraci\u00f3 per Albert Bachiller\" class=\"wp-image-133\" srcset=\"https:\/\/agora.xtec.cat\/ceipcanmanent\/wp-content\/uploads\/usu153\/2014\/09\/albertbachiller-300x64.png 300w, https:\/\/agora.xtec.cat\/ceipcanmanent\/wp-content\/uploads\/usu153\/2014\/09\/albertbachiller-1024x221.png 1024w, https:\/\/agora.xtec.cat\/ceipcanmanent\/wp-content\/uploads\/usu153\/2014\/09\/albertbachiller.png 1244w\" sizes=\"auto, (max-width: 300px) 100vw, 300px\" \/><\/figure>\n\n\n\n<p><\/p>\n","protected":false},"excerpt":{"rendered":"<p>Aqu\u00ed trobareu els impresos m\u00e9s utilitzats en la relaci\u00f3 fam\u00edlia-escola, podeu imprimir-los i entregar-los a Secretaria. Autoritzaci\u00f3 DRET D&#8217;IMATGE Autoritzaci\u00f3 RECOLLIDA INFANT Sol\u00b7licitud de CANVI DE DADES ADMINISTRATIVES Pagaments Imports acordats per Consell Escolar sobre aportacions volunt\u00e0ries de les fam\u00edlies sobre material escolar, sortides i activitats complement\u00e0ries. CONCEPTES Activitats al Centre Cultural (en part subvencionades)Material [&hellip;]<\/p>\n","protected":false},"author":1,"featured_media":0,"parent":0,"menu_order":10,"comment_status":"closed","ping_status":"closed","template":"","meta":{"_bbp_topic_count":0,"_bbp_reply_count":0,"_bbp_total_topic_count":0,"_bbp_total_reply_count":0,"_bbp_voice_count":0,"_bbp_anonymous_reply_count":0,"_bbp_topic_count_hidden":0,"_bbp_reply_count_hidden":0,"_bbp_forum_subforum_count":0,"site-sidebar-layout":"default","site-content-layout":"","ast-site-content-layout":"default","site-content-style":"default","site-sidebar-style":"default","ast-global-header-display":"","ast-banner-title-visibility":"","ast-main-header-display":"","ast-hfb-above-header-display":"","ast-hfb-below-header-display":"","ast-hfb-mobile-header-display":"","site-post-title":"","ast-breadcrumbs-content":"","ast-featured-img":"","footer-sml-layout":"","theme-transparent-header-meta":"","adv-header-id-meta":"","stick-header-meta":"","header-above-stick-meta":"","header-main-stick-meta":"","header-below-stick-meta":"","astra-migrate-meta-layouts":"set","ast-page-background-enabled":"default","ast-page-background-meta":{"desktop":{"background-color":"var(--ast-global-color-4)","background-image":"","background-repeat":"repeat","background-position":"center center","background-size":"auto","background-attachment":"scroll","background-type":"","background-media":"","overlay-type":"","overlay-color":"","overlay-opacity":"","overlay-gradient":""},"tablet":{"background-color":"","background-image":"","background-repeat":"repeat","background-position":"center center","background-size":"auto","background-attachment":"scroll","background-type":"","background-media":"","overlay-type":"","overlay-color":"","overlay-opacity":"","overlay-gradient":""},"mobile":{"background-color":"","background-image":"","background-repeat":"repeat","background-position":"center center","background-size":"auto","background-attachment":"scroll","background-type":"","background-media":"","overlay-type":"","overlay-color":"","overlay-opacity":"","overlay-gradient":""}},"ast-content-background-meta":{"desktop":{"background-color":"var(--ast-global-color-5)","background-image":"","background-repeat":"repeat","background-position":"center center","background-size":"auto","background-attachment":"scroll","background-type":"","background-media":"","overlay-type":"","overlay-color":"","overlay-opacity":"","overlay-gradient":""},"tablet":{"background-color":"var(--ast-global-color-5)","background-image":"","background-repeat":"repeat","background-position":"center center","background-size":"auto","background-attachment":"scroll","background-type":"","background-media":"","overlay-type":"","overlay-color":"","overlay-opacity":"","overlay-gradient":""},"mobile":{"background-color":"var(--ast-global-color-5)","background-image":"","background-repeat":"repeat","background-position":"center center","background-size":"auto","background-attachment":"scroll","background-type":"","background-media":"","overlay-type":"","overlay-color":"","overlay-opacity":"","overlay-gradient":""}},"footnotes":""},"class_list":["post-496","page","type-page","status-publish","hentry"],"post_mailing_queue_ids":[],"_links":{"self":[{"href":"https:\/\/agora.xtec.cat\/ceipcanmanent\/wp-json\/wp\/v2\/pages\/496","targetHints":{"allow":["GET"]}}],"collection":[{"href":"https:\/\/agora.xtec.cat\/ceipcanmanent\/wp-json\/wp\/v2\/pages"}],"about":[{"href":"https:\/\/agora.xtec.cat\/ceipcanmanent\/wp-json\/wp\/v2\/types\/page"}],"author":[{"embeddable":true,"href":"https:\/\/agora.xtec.cat\/ceipcanmanent\/wp-json\/wp\/v2\/users\/1"}],"replies":[{"embeddable":true,"href":"https:\/\/agora.xtec.cat\/ceipcanmanent\/wp-json\/wp\/v2\/comments?post=496"}],"version-history":[{"count":6,"href":"https:\/\/agora.xtec.cat\/ceipcanmanent\/wp-json\/wp\/v2\/pages\/496\/revisions"}],"predecessor-version":[{"id":9978,"href":"https:\/\/agora.xtec.cat\/ceipcanmanent\/wp-json\/wp\/v2\/pages\/496\/revisions\/9978"}],"wp:attachment":[{"href":"https:\/\/agora.xtec.cat\/ceipcanmanent\/wp-json\/wp\/v2\/media?parent=496"}],"curies":[{"name":"wp","href":"https:\/\/api.w.org\/{rel}","templated":true}]}}