{"id":490,"date":"2015-06-11T13:09:40","date_gmt":"2015-06-11T12:09:40","guid":{"rendered":"http:\/\/agora.xtec.cat\/ceipcanmanent\/?page_id=490"},"modified":"2015-11-12T11:10:56","modified_gmt":"2015-11-12T10:10:56","slug":"les-conferencies","status":"publish","type":"page","link":"https:\/\/agora.xtec.cat\/ceipcanmanent\/projecte-educatiu\/les-conferencies\/","title":{"rendered":"Les Confer\u00e8ncies"},"content":{"rendered":"<p><strong>EL PER QU\u00c8 DE LES CONFER\u00c8NCIES?<\/strong><\/p>\n<p>&nbsp;<\/p>\n<p>A l\u2019escola acompanyem qualsevol\u00a0situaci\u00f3 on els nens\/es hagin d\u2019expressar verbalment als altres coses que saben i que han apr\u00e8s, per aix\u00f2 les confer\u00e8ncies tenen un paper molt important a l\u2019escola.<\/p>\n<p>&#8211; Els ajuda a pensar qu\u00e8 volen explicar als seus companys i com ho poden fer.<\/p>\n<p>&#8211; Fa conscients als nens\/es dels seus aprenentatges i de les seves capacitats.<\/p>\n<p>&#8211; Els seus aprenentatges s\u00f3n funcionals i significatius, perqu\u00e8 expliquen una viv\u00e8ncia o tema que dominen o tenen inter\u00e8s per a qu\u00e8 els altres l\u2019aprenguin. Comparteixen un aprenentatge.<\/p>\n<p>&#8211; Afavoreix la inclusi\u00f3 de tot l\u2019alumnat acceptant i valorant\u00a0la diversitat en les diferents maneres de fer i de pensar.<\/p>\n<p>&nbsp;<\/p>\n<p><strong>COM HO FEM?<\/strong><\/p>\n<p>Des de la comunitat de petits ja fem un treball previ que s\u00f3n els projectes lligams on els nens\/es expliquen una viv\u00e8ncia o algun tema amb la seva fam\u00edlia. A la comunitat de mitjans i grans els nens\/es fan de conferenciants amb un treball previ que es fa entre l\u2019escola i casa.<\/p>\n<p><strong>\u00a0<\/strong><\/p>\n<p><strong>INTERVENCI\u00d3 DE LA FAM\u00cdLIA<\/strong><\/p>\n<p>Sempre \u00e9s important poder explicar alguna cosa que el nen\/a hagi viscut o tingui un coneixement previ. D\u2019aquesta manera podr\u00e0 fer la confer\u00e8ncia sentint-se un expert.<\/p>\n<p>En aquestes edats tot el que sigui vivencial \u00e9s important pel seu creixement personal (deixem els powers points per m\u00e9s endavant).<\/p>\n<p>\u00c9s important l\u2019acompanyament de la fam\u00edlia en tot moment, per\u00f2 que sigui el propi nen\/a que decideixi, faci i presenti la seva confer\u00e8ncia. Els pares\/mares estan al seu costat per acompanyar-lo en aquest moment on el nen\/a es sent protagonista.<\/p>\n<p><strong>\u00a0<\/strong><\/p>\n<p><strong>Recursos per presentar una confer\u00e8ncia<\/strong><\/p>\n<ul>\n<li>A partir d\u2019una disfressa<\/li>\n<li>A partir d\u2019una caixa sorpresa d\u2019on surten objectes que donen suport al que s\u2019explica.<\/li>\n<li>A partir d\u2019un conte, una endevinalla, un embarbussament.<\/li>\n<li>Portar l\u2019objecte que m\u00e9s li agradi<\/li>\n<li>Fer una maqueta i explicar-la<\/li>\n<\/ul>\n<p>Sempre que sigui possible \u00e9s millor portar objectes reals que no pas fotografies.<\/p>\n<p>Com m\u00e9s original millor!<\/p>\n<p>*No cal repartir als companys cap mena d\u2019objecte o paper al finalitzar la confer\u00e8ncia.<\/p>\n<p><em>La confer\u00e8ncia ha de quedar recollida en un full DIN A4 (fet pels propis alumnes) per despr\u00e9s, a final de curs, fer un recull de totes les confer\u00e8ncies.<\/em><\/p>\n","protected":false},"excerpt":{"rendered":"<p>EL PER QU\u00c8 DE LES CONFER\u00c8NCIES? &nbsp; A l\u2019escola acompanyem qualsevol\u00a0situaci\u00f3 on els nens\/es hagin d\u2019expressar verbalment als altres coses que saben i que han apr\u00e8s, per aix\u00f2 les confer\u00e8ncies tenen un paper molt important a l\u2019escola. &#8211; Els ajuda a pensar qu\u00e8 volen explicar als seus companys i com ho poden fer. &#8211; Fa [&hellip;]<\/p>\n","protected":false},"author":1,"featured_media":0,"parent":64,"menu_order":50,"comment_status":"closed","ping_status":"closed","template":"page-templates\/side-menu.php","meta":{"_bbp_topic_count":0,"_bbp_reply_count":0,"_bbp_total_topic_count":0,"_bbp_total_reply_count":0,"_bbp_voice_count":0,"_bbp_anonymous_reply_count":0,"_bbp_topic_count_hidden":0,"_bbp_reply_count_hidden":0,"_bbp_forum_subforum_count":0,"site-sidebar-layout":"default","site-content-layout":"","ast-site-content-layout":"","site-content-style":"default","site-sidebar-style":"default","ast-global-header-display":"","ast-banner-title-visibility":"","ast-main-header-display":"","ast-hfb-above-header-display":"","ast-hfb-below-header-display":"","ast-hfb-mobile-header-display":"","site-post-title":"","ast-breadcrumbs-content":"","ast-featured-img":"","footer-sml-layout":"","theme-transparent-header-meta":"","adv-header-id-meta":"","stick-header-meta":"","header-above-stick-meta":"","header-main-stick-meta":"","header-below-stick-meta":"","astra-migrate-meta-layouts":"default","ast-page-background-enabled":"default","ast-page-background-meta":{"desktop":{"background-color":"var(--ast-global-color-4)","background-image":"","background-repeat":"repeat","background-position":"center center","background-size":"auto","background-attachment":"scroll","background-type":"","background-media":"","overlay-type":"","overlay-color":"","overlay-opacity":"","overlay-gradient":""},"tablet":{"background-color":"","background-image":"","background-repeat":"repeat","background-position":"center center","background-size":"auto","background-attachment":"scroll","background-type":"","background-media":"","overlay-type":"","overlay-color":"","overlay-opacity":"","overlay-gradient":""},"mobile":{"background-color":"","background-image":"","background-repeat":"repeat","background-position":"center center","background-size":"auto","background-attachment":"scroll","background-type":"","background-media":"","overlay-type":"","overlay-color":"","overlay-opacity":"","overlay-gradient":""}},"ast-content-background-meta":{"desktop":{"background-color":"var(--ast-global-color-5)","background-image":"","background-repeat":"repeat","background-position":"center center","background-size":"auto","background-attachment":"scroll","background-type":"","background-media":"","overlay-type":"","overlay-color":"","overlay-opacity":"","overlay-gradient":""},"tablet":{"background-color":"var(--ast-global-color-5)","background-image":"","background-repeat":"repeat","background-position":"center center","background-size":"auto","background-attachment":"scroll","background-type":"","background-media":"","overlay-type":"","overlay-color":"","overlay-opacity":"","overlay-gradient":""},"mobile":{"background-color":"var(--ast-global-color-5)","background-image":"","background-repeat":"repeat","background-position":"center center","background-size":"auto","background-attachment":"scroll","background-type":"","background-media":"","overlay-type":"","overlay-color":"","overlay-opacity":"","overlay-gradient":""}},"footnotes":""},"class_list":["post-490","page","type-page","status-publish","hentry"],"post_mailing_queue_ids":[],"_links":{"self":[{"href":"https:\/\/agora.xtec.cat\/ceipcanmanent\/wp-json\/wp\/v2\/pages\/490","targetHints":{"allow":["GET"]}}],"collection":[{"href":"https:\/\/agora.xtec.cat\/ceipcanmanent\/wp-json\/wp\/v2\/pages"}],"about":[{"href":"https:\/\/agora.xtec.cat\/ceipcanmanent\/wp-json\/wp\/v2\/types\/page"}],"author":[{"embeddable":true,"href":"https:\/\/agora.xtec.cat\/ceipcanmanent\/wp-json\/wp\/v2\/users\/1"}],"replies":[{"embeddable":true,"href":"https:\/\/agora.xtec.cat\/ceipcanmanent\/wp-json\/wp\/v2\/comments?post=490"}],"version-history":[{"count":3,"href":"https:\/\/agora.xtec.cat\/ceipcanmanent\/wp-json\/wp\/v2\/pages\/490\/revisions"}],"predecessor-version":[{"id":1545,"href":"https:\/\/agora.xtec.cat\/ceipcanmanent\/wp-json\/wp\/v2\/pages\/490\/revisions\/1545"}],"up":[{"embeddable":true,"href":"https:\/\/agora.xtec.cat\/ceipcanmanent\/wp-json\/wp\/v2\/pages\/64"}],"wp:attachment":[{"href":"https:\/\/agora.xtec.cat\/ceipcanmanent\/wp-json\/wp\/v2\/media?parent=490"}],"curies":[{"name":"wp","href":"https:\/\/api.w.org\/{rel}","templated":true}]}}