{"id":4863,"date":"2019-12-11T12:43:35","date_gmt":"2019-12-11T11:43:35","guid":{"rendered":"https:\/\/agora.xtec.cat\/ceipcanmanent\/?page_id=4863"},"modified":"2020-09-19T15:23:03","modified_gmt":"2020-09-19T13:23:03","slug":"radio","status":"publish","type":"page","link":"https:\/\/agora.xtec.cat\/ceipcanmanent\/activitats\/radio\/","title":{"rendered":"La R\u00e0dio"},"content":{"rendered":"<p style=\"text-align: justify;\">Les nenes i els nens de cinqu\u00e8 de prim\u00e0ria participen del projecte de la r\u00e0dio a l\u2019escola. Aquest projecte pret\u00e9n facilitar l\u2019expressi\u00f3 oral i desenvolupar diferents habilitats ling\u00fc\u00edstiques en llengua catalana, castellana i angl\u00e8s. Alhora, es fomenta l\u2019\u00fas responsable de les noves tecnologies i es potencia l\u2019educaci\u00f3 en valors.<\/p>\n<p style=\"text-align: justify;\">Un dia a la setmana 4 infants de 5\u00e8 recorren l\u2019escola, entrevisten l\u2019alumnat, mestres i personal PAS per a con\u00e8ixer les novetats setmanals i els recursos ling\u00fc\u00edstics i projectes que s\u2019estan treballant aquella setmana.<\/p>\n<p style=\"text-align: justify;\">Els divendres a les 9, es fa el programa des de l\u2019espai de radio que hi ha a la primera planta de l\u2019escola.<\/p>\n<p style=\"text-align: justify;\">Mitjan\u00e7ant aquest projecte interdisciplinari, pretenem fomentar totes les compet\u00e8ncies b\u00e0siques potenciant sobretot l\u2019educaci\u00f3 en valors, la cooperaci\u00f3 i la coeducaci\u00f3.<\/p>\n","protected":false},"excerpt":{"rendered":"<p>Les nenes i els nens de cinqu\u00e8 de prim\u00e0ria participen del projecte de la r\u00e0dio a l\u2019escola. Aquest projecte pret\u00e9n facilitar l\u2019expressi\u00f3 oral i desenvolupar diferents habilitats ling\u00fc\u00edstiques en llengua catalana, castellana i angl\u00e8s. Alhora, es fomenta l\u2019\u00fas responsable de les noves tecnologies i es potencia l\u2019educaci\u00f3 en valors. Un dia a la setmana 4 [&hellip;]<\/p>\n","protected":false},"author":1,"featured_media":0,"parent":4466,"menu_order":60,"comment_status":"closed","ping_status":"closed","template":"page-templates\/side-menu.php","meta":{"_bbp_topic_count":0,"_bbp_reply_count":0,"_bbp_total_topic_count":0,"_bbp_total_reply_count":0,"_bbp_voice_count":0,"_bbp_anonymous_reply_count":0,"_bbp_topic_count_hidden":0,"_bbp_reply_count_hidden":0,"_bbp_forum_subforum_count":0,"site-sidebar-layout":"default","site-content-layout":"","ast-site-content-layout":"","site-content-style":"default","site-sidebar-style":"default","ast-global-header-display":"","ast-banner-title-visibility":"","ast-main-header-display":"","ast-hfb-above-header-display":"","ast-hfb-below-header-display":"","ast-hfb-mobile-header-display":"","site-post-title":"","ast-breadcrumbs-content":"","ast-featured-img":"","footer-sml-layout":"","theme-transparent-header-meta":"","adv-header-id-meta":"","stick-header-meta":"","header-above-stick-meta":"","header-main-stick-meta":"","header-below-stick-meta":"","astra-migrate-meta-layouts":"default","ast-page-background-enabled":"default","ast-page-background-meta":{"desktop":{"background-color":"var(--ast-global-color-4)","background-image":"","background-repeat":"repeat","background-position":"center center","background-size":"auto","background-attachment":"scroll","background-type":"","background-media":"","overlay-type":"","overlay-color":"","overlay-opacity":"","overlay-gradient":""},"tablet":{"background-color":"","background-image":"","background-repeat":"repeat","background-position":"center center","background-size":"auto","background-attachment":"scroll","background-type":"","background-media":"","overlay-type":"","overlay-color":"","overlay-opacity":"","overlay-gradient":""},"mobile":{"background-color":"","background-image":"","background-repeat":"repeat","background-position":"center center","background-size":"auto","background-attachment":"scroll","background-type":"","background-media":"","overlay-type":"","overlay-color":"","overlay-opacity":"","overlay-gradient":""}},"ast-content-background-meta":{"desktop":{"background-color":"var(--ast-global-color-5)","background-image":"","background-repeat":"repeat","background-position":"center center","background-size":"auto","background-attachment":"scroll","background-type":"","background-media":"","overlay-type":"","overlay-color":"","overlay-opacity":"","overlay-gradient":""},"tablet":{"background-color":"var(--ast-global-color-5)","background-image":"","background-repeat":"repeat","background-position":"center center","background-size":"auto","background-attachment":"scroll","background-type":"","background-media":"","overlay-type":"","overlay-color":"","overlay-opacity":"","overlay-gradient":""},"mobile":{"background-color":"var(--ast-global-color-5)","background-image":"","background-repeat":"repeat","background-position":"center center","background-size":"auto","background-attachment":"scroll","background-type":"","background-media":"","overlay-type":"","overlay-color":"","overlay-opacity":"","overlay-gradient":""}},"footnotes":""},"class_list":["post-4863","page","type-page","status-publish","hentry"],"post_mailing_queue_ids":[],"_links":{"self":[{"href":"https:\/\/agora.xtec.cat\/ceipcanmanent\/wp-json\/wp\/v2\/pages\/4863","targetHints":{"allow":["GET"]}}],"collection":[{"href":"https:\/\/agora.xtec.cat\/ceipcanmanent\/wp-json\/wp\/v2\/pages"}],"about":[{"href":"https:\/\/agora.xtec.cat\/ceipcanmanent\/wp-json\/wp\/v2\/types\/page"}],"author":[{"embeddable":true,"href":"https:\/\/agora.xtec.cat\/ceipcanmanent\/wp-json\/wp\/v2\/users\/1"}],"replies":[{"embeddable":true,"href":"https:\/\/agora.xtec.cat\/ceipcanmanent\/wp-json\/wp\/v2\/comments?post=4863"}],"version-history":[{"count":3,"href":"https:\/\/agora.xtec.cat\/ceipcanmanent\/wp-json\/wp\/v2\/pages\/4863\/revisions"}],"predecessor-version":[{"id":4883,"href":"https:\/\/agora.xtec.cat\/ceipcanmanent\/wp-json\/wp\/v2\/pages\/4863\/revisions\/4883"}],"up":[{"embeddable":true,"href":"https:\/\/agora.xtec.cat\/ceipcanmanent\/wp-json\/wp\/v2\/pages\/4466"}],"wp:attachment":[{"href":"https:\/\/agora.xtec.cat\/ceipcanmanent\/wp-json\/wp\/v2\/media?parent=4863"}],"curies":[{"name":"wp","href":"https:\/\/api.w.org\/{rel}","templated":true}]}}