{"id":1219,"date":"2015-08-30T11:36:56","date_gmt":"2015-08-30T10:36:56","guid":{"rendered":"http:\/\/agora.xtec.cat\/ceipcanmanent\/?page_id=1219"},"modified":"2020-09-19T15:24:10","modified_gmt":"2020-09-19T13:24:10","slug":"lhort-a-la-primavera-estiu","status":"publish","type":"page","link":"https:\/\/agora.xtec.cat\/ceipcanmanent\/activitats\/lhort-escolar-ecologic\/lhort-a-la-primavera-estiu\/","title":{"rendered":"L&#8217;Hort a la primavera-estiu del curs 2014-15"},"content":{"rendered":"<p>Durant el curs 2014-15, en que es va iniciar l&#8217;activitat d&#8217;hort escolar, es va optar per una organitzaci\u00f3 dels alumnes lligada al torns de Tallers conjunts dels nivells de 3r i 4rt.<\/p>\n<p>Durant 6-7 sessions nens i nenes prenien contacte amb el nou espai exterior complementat amb una petita aula interior que vam anomenar de &#8220;Ci\u00e8ncies a l&#8217;hort&#8221; on \u00a0teniem l&#8217;espai de cultiu de llavors, planter i observacions diverses: cucs vermells, marietes, lupa binocular&#8230;<\/p>\n<p>Totes les nenes i nens que van participar van poder portar-se cap a casa algun tipus de plan\u00e7\u00f3 plantat per ells ( fava, p\u00e8sol, all&#8230;segons l&#8217;\u00e8poca de l&#8217;any) despr\u00e9s d&#8217;haver fet el seguiment de la seva germinaci\u00f3 i evoluci\u00f3 durant les setmanes seg\u00fcents. El treball directe a l&#8217;hort va permetre fer les primeres plantacions a partir de llavors (fava, p\u00e8sol, pastanaga, abono verd, rave, patata&#8230;) o de planter, b\u00e9 creat al mateix centre (tom\u00e0quet, escarola&#8230;) \u00a0o b\u00e9 comprat ( carxofa, col, br\u00f2quil, enciam&#8230;)<\/p>\n<p>Conforme avan\u00e7ava el curs es van poder comen\u00e7ar a fer les collites amb destinaci\u00f3, majorit\u00e0riament, al menjador de l&#8217;escola: faves, p\u00e8sols, alls, cebes, raves, pastanagues, cols, br\u00f2quils &#8230;i ja al juliol patates, pebrots i tom\u00e0quets collits ja pels nens participants al casal d&#8217;estiu.<\/p>\n<p>Abans de marxar de vacances d&#8217;estiu vam alliberar a l&#8217;hort exterior \u00a0els animalons que hav\u00edem observat i tingut cura a l&#8217;espai interior durant els mesos anteriors: cucs vermells de Calif\u00f2rnia criats al lombricari \u00a0i marietes de 7 punts que vivien a l&#8217;insectarium.<\/p>\n<p>Coincidint amb la renovaci\u00f3 dels espais dels Ambients de la comunitat de Petits tamb\u00e9 es varen introduir taules de cultiu adaptades a l&#8217;al\u00e7ada dels m\u00e9s menuts.<\/p>\n<table>\n<tbody>\n<tr>\n<td><a href=\"http:\/\/agora.xtec.cat\/ceipcanmanent\/wp-content\/uploads\/usu153\/2015\/08\/IMG_20140916_112647.jpg\"><img loading=\"lazy\" decoding=\"async\" class=\" size-medium wp-image-1241 alignnone\" src=\"http:\/\/agora.xtec.cat\/ceipcanmanent\/wp-content\/uploads\/usu153\/2015\/08\/IMG_20140916_112647-300x225.jpg\" alt=\"IMG_20140916_112647\" width=\"300\" height=\"225\" srcset=\"https:\/\/agora.xtec.cat\/ceipcanmanent\/wp-content\/uploads\/usu153\/2015\/08\/IMG_20140916_112647-300x225.jpg 300w, https:\/\/agora.xtec.cat\/ceipcanmanent\/wp-content\/uploads\/usu153\/2015\/08\/IMG_20140916_112647-1024x768.jpg 1024w, https:\/\/agora.xtec.cat\/ceipcanmanent\/wp-content\/uploads\/usu153\/2015\/08\/IMG_20140916_112647-200x150.jpg 200w\" sizes=\"auto, (max-width: 300px) 100vw, 300px\" \/><\/a><\/td>\n<td><a href=\"http:\/\/agora.xtec.cat\/ceipcanmanent\/wp-content\/uploads\/usu153\/2015\/08\/IMG_20140916_112808.jpg\"><img loading=\"lazy\" decoding=\"async\" class=\" wp-image-1242 alignnone\" src=\"http:\/\/agora.xtec.cat\/ceipcanmanent\/wp-content\/uploads\/usu153\/2015\/08\/IMG_20140916_112808-300x225.jpg\" alt=\"IMG_20140916_112808\" width=\"321\" height=\"241\" srcset=\"https:\/\/agora.xtec.cat\/ceipcanmanent\/wp-content\/uploads\/usu153\/2015\/08\/IMG_20140916_112808-300x225.jpg 300w, https:\/\/agora.xtec.cat\/ceipcanmanent\/wp-content\/uploads\/usu153\/2015\/08\/IMG_20140916_112808-1024x768.jpg 1024w, https:\/\/agora.xtec.cat\/ceipcanmanent\/wp-content\/uploads\/usu153\/2015\/08\/IMG_20140916_112808-200x150.jpg 200w\" sizes=\"auto, (max-width: 321px) 100vw, 321px\" \/><\/a><\/td>\n<td><img loading=\"lazy\" decoding=\"async\" class=\" size-medium wp-image-1243 alignnone\" src=\"http:\/\/agora.xtec.cat\/ceipcanmanent\/wp-content\/uploads\/usu153\/2015\/08\/IMG_20140916_113017-300x225.jpg\" alt=\"IMG_20140916_113017\" width=\"300\" height=\"225\" srcset=\"https:\/\/agora.xtec.cat\/ceipcanmanent\/wp-content\/uploads\/usu153\/2015\/08\/IMG_20140916_113017-300x225.jpg 300w, https:\/\/agora.xtec.cat\/ceipcanmanent\/wp-content\/uploads\/usu153\/2015\/08\/IMG_20140916_113017-1024x768.jpg 1024w, https:\/\/agora.xtec.cat\/ceipcanmanent\/wp-content\/uploads\/usu153\/2015\/08\/IMG_20140916_113017-200x150.jpg 200w\" sizes=\"auto, (max-width: 300px) 100vw, 300px\" \/><a href=\"http:\/\/agora.xtec.cat\/ceipcanmanent\/wp-content\/uploads\/usu153\/2015\/08\/IMG_20140916_112808.jpg\"><br \/>\n<\/a><\/td>\n<td><a href=\"http:\/\/agora.xtec.cat\/ceipcanmanent\/wp-content\/uploads\/usu153\/2015\/08\/IMG_20140916_112557.jpg\"><img loading=\"lazy\" decoding=\"async\" class=\" size-medium wp-image-1240 alignnone\" src=\"http:\/\/agora.xtec.cat\/ceipcanmanent\/wp-content\/uploads\/usu153\/2015\/08\/IMG_20140916_112557-300x225.jpg\" alt=\"IMG_20140916_112557\" width=\"300\" height=\"225\" srcset=\"https:\/\/agora.xtec.cat\/ceipcanmanent\/wp-content\/uploads\/usu153\/2015\/08\/IMG_20140916_112557-300x225.jpg 300w, https:\/\/agora.xtec.cat\/ceipcanmanent\/wp-content\/uploads\/usu153\/2015\/08\/IMG_20140916_112557-1024x768.jpg 1024w, https:\/\/agora.xtec.cat\/ceipcanmanent\/wp-content\/uploads\/usu153\/2015\/08\/IMG_20140916_112557-200x150.jpg 200w\" sizes=\"auto, (max-width: 300px) 100vw, 300px\" \/><\/a><\/td>\n<\/tr>\n<tr>\n<td><a href=\"http:\/\/agora.xtec.cat\/ceipcanmanent\/wp-content\/uploads\/usu153\/2015\/08\/miniIMG_20150329_000001.jpg\"><img loading=\"lazy\" decoding=\"async\" class=\"aligncenter size-medium wp-image-1220\" src=\"http:\/\/agora.xtec.cat\/ceipcanmanent\/wp-content\/uploads\/usu153\/2015\/08\/miniIMG_20150329_000001-300x225.jpg\" alt=\"miniIMG_20150329_000001\" width=\"300\" height=\"225\" srcset=\"https:\/\/agora.xtec.cat\/ceipcanmanent\/wp-content\/uploads\/usu153\/2015\/08\/miniIMG_20150329_000001-300x225.jpg 300w, https:\/\/agora.xtec.cat\/ceipcanmanent\/wp-content\/uploads\/usu153\/2015\/08\/miniIMG_20150329_000001.jpg 1024w, https:\/\/agora.xtec.cat\/ceipcanmanent\/wp-content\/uploads\/usu153\/2015\/08\/miniIMG_20150329_000001-200x150.jpg 200w\" sizes=\"auto, (max-width: 300px) 100vw, 300px\" \/><\/a><\/td>\n<td><a href=\"http:\/\/agora.xtec.cat\/ceipcanmanent\/wp-content\/uploads\/usu153\/2015\/08\/miniIMG_20150329_000013.jpg\"><img loading=\"lazy\" decoding=\"async\" class=\"aligncenter size-medium wp-image-1230\" src=\"http:\/\/agora.xtec.cat\/ceipcanmanent\/wp-content\/uploads\/usu153\/2015\/08\/miniIMG_20150329_000013-300x225.jpg\" alt=\"miniIMG_20150329_000013\" width=\"300\" height=\"225\" srcset=\"https:\/\/agora.xtec.cat\/ceipcanmanent\/wp-content\/uploads\/usu153\/2015\/08\/miniIMG_20150329_000013-300x225.jpg 300w, https:\/\/agora.xtec.cat\/ceipcanmanent\/wp-content\/uploads\/usu153\/2015\/08\/miniIMG_20150329_000013.jpg 1024w, https:\/\/agora.xtec.cat\/ceipcanmanent\/wp-content\/uploads\/usu153\/2015\/08\/miniIMG_20150329_000013-200x150.jpg 200w\" sizes=\"auto, (max-width: 300px) 100vw, 300px\" \/><\/a><\/td>\n<td><a href=\"http:\/\/agora.xtec.cat\/ceipcanmanent\/wp-content\/uploads\/usu153\/2015\/08\/miniIMG_20150329_000015.jpg\"><img loading=\"lazy\" decoding=\"async\" class=\"aligncenter size-medium wp-image-1232\" src=\"http:\/\/agora.xtec.cat\/ceipcanmanent\/wp-content\/uploads\/usu153\/2015\/08\/miniIMG_20150329_000015-300x225.jpg\" alt=\"miniIMG_20150329_000015\" width=\"300\" height=\"225\" srcset=\"https:\/\/agora.xtec.cat\/ceipcanmanent\/wp-content\/uploads\/usu153\/2015\/08\/miniIMG_20150329_000015-300x225.jpg 300w, https:\/\/agora.xtec.cat\/ceipcanmanent\/wp-content\/uploads\/usu153\/2015\/08\/miniIMG_20150329_000015.jpg 1024w, https:\/\/agora.xtec.cat\/ceipcanmanent\/wp-content\/uploads\/usu153\/2015\/08\/miniIMG_20150329_000015-200x150.jpg 200w\" sizes=\"auto, (max-width: 300px) 100vw, 300px\" \/><\/a><\/td>\n<td><a href=\"http:\/\/agora.xtec.cat\/ceipcanmanent\/wp-content\/uploads\/usu153\/2015\/08\/miniIMG_20150329_000012.jpg\"><img loading=\"lazy\" decoding=\"async\" class=\"aligncenter size-medium wp-image-1229\" src=\"http:\/\/agora.xtec.cat\/ceipcanmanent\/wp-content\/uploads\/usu153\/2015\/08\/miniIMG_20150329_000012-300x225.jpg\" alt=\"miniIMG_20150329_000012\" width=\"300\" height=\"225\" srcset=\"https:\/\/agora.xtec.cat\/ceipcanmanent\/wp-content\/uploads\/usu153\/2015\/08\/miniIMG_20150329_000012-300x225.jpg 300w, https:\/\/agora.xtec.cat\/ceipcanmanent\/wp-content\/uploads\/usu153\/2015\/08\/miniIMG_20150329_000012.jpg 1024w, https:\/\/agora.xtec.cat\/ceipcanmanent\/wp-content\/uploads\/usu153\/2015\/08\/miniIMG_20150329_000012-200x150.jpg 200w\" sizes=\"auto, (max-width: 300px) 100vw, 300px\" \/><\/a><\/td>\n<\/tr>\n<tr>\n<td><a href=\"http:\/\/agora.xtec.cat\/ceipcanmanent\/wp-content\/uploads\/usu153\/2015\/08\/miniIMG_20150329_000019.jpg\"><img loading=\"lazy\" decoding=\"async\" class=\"aligncenter size-medium wp-image-1236\" src=\"http:\/\/agora.xtec.cat\/ceipcanmanent\/wp-content\/uploads\/usu153\/2015\/08\/miniIMG_20150329_000019-300x225.jpg\" alt=\"miniIMG_20150329_000019\" width=\"300\" height=\"225\" srcset=\"https:\/\/agora.xtec.cat\/ceipcanmanent\/wp-content\/uploads\/usu153\/2015\/08\/miniIMG_20150329_000019-300x225.jpg 300w, https:\/\/agora.xtec.cat\/ceipcanmanent\/wp-content\/uploads\/usu153\/2015\/08\/miniIMG_20150329_000019.jpg 1024w, https:\/\/agora.xtec.cat\/ceipcanmanent\/wp-content\/uploads\/usu153\/2015\/08\/miniIMG_20150329_000019-200x150.jpg 200w\" sizes=\"auto, (max-width: 300px) 100vw, 300px\" \/><\/a><\/td>\n<td><a href=\"http:\/\/agora.xtec.cat\/ceipcanmanent\/wp-content\/uploads\/usu153\/2015\/08\/miniIMG_20150329_000005.jpg\"><img loading=\"lazy\" decoding=\"async\" class=\"aligncenter size-medium wp-image-1225\" src=\"http:\/\/agora.xtec.cat\/ceipcanmanent\/wp-content\/uploads\/usu153\/2015\/08\/miniIMG_20150329_000005-300x225.jpg\" alt=\"miniIMG_20150329_000005\" width=\"300\" height=\"225\" srcset=\"https:\/\/agora.xtec.cat\/ceipcanmanent\/wp-content\/uploads\/usu153\/2015\/08\/miniIMG_20150329_000005-300x225.jpg 300w, https:\/\/agora.xtec.cat\/ceipcanmanent\/wp-content\/uploads\/usu153\/2015\/08\/miniIMG_20150329_000005.jpg 1024w, https:\/\/agora.xtec.cat\/ceipcanmanent\/wp-content\/uploads\/usu153\/2015\/08\/miniIMG_20150329_000005-200x150.jpg 200w\" sizes=\"auto, (max-width: 300px) 100vw, 300px\" \/><\/a><\/td>\n<td><a href=\"http:\/\/agora.xtec.cat\/ceipcanmanent\/wp-content\/uploads\/usu153\/2015\/08\/miniIMG_20150329_000006.jpg\"><img loading=\"lazy\" decoding=\"async\" class=\"aligncenter size-medium wp-image-1226\" src=\"http:\/\/agora.xtec.cat\/ceipcanmanent\/wp-content\/uploads\/usu153\/2015\/08\/miniIMG_20150329_000006-300x225.jpg\" alt=\"miniIMG_20150329_000006\" width=\"300\" height=\"225\" srcset=\"https:\/\/agora.xtec.cat\/ceipcanmanent\/wp-content\/uploads\/usu153\/2015\/08\/miniIMG_20150329_000006-300x225.jpg 300w, https:\/\/agora.xtec.cat\/ceipcanmanent\/wp-content\/uploads\/usu153\/2015\/08\/miniIMG_20150329_000006.jpg 1024w, https:\/\/agora.xtec.cat\/ceipcanmanent\/wp-content\/uploads\/usu153\/2015\/08\/miniIMG_20150329_000006-200x150.jpg 200w\" sizes=\"auto, (max-width: 300px) 100vw, 300px\" \/><\/a><\/td>\n<td><a href=\"http:\/\/agora.xtec.cat\/ceipcanmanent\/wp-content\/uploads\/usu153\/2015\/08\/miniIMG_20150329_000016.jpg\"><img loading=\"lazy\" decoding=\"async\" class=\"aligncenter size-medium wp-image-1233\" src=\"http:\/\/agora.xtec.cat\/ceipcanmanent\/wp-content\/uploads\/usu153\/2015\/08\/miniIMG_20150329_000016-300x225.jpg\" alt=\"miniIMG_20150329_000016\" width=\"300\" height=\"225\" srcset=\"https:\/\/agora.xtec.cat\/ceipcanmanent\/wp-content\/uploads\/usu153\/2015\/08\/miniIMG_20150329_000016-300x225.jpg 300w, https:\/\/agora.xtec.cat\/ceipcanmanent\/wp-content\/uploads\/usu153\/2015\/08\/miniIMG_20150329_000016.jpg 1024w, https:\/\/agora.xtec.cat\/ceipcanmanent\/wp-content\/uploads\/usu153\/2015\/08\/miniIMG_20150329_000016-200x150.jpg 200w\" sizes=\"auto, (max-width: 300px) 100vw, 300px\" \/><\/a><\/td>\n<\/tr>\n<tr>\n<td><a href=\"http:\/\/agora.xtec.cat\/ceipcanmanent\/wp-content\/uploads\/usu153\/2015\/08\/miniIMG_20150329_000018.jpg\"><img loading=\"lazy\" decoding=\"async\" class=\"aligncenter size-medium wp-image-1235\" src=\"http:\/\/agora.xtec.cat\/ceipcanmanent\/wp-content\/uploads\/usu153\/2015\/08\/miniIMG_20150329_000018-300x225.jpg\" alt=\"miniIMG_20150329_000018\" width=\"300\" height=\"225\" srcset=\"https:\/\/agora.xtec.cat\/ceipcanmanent\/wp-content\/uploads\/usu153\/2015\/08\/miniIMG_20150329_000018-300x225.jpg 300w, https:\/\/agora.xtec.cat\/ceipcanmanent\/wp-content\/uploads\/usu153\/2015\/08\/miniIMG_20150329_000018.jpg 1024w, https:\/\/agora.xtec.cat\/ceipcanmanent\/wp-content\/uploads\/usu153\/2015\/08\/miniIMG_20150329_000018-200x150.jpg 200w\" sizes=\"auto, (max-width: 300px) 100vw, 300px\" \/><\/a><\/td>\n<td><a href=\"http:\/\/agora.xtec.cat\/ceipcanmanent\/wp-content\/uploads\/usu153\/2015\/08\/miniIMG_20150329_000002.jpg\"><img loading=\"lazy\" decoding=\"async\" class=\"aligncenter size-medium wp-image-1222\" src=\"http:\/\/agora.xtec.cat\/ceipcanmanent\/wp-content\/uploads\/usu153\/2015\/08\/miniIMG_20150329_000002-300x225.jpg\" alt=\"miniIMG_20150329_000002\" width=\"300\" height=\"225\" srcset=\"https:\/\/agora.xtec.cat\/ceipcanmanent\/wp-content\/uploads\/usu153\/2015\/08\/miniIMG_20150329_000002-300x225.jpg 300w, https:\/\/agora.xtec.cat\/ceipcanmanent\/wp-content\/uploads\/usu153\/2015\/08\/miniIMG_20150329_000002.jpg 1024w, https:\/\/agora.xtec.cat\/ceipcanmanent\/wp-content\/uploads\/usu153\/2015\/08\/miniIMG_20150329_000002-200x150.jpg 200w\" sizes=\"auto, (max-width: 300px) 100vw, 300px\" \/><\/a><\/td>\n<td><a href=\"http:\/\/agora.xtec.cat\/ceipcanmanent\/wp-content\/uploads\/usu153\/2015\/08\/miniIMG_20150329_000017.jpg\"><img loading=\"lazy\" decoding=\"async\" class=\"aligncenter size-medium wp-image-1234\" src=\"http:\/\/agora.xtec.cat\/ceipcanmanent\/wp-content\/uploads\/usu153\/2015\/08\/miniIMG_20150329_000017-300x225.jpg\" alt=\"miniIMG_20150329_000017\" width=\"300\" height=\"225\" srcset=\"https:\/\/agora.xtec.cat\/ceipcanmanent\/wp-content\/uploads\/usu153\/2015\/08\/miniIMG_20150329_000017-300x225.jpg 300w, https:\/\/agora.xtec.cat\/ceipcanmanent\/wp-content\/uploads\/usu153\/2015\/08\/miniIMG_20150329_000017.jpg 1024w, https:\/\/agora.xtec.cat\/ceipcanmanent\/wp-content\/uploads\/usu153\/2015\/08\/miniIMG_20150329_000017-200x150.jpg 200w\" sizes=\"auto, (max-width: 300px) 100vw, 300px\" \/><\/a><\/td>\n<td><a href=\"http:\/\/agora.xtec.cat\/ceipcanmanent\/wp-content\/uploads\/usu153\/2015\/08\/miniIMG_20150329_000001.jpg\"><img loading=\"lazy\" decoding=\"async\" class=\"aligncenter size-medium wp-image-1220\" src=\"http:\/\/agora.xtec.cat\/ceipcanmanent\/wp-content\/uploads\/usu153\/2015\/08\/miniIMG_20150329_000001-300x225.jpg\" alt=\"miniIMG_20150329_000001\" width=\"300\" height=\"225\" srcset=\"https:\/\/agora.xtec.cat\/ceipcanmanent\/wp-content\/uploads\/usu153\/2015\/08\/miniIMG_20150329_000001-300x225.jpg 300w, https:\/\/agora.xtec.cat\/ceipcanmanent\/wp-content\/uploads\/usu153\/2015\/08\/miniIMG_20150329_000001.jpg 1024w, https:\/\/agora.xtec.cat\/ceipcanmanent\/wp-content\/uploads\/usu153\/2015\/08\/miniIMG_20150329_000001-200x150.jpg 200w\" sizes=\"auto, (max-width: 300px) 100vw, 300px\" \/><\/a><\/td>\n<\/tr>\n<\/tbody>\n<\/table>\n","protected":false},"excerpt":{"rendered":"<p>Durant el curs 2014-15, en que es va iniciar l&#8217;activitat d&#8217;hort escolar, es va optar per una organitzaci\u00f3 dels alumnes lligada al torns de Tallers conjunts dels nivells de 3r i 4rt. Durant 6-7 sessions nens i nenes prenien contacte amb el nou espai exterior complementat amb una petita aula interior que vam anomenar de [&hellip;]<\/p>\n","protected":false},"author":1,"featured_media":0,"parent":602,"menu_order":30,"comment_status":"closed","ping_status":"closed","template":"page-templates\/side-menu.php","meta":{"_bbp_topic_count":0,"_bbp_reply_count":0,"_bbp_total_topic_count":0,"_bbp_total_reply_count":0,"_bbp_voice_count":0,"_bbp_anonymous_reply_count":0,"_bbp_topic_count_hidden":0,"_bbp_reply_count_hidden":0,"_bbp_forum_subforum_count":0,"site-sidebar-layout":"default","site-content-layout":"","ast-site-content-layout":"","site-content-style":"default","site-sidebar-style":"default","ast-global-header-display":"","ast-banner-title-visibility":"","ast-main-header-display":"","ast-hfb-above-header-display":"","ast-hfb-below-header-display":"","ast-hfb-mobile-header-display":"","site-post-title":"","ast-breadcrumbs-content":"","ast-featured-img":"","footer-sml-layout":"","theme-transparent-header-meta":"","adv-header-id-meta":"","stick-header-meta":"","header-above-stick-meta":"","header-main-stick-meta":"","header-below-stick-meta":"","astra-migrate-meta-layouts":"default","ast-page-background-enabled":"default","ast-page-background-meta":{"desktop":{"background-color":"var(--ast-global-color-4)","background-image":"","background-repeat":"repeat","background-position":"center center","background-size":"auto","background-attachment":"scroll","background-type":"","background-media":"","overlay-type":"","overlay-color":"","overlay-opacity":"","overlay-gradient":""},"tablet":{"background-color":"","background-image":"","background-repeat":"repeat","background-position":"center center","background-size":"auto","background-attachment":"scroll","background-type":"","background-media":"","overlay-type":"","overlay-color":"","overlay-opacity":"","overlay-gradient":""},"mobile":{"background-color":"","background-image":"","background-repeat":"repeat","background-position":"center center","background-size":"auto","background-attachment":"scroll","background-type":"","background-media":"","overlay-type":"","overlay-color":"","overlay-opacity":"","overlay-gradient":""}},"ast-content-background-meta":{"desktop":{"background-color":"var(--ast-global-color-5)","background-image":"","background-repeat":"repeat","background-position":"center center","background-size":"auto","background-attachment":"scroll","background-type":"","background-media":"","overlay-type":"","overlay-color":"","overlay-opacity":"","overlay-gradient":""},"tablet":{"background-color":"var(--ast-global-color-5)","background-image":"","background-repeat":"repeat","background-position":"center center","background-size":"auto","background-attachment":"scroll","background-type":"","background-media":"","overlay-type":"","overlay-color":"","overlay-opacity":"","overlay-gradient":""},"mobile":{"background-color":"var(--ast-global-color-5)","background-image":"","background-repeat":"repeat","background-position":"center center","background-size":"auto","background-attachment":"scroll","background-type":"","background-media":"","overlay-type":"","overlay-color":"","overlay-opacity":"","overlay-gradient":""}},"footnotes":""},"class_list":["post-1219","page","type-page","status-publish","hentry"],"post_mailing_queue_ids":[],"_links":{"self":[{"href":"https:\/\/agora.xtec.cat\/ceipcanmanent\/wp-json\/wp\/v2\/pages\/1219","targetHints":{"allow":["GET"]}}],"collection":[{"href":"https:\/\/agora.xtec.cat\/ceipcanmanent\/wp-json\/wp\/v2\/pages"}],"about":[{"href":"https:\/\/agora.xtec.cat\/ceipcanmanent\/wp-json\/wp\/v2\/types\/page"}],"author":[{"embeddable":true,"href":"https:\/\/agora.xtec.cat\/ceipcanmanent\/wp-json\/wp\/v2\/users\/1"}],"replies":[{"embeddable":true,"href":"https:\/\/agora.xtec.cat\/ceipcanmanent\/wp-json\/wp\/v2\/comments?post=1219"}],"version-history":[{"count":4,"href":"https:\/\/agora.xtec.cat\/ceipcanmanent\/wp-json\/wp\/v2\/pages\/1219\/revisions"}],"predecessor-version":[{"id":7349,"href":"https:\/\/agora.xtec.cat\/ceipcanmanent\/wp-json\/wp\/v2\/pages\/1219\/revisions\/7349"}],"up":[{"embeddable":true,"href":"https:\/\/agora.xtec.cat\/ceipcanmanent\/wp-json\/wp\/v2\/pages\/602"}],"wp:attachment":[{"href":"https:\/\/agora.xtec.cat\/ceipcanmanent\/wp-json\/wp\/v2\/media?parent=1219"}],"curies":[{"name":"wp","href":"https:\/\/api.w.org\/{rel}","templated":true}]}}