{"id":1070,"date":"2015-07-07T13:20:36","date_gmt":"2015-07-07T12:20:36","guid":{"rendered":"http:\/\/agora.xtec.cat\/ceipcanmanent\/?page_id=1070"},"modified":"2017-04-23T01:45:15","modified_gmt":"2017-04-22T23:45:15","slug":"el-nou-hort-de-lescola","status":"publish","type":"page","link":"https:\/\/agora.xtec.cat\/ceipcanmanent\/activitats\/lhort-escolar-ecologic\/el-nou-hort-de-lescola\/","title":{"rendered":"Creaci\u00f3 de l&#8217; hort."},"content":{"rendered":"<table>\n<tbody>\n<tr>\n<td><a href=\"http:\/\/agora.xtec.cat\/ceipcanmanent\/wp-content\/uploads\/usu153\/2015\/07\/Cambiar-tama\u00f1oIMG_20140930_101710.jpg\"><img loading=\"lazy\" decoding=\"async\" class=\"alignnone size-medium wp-image-1062\" src=\"http:\/\/agora.xtec.cat\/ceipcanmanent\/wp-content\/uploads\/usu153\/2015\/07\/Cambiar-tama\u00f1oIMG_20140930_101710-300x225.jpg\" alt=\"Cambiar tama\u00f1oIMG_20140930_101710\" width=\"300\" height=\"225\" srcset=\"https:\/\/agora.xtec.cat\/ceipcanmanent\/wp-content\/uploads\/usu153\/2015\/07\/Cambiar-tama\u00f1oIMG_20140930_101710-300x225.jpg 300w, https:\/\/agora.xtec.cat\/ceipcanmanent\/wp-content\/uploads\/usu153\/2015\/07\/Cambiar-tama\u00f1oIMG_20140930_101710-200x150.jpg 200w, https:\/\/agora.xtec.cat\/ceipcanmanent\/wp-content\/uploads\/usu153\/2015\/07\/Cambiar-tama\u00f1oIMG_20140930_101710.jpg 1024w\" sizes=\"auto, (max-width: 300px) 100vw, 300px\" \/><\/a><\/td>\n<td><a href=\"http:\/\/agora.xtec.cat\/ceipcanmanent\/wp-content\/uploads\/usu153\/2015\/07\/Cambiar-tama\u00f1oIMG_20140930_101112.jpg\"><img loading=\"lazy\" decoding=\"async\" class=\"alignnone size-medium wp-image-1061\" src=\"http:\/\/agora.xtec.cat\/ceipcanmanent\/wp-content\/uploads\/usu153\/2015\/07\/Cambiar-tama\u00f1oIMG_20140930_101112-300x225.jpg\" alt=\"Cambiar tama\u00f1oIMG_20140930_101112\" width=\"300\" height=\"225\" srcset=\"https:\/\/agora.xtec.cat\/ceipcanmanent\/wp-content\/uploads\/usu153\/2015\/07\/Cambiar-tama\u00f1oIMG_20140930_101112-300x225.jpg 300w, https:\/\/agora.xtec.cat\/ceipcanmanent\/wp-content\/uploads\/usu153\/2015\/07\/Cambiar-tama\u00f1oIMG_20140930_101112-200x150.jpg 200w, https:\/\/agora.xtec.cat\/ceipcanmanent\/wp-content\/uploads\/usu153\/2015\/07\/Cambiar-tama\u00f1oIMG_20140930_101112.jpg 1024w\" sizes=\"auto, (max-width: 300px) 100vw, 300px\" \/><\/a><\/td>\n<td><a href=\"http:\/\/agora.xtec.cat\/ceipcanmanent\/wp-content\/uploads\/usu153\/2015\/07\/Cambiar-tama\u00f1oIMG_20140930_101036.jpg\"><img loading=\"lazy\" decoding=\"async\" class=\"alignnone size-medium wp-image-1060\" src=\"http:\/\/agora.xtec.cat\/ceipcanmanent\/wp-content\/uploads\/usu153\/2015\/07\/Cambiar-tama\u00f1oIMG_20140930_101036-300x225.jpg\" alt=\"Cambiar tama\u00f1oIMG_20140930_101036\" width=\"300\" height=\"225\" srcset=\"https:\/\/agora.xtec.cat\/ceipcanmanent\/wp-content\/uploads\/usu153\/2015\/07\/Cambiar-tama\u00f1oIMG_20140930_101036-300x225.jpg 300w, https:\/\/agora.xtec.cat\/ceipcanmanent\/wp-content\/uploads\/usu153\/2015\/07\/Cambiar-tama\u00f1oIMG_20140930_101036-200x150.jpg 200w, https:\/\/agora.xtec.cat\/ceipcanmanent\/wp-content\/uploads\/usu153\/2015\/07\/Cambiar-tama\u00f1oIMG_20140930_101036.jpg 1024w\" sizes=\"auto, (max-width: 300px) 100vw, 300px\" \/><\/a><\/td>\n<\/tr>\n<\/tbody>\n<\/table>\n<p>En una escola constru\u00efda per sota del nivell del carrer i exposada a freq\u00fcents inundacions dels patis i altres zones exteriors va caldre \u00a0buscar quin seria l&#8217;indret m\u00e9s adequat per situar l&#8217;hort. Ens vam decidir per aprofitar l&#8217;enorme &#8220;taula de cultiu&#8221; que suposava tenir tota \u00a0la part superior de les grades buida i \u00a0a la nostra disposici\u00f3.<\/p>\n<p>Com a <em>factors a favor:<\/em> la perfecta \u00a0orientaci\u00f3 \u00a0que permet gaudir de la llum del sol , insolaci\u00f3, \u00a0durant moltes m\u00e9s hores que els m\u00ednims recomanats. Tamb\u00e9 la seva horitzontalitat, tenir uns murs de bancals ja \u00a0fets i la facilitat per per fer arribar els tubs de rec gota a gota autom\u00e0tic.<\/p>\n<p>Com a <em>factors en contra: <\/em>cal superar un parell d&#8217;esglaons<em>\u00a0a l&#8217;estar\u00a0<\/em>\u00a0lleugerament elevat \u00a0i el fet de ser fronterer amb la pista\u00a0esportiva\u00a0, la qual cosa augura l&#8217;impacte d&#8217;algunes pilotes.<\/p>\n<p>Es va descartar la possible situaci\u00f3 indicada inicialment \u00a0al projecte d&#8217;obra per la manca de condicions m\u00ednimes que mostrava.<\/p>\n<p>A partir d&#8217;aqu\u00ed uns quants m3 de terra bona i de fems ben madurs&#8230;<\/p>\n<p>&#8230;i tamb\u00e9 alliberar al final de cada torn de tallers uns quants exemplars adults de cucs de calif\u00f2rnia (Eisenia Foetida) que hem cuidat durant les setmanes anteriors dins d&#8217;una vermicompostadora a l&#8217;aula de ci\u00e8ncies de l&#8217;hort.<\/p>\n<table>\n<tbody>\n<tr>\n<td><a href=\"http:\/\/agora.xtec.cat\/ceipcanmanent\/wp-content\/uploads\/usu153\/2015\/07\/P1010195.jpg\"><img loading=\"lazy\" decoding=\"async\" class=\"alignnone size-medium wp-image-998\" src=\"http:\/\/agora.xtec.cat\/ceipcanmanent\/wp-content\/uploads\/usu153\/2015\/07\/P1010195-300x225.jpg\" alt=\"OLYMPUS DIGITAL CAMERA\" width=\"300\" height=\"225\" srcset=\"https:\/\/agora.xtec.cat\/ceipcanmanent\/wp-content\/uploads\/usu153\/2015\/07\/P1010195-300x225.jpg 300w, https:\/\/agora.xtec.cat\/ceipcanmanent\/wp-content\/uploads\/usu153\/2015\/07\/P1010195-200x150.jpg 200w, https:\/\/agora.xtec.cat\/ceipcanmanent\/wp-content\/uploads\/usu153\/2015\/07\/P1010195.jpg 1024w\" sizes=\"auto, (max-width: 300px) 100vw, 300px\" \/><\/a><\/td>\n<td><a href=\"http:\/\/agora.xtec.cat\/ceipcanmanent\/wp-content\/uploads\/usu153\/2015\/07\/P1010207.jpg\"><img loading=\"lazy\" decoding=\"async\" class=\"alignnone wp-image-1005 size-medium\" src=\"http:\/\/agora.xtec.cat\/ceipcanmanent\/wp-content\/uploads\/usu153\/2015\/07\/P1010207-300x225.jpg\" alt=\"OLYMPUS DIGITAL CAMERA\" width=\"300\" height=\"225\" srcset=\"https:\/\/agora.xtec.cat\/ceipcanmanent\/wp-content\/uploads\/usu153\/2015\/07\/P1010207-300x225.jpg 300w, https:\/\/agora.xtec.cat\/ceipcanmanent\/wp-content\/uploads\/usu153\/2015\/07\/P1010207-200x150.jpg 200w, https:\/\/agora.xtec.cat\/ceipcanmanent\/wp-content\/uploads\/usu153\/2015\/07\/P1010207.jpg 1024w\" sizes=\"auto, (max-width: 300px) 100vw, 300px\" \/><\/a><\/td>\n<td><a href=\"http:\/\/agora.xtec.cat\/ceipcanmanent\/wp-content\/uploads\/usu153\/2015\/07\/P1010205.jpg\"><img loading=\"lazy\" decoding=\"async\" class=\"alignnone wp-image-1004 size-medium\" src=\"http:\/\/agora.xtec.cat\/ceipcanmanent\/wp-content\/uploads\/usu153\/2015\/07\/P1010205-300x225.jpg\" alt=\"OLYMPUS DIGITAL CAMERA\" width=\"300\" height=\"225\" srcset=\"https:\/\/agora.xtec.cat\/ceipcanmanent\/wp-content\/uploads\/usu153\/2015\/07\/P1010205-300x225.jpg 300w, https:\/\/agora.xtec.cat\/ceipcanmanent\/wp-content\/uploads\/usu153\/2015\/07\/P1010205-200x150.jpg 200w, https:\/\/agora.xtec.cat\/ceipcanmanent\/wp-content\/uploads\/usu153\/2015\/07\/P1010205.jpg 1024w\" sizes=\"auto, (max-width: 300px) 100vw, 300px\" \/><\/a><\/td>\n<td>\n<p><figure id=\"attachment_1193\" aria-describedby=\"caption-attachment-1193\" style=\"width: 220px\" class=\"wp-caption aligncenter\"><a href=\"http:\/\/agora.xtec.cat\/ceipcanmanent\/wp-content\/uploads\/usu153\/2015\/07\/recycling-worm.gif\"><img loading=\"lazy\" decoding=\"async\" class=\"wp-image-1193\" src=\"http:\/\/agora.xtec.cat\/ceipcanmanent\/wp-content\/uploads\/usu153\/2015\/07\/recycling-worm-150x150.gif\" alt=\"recycling-worm\" width=\"220\" height=\"220\" \/><\/a><figcaption id=\"caption-attachment-1193\" class=\"wp-caption-text\">CLICA&#8217;M !<\/figcaption><\/figure><\/td>\n<\/tr>\n<tr>\n<td><a href=\"http:\/\/agora.xtec.cat\/ceipcanmanent\/wp-content\/uploads\/usu153\/2015\/07\/P1010212.jpg\"><img loading=\"lazy\" decoding=\"async\" class=\"alignnone wp-image-1010 size-medium\" src=\"http:\/\/agora.xtec.cat\/ceipcanmanent\/wp-content\/uploads\/usu153\/2015\/07\/P1010212-300x225.jpg\" alt=\"OLYMPUS DIGITAL CAMERA\" width=\"300\" height=\"225\" srcset=\"https:\/\/agora.xtec.cat\/ceipcanmanent\/wp-content\/uploads\/usu153\/2015\/07\/P1010212-300x225.jpg 300w, https:\/\/agora.xtec.cat\/ceipcanmanent\/wp-content\/uploads\/usu153\/2015\/07\/P1010212-200x150.jpg 200w, https:\/\/agora.xtec.cat\/ceipcanmanent\/wp-content\/uploads\/usu153\/2015\/07\/P1010212.jpg 1024w\" sizes=\"auto, (max-width: 300px) 100vw, 300px\" \/><\/a><\/td>\n<td><a href=\"http:\/\/agora.xtec.cat\/ceipcanmanent\/wp-content\/uploads\/usu153\/2015\/07\/P1010213.jpg\"><img loading=\"lazy\" decoding=\"async\" class=\"alignnone wp-image-1011 size-medium\" src=\"http:\/\/agora.xtec.cat\/ceipcanmanent\/wp-content\/uploads\/usu153\/2015\/07\/P1010213-300x225.jpg\" alt=\"OLYMPUS DIGITAL CAMERA\" width=\"300\" height=\"225\" srcset=\"https:\/\/agora.xtec.cat\/ceipcanmanent\/wp-content\/uploads\/usu153\/2015\/07\/P1010213-300x225.jpg 300w, https:\/\/agora.xtec.cat\/ceipcanmanent\/wp-content\/uploads\/usu153\/2015\/07\/P1010213-200x150.jpg 200w, https:\/\/agora.xtec.cat\/ceipcanmanent\/wp-content\/uploads\/usu153\/2015\/07\/P1010213.jpg 1024w\" sizes=\"auto, (max-width: 300px) 100vw, 300px\" \/><\/a><\/td>\n<td><a href=\"http:\/\/agora.xtec.cat\/ceipcanmanent\/wp-content\/uploads\/usu153\/2015\/07\/P1010199.jpg\"><img loading=\"lazy\" decoding=\"async\" class=\"alignnone wp-image-1000 size-medium\" src=\"http:\/\/agora.xtec.cat\/ceipcanmanent\/wp-content\/uploads\/usu153\/2015\/07\/P1010199-300x225.jpg\" alt=\"OLYMPUS DIGITAL CAMERA\" width=\"300\" height=\"225\" srcset=\"https:\/\/agora.xtec.cat\/ceipcanmanent\/wp-content\/uploads\/usu153\/2015\/07\/P1010199-300x225.jpg 300w, https:\/\/agora.xtec.cat\/ceipcanmanent\/wp-content\/uploads\/usu153\/2015\/07\/P1010199-200x150.jpg 200w, https:\/\/agora.xtec.cat\/ceipcanmanent\/wp-content\/uploads\/usu153\/2015\/07\/P1010199.jpg 1024w\" sizes=\"auto, (max-width: 300px) 100vw, 300px\" \/><\/a><\/td>\n<td>\n<p><figure id=\"attachment_1197\" aria-describedby=\"caption-attachment-1197\" style=\"width: 250px\" class=\"wp-caption aligncenter\"><a href=\"http:\/\/agora.xtec.cat\/ceipcanmanent\/wp-content\/uploads\/usu153\/2015\/07\/0070.gif\"><img loading=\"lazy\" decoding=\"async\" class=\"wp-image-1197\" src=\"http:\/\/agora.xtec.cat\/ceipcanmanent\/wp-content\/uploads\/usu153\/2015\/07\/0070-150x136.gif\" alt=\"CLICA\u00b4M !\" width=\"250\" height=\"142\" \/><\/a><figcaption id=\"caption-attachment-1197\" class=\"wp-caption-text\">CLICA\u00b4M !<\/figcaption><\/figure><\/td>\n<\/tr>\n<tr>\n<td><a href=\"http:\/\/agora.xtec.cat\/ceipcanmanent\/wp-content\/uploads\/usu153\/2015\/07\/P10102161.jpg\"><img loading=\"lazy\" decoding=\"async\" class=\"alignnone wp-image-1014 size-medium\" src=\"http:\/\/agora.xtec.cat\/ceipcanmanent\/wp-content\/uploads\/usu153\/2015\/07\/P10102161-300x225.jpg\" alt=\"OLYMPUS DIGITAL CAMERA\" width=\"300\" height=\"225\" srcset=\"https:\/\/agora.xtec.cat\/ceipcanmanent\/wp-content\/uploads\/usu153\/2015\/07\/P10102161-300x225.jpg 300w, https:\/\/agora.xtec.cat\/ceipcanmanent\/wp-content\/uploads\/usu153\/2015\/07\/P10102161-200x150.jpg 200w, https:\/\/agora.xtec.cat\/ceipcanmanent\/wp-content\/uploads\/usu153\/2015\/07\/P10102161.jpg 1024w\" sizes=\"auto, (max-width: 300px) 100vw, 300px\" \/><\/a><\/td>\n<td><a href=\"http:\/\/agora.xtec.cat\/ceipcanmanent\/wp-content\/uploads\/usu153\/2015\/07\/P1010201.jpg\"><img loading=\"lazy\" decoding=\"async\" class=\"alignnone wp-image-1002 size-medium\" src=\"http:\/\/agora.xtec.cat\/ceipcanmanent\/wp-content\/uploads\/usu153\/2015\/07\/P1010201-300x225.jpg\" alt=\"OLYMPUS DIGITAL CAMERA\" width=\"300\" height=\"225\" srcset=\"https:\/\/agora.xtec.cat\/ceipcanmanent\/wp-content\/uploads\/usu153\/2015\/07\/P1010201-300x225.jpg 300w, https:\/\/agora.xtec.cat\/ceipcanmanent\/wp-content\/uploads\/usu153\/2015\/07\/P1010201-200x150.jpg 200w, https:\/\/agora.xtec.cat\/ceipcanmanent\/wp-content\/uploads\/usu153\/2015\/07\/P1010201.jpg 1024w\" sizes=\"auto, (max-width: 300px) 100vw, 300px\" \/><\/a><\/td>\n<td><a href=\"http:\/\/agora.xtec.cat\/ceipcanmanent\/wp-content\/uploads\/usu153\/2015\/07\/P1010208.jpg\"><img loading=\"lazy\" decoding=\"async\" class=\"alignnone wp-image-1006 size-medium\" src=\"http:\/\/agora.xtec.cat\/ceipcanmanent\/wp-content\/uploads\/usu153\/2015\/07\/P1010208-300x225.jpg\" alt=\"OLYMPUS DIGITAL CAMERA\" width=\"300\" height=\"225\" srcset=\"https:\/\/agora.xtec.cat\/ceipcanmanent\/wp-content\/uploads\/usu153\/2015\/07\/P1010208-300x225.jpg 300w, https:\/\/agora.xtec.cat\/ceipcanmanent\/wp-content\/uploads\/usu153\/2015\/07\/P1010208-200x150.jpg 200w, https:\/\/agora.xtec.cat\/ceipcanmanent\/wp-content\/uploads\/usu153\/2015\/07\/P1010208.jpg 1024w\" sizes=\"auto, (max-width: 300px) 100vw, 300px\" \/><\/a><\/td>\n<td><a href=\"http:\/\/agora.xtec.cat\/ceipcanmanent\/wp-content\/uploads\/usu153\/2015\/07\/lombriz-para-humus.jpg\"><img loading=\"lazy\" decoding=\"async\" class=\"alignnone size-medium wp-image-1196\" src=\"http:\/\/agora.xtec.cat\/ceipcanmanent\/wp-content\/uploads\/usu153\/2015\/07\/lombriz-para-humus-300x193.jpg\" alt=\"lombriz-para-humus\" width=\"300\" height=\"193\" srcset=\"https:\/\/agora.xtec.cat\/ceipcanmanent\/wp-content\/uploads\/usu153\/2015\/07\/lombriz-para-humus-300x193.jpg 300w, https:\/\/agora.xtec.cat\/ceipcanmanent\/wp-content\/uploads\/usu153\/2015\/07\/lombriz-para-humus.jpg 393w\" sizes=\"auto, (max-width: 300px) 100vw, 300px\" \/><\/a><\/td>\n<\/tr>\n<\/tbody>\n<\/table>\n","protected":false},"excerpt":{"rendered":"<p>En una escola constru\u00efda per sota del nivell del carrer i exposada a freq\u00fcents inundacions dels patis i altres zones exteriors va caldre \u00a0buscar quin seria l&#8217;indret m\u00e9s adequat per situar l&#8217;hort. Ens vam decidir per aprofitar l&#8217;enorme &#8220;taula de cultiu&#8221; que suposava tenir tota \u00a0la part superior de les grades buida i \u00a0a la [&hellip;]<\/p>\n","protected":false},"author":1,"featured_media":0,"parent":602,"menu_order":20,"comment_status":"closed","ping_status":"closed","template":"page-templates\/side-menu.php","meta":{"_bbp_topic_count":0,"_bbp_reply_count":0,"_bbp_total_topic_count":0,"_bbp_total_reply_count":0,"_bbp_voice_count":0,"_bbp_anonymous_reply_count":0,"_bbp_topic_count_hidden":0,"_bbp_reply_count_hidden":0,"_bbp_forum_subforum_count":0,"site-sidebar-layout":"default","site-content-layout":"","ast-site-content-layout":"","site-content-style":"default","site-sidebar-style":"default","ast-global-header-display":"","ast-banner-title-visibility":"","ast-main-header-display":"","ast-hfb-above-header-display":"","ast-hfb-below-header-display":"","ast-hfb-mobile-header-display":"","site-post-title":"","ast-breadcrumbs-content":"","ast-featured-img":"","footer-sml-layout":"","theme-transparent-header-meta":"","adv-header-id-meta":"","stick-header-meta":"","header-above-stick-meta":"","header-main-stick-meta":"","header-below-stick-meta":"","astra-migrate-meta-layouts":"default","ast-page-background-enabled":"default","ast-page-background-meta":{"desktop":{"background-color":"var(--ast-global-color-4)","background-image":"","background-repeat":"repeat","background-position":"center center","background-size":"auto","background-attachment":"scroll","background-type":"","background-media":"","overlay-type":"","overlay-color":"","overlay-opacity":"","overlay-gradient":""},"tablet":{"background-color":"","background-image":"","background-repeat":"repeat","background-position":"center center","background-size":"auto","background-attachment":"scroll","background-type":"","background-media":"","overlay-type":"","overlay-color":"","overlay-opacity":"","overlay-gradient":""},"mobile":{"background-color":"","background-image":"","background-repeat":"repeat","background-position":"center center","background-size":"auto","background-attachment":"scroll","background-type":"","background-media":"","overlay-type":"","overlay-color":"","overlay-opacity":"","overlay-gradient":""}},"ast-content-background-meta":{"desktop":{"background-color":"var(--ast-global-color-5)","background-image":"","background-repeat":"repeat","background-position":"center center","background-size":"auto","background-attachment":"scroll","background-type":"","background-media":"","overlay-type":"","overlay-color":"","overlay-opacity":"","overlay-gradient":""},"tablet":{"background-color":"var(--ast-global-color-5)","background-image":"","background-repeat":"repeat","background-position":"center center","background-size":"auto","background-attachment":"scroll","background-type":"","background-media":"","overlay-type":"","overlay-color":"","overlay-opacity":"","overlay-gradient":""},"mobile":{"background-color":"var(--ast-global-color-5)","background-image":"","background-repeat":"repeat","background-position":"center center","background-size":"auto","background-attachment":"scroll","background-type":"","background-media":"","overlay-type":"","overlay-color":"","overlay-opacity":"","overlay-gradient":""}},"footnotes":""},"class_list":["post-1070","page","type-page","status-publish","hentry"],"post_mailing_queue_ids":[],"_links":{"self":[{"href":"https:\/\/agora.xtec.cat\/ceipcanmanent\/wp-json\/wp\/v2\/pages\/1070","targetHints":{"allow":["GET"]}}],"collection":[{"href":"https:\/\/agora.xtec.cat\/ceipcanmanent\/wp-json\/wp\/v2\/pages"}],"about":[{"href":"https:\/\/agora.xtec.cat\/ceipcanmanent\/wp-json\/wp\/v2\/types\/page"}],"author":[{"embeddable":true,"href":"https:\/\/agora.xtec.cat\/ceipcanmanent\/wp-json\/wp\/v2\/users\/1"}],"replies":[{"embeddable":true,"href":"https:\/\/agora.xtec.cat\/ceipcanmanent\/wp-json\/wp\/v2\/comments?post=1070"}],"version-history":[{"count":4,"href":"https:\/\/agora.xtec.cat\/ceipcanmanent\/wp-json\/wp\/v2\/pages\/1070\/revisions"}],"predecessor-version":[{"id":1202,"href":"https:\/\/agora.xtec.cat\/ceipcanmanent\/wp-json\/wp\/v2\/pages\/1070\/revisions\/1202"}],"up":[{"embeddable":true,"href":"https:\/\/agora.xtec.cat\/ceipcanmanent\/wp-json\/wp\/v2\/pages\/602"}],"wp:attachment":[{"href":"https:\/\/agora.xtec.cat\/ceipcanmanent\/wp-json\/wp\/v2\/media?parent=1070"}],"curies":[{"name":"wp","href":"https:\/\/api.w.org\/{rel}","templated":true}]}}