{"id":18899,"date":"2022-05-16T13:25:08","date_gmt":"2022-05-16T11:25:08","guid":{"rendered":"https:\/\/agora.xtec.cat\/ceipcanllong\/?page_id=18899"},"modified":"2023-09-14T12:31:22","modified_gmt":"2023-09-14T10:31:22","slug":"acolliment-digital","status":"publish","type":"page","link":"https:\/\/agora.xtec.cat\/ceipcanllong\/estrategia-digital-de-centre-edc\/cultura-digital\/acolliment-digital\/","title":{"rendered":"Acolliment digital"},"content":{"rendered":"<h6>A continuaci\u00f3 adjuntem els enlla\u00e7os als documentsdel centre:<\/h6>\n<p>&nbsp;<\/p>\n<h6><a href=\"https:\/\/drive.google.com\/file\/d\/1ywU7JPhfUbsdOM0U18gYrGrrn32Oylpg\/view?usp=drive_link\"><span style=\"color: #339966;\">ACOLLIMENT DIGITAL FAM\u00cdLIES I ALUMNES<\/span><\/a><\/h6>\n<p><a href=\"https:\/\/drive.google.com\/file\/d\/1ywU7JPhfUbsdOM0U18gYrGrrn32Oylpg\/view?usp=drive_link\"><img loading=\"lazy\" decoding=\"async\" class=\"alignnone wp-image-19551\" src=\"https:\/\/agora.xtec.cat\/ceipcanllong\/wp-content\/uploads\/usu1544\/2023\/05\/pla-acollida.jpg\" alt=\"\" width=\"315\" height=\"364\" srcset=\"https:\/\/agora.xtec.cat\/ceipcanllong\/wp-content\/uploads\/usu1544\/2023\/05\/pla-acollida.jpg 385w, https:\/\/agora.xtec.cat\/ceipcanllong\/wp-content\/uploads\/usu1544\/2023\/05\/pla-acollida-260x300.jpg 260w\" sizes=\"auto, (max-width: 315px) 100vw, 315px\" \/><\/a><\/p>\n<h6><span style=\"color: #339966;\">ACOLLIMENT DIGITAL MESTRES: <\/span><\/h6>\n<p>Als mestres se&#8217;ls proporciona la documentaci\u00f3 informaci\u00f3 i instruccions referents a l&#8217;\u00fas de les diferents materials digitals del centre.<\/p>\n<p>&nbsp;<\/p>\n","protected":false},"excerpt":{"rendered":"<p>A continuaci\u00f3 adjuntem els enlla\u00e7os als documentsdel centre:<br \/>\n&nbsp;<br \/>\n<a href=\"https:\/\/drive.google.com\/file\/d\/1ywU7JPhfUbsdOM0U18gYrGrrn32Oylpg\/view?usp=drive_link\">ACOLLIMENT DIGITAL FAM\u00cdLIES I ALUMNES<\/a><br \/>\n<a href=\"https:\/\/drive.google.com\/file\/d\/1ywU7JPhfUbsdOM0U18gYrGrrn32Oylpg\/view?usp=drive_link\"><\/a><br \/>\nACOLLIMENT DIGITAL MESTRES:<br \/>\nAls mestres se&#8217;ls proporciona la documentaci\u00f3 informaci\u00f3 i instruccions referents a l&#8217;\u00fas de les diferents materials digitals del centre.<br \/>\n&nbsp;<\/p>\n","protected":false},"author":1,"featured_media":0,"parent":18847,"menu_order":0,"comment_status":"closed","ping_status":"closed","template":"page-templates\/side-menu.php","meta":{"_bbp_topic_count":0,"_bbp_reply_count":0,"_bbp_total_topic_count":0,"_bbp_total_reply_count":0,"_bbp_voice_count":0,"_bbp_anonymous_reply_count":0,"_bbp_topic_count_hidden":0,"_bbp_reply_count_hidden":0,"_bbp_forum_subforum_count":0,"footnotes":""},"class_list":["post-18899","page","type-page","status-publish","hentry"],"post_mailing_queue_ids":[],"_links":{"self":[{"href":"https:\/\/agora.xtec.cat\/ceipcanllong\/wp-json\/wp\/v2\/pages\/18899","targetHints":{"allow":["GET"]}}],"collection":[{"href":"https:\/\/agora.xtec.cat\/ceipcanllong\/wp-json\/wp\/v2\/pages"}],"about":[{"href":"https:\/\/agora.xtec.cat\/ceipcanllong\/wp-json\/wp\/v2\/types\/page"}],"author":[{"embeddable":true,"href":"https:\/\/agora.xtec.cat\/ceipcanllong\/wp-json\/wp\/v2\/users\/1"}],"replies":[{"embeddable":true,"href":"https:\/\/agora.xtec.cat\/ceipcanllong\/wp-json\/wp\/v2\/comments?post=18899"}],"version-history":[{"count":3,"href":"https:\/\/agora.xtec.cat\/ceipcanllong\/wp-json\/wp\/v2\/pages\/18899\/revisions"}],"predecessor-version":[{"id":19661,"href":"https:\/\/agora.xtec.cat\/ceipcanllong\/wp-json\/wp\/v2\/pages\/18899\/revisions\/19661"}],"up":[{"embeddable":true,"href":"https:\/\/agora.xtec.cat\/ceipcanllong\/wp-json\/wp\/v2\/pages\/18847"}],"wp:attachment":[{"href":"https:\/\/agora.xtec.cat\/ceipcanllong\/wp-json\/wp\/v2\/media?parent=18899"}],"curies":[{"name":"wp","href":"https:\/\/api.w.org\/{rel}","templated":true}]}}