{"id":16950,"date":"2021-05-14T13:38:41","date_gmt":"2021-05-14T11:38:41","guid":{"rendered":"http:\/\/agora.xtec.cat\/ceipcanllong\/?page_id=16950"},"modified":"2021-05-27T13:49:08","modified_gmt":"2021-05-27T11:49:08","slug":"nofc","status":"publish","type":"page","link":"https:\/\/agora.xtec.cat\/ceipcanllong\/nofc\/","title":{"rendered":"NOFC"},"content":{"rendered":"<p>Les nostres Normes d&#8217;Organitzaci\u00f3 i funcionament del Centre les podeu consultar clicant al seg\u00fcent enlla\u00e7:<\/p>\n<p><a href=\"https:\/\/drive.google.com\/file\/d\/1NntSD1R26PElARBXqn1H3XIU_YVpdtBC\/view?usp=sharing\">NOFC<\/a><\/p>\n<p><a href=\"https:\/\/drive.google.com\/file\/d\/1NntSD1R26PElARBXqn1H3XIU_YVpdtBC\/view?usp=sharing\"><img loading=\"lazy\" decoding=\"async\" class=\"alignnone  wp-image-17007\" src=\"https:\/\/agora.xtec.cat\/ceipcanllong\/wp-content\/uploads\/usu1544\/2021\/05\/nofc.jpg\" alt=\"\" width=\"282\" height=\"326\" srcset=\"https:\/\/agora.xtec.cat\/ceipcanllong\/wp-content\/uploads\/usu1544\/2021\/05\/nofc.jpg 385w, https:\/\/agora.xtec.cat\/ceipcanllong\/wp-content\/uploads\/usu1544\/2021\/05\/nofc-260x300.jpg 260w\" sizes=\"auto, (max-width: 282px) 100vw, 282px\" \/><\/a><\/p>\n","protected":false},"excerpt":{"rendered":"<p>Les nostres Normes d&#8217;Organitzaci\u00f3 i funcionament del Centre les podeu consultar clicant al seg\u00fcent enlla\u00e7:<br \/>\n<a href=\"https:\/\/drive.google.com\/file\/d\/1NntSD1R26PElARBXqn1H3XIU_YVpdtBC\/view?usp=sharing\">NOFC<\/a><br \/>\n<a href=\"https:\/\/drive.google.com\/file\/d\/1NntSD1R26PElARBXqn1H3XIU_YVpdtBC\/view?usp=sharing\"><\/a><\/p>\n","protected":false},"author":1,"featured_media":0,"parent":0,"menu_order":0,"comment_status":"closed","ping_status":"closed","template":"","meta":{"_bbp_topic_count":0,"_bbp_reply_count":0,"_bbp_total_topic_count":0,"_bbp_total_reply_count":0,"_bbp_voice_count":0,"_bbp_anonymous_reply_count":0,"_bbp_topic_count_hidden":0,"_bbp_reply_count_hidden":0,"_bbp_forum_subforum_count":0,"footnotes":""},"class_list":["post-16950","page","type-page","status-publish","hentry"],"post_mailing_queue_ids":[],"_links":{"self":[{"href":"https:\/\/agora.xtec.cat\/ceipcanllong\/wp-json\/wp\/v2\/pages\/16950","targetHints":{"allow":["GET"]}}],"collection":[{"href":"https:\/\/agora.xtec.cat\/ceipcanllong\/wp-json\/wp\/v2\/pages"}],"about":[{"href":"https:\/\/agora.xtec.cat\/ceipcanllong\/wp-json\/wp\/v2\/types\/page"}],"author":[{"embeddable":true,"href":"https:\/\/agora.xtec.cat\/ceipcanllong\/wp-json\/wp\/v2\/users\/1"}],"replies":[{"embeddable":true,"href":"https:\/\/agora.xtec.cat\/ceipcanllong\/wp-json\/wp\/v2\/comments?post=16950"}],"version-history":[{"count":3,"href":"https:\/\/agora.xtec.cat\/ceipcanllong\/wp-json\/wp\/v2\/pages\/16950\/revisions"}],"predecessor-version":[{"id":17008,"href":"https:\/\/agora.xtec.cat\/ceipcanllong\/wp-json\/wp\/v2\/pages\/16950\/revisions\/17008"}],"wp:attachment":[{"href":"https:\/\/agora.xtec.cat\/ceipcanllong\/wp-json\/wp\/v2\/media?parent=16950"}],"curies":[{"name":"wp","href":"https:\/\/api.w.org\/{rel}","templated":true}]}}