{"id":1003,"date":"2017-05-05T15:48:04","date_gmt":"2017-05-05T13:48:04","guid":{"rendered":"http:\/\/agora.xtec.cat\/ceipcanllong\/?page_id=1003"},"modified":"2021-05-27T13:51:20","modified_gmt":"2021-05-27T11:51:20","slug":"projecte-linguistic","status":"publish","type":"page","link":"https:\/\/agora.xtec.cat\/ceipcanllong\/projecte-linguistic\/","title":{"rendered":"Projecte Ling\u00fc\u00edstic"},"content":{"rendered":"<p>El nostre Projecte Ling\u00fc\u00edstic el podeu consultar clicant al seg\u00fcent enlla\u00e7:<\/p>\n<p><a href=\"https:\/\/drive.google.com\/file\/d\/1Bv0O-40lVwN9xk-8lspjIw8HxEHuhBDU\/view?usp=sharing\" target=\"_blank\" rel=\"noopener noreferrer\">PROJECTE LING\u00dc\u00cdSTIC\u00a0<\/a><\/p>\n<p><a href=\"https:\/\/drive.google.com\/file\/d\/1Bv0O-40lVwN9xk-8lspjIw8HxEHuhBDU\/view?usp=sharing\"><img loading=\"lazy\" decoding=\"async\" class=\"alignnone wp-image-17000\" src=\"https:\/\/agora.xtec.cat\/ceipcanllong\/wp-content\/uploads\/usu1544\/2021\/05\/p-ling.jpg\" alt=\"\" width=\"313\" height=\"362\" srcset=\"https:\/\/agora.xtec.cat\/ceipcanllong\/wp-content\/uploads\/usu1544\/2021\/05\/p-ling.jpg 385w, https:\/\/agora.xtec.cat\/ceipcanllong\/wp-content\/uploads\/usu1544\/2021\/05\/p-ling-260x300.jpg 260w\" sizes=\"auto, (max-width: 313px) 100vw, 313px\" \/><\/a><\/p>\n<p>&nbsp;<\/p>\n","protected":false},"excerpt":{"rendered":"<p>El nostre Projecte Ling\u00fc\u00edstic el podeu consultar clicant al seg\u00fcent enlla\u00e7:<br \/>\n<a href=\"https:\/\/drive.google.com\/file\/d\/1Bv0O-40lVwN9xk-8lspjIw8HxEHuhBDU\/view?usp=sharing\" target=\"_blank\" rel=\"noopener noreferrer\">PROJECTE LING\u00dc\u00cdSTIC\u00a0<\/a><br \/>\n<a href=\"https:\/\/drive.google.com\/file\/d\/1Bv0O-40lVwN9xk-8lspjIw8HxEHuhBDU\/view?usp=sharing\"><\/a><br \/>\n&nbsp;<\/p>\n","protected":false},"author":1,"featured_media":0,"parent":0,"menu_order":0,"comment_status":"closed","ping_status":"closed","template":"","meta":{"_bbp_topic_count":0,"_bbp_reply_count":0,"_bbp_total_topic_count":0,"_bbp_total_reply_count":0,"_bbp_voice_count":0,"_bbp_anonymous_reply_count":0,"_bbp_topic_count_hidden":0,"_bbp_reply_count_hidden":0,"_bbp_forum_subforum_count":0,"footnotes":""},"class_list":["post-1003","page","type-page","status-publish","hentry"],"post_mailing_queue_ids":[],"_links":{"self":[{"href":"https:\/\/agora.xtec.cat\/ceipcanllong\/wp-json\/wp\/v2\/pages\/1003","targetHints":{"allow":["GET"]}}],"collection":[{"href":"https:\/\/agora.xtec.cat\/ceipcanllong\/wp-json\/wp\/v2\/pages"}],"about":[{"href":"https:\/\/agora.xtec.cat\/ceipcanllong\/wp-json\/wp\/v2\/types\/page"}],"author":[{"embeddable":true,"href":"https:\/\/agora.xtec.cat\/ceipcanllong\/wp-json\/wp\/v2\/users\/1"}],"replies":[{"embeddable":true,"href":"https:\/\/agora.xtec.cat\/ceipcanllong\/wp-json\/wp\/v2\/comments?post=1003"}],"version-history":[{"count":3,"href":"https:\/\/agora.xtec.cat\/ceipcanllong\/wp-json\/wp\/v2\/pages\/1003\/revisions"}],"predecessor-version":[{"id":17009,"href":"https:\/\/agora.xtec.cat\/ceipcanllong\/wp-json\/wp\/v2\/pages\/1003\/revisions\/17009"}],"wp:attachment":[{"href":"https:\/\/agora.xtec.cat\/ceipcanllong\/wp-json\/wp\/v2\/media?parent=1003"}],"curies":[{"name":"wp","href":"https:\/\/api.w.org\/{rel}","templated":true}]}}