{"id":7,"date":"2014-09-17T15:07:41","date_gmt":"2014-09-17T14:07:41","guid":{"rendered":"http:\/\/agora.xtec.cat\/ceipcanigo\/?page_id=7"},"modified":"2026-03-17T15:39:06","modified_gmt":"2026-03-17T14:39:06","slug":"pagines-dinici","status":"publish","type":"page","link":"https:\/\/agora.xtec.cat\/ceipcanigo\/","title":{"rendered":"Benvingudes i benvinguts!"},"content":{"rendered":"\n<p>Us deixem en aquest <a href=\"https:\/\/docs.google.com\/presentation\/d\/e\/2PACX-1vSALhVHYc8cUD9NhGozih6_owd1BOF6c2XWO9rk714jIwFXh5Hzpw34yfNko136WNAaJiSKpce5EsN_\/pub?start=false&amp;loop=false&amp;delayms=3000\">enlla\u00e7<\/a> la presentaci\u00f3 de les portes obertes per si no vau poder assistir-hi.<\/p>\n\n\n\n<p class=\"has-text-align-left\">Aqu\u00ed podreu trobar algunes de les caracter\u00edstiques que ens defineixen com a escola:<\/p>\n\n\n\n<div style=\"position: relative; width: 100%; height: 0; padding-top: 56.2500%; padding-bottom: 0; box-shadow: 0 2px 8px 0 rgba(63,69,81,0.16); margin-top: 1.6em; margin-bottom: 0.9em; overflow: hidden; border-radius: 8px; will-change: transform;\"><iframe style=\"position: absolute; width: 100%; height: 100%; top: 0; left: 0; border: none; padding: 0; margin: 0;\" src=\"https:\/\/www.canva.com\/design\/DAGdhg_boz4\/pQiNpzKkxjTkN3HY_GTtpg\/view?embed\" allowfullscreen=\"allowfullscreen\">\n  <\/iframe><\/div>\n\n\n\n<div class=\"wp-block-columns is-layout-flex wp-container-core-columns-is-layout-1 wp-block-columns-is-layout-flex\">\n<div class=\"wp-block-column is-layout-flow wp-block-column-is-layout-flow\">\n<h2 class=\"wp-block-heading has-text-align-center has-large-font-size\">Petits<\/h2>\n\n\n\n<figure class=\"wp-block-image size-large\"><a href=\"https:\/\/agora.xtec.cat\/ceipcanigo\/wp-content\/uploads\/usu1259\/2026\/01\/IMG_0100-scaled.jpg\"><img loading=\"lazy\" decoding=\"async\" width=\"1024\" height=\"768\" src=\"https:\/\/agora.xtec.cat\/ceipcanigo\/wp-content\/uploads\/usu1259\/2026\/01\/IMG_0100-1024x768.jpg\" alt=\"\" class=\"wp-image-7407\" style=\"aspect-ratio:1;object-fit:cover\" srcset=\"https:\/\/agora.xtec.cat\/ceipcanigo\/wp-content\/uploads\/usu1259\/2026\/01\/IMG_0100-1024x768.jpg 1024w, https:\/\/agora.xtec.cat\/ceipcanigo\/wp-content\/uploads\/usu1259\/2026\/01\/IMG_0100-300x225.jpg 300w, https:\/\/agora.xtec.cat\/ceipcanigo\/wp-content\/uploads\/usu1259\/2026\/01\/IMG_0100-768x576.jpg 768w, https:\/\/agora.xtec.cat\/ceipcanigo\/wp-content\/uploads\/usu1259\/2026\/01\/IMG_0100-1536x1152.jpg 1536w, https:\/\/agora.xtec.cat\/ceipcanigo\/wp-content\/uploads\/usu1259\/2026\/01\/IMG_0100-2048x1536.jpg 2048w\" sizes=\"auto, (max-width: 1024px) 100vw, 1024px\" \/><\/a><\/figure>\n<\/div>\n\n\n\n<div class=\"wp-block-column is-layout-flow wp-block-column-is-layout-flow\">\n<h2 class=\"wp-block-heading has-text-align-center has-large-font-size\">Mitjans<\/h2>\n\n\n\n<figure class=\"wp-block-image size-large\"><img loading=\"lazy\" decoding=\"async\" width=\"1024\" height=\"768\" src=\"https:\/\/agora.xtec.cat\/ceipcanigo\/wp-content\/uploads\/usu1259\/2026\/01\/IMG_5167-1024x768.jpg\" alt=\"\" class=\"wp-image-7410\" style=\"aspect-ratio:1;object-fit:cover\" srcset=\"https:\/\/agora.xtec.cat\/ceipcanigo\/wp-content\/uploads\/usu1259\/2026\/01\/IMG_5167-1024x768.jpg 1024w, https:\/\/agora.xtec.cat\/ceipcanigo\/wp-content\/uploads\/usu1259\/2026\/01\/IMG_5167-300x225.jpg 300w, https:\/\/agora.xtec.cat\/ceipcanigo\/wp-content\/uploads\/usu1259\/2026\/01\/IMG_5167-768x576.jpg 768w, https:\/\/agora.xtec.cat\/ceipcanigo\/wp-content\/uploads\/usu1259\/2026\/01\/IMG_5167-1536x1152.jpg 1536w, https:\/\/agora.xtec.cat\/ceipcanigo\/wp-content\/uploads\/usu1259\/2026\/01\/IMG_5167-2048x1536.jpg 2048w\" sizes=\"auto, (max-width: 1024px) 100vw, 1024px\" \/><\/figure>\n<\/div>\n\n\n\n<div class=\"wp-block-column is-layout-flow wp-block-column-is-layout-flow\">\n<h2 class=\"wp-block-heading has-text-align-center has-large-font-size\">Grans<\/h2>\n\n\n\n<figure class=\"wp-block-image size-large\"><img loading=\"lazy\" decoding=\"async\" width=\"1024\" height=\"576\" src=\"https:\/\/agora.xtec.cat\/ceipcanigo\/wp-content\/uploads\/usu1259\/2026\/01\/espais2-1-1024x576.jpeg\" alt=\"\" class=\"wp-image-7408\" style=\"aspect-ratio:1;object-fit:cover\" srcset=\"https:\/\/agora.xtec.cat\/ceipcanigo\/wp-content\/uploads\/usu1259\/2026\/01\/espais2-1-1024x576.jpeg 1024w, https:\/\/agora.xtec.cat\/ceipcanigo\/wp-content\/uploads\/usu1259\/2026\/01\/espais2-1-300x169.jpeg 300w, https:\/\/agora.xtec.cat\/ceipcanigo\/wp-content\/uploads\/usu1259\/2026\/01\/espais2-1-768x432.jpeg 768w, https:\/\/agora.xtec.cat\/ceipcanigo\/wp-content\/uploads\/usu1259\/2026\/01\/espais2-1-1536x864.jpeg 1536w, https:\/\/agora.xtec.cat\/ceipcanigo\/wp-content\/uploads\/usu1259\/2026\/01\/espais2-1.jpeg 2000w\" sizes=\"auto, (max-width: 1024px) 100vw, 1024px\" \/><\/figure>\n<\/div>\n<\/div>\n\n\n\n<div class=\"wp-block-columns is-layout-flex wp-container-core-columns-is-layout-2 wp-block-columns-is-layout-flex\">\n<div class=\"wp-block-column is-layout-flow wp-block-column-is-layout-flow\"><div class=\"wp-block-getwid-instagram\">\n            <div class=\"wp-block-getwid-instagram__wrapper has-3-columns\">\n                <div class=\"wp-block-getwid-instagram__item\">\n\t<div class=\"wp-block-getwid-instagram__media-wrapper\">\n\t\t<a class=\"wp-block-getwid-instagram__media-link\" target=\"_blank\" href=\"https:\/\/www.instagram.com\/p\/DWYZKX_glrE\/\">\n\t\t\t\t\t\t\t<img decoding=\"async\" class=\"wp-block-getwid-instagram__media\" src=\"https:\/\/scontent-lhr8-2.cdninstagram.com\/v\/t51.82787-15\/656166028_18308995432287383_8950442164309319536_n.jpg?stp=dst-jpg_e35_tt6&#038;_nc_cat=103&#038;ccb=7-5&#038;_nc_sid=18de74&#038;efg=eyJlZmdfdGFnIjoiQ0FST1VTRUxfSVRFTS5iZXN0X2ltYWdlX3VybGdlbi5DMyJ9&#038;_nc_ohc=Sl6nPCtiXvcQ7kNvwE6j5sp&#038;_nc_oc=AdrZAWWABpFwW9hwBZt8649wNkRDu71UYjApE79xLCiyviR_LouWMnjQeR2rAIgPUWI&#038;_nc_zt=23&#038;_nc_ht=scontent-lhr8-2.cdninstagram.com&#038;edm=ANo9K5cEAAAA&#038;_nc_gid=4HPa-aBEre5bpfwULicuyA&#038;_nc_tpa=Q5bMBQHYeANyrsShbKmEe82tu3VO8OFeGn6msr6QQ4ugGliYTMvvZycEaCt9VEtZtWDbCcpMQ0-0GLGiWw&#038;oh=00_Af3p5TrjDHeuupC5KJ6_85Ox6YTBOj2a936c-_hyB7yfdA&#038;oe=69D6DCA3\" alt=\"ESPORTS COL\u00b7LECTIUS L\u2019alumnat de 5\u00e8 va gaudir d\u2019una jornada d\u2019esports col\u00b7lectius alternatius al Complex Municipal de Futbol, organitzada pel @consellesportiudelgarraf , uns esports diferents dels que coneixem per\u00f2 plens de diversi\u00f3, cooperaci\u00f3 i respecte. Els esports practicats han estat; colpbol, shootbol i twincon!\"\/>\n\t\t\t\t\t<\/a>\n\t<\/div>\n<\/div><div class=\"wp-block-getwid-instagram__item\">\n\t<div class=\"wp-block-getwid-instagram__media-wrapper\">\n\t\t<a class=\"wp-block-getwid-instagram__media-link\" target=\"_blank\" href=\"https:\/\/www.instagram.com\/p\/DWOfEB3gvDr\/\">\n\t\t\t\t\t\t\t<img decoding=\"async\" class=\"wp-block-getwid-instagram__media\" src=\"https:\/\/scontent-lhr6-1.cdninstagram.com\/v\/t51.82787-15\/657585422_18308249947287383_1946265346288785183_n.jpg?stp=dst-jpg_e35_tt6&#038;_nc_cat=110&#038;ccb=7-5&#038;_nc_sid=18de74&#038;efg=eyJlZmdfdGFnIjoiQ0FST1VTRUxfSVRFTS5iZXN0X2ltYWdlX3VybGdlbi5DMyJ9&#038;_nc_ohc=P6Ny7lj2LLgQ7kNvwGl5zrZ&#038;_nc_oc=AdpTL00Y1b1hmgaIupn6Yc6DcCYmbFehDh_MmbP-PERMzOtPIsVVMcL_5-GmBzHfsqo&#038;_nc_zt=23&#038;_nc_ht=scontent-lhr6-1.cdninstagram.com&#038;edm=ANo9K5cEAAAA&#038;_nc_gid=4HPa-aBEre5bpfwULicuyA&#038;_nc_tpa=Q5bMBQGR6eRuEe4HVc5ouK6pRhogxSHnnQbrGt5zhy9WdTMg8k_B8EfxojNF1nE-SXNGSsT-CeGwn2WmNQ&#038;oh=00_Af0H4sJJOF2_ZxOdipp0QsWsijMA7qV-VW3WReBd204D4Q&#038;oe=69D70713\" alt=\"Els infants de 1r han dut a terme la Situaci\u00f3 d\u2019Aprenentatge \u201cPer qu\u00e8 cauen les dents?\u201d, una experi\u00e8ncia plena de descobertes, investigaci\u00f3 i molta curiositat! Durant aquestes setmanes hem investigat i apr\u00e8s moltes coses sobre les dents. Ens ha visitat una dentista i ens ha pogut explicar molts aspectes molt interessants sobre la salut bucodental,&hellip;\"\/>\n\t\t\t\t\t<\/a>\n\t<\/div>\n<\/div><div class=\"wp-block-getwid-instagram__item\">\n\t<div class=\"wp-block-getwid-instagram__media-wrapper\">\n\t\t<a class=\"wp-block-getwid-instagram__media-link\" target=\"_blank\" href=\"https:\/\/www.instagram.com\/p\/DU5xGVDAg3f\/\">\n\t\t\t\t\t\t\t<img decoding=\"async\" class=\"wp-block-getwid-instagram__media\" src=\"https:\/\/scontent-lhr6-1.cdninstagram.com\/v\/t51.82787-15\/632876996_18303548383287383_5036557293241177243_n.heic?stp=dst-jpg_e35_tt6&#038;_nc_cat=109&#038;ccb=7-5&#038;_nc_sid=18de74&#038;efg=eyJlZmdfdGFnIjoiRkVFRC5iZXN0X2ltYWdlX3VybGdlbi5DMyJ9&#038;_nc_ohc=jjLEkwXUlhsQ7kNvwFduWX8&#038;_nc_oc=Adr0mGJ1eZuWSEcCVtVfBPNnaMxCQld7vGfNvSm60t5J1Y5Yej_LovNqSbBLr05e-lc&#038;_nc_zt=23&#038;_nc_ht=scontent-lhr6-1.cdninstagram.com&#038;edm=ANo9K5cEAAAA&#038;_nc_gid=4HPa-aBEre5bpfwULicuyA&#038;_nc_tpa=Q5bMBQHbo2zu-5BQmCosf5_aLzTQ3Zq0qmIftqX5IH7EyiSvhaFKivZ4p2PeFS6h2mmWxWM8nbYzBDUvgw&#038;oh=00_Af1EywxTKU0Gae8HBtkpDsBDsK9NMAxnjVl5jINi33RnaQ&#038;oe=69D6F674\" alt=\"Accediu a l&#039;enlla\u00e7 del perfil per reservar pla\u00e7a i venir-nos a con\u00e8ixer.\"\/>\n\t\t\t\t\t<\/a>\n\t<\/div>\n<\/div><\/div>\n        <\/div><\/div>\n\n\n\n<div class=\"wp-block-column is-layout-flow wp-block-column-is-layout-flow\" style=\"flex-basis:33.33%\">\n<p>Visita el nostre Instagram i estigues al dia del que passa a l&#8217;escola!<\/p>\n<\/div>\n<\/div>\n","protected":false},"excerpt":{"rendered":"<p>Us deixem en aquest enlla\u00e7 la presentaci\u00f3 de les portes obertes per si no vau poder assistir-hi. Aqu\u00ed podreu trobar [&hellip;]<\/p>\n","protected":false},"author":1,"featured_media":0,"parent":0,"menu_order":1,"comment_status":"closed","ping_status":"closed","template":"","meta":{"_bbp_topic_count":0,"_bbp_reply_count":0,"_bbp_total_topic_count":0,"_bbp_total_reply_count":0,"_bbp_voice_count":0,"_bbp_anonymous_reply_count":0,"_bbp_topic_count_hidden":0,"_bbp_reply_count_hidden":0,"_bbp_forum_subforum_count":0,"site-sidebar-layout":"default","site-content-layout":"","ast-site-content-layout":"default","site-content-style":"default","site-sidebar-style":"default","ast-global-header-display":"","ast-banner-title-visibility":"","ast-main-header-display":"","ast-hfb-above-header-display":"","ast-hfb-below-header-display":"","ast-hfb-mobile-header-display":"","site-post-title":"","ast-breadcrumbs-content":"","ast-featured-img":"","footer-sml-layout":"","theme-transparent-header-meta":"default","adv-header-id-meta":"","stick-header-meta":"","header-above-stick-meta":"","header-main-stick-meta":"","header-below-stick-meta":"","astra-migrate-meta-layouts":"set","ast-page-background-enabled":"default","ast-page-background-meta":{"desktop":{"background-color":"var(--ast-global-color-4)","background-image":"","background-repeat":"repeat","background-position":"center center","background-size":"auto","background-attachment":"scroll","background-type":"","background-media":"","overlay-type":"","overlay-color":"","overlay-opacity":"","overlay-gradient":""},"tablet":{"background-color":"","background-image":"","background-repeat":"repeat","background-position":"center center","background-size":"auto","background-attachment":"scroll","background-type":"","background-media":"","overlay-type":"","overlay-color":"","overlay-opacity":"","overlay-gradient":""},"mobile":{"background-color":"","background-image":"","background-repeat":"repeat","background-position":"center center","background-size":"auto","background-attachment":"scroll","background-type":"","background-media":"","overlay-type":"","overlay-color":"","overlay-opacity":"","overlay-gradient":""}},"ast-content-background-meta":{"desktop":{"background-color":"var(--ast-global-color-5)","background-image":"","background-repeat":"repeat","background-position":"center center","background-size":"auto","background-attachment":"scroll","background-type":"","background-media":"","overlay-type":"","overlay-color":"","overlay-opacity":"","overlay-gradient":""},"tablet":{"background-color":"var(--ast-global-color-5)","background-image":"","background-repeat":"repeat","background-position":"center center","background-size":"auto","background-attachment":"scroll","background-type":"","background-media":"","overlay-type":"","overlay-color":"","overlay-opacity":"","overlay-gradient":""},"mobile":{"background-color":"var(--ast-global-color-5)","background-image":"","background-repeat":"repeat","background-position":"center center","background-size":"auto","background-attachment":"scroll","background-type":"","background-media":"","overlay-type":"","overlay-color":"","overlay-opacity":"","overlay-gradient":""}},"footnotes":""},"class_list":["post-7","page","type-page","status-publish","hentry"],"post_mailing_queue_ids":[],"_links":{"self":[{"href":"https:\/\/agora.xtec.cat\/ceipcanigo\/wp-json\/wp\/v2\/pages\/7","targetHints":{"allow":["GET"]}}],"collection":[{"href":"https:\/\/agora.xtec.cat\/ceipcanigo\/wp-json\/wp\/v2\/pages"}],"about":[{"href":"https:\/\/agora.xtec.cat\/ceipcanigo\/wp-json\/wp\/v2\/types\/page"}],"author":[{"embeddable":true,"href":"https:\/\/agora.xtec.cat\/ceipcanigo\/wp-json\/wp\/v2\/users\/1"}],"replies":[{"embeddable":true,"href":"https:\/\/agora.xtec.cat\/ceipcanigo\/wp-json\/wp\/v2\/comments?post=7"}],"version-history":[{"count":5,"href":"https:\/\/agora.xtec.cat\/ceipcanigo\/wp-json\/wp\/v2\/pages\/7\/revisions"}],"predecessor-version":[{"id":7434,"href":"https:\/\/agora.xtec.cat\/ceipcanigo\/wp-json\/wp\/v2\/pages\/7\/revisions\/7434"}],"wp:attachment":[{"href":"https:\/\/agora.xtec.cat\/ceipcanigo\/wp-json\/wp\/v2\/media?parent=7"}],"curies":[{"name":"wp","href":"https:\/\/api.w.org\/{rel}","templated":true}]}}