{"id":6045,"date":"2021-02-04T16:25:53","date_gmt":"2021-02-04T15:25:53","guid":{"rendered":"http:\/\/agora.xtec.cat\/ceipcanigo\/?page_id=6045"},"modified":"2026-01-23T12:37:48","modified_gmt":"2026-01-23T11:37:48","slug":"videos","status":"publish","type":"page","link":"https:\/\/agora.xtec.cat\/ceipcanigo\/lescola\/videos\/","title":{"rendered":"Fotos i v\u00eddeos"},"content":{"rendered":"\n<figure class=\"wp-block-image size-full\"><a href=\"https:\/\/agora.xtec.cat\/ceipcanigo\/wp-content\/uploads\/usu1259\/2026\/01\/COM-VEURE-FOTOS.jpg\"><img loading=\"lazy\" decoding=\"async\" width=\"800\" height=\"1000\" src=\"https:\/\/agora.xtec.cat\/ceipcanigo\/wp-content\/uploads\/usu1259\/2026\/01\/COM-VEURE-FOTOS.jpg\" alt=\"\" class=\"wp-image-7392\" srcset=\"https:\/\/agora.xtec.cat\/ceipcanigo\/wp-content\/uploads\/usu1259\/2026\/01\/COM-VEURE-FOTOS.jpg 800w, https:\/\/agora.xtec.cat\/ceipcanigo\/wp-content\/uploads\/usu1259\/2026\/01\/COM-VEURE-FOTOS-240x300.jpg 240w, https:\/\/agora.xtec.cat\/ceipcanigo\/wp-content\/uploads\/usu1259\/2026\/01\/COM-VEURE-FOTOS-768x960.jpg 768w\" sizes=\"auto, (max-width: 800px) 100vw, 800px\" \/><\/a><\/figure>\n\n\n<p>A m\u00e9s, compartim amb vosaltres v\u00eddeos que hem anat fent al llarg dels anys per donar a con\u00e8ixer una mica m\u00e9s la vida a l&#8217;escola Canig\u00f3.<\/p>\n<p>COMUNITAT DE PETITS 20 21<\/p>\n<p><div class=\"ast-oembed-container \" style=\"height: 100%;\"><iframe loading=\"lazy\" title=\"La Comunitat de Petits de l&#039;Escola Canig\u00f3 Vng\" width=\"500\" height=\"281\" src=\"https:\/\/www.youtube.com\/embed\/wH_dn1sKWxQ?feature=oembed\" frameborder=\"0\" allow=\"accelerometer; autoplay; clipboard-write; encrypted-media; gyroscope; picture-in-picture; web-share\" referrerpolicy=\"strict-origin-when-cross-origin\" allowfullscreen><\/iframe><\/div><\/p>\n<p>COMUNITATS DE MITJANS I GRANS 20 21<\/p>\n<p><div class=\"ast-oembed-container \" style=\"height: 100%;\"><iframe loading=\"lazy\" title=\"Les comunitats de Mitjans i Grans de l&#039;Escola Canigo\u0301 de Vng\" width=\"500\" height=\"281\" src=\"https:\/\/www.youtube.com\/embed\/Qu3FaokMqso?feature=oembed\" frameborder=\"0\" allow=\"accelerometer; autoplay; clipboard-write; encrypted-media; gyroscope; picture-in-picture; web-share\" referrerpolicy=\"strict-origin-when-cross-origin\" allowfullscreen><\/iframe><\/div><\/p>\n<p>ART A MITJANS 22 23<\/p>\n<p><div class=\"ast-oembed-container \" style=\"height: 100%;\"><iframe loading=\"lazy\" title=\"Art a Mitjans\" width=\"500\" height=\"281\" src=\"https:\/\/www.youtube.com\/embed\/VH1YUSrZDoM?feature=oembed\" frameborder=\"0\" allow=\"accelerometer; autoplay; clipboard-write; encrypted-media; gyroscope; picture-in-picture; web-share\" referrerpolicy=\"strict-origin-when-cross-origin\" allowfullscreen><\/iframe><\/div><\/p>\n<p>ESPAIS MITJANS I GRANS 18 19<\/p>\n<p><div class=\"ast-oembed-container \" style=\"height: 100%;\"><iframe loading=\"lazy\" title=\"Espais Mitjans i Grans 19\" width=\"500\" height=\"281\" src=\"https:\/\/www.youtube.com\/embed\/h1hArpt-NTY?feature=oembed\" frameborder=\"0\" allow=\"accelerometer; autoplay; clipboard-write; encrypted-media; gyroscope; picture-in-picture; web-share\" referrerpolicy=\"strict-origin-when-cross-origin\" allowfullscreen><\/iframe><\/div><\/p>\n<p>ESPAIS PETITS CURS 17 18<\/p>\n<p><div class=\"ast-oembed-container \" style=\"height: 100%;\"><iframe loading=\"lazy\" title=\"Espais Petits 1r dia\" width=\"500\" height=\"281\" src=\"https:\/\/www.youtube.com\/embed\/ExI_ls2QmzE?list=PLgpOq9KsQskgSmdZvQfK1k4tFW-hsE_Ax\" frameborder=\"0\" allow=\"accelerometer; autoplay; clipboard-write; encrypted-media; gyroscope; picture-in-picture; web-share\" referrerpolicy=\"strict-origin-when-cross-origin\" allowfullscreen><\/iframe><\/div><\/p>\n<p>L&#8217;ESS\u00c8NCIA DEL CANIG\u00d3 17<\/p>\n<p><div class=\"ast-oembed-container \" style=\"height: 100%;\"><iframe loading=\"lazy\" title=\"L&#039;ess\u00e8ncia del canig\u00f3\" width=\"500\" height=\"281\" src=\"https:\/\/www.youtube.com\/embed\/VEF40gH2goc?feature=oembed\" frameborder=\"0\" allow=\"accelerometer; autoplay; clipboard-write; encrypted-media; gyroscope; picture-in-picture; web-share\" referrerpolicy=\"strict-origin-when-cross-origin\" allowfullscreen><\/iframe><\/div><\/p>\n<p>LA CARMANYOLA ( DELEGADES I DELEGATS VERDS) CURS 18 19<\/p>\n<div style=\"width: 640px;\" class=\"wp-video\"><!--[if lt IE 9]><script>document.createElement('video');<\/script><![endif]-->\n<video class=\"wp-video-shortcode\" id=\"video-6045-1\" width=\"640\" height=\"360\" preload=\"metadata\" controls=\"controls\"><source type=\"video\/mp4\" src=\"https:\/\/agora.xtec.cat\/ceipcanigo\/wp-content\/uploads\/usu1259\/2019\/02\/carmanyola.mp4?_=1\" \/><a href=\"https:\/\/agora.xtec.cat\/ceipcanigo\/wp-content\/uploads\/usu1259\/2019\/02\/carmanyola.mp4\">https:\/\/agora.xtec.cat\/ceipcanigo\/wp-content\/uploads\/usu1259\/2019\/02\/carmanyola.mp4<\/a><\/video><\/div>","protected":false},"excerpt":{"rendered":"<p>A m\u00e9s, compartim amb vosaltres v\u00eddeos que hem anat fent al llarg dels anys per donar a con\u00e8ixer una mica [&hellip;]<\/p>\n","protected":false},"author":1,"featured_media":0,"parent":22,"menu_order":14,"comment_status":"closed","ping_status":"closed","template":"","meta":{"_bbp_topic_count":0,"_bbp_reply_count":0,"_bbp_total_topic_count":0,"_bbp_total_reply_count":0,"_bbp_voice_count":0,"_bbp_anonymous_reply_count":0,"_bbp_topic_count_hidden":0,"_bbp_reply_count_hidden":0,"_bbp_forum_subforum_count":0,"site-sidebar-layout":"default","site-content-layout":"","ast-site-content-layout":"default","site-content-style":"default","site-sidebar-style":"default","ast-global-header-display":"","ast-banner-title-visibility":"","ast-main-header-display":"","ast-hfb-above-header-display":"","ast-hfb-below-header-display":"","ast-hfb-mobile-header-display":"","site-post-title":"","ast-breadcrumbs-content":"","ast-featured-img":"","footer-sml-layout":"","theme-transparent-header-meta":"","adv-header-id-meta":"","stick-header-meta":"","header-above-stick-meta":"","header-main-stick-meta":"","header-below-stick-meta":"","astra-migrate-meta-layouts":"set","ast-page-background-enabled":"default","ast-page-background-meta":{"desktop":{"background-color":"var(--ast-global-color-4)","background-image":"","background-repeat":"repeat","background-position":"center center","background-size":"auto","background-attachment":"scroll","background-type":"","background-media":"","overlay-type":"","overlay-color":"","overlay-opacity":"","overlay-gradient":""},"tablet":{"background-color":"","background-image":"","background-repeat":"repeat","background-position":"center center","background-size":"auto","background-attachment":"scroll","background-type":"","background-media":"","overlay-type":"","overlay-color":"","overlay-opacity":"","overlay-gradient":""},"mobile":{"background-color":"","background-image":"","background-repeat":"repeat","background-position":"center center","background-size":"auto","background-attachment":"scroll","background-type":"","background-media":"","overlay-type":"","overlay-color":"","overlay-opacity":"","overlay-gradient":""}},"ast-content-background-meta":{"desktop":{"background-color":"var(--ast-global-color-5)","background-image":"","background-repeat":"repeat","background-position":"center center","background-size":"auto","background-attachment":"scroll","background-type":"","background-media":"","overlay-type":"","overlay-color":"","overlay-opacity":"","overlay-gradient":""},"tablet":{"background-color":"var(--ast-global-color-5)","background-image":"","background-repeat":"repeat","background-position":"center center","background-size":"auto","background-attachment":"scroll","background-type":"","background-media":"","overlay-type":"","overlay-color":"","overlay-opacity":"","overlay-gradient":""},"mobile":{"background-color":"var(--ast-global-color-5)","background-image":"","background-repeat":"repeat","background-position":"center center","background-size":"auto","background-attachment":"scroll","background-type":"","background-media":"","overlay-type":"","overlay-color":"","overlay-opacity":"","overlay-gradient":""}},"footnotes":""},"class_list":["post-6045","page","type-page","status-publish","hentry"],"post_mailing_queue_ids":[],"_links":{"self":[{"href":"https:\/\/agora.xtec.cat\/ceipcanigo\/wp-json\/wp\/v2\/pages\/6045","targetHints":{"allow":["GET"]}}],"collection":[{"href":"https:\/\/agora.xtec.cat\/ceipcanigo\/wp-json\/wp\/v2\/pages"}],"about":[{"href":"https:\/\/agora.xtec.cat\/ceipcanigo\/wp-json\/wp\/v2\/types\/page"}],"author":[{"embeddable":true,"href":"https:\/\/agora.xtec.cat\/ceipcanigo\/wp-json\/wp\/v2\/users\/1"}],"replies":[{"embeddable":true,"href":"https:\/\/agora.xtec.cat\/ceipcanigo\/wp-json\/wp\/v2\/comments?post=6045"}],"version-history":[{"count":5,"href":"https:\/\/agora.xtec.cat\/ceipcanigo\/wp-json\/wp\/v2\/pages\/6045\/revisions"}],"predecessor-version":[{"id":7394,"href":"https:\/\/agora.xtec.cat\/ceipcanigo\/wp-json\/wp\/v2\/pages\/6045\/revisions\/7394"}],"up":[{"embeddable":true,"href":"https:\/\/agora.xtec.cat\/ceipcanigo\/wp-json\/wp\/v2\/pages\/22"}],"wp:attachment":[{"href":"https:\/\/agora.xtec.cat\/ceipcanigo\/wp-json\/wp\/v2\/media?parent=6045"}],"curies":[{"name":"wp","href":"https:\/\/api.w.org\/{rel}","templated":true}]}}