{"id":77,"date":"2026-01-19T15:30:08","date_gmt":"2026-01-19T14:30:08","guid":{"rendered":"http:\/\/agora.xtec.cat\/ceipcancarabassa\/?page_id=77"},"modified":"2026-01-19T15:44:16","modified_gmt":"2026-01-19T14:44:16","slug":"acollida","status":"publish","type":"page","link":"https:\/\/agora.xtec.cat\/ceipcancarabassa\/serveis-descola\/acollida\/","title":{"rendered":"Acollida"},"content":{"rendered":"<p><span style=\"font-weight: 400;\">El servei d\u2019acollida \u00e9s gestionat per l&#8217;AFA i Pam i Pipa i funciona en els seg\u00fcents horaris:<\/span><\/p>\n<ul>\n<li><span style=\"font-weight: 400;\">de <strong>7.30 a 9.00 hores<\/strong> del mat\u00ed <\/span><\/li>\n<li><span style=\"font-weight: 400;\">de <strong>16.30 a 17.30 hores <\/strong>de la tarda<\/span><\/li>\n<\/ul>\n<p><span style=\"font-weight: 400;\">Aquest servei comen\u00e7a el dilluns 8 de setembre de 2025.<\/span><\/p>\n<p>Els dies 12 i 19 de juny no hi haur\u00e0 servei d&#8217;acollida de tarda.<\/p>\n<p><span style=\"font-weight: 400;\">L\u2019\u00fas d\u2019aquest servei cal contractar-lo a trav\u00e9s de l\u2019<strong><a href=\"https:\/\/app.serveiseducatiuspamipipa.com\/login\">app de <\/a><\/strong><\/span><a href=\"https:\/\/app.serveiseducatiuspamipipa.com\/login\"><strong>Pam i Pipa<\/strong><\/a><span style=\"font-weight: 400;\">.<\/span><\/p>\n<p>Si heu de contractar el servei de manera espor\u00e0dica, disposeu fins les 7.30 hores al mat\u00ed i fins les 16.25 hores a la tarda.<\/p>\n<p><span style=\"color: #ff0000;\"><strong>Important!<\/strong><\/span> En cas que hagueu de contractar espor\u00e0dicament l&#8217;acollida de tarda m\u00e9s enll\u00e0 de les 16.25 hores, disposeu del seg\u00fcent tel\u00e8fon per posar-vos en contacte amb el monitoratge d&#8217;acollida: <span style=\"color: #000000;\"><strong>664.685.539<\/strong><\/span><\/p>\n","protected":false},"excerpt":{"rendered":"<p>El servei d\u2019acollida \u00e9s gestionat per l&#8217;AFA i Pam i Pipa i funciona en els seg\u00fcents horaris: de 7.30 a 9.00 hores del mat\u00ed de 16.30 a 17.30 hores de la tarda Aquest servei comen\u00e7a el dilluns 8 de setembre de 2025. Els dies 12 i 19 de juny no hi haur\u00e0 servei d&#8217;acollida de [&hellip;]<\/p>\n","protected":false},"author":1,"featured_media":0,"parent":66,"menu_order":20,"comment_status":"closed","ping_status":"closed","template":"","meta":{"_bbp_topic_count":0,"_bbp_reply_count":0,"_bbp_total_topic_count":0,"_bbp_total_reply_count":0,"_bbp_voice_count":0,"_bbp_anonymous_reply_count":0,"_bbp_topic_count_hidden":0,"_bbp_reply_count_hidden":0,"_bbp_forum_subforum_count":0,"site-sidebar-layout":"default","site-content-layout":"","ast-site-content-layout":"default","site-content-style":"default","site-sidebar-style":"default","ast-global-header-display":"","ast-banner-title-visibility":"","ast-main-header-display":"","ast-hfb-above-header-display":"","ast-hfb-below-header-display":"","ast-hfb-mobile-header-display":"","site-post-title":"","ast-breadcrumbs-content":"","ast-featured-img":"","footer-sml-layout":"","theme-transparent-header-meta":"default","adv-header-id-meta":"","stick-header-meta":"","header-above-stick-meta":"","header-main-stick-meta":"","header-below-stick-meta":"","astra-migrate-meta-layouts":"set","ast-page-background-enabled":"default","ast-page-background-meta":{"desktop":{"background-color":"var(--ast-global-color-4)","background-image":"","background-repeat":"repeat","background-position":"center center","background-size":"auto","background-attachment":"scroll","background-type":"","background-media":"","overlay-type":"","overlay-color":"","overlay-opacity":"","overlay-gradient":""},"tablet":{"background-color":"","background-image":"","background-repeat":"repeat","background-position":"center center","background-size":"auto","background-attachment":"scroll","background-type":"","background-media":"","overlay-type":"","overlay-color":"","overlay-opacity":"","overlay-gradient":""},"mobile":{"background-color":"","background-image":"","background-repeat":"repeat","background-position":"center center","background-size":"auto","background-attachment":"scroll","background-type":"","background-media":"","overlay-type":"","overlay-color":"","overlay-opacity":"","overlay-gradient":""}},"ast-content-background-meta":{"desktop":{"background-color":"var(--ast-global-color-5)","background-image":"","background-repeat":"repeat","background-position":"center center","background-size":"auto","background-attachment":"scroll","background-type":"","background-media":"","overlay-type":"","overlay-color":"","overlay-opacity":"","overlay-gradient":""},"tablet":{"background-color":"var(--ast-global-color-5)","background-image":"","background-repeat":"repeat","background-position":"center center","background-size":"auto","background-attachment":"scroll","background-type":"","background-media":"","overlay-type":"","overlay-color":"","overlay-opacity":"","overlay-gradient":""},"mobile":{"background-color":"var(--ast-global-color-5)","background-image":"","background-repeat":"repeat","background-position":"center center","background-size":"auto","background-attachment":"scroll","background-type":"","background-media":"","overlay-type":"","overlay-color":"","overlay-opacity":"","overlay-gradient":""}},"footnotes":""},"class_list":["post-77","page","type-page","status-publish","hentry"],"post_mailing_queue_ids":[],"_links":{"self":[{"href":"https:\/\/agora.xtec.cat\/ceipcancarabassa\/wp-json\/wp\/v2\/pages\/77","targetHints":{"allow":["GET"]}}],"collection":[{"href":"https:\/\/agora.xtec.cat\/ceipcancarabassa\/wp-json\/wp\/v2\/pages"}],"about":[{"href":"https:\/\/agora.xtec.cat\/ceipcancarabassa\/wp-json\/wp\/v2\/types\/page"}],"author":[{"embeddable":true,"href":"https:\/\/agora.xtec.cat\/ceipcancarabassa\/wp-json\/wp\/v2\/users\/1"}],"replies":[{"embeddable":true,"href":"https:\/\/agora.xtec.cat\/ceipcancarabassa\/wp-json\/wp\/v2\/comments?post=77"}],"version-history":[{"count":4,"href":"https:\/\/agora.xtec.cat\/ceipcancarabassa\/wp-json\/wp\/v2\/pages\/77\/revisions"}],"predecessor-version":[{"id":9225,"href":"https:\/\/agora.xtec.cat\/ceipcancarabassa\/wp-json\/wp\/v2\/pages\/77\/revisions\/9225"}],"up":[{"embeddable":true,"href":"https:\/\/agora.xtec.cat\/ceipcancarabassa\/wp-json\/wp\/v2\/pages\/66"}],"wp:attachment":[{"href":"https:\/\/agora.xtec.cat\/ceipcancarabassa\/wp-json\/wp\/v2\/media?parent=77"}],"curies":[{"name":"wp","href":"https:\/\/api.w.org\/{rel}","templated":true}]}}