{"id":1306,"date":"2020-03-17T11:52:50","date_gmt":"2020-03-17T10:52:50","guid":{"rendered":"https:\/\/agora.xtec.cat\/ceipcancarabassa\/?page_id=1306"},"modified":"2021-02-05T11:47:12","modified_gmt":"2021-02-05T10:47:12","slug":"espais-compartits","status":"publish","type":"page","link":"https:\/\/agora.xtec.cat\/ceipcancarabassa\/espais-compartits\/","title":{"rendered":"Espais compartits"},"content":{"rendered":"<p><a href=\"https:\/\/agora.xtec.cat\/ceipcancarabassa\/xarranca-casella-3\/\"><img loading=\"lazy\" decoding=\"async\" class=\"alignleft wp-image-1182\" src=\"https:\/\/agora.xtec.cat\/ceipcancarabassa\/wp-content\/uploads\/usu2007\/2020\/03\/Preinscripci\u00f3-2.png\" alt=\"\" width=\"53\" height=\"35\" \/><\/a><\/p>\n<p dir=\"ltr\"><span style=\"color: #000000;\">\u00a0<\/span><\/p>\n<p dir=\"ltr\"><span style=\"color: #000000;\">ESPAIS COMPARTITS A CICLE MITJANS\u00a0<\/span><\/p>\n<p>&nbsp;<\/p>\n<p dir=\"ltr\">Els espais compartits s\u00f3n diferents ambients, de relaci\u00f3, comunicaci\u00f3 i joc\u00a0 on a partir de diferents propostes els nens\/es poden observar, experimentar, construir, inventar, imaginar , compartir, relacionar-se, emocionar-se i interactuar amb els altres.<\/p>\n<p>&nbsp;<\/p>\n<p dir=\"ltr\">Aquest plantejament de treball \u00a0respon a la necessitat que mostren els infants de jugar i relacionar-se. \u00c9s una manera de poder donar resposta als interessos i necessitats dels nens\/es i respectar els diferents ritmes d\u2019aprenentatge.<\/p>\n<p>&nbsp;<\/p>\n<p dir=\"ltr\">Els infants disposen d\u2019un temps\u00a0d\u2019experi\u00e8ncia activa, constru\u00efda per l\u2019adult, per\u00f2 reconstru\u00efda per ells mateixos, on nens i nenes es reuneixen per explorar diverses possibilitats de joc i dels materials.<\/p>\n<p dir=\"ltr\">Als espais es destaca la gran import\u00e0ncia que t\u00e9 la relaci\u00f3 amb els companys\/es.<\/p>\n<p>&nbsp;<\/p>\n<ul>\n<li dir=\"ltr\">\n<p dir=\"ltr\">ESPAI D\u2019ALIMENTACI\u00d3<\/p>\n<\/li>\n<\/ul>\n<p><img loading=\"lazy\" decoding=\"async\" class=\"CToWUd a6T\" tabindex=\"0\" src=\"https:\/\/lh6.googleusercontent.com\/tXbeMrv56fgi4fmNC6T__TMoiYzXHnKFkXt6ZqpvCyRWmLMdANM4t_2zZezlJGDQfEnYemKnhBJIlKrwu1MZdZDHIgXik2ZQScXofPQo8xU2UdymkCPqkUhWJ1v0RgI0o4fk9zL6\" width=\"245\" height=\"184\" \/><img loading=\"lazy\" decoding=\"async\" class=\"CToWUd a6T\" tabindex=\"0\" src=\"https:\/\/lh5.googleusercontent.com\/aGjpqMhjjgzFgsfUREzNu6hQKAcRCWTkCdrIxVOMtR_3rG5Uaq74BVfQVhRTGf9-8Qs7vhIhNEV_SoyOpyo2QlBGMwRIH2WbvMdbz88loaKw-4Y0MnI6_OrjKzgWt5LIuXzTcpYO\" width=\"265\" height=\"193\" \/><\/p>\n<p dir=\"ltr\"><img loading=\"lazy\" decoding=\"async\" class=\"CToWUd a6T\" tabindex=\"0\" src=\"https:\/\/lh3.googleusercontent.com\/KcaQXxex6OSB9dph_UhHu2cOtoLCHzoJIgzSTLeils3v581CFfVfRk4O6bpY_WULKg_Rs62efn8lINIJDju3Cn6WwoQp-FWt2csXVYAe60MNFGGg5w8meazc_rR_ZFT8VLQGuq2q\" width=\"439\" height=\"247\" \/><\/p>\n<p>&nbsp;<\/p>\n<ul>\n<li dir=\"ltr\">\n<p dir=\"ltr\">ESPAI D\u2019ARQUITECTURA<\/p>\n<\/li>\n<\/ul>\n<p><img loading=\"lazy\" decoding=\"async\" class=\"CToWUd a6T\" tabindex=\"0\" src=\"https:\/\/lh5.googleusercontent.com\/skWqLDzEuWLJFiCzuOKzoXkeRIQaVFGJ5XrsMsxWdYhWK_fdnJJNVmI6vZ70H0QzrdiGUAzPNoI5lTel8IeOVwRDGWP_4HQbiq4fLVfhqQgH8-jiIMRyHbu2ZIuK9hiRp2ZAlNSd\" width=\"302\" height=\"227\" \/><img loading=\"lazy\" decoding=\"async\" class=\"CToWUd a6T\" tabindex=\"0\" src=\"https:\/\/lh4.googleusercontent.com\/HZmxd3HUG9PwDymqP95dMariwTKFHRNSQxz_rZuRCh_DTvTJ0WC2DfH5mfuMucPxEraAb1gNKVF08QTi7paAVZMbaBxPTXgi30YGK1xlKFI6laUkFcm9CVJ0r9WWFBdxj952Wiq2\" width=\"292\" height=\"215\" \/><\/p>\n<p dir=\"ltr\"><img loading=\"lazy\" decoding=\"async\" class=\"CToWUd a6T\" tabindex=\"0\" src=\"https:\/\/lh6.googleusercontent.com\/KADjQJUQHrHC8oO1giz-WUeXxB_oYRg4cKdTJ8kS_02VlCTpKC8ADitY98nCi8FPNyhTiVSSlG6BVAObhuoA_mQLIGmMkmWJLBNv4ucYsTGGobofULEWNUTnpejdF2v4bP7wxQRb\" width=\"397\" height=\"268\" \/><\/p>\n<p>&nbsp;<\/p>\n<ul>\n<li dir=\"ltr\">\n<p dir=\"ltr\">ESPAI MATEM\u00c0TIC<\/p>\n<\/li>\n<\/ul>\n<p>&nbsp;<\/p>\n<p dir=\"ltr\">\u00a0<img loading=\"lazy\" decoding=\"async\" class=\"CToWUd a6T\" tabindex=\"0\" src=\"https:\/\/lh4.googleusercontent.com\/YEi3n1tB41rwUdpciBU1YJq8fqzcus7dKW7gyl6alktcorBYgnrObfU2AdfDKz-vZ83ekmGyv8kSGdlOJMVTk_n1Wxw4qKbBnyDqaR5dQ6-dZDM9urgEwL57Ff8eh7I-0hsP0qTR\" alt=\"C:\\Users\\prof\\Downloads\\DSCN7759 (2).JPG\" width=\"278\" height=\"243\" \/>\u00a0 <img loading=\"lazy\" decoding=\"async\" class=\"CToWUd a6T\" tabindex=\"0\" src=\"https:\/\/lh5.googleusercontent.com\/p9R-tyMoaZkZvTudm_f_GZW5ZDVtZjG1YMJ9Nog6lq8uknnC3thIo1bnfwU0lLLKZx6CF8BAPGhYFdeJA8d6rHggoM75CYmG332juFAyoTALQRRLJ-JACiil8kdkmBHG0hCTFGz0\" alt=\"C:\\Users\\prof\\Downloads\\20190212_094738.jpg\" width=\"291\" height=\"238\" \/><\/p>\n<p>&nbsp;<\/p>\n<p dir=\"ltr\"><img loading=\"lazy\" decoding=\"async\" class=\"CToWUd a6T\" tabindex=\"0\" src=\"https:\/\/lh5.googleusercontent.com\/BybPovLoqdXLYxoRB4noyRN7d-cdD2zlxAbm9TIUqQQ705SG5mTZfs_jkerg8lz9hLYflyG-vBFFwoD5OCjwGrCqF8MfPRWnsnF5kejZJ8lJ0eLNiOPXzQAbMZEtXGvapDmGgvN2\" alt=\"C:\\Users\\prof\\Downloads\\20190212_094757.jpg\" width=\"417\" height=\"235\" \/><\/p>\n<p>&nbsp;<\/p>\n<ul>\n<li dir=\"ltr\">\n<p dir=\"ltr\">ESPAI DE LLETRES<\/p>\n<\/li>\n<\/ul>\n<p>&nbsp;<\/p>\n<p dir=\"ltr\"><img loading=\"lazy\" decoding=\"async\" class=\"CToWUd a6T\" tabindex=\"0\" src=\"https:\/\/lh5.googleusercontent.com\/g8kDmHM2A2nIy3UGTd0W0qDg8aGdEMvwSWTibtMJ_G6H3aiC_wYGEIpxKHiQ-iww8LfhVbfpPHOJ_TU73XJ-A7kUHmn_5_Qbv1k_G8gKLaBMHqSVv1jtj20ybD1BhWw399oFsqQo\" width=\"294\" height=\"237\" \/><img loading=\"lazy\" decoding=\"async\" class=\"CToWUd a6T\" tabindex=\"0\" src=\"https:\/\/lh4.googleusercontent.com\/Ykxo6Avd0qm6rY3ItTb7f6BPBa6MyMAisj7_f8RpZI1uz8lR015LotlZU2a1daWOC7YDXI5qTZnzCJOHg_JRAfAat6y5KEKKuWIgEXKwqDk-SHd1fu-9CyduShBrG5qQW4qa4547\" width=\"289\" height=\"239\" \/><img loading=\"lazy\" decoding=\"async\" class=\"CToWUd a6T\" tabindex=\"0\" src=\"https:\/\/lh4.googleusercontent.com\/c06d14kT9adNMkJgzXKbjH_9z-MR0_LVyo3NKaXn1vQc4O4r1hyzuQCqq-75sipIw0lbyhvMoDjsB3PUcBSfouelbF44R5tLmhyJKoXqzO0KpLlEjM7XGStRftmzibOMNZuAPLkm\" width=\"297\" height=\"242\" \/><img loading=\"lazy\" decoding=\"async\" class=\"CToWUd a6T\" tabindex=\"0\" src=\"https:\/\/lh3.googleusercontent.com\/uXN417AuRNSXjX4nTTwx3peqhJ_cCL00FLgSpFELFS1q8eRc7L8WP3pvIhHzIU3g-NA9zVFjzre97h4LofJGJOs1rBhZgOAIHQkHpO0t--bi-JLjrvJZ4Ahj3dgF0Fcftsi_FTZ6\" width=\"286\" height=\"242\" \/><\/p>\n<p>&nbsp;<\/p>\n<ul>\n<li dir=\"ltr\">\n<p dir=\"ltr\">ESPAI DE GEOMETRIA<\/p>\n<\/li>\n<\/ul>\n<p>&nbsp;<\/p>\n<p dir=\"ltr\"><img loading=\"lazy\" decoding=\"async\" class=\"CToWUd a6T\" tabindex=\"0\" src=\"https:\/\/lh3.googleusercontent.com\/SMa3PSWOQuBg6kSzvkcq2NCFV7enc1DIfiT8T9vJ1MM_3jeL9XMnWSiN7NMx27QDVseU3pPK_yJnpvL6jgG1iJIf1ShHpyzLz52JbTfLwERhwx40TdfXufpZkUNDnkwuO96XUq2Y\" alt=\"C:\\Users\\prof\\Downloads\\DSCN7764.JPG\" width=\"269\" height=\"200\" \/>\u00a0 \u00a0 \u00a0 <img loading=\"lazy\" decoding=\"async\" class=\"CToWUd a6T\" tabindex=\"0\" src=\"https:\/\/lh6.googleusercontent.com\/oapKZIcajFkzT3wU4f_pwjJ4l9VHpBB__sMAO3hgWFpWnhvwXE18RCAoAzNIcyHb5vmLMgKoRvNnakDtT7p6u6Y0n6O9wPoW0Z9x85tq0KjrK3qkuOiihWsmNbBH3IRlGWQFV6j_\" alt=\"C:\\Users\\prof\\Downloads\\DSCN7765.JPG\" width=\"301\" height=\"197\" \/><\/p>\n<p>&nbsp;<\/p>\n<p dir=\"ltr\">\u00a0\u00a0\u00a0\u00a0\u00a0\u00a0\u00a0\u00a0\u00a0\u00a0\u00a0\u00a0\u00a0\u00a0\u00a0\u00a0\u00a0\u00a0\u00a0\u00a0\u00a0\u00a0\u00a0\u00a0\u00a0\u00a0<img loading=\"lazy\" decoding=\"async\" class=\"CToWUd a6T\" tabindex=\"0\" src=\"https:\/\/lh6.googleusercontent.com\/cKYYcp8z_02oZW36aXUc1gDNX2bxnAiOoxVsN68Mz-EqUAqz-YExT3XpDb_AGcaAQdCeT2kuhfPr5jEF7mj8mrW-RjwRNt-igaPqzXvhRhsfOMxl3uWK36iSsspovs54ROlNywVW\" alt=\"C:\\Users\\prof\\Downloads\\DSCN7763.JPG\" width=\"394\" height=\"242\" \/><\/p>\n<p>&nbsp;<\/p>\n<ul>\n<li dir=\"ltr\">\n<p dir=\"ltr\">ESPAI DE MEC\u00c0NICA<\/p>\n<\/li>\n<\/ul>\n<p>&nbsp;<\/p>\n<p dir=\"ltr\"><img loading=\"lazy\" decoding=\"async\" class=\"CToWUd a6T\" tabindex=\"0\" src=\"https:\/\/lh5.googleusercontent.com\/M9wj8ubojbnbCEb7BtWiixm2LxZUL0o2YcL-EHbR_lqBhtOvlQG1yXgGXL628x0wxbccklJiJzF1zh5u4e87AG46TB83Ipup1w212WJQqp8rkBn36u3udrorhXuDVyMSmrKnQuUe\" width=\"303\" height=\"273\" \/><img loading=\"lazy\" decoding=\"async\" class=\"CToWUd a6T\" tabindex=\"0\" src=\"https:\/\/lh4.googleusercontent.com\/uc6JcxSAXkHHOK0kNL-CfY192PMWSR2hYqRFsVe0Ea5ikiReErjCKIyhNzRjDqk4dWJ-xZFEOrKgp94DgMq0XWZUiYGtJZ3C0sfEnXroeUfpetUbfTkuemZxoCLuSDWL9BrUTcrn\" width=\"282\" height=\"277\" \/><\/p>\n<p dir=\"ltr\"><img loading=\"lazy\" decoding=\"async\" class=\"CToWUd a6T\" tabindex=\"0\" src=\"https:\/\/lh5.googleusercontent.com\/1OketjhuqC_h8_tmn4l1-BInLPJEwwvxX1C9WQCCM2i3fKvaLPe788YrUGyYfwu1guVIUVWuHCETE0Wne8EhEVPdLtD6oZMHI0biH6qUamZtz1pwytETXECvoYs49D31khGFSYAh\" width=\"292\" height=\"280\" \/><img decoding=\"async\" class=\"CToWUd a6T\" tabindex=\"0\" src=\"https:\/\/lh5.googleusercontent.com\/05ig2UQFEhFxv6XvY2b6rWsMHQNY6aa2itPstiF7cmRHzCX3dWeADljPCVppyCyFdzx_BEZJIzaj0o9zT7Fi772LJRg7lNExuoqFCyqYjJAaFrO9M6ilJzF5OaWFYqlNd4ykJwVK\" width=\"336.76842105263154\" height=\"266.54654654654655\" \/><\/p>\n<ul>\n<li dir=\"ltr\">\n<p dir=\"ltr\">ESPAI DE CI\u00c8NCIES<\/p>\n<\/li>\n<\/ul>\n<p>&nbsp;<\/p>\n<p dir=\"ltr\"><img loading=\"lazy\" decoding=\"async\" class=\"CToWUd a6T\" tabindex=\"0\" src=\"https:\/\/lh3.googleusercontent.com\/ppxE10m35uAHjwcTQ7y8fHOXmInFoQYGE0cjs1Kqqq4z8SsMgbi-EEaTPnA9StWsWc_FbPECtAVAoJuC8VIouVA7k0xdJm1Rtodt0dhR9GooDMUAdCtAmR_1gifDaxkM4M2nNhmZ\" width=\"285\" height=\"304\" \/><img loading=\"lazy\" decoding=\"async\" class=\"CToWUd a6T\" tabindex=\"0\" src=\"https:\/\/lh4.googleusercontent.com\/XBNX3FmPv5CtwPQdC5f6GzvoiiXXJTBwNzY2dVz7mg_p9-RdeyIF5wp4rjQpIVbyknUOx9vaXljJmtgy6SEsWFVcrOAJ0Vsdghh9ceRpYWNwQL4xunZmQG7NNdCblwuf7wW-Te7p\" width=\"273\" height=\"303\" \/><\/p>\n<p dir=\"ltr\"><img loading=\"lazy\" decoding=\"async\" class=\"CToWUd a6T\" tabindex=\"0\" src=\"https:\/\/lh3.googleusercontent.com\/BPWKpTTr_C-HTimExdfy0aHDba5VyWDqAqWLwUFIf8evTnJInP4xSquazbv9dvKNxYDDqhGQY-LAtsoIKnCwzGi0bq2qbc3t98BnwScvJbMo2fqrBf7wCRFcVAJi8qSGioV3yxKj\" width=\"283\" height=\"223\" \/><img loading=\"lazy\" decoding=\"async\" class=\"CToWUd a6T\" tabindex=\"0\" src=\"https:\/\/lh6.googleusercontent.com\/-NVL2gSKcDQ35_vQ7tpnB_1lBJgT-OR5E_BmdGhwA_htr1HpFU6f1m-dtDutc5by4IFCNZPJcJ9wqYjKbyMoU8QtjplD7r02cwJgnW-ByW005tpHcfWaDGGXI32Vl0aCytKz7loc\" width=\"278\" height=\"224\" \/><\/p>\n<p dir=\"ltr\"><img loading=\"lazy\" decoding=\"async\" class=\"CToWUd a6T\" tabindex=\"0\" src=\"https:\/\/lh6.googleusercontent.com\/20QHkP3H4Eqt9vxA2p6sVyHQlU8ibEVQ5-0Om62QEVXAm6CY_D7vIQFK5ljzk3o3TM7UN8uK9OdblKkTiydBHgOY2pUUIJCBnJPxZdxMH1iNiAuhEzTRpwFlRxfUPWk_ghAplb7G\" width=\"281\" height=\"323\" \/><img loading=\"lazy\" decoding=\"async\" class=\"CToWUd a6T\" tabindex=\"0\" src=\"https:\/\/lh4.googleusercontent.com\/I2Miz0rXHc3brAvHg8PNstXGBixNAcTkxEmtZT158cDl5PZBohUv0-uFD528ooSXehqKJO2qVePuLrAeKmJwy3BGkMdrSvcCtddmpkL77uZPcvSOKT_-QRbxwGyfrr2tRb6QIbGH\" width=\"281\" height=\"327\" \/><\/p>\n<ul>\n<li dir=\"ltr\">\n<p dir=\"ltr\">ESPAI ART\u00cdSTIC<\/p>\n<\/li>\n<\/ul>\n<p>&nbsp;<\/p>\n<p dir=\"ltr\"><img loading=\"lazy\" decoding=\"async\" class=\"CToWUd a6T\" tabindex=\"0\" src=\"https:\/\/lh3.googleusercontent.com\/NzrtnMCn_5yc_Fo8NNV-minPohmQuedJZWSxabu-H7cVPfOrj-vfO9my5T1_Kyi_kDgIBwgxfyP_3_zG7mTYnwCK9kFwPNt7fcoQW4jTIiZWUaUWWg0jlF3XVg6Q-Mo_zKQxKmYJ\" width=\"574\" height=\"323\" \/><\/p>\n<p dir=\"ltr\">\u00a0\u00a0\u00a0\u00a0\u00a0\u00a0\u00a0\u00a0\u00a0\u00a0\u00a0\u00a0\u00a0\u00a0Bonguea els bongos! \u00a0 \u00a0 \u00a0 \u00a0 \u00a0 \u00a0 \u00a0 \u00a0 \u00a0 \u00a0 \u00a0 \u00a0 \u00a0 \u00a0 \u00a0 \u00a0 \u00a0 \u00a0 \u00a0 \u00a0 \u00a0 UNO musical<\/p>\n<p>&nbsp;<\/p>\n<p dir=\"ltr\"><img loading=\"lazy\" decoding=\"async\" class=\"CToWUd a6T\" tabindex=\"0\" src=\"https:\/\/lh5.googleusercontent.com\/gvWfsnGNBEVKCIceFM8YXZQ8fIYNAes8aJNVPyOEjeexJpBhGy2OvGndBV460RtlvvRNou4-y9T5pHG3trWAoFqpU--e1f1G72jkdSDfZ523Y84nv-_7huFsf1BDTDbgpaWZVo2k\" width=\"272\" height=\"211\" \/>\u00a0 \u00a0 <img loading=\"lazy\" decoding=\"async\" class=\"CToWUd\" src=\"https:\/\/lh3.googleusercontent.com\/pgopGOa6upUjC1cU0DSpQwAxM2avE3p3qV4hIAyOCx0gZLwQs0G8uTTQBhfmDyRgMNLQWFPlIMkGbmAy8ah6sFJy4CwAAosrwZI_E1fCCRk_Tq739pgUNkmnKSbCoONVDHTv1EmP\" width=\"218\" height=\"287\" \/><\/p>\n<p dir=\"ltr\">\u00a0\u00a0\u00a0\u00a0\u00a0\u00a0\u00a0\u00a0\u00a0\u00a0\u00a0\u00a0\u00a0\u00a0\u00a0\u00a0\u00a0\u00a0\u00a0\u00a0\u00a0\u00a0\u00a0\u00a0\u00a0\u00a0Tots a l\u2019espai\u00a0 \u00a0 \u00a0 \u00a0 \u00a0 \u00a0 \u00a0 \u00a0 \u00a0 \u00a0 \u00a0 \u00a0 \u00a0 \u00a0 \u00a0 \u00a0 \u00a0 \u00a0 \u00a0 \u00a0 \u00a0 \u00a0 \u00a0 \u00a0 \u00a0 \u00a0 Diverm\u00e0gic!<\/p>\n<p>&nbsp;<\/p>\n<p>&nbsp;<\/p>\n<p><a href=\"https:\/\/agora.xtec.cat\/ceipcancarabassa\/?page_id=1165&amp;preview=true\"><img loading=\"lazy\" decoding=\"async\" class=\"wp-image-1182 alignleft\" src=\"https:\/\/agora.xtec.cat\/ceipcancarabassa\/wp-content\/uploads\/usu2007\/2020\/03\/Preinscripci\u00f3-2.png\" alt=\"\" width=\"53\" height=\"35\" \/><\/a><\/p>\n","protected":false},"excerpt":{"rendered":"<p>\u00a0 ESPAIS COMPARTITS A CICLE MITJANS\u00a0 &nbsp; Els espais compartits s\u00f3n diferents ambients, de relaci\u00f3, comunicaci\u00f3 i joc\u00a0 on a partir de diferents propostes els nens\/es poden observar, experimentar, construir, inventar, imaginar , compartir, relacionar-se, emocionar-se i interactuar amb els altres. &nbsp; Aquest plantejament de treball \u00a0respon a la necessitat que mostren els infants de [&hellip;]<\/p>\n","protected":false},"author":1,"featured_media":0,"parent":0,"menu_order":0,"comment_status":"closed","ping_status":"closed","template":"","meta":{"_bbp_topic_count":0,"_bbp_reply_count":0,"_bbp_total_topic_count":0,"_bbp_total_reply_count":0,"_bbp_voice_count":0,"_bbp_anonymous_reply_count":0,"_bbp_topic_count_hidden":0,"_bbp_reply_count_hidden":0,"_bbp_forum_subforum_count":0,"site-sidebar-layout":"default","site-content-layout":"","ast-site-content-layout":"","site-content-style":"default","site-sidebar-style":"default","ast-global-header-display":"","ast-banner-title-visibility":"","ast-main-header-display":"","ast-hfb-above-header-display":"","ast-hfb-below-header-display":"","ast-hfb-mobile-header-display":"","site-post-title":"","ast-breadcrumbs-content":"","ast-featured-img":"","footer-sml-layout":"","theme-transparent-header-meta":"","adv-header-id-meta":"","stick-header-meta":"","header-above-stick-meta":"","header-main-stick-meta":"","header-below-stick-meta":"","astra-migrate-meta-layouts":"default","ast-page-background-enabled":"default","ast-page-background-meta":{"desktop":{"background-color":"var(--ast-global-color-4)","background-image":"","background-repeat":"repeat","background-position":"center center","background-size":"auto","background-attachment":"scroll","background-type":"","background-media":"","overlay-type":"","overlay-color":"","overlay-opacity":"","overlay-gradient":""},"tablet":{"background-color":"","background-image":"","background-repeat":"repeat","background-position":"center center","background-size":"auto","background-attachment":"scroll","background-type":"","background-media":"","overlay-type":"","overlay-color":"","overlay-opacity":"","overlay-gradient":""},"mobile":{"background-color":"","background-image":"","background-repeat":"repeat","background-position":"center center","background-size":"auto","background-attachment":"scroll","background-type":"","background-media":"","overlay-type":"","overlay-color":"","overlay-opacity":"","overlay-gradient":""}},"ast-content-background-meta":{"desktop":{"background-color":"var(--ast-global-color-5)","background-image":"","background-repeat":"repeat","background-position":"center center","background-size":"auto","background-attachment":"scroll","background-type":"","background-media":"","overlay-type":"","overlay-color":"","overlay-opacity":"","overlay-gradient":""},"tablet":{"background-color":"var(--ast-global-color-5)","background-image":"","background-repeat":"repeat","background-position":"center center","background-size":"auto","background-attachment":"scroll","background-type":"","background-media":"","overlay-type":"","overlay-color":"","overlay-opacity":"","overlay-gradient":""},"mobile":{"background-color":"var(--ast-global-color-5)","background-image":"","background-repeat":"repeat","background-position":"center center","background-size":"auto","background-attachment":"scroll","background-type":"","background-media":"","overlay-type":"","overlay-color":"","overlay-opacity":"","overlay-gradient":""}},"footnotes":""},"class_list":["post-1306","page","type-page","status-publish","hentry"],"post_mailing_queue_ids":[],"_links":{"self":[{"href":"https:\/\/agora.xtec.cat\/ceipcancarabassa\/wp-json\/wp\/v2\/pages\/1306","targetHints":{"allow":["GET"]}}],"collection":[{"href":"https:\/\/agora.xtec.cat\/ceipcancarabassa\/wp-json\/wp\/v2\/pages"}],"about":[{"href":"https:\/\/agora.xtec.cat\/ceipcancarabassa\/wp-json\/wp\/v2\/types\/page"}],"author":[{"embeddable":true,"href":"https:\/\/agora.xtec.cat\/ceipcancarabassa\/wp-json\/wp\/v2\/users\/1"}],"replies":[{"embeddable":true,"href":"https:\/\/agora.xtec.cat\/ceipcancarabassa\/wp-json\/wp\/v2\/comments?post=1306"}],"version-history":[{"count":3,"href":"https:\/\/agora.xtec.cat\/ceipcancarabassa\/wp-json\/wp\/v2\/pages\/1306\/revisions"}],"predecessor-version":[{"id":2663,"href":"https:\/\/agora.xtec.cat\/ceipcancarabassa\/wp-json\/wp\/v2\/pages\/1306\/revisions\/2663"}],"wp:attachment":[{"href":"https:\/\/agora.xtec.cat\/ceipcancarabassa\/wp-json\/wp\/v2\/media?parent=1306"}],"curies":[{"name":"wp","href":"https:\/\/api.w.org\/{rel}","templated":true}]}}