{"id":36,"date":"2014-09-18T12:33:11","date_gmt":"2014-09-18T11:33:11","guid":{"rendered":"http:\/\/agora.xtec.cat\/ceipcanbesora\/?page_id=36"},"modified":"2025-09-01T20:14:13","modified_gmt":"2025-09-01T18:14:13","slug":"personal-escola","status":"publish","type":"page","link":"https:\/\/agora.xtec.cat\/ceipcanbesora\/lescola\/personal-escola\/","title":{"rendered":"El personal de l&#8217;escola"},"content":{"rendered":"<div style=\"display: block; background: #d14b54; color: white; padding: 5px 0px; margin: 20px 0px;\"><strong>Tram de Petits<\/strong><\/div>\n<p><b>I3 A<\/b>: Anna Jim\u00e9nez i Carlota N\u00fa\u00f1ez<\/p>\n<p><b>TEI<\/b>: Sandra Molina<\/p>\n<p><b>I4 A<\/b>: Raquel Novo<br \/>\n<b>I4 B<\/b>: M\u00f3nica Alarc\u00f3n<\/p>\n<p><b>I5 A<\/b>: <span style=\"font-weight: 400;\">Bel\u00e9n Ruiz (coordinadora tram petits)<\/span><span style=\"font-weight: 400;\">\u00a0<\/span><\/p>\n<p><strong>Mestre de m\u00fasica:<\/strong> Sergi Morral<\/p>\n<p><strong>Mestra d&#8217;angl\u00e8s<\/strong>: Carla Subirana<\/p>\n<p><strong>Racons matem\u00e0tics i suports:<\/strong> Rosa Sol\u00e9<\/p>\n<div style=\"display: block; background: #008794; color: white; padding: 5px 0px; margin: 20px 0px;\"><strong>Tram de Mitjans<\/strong><\/div>\n<p><b>1r A<\/b>: <span style=\"font-weight: 400;\">\u00c0ngels Gris<\/span><br \/>\n<b>1r B<\/b>: Marta Feliu<\/p>\n<p><b>2n A<\/b>: <span style=\"font-weight: 400;\">Alba \u00c0leu<\/span><br \/>\n<b>2n B<\/b>: \u00a0<span style=\"font-weight: 400;\">Montse Camacho (coordinadora tram mitjans)<\/span><\/p>\n<p><b>3r A<\/b>: Xavi L\u00f3pez<br \/>\n<b>3r B<\/b>: Meritxell Sala<\/p>\n<p><strong>Mestra de castell\u00e0:<\/strong> Isabel Calbet<\/p>\n<p><b>Mestra d&#8217;angl\u00e8s: <\/b>Aina Horcas<\/p>\n<p><b>Mestra de m\u00fasica: <\/b>Sergi Rodr\u00edguez<\/p>\n<p><strong>Mestra d&#8217;educaci\u00f3 f\u00edsica 1r i 2n<\/strong>: Isa Siles<\/p>\n<p><b>Mestre d&#8217;educaci\u00f3 f\u00edsica 3r: <\/b>Ricard Solsona<\/p>\n<div style=\"display: block; background: #642a8e; color: white; padding: 5px 0px; margin: 20px 0px;\"><strong>Tram de Grans<\/strong><\/div>\n<p><b>4t A<\/b>: Laura Fern\u00e1ndez<br \/>\n<b>4t B<\/b>: <span style=\"font-weight: 400;\">Teresa Benet<\/span><\/p>\n<p><b>5\u00e8 A<\/b>: <span style=\"font-weight: 400;\">Isa Caro (coordinadora tram grans)<\/span><br \/>\n<b>5\u00e8 B<\/b>: V\u00edctor Garcia<\/p>\n<p><b>6\u00e8 A<\/b>: Elena Le\u00f3n<br \/>\n<b>6\u00e8 B: <span style=\"font-weight: 400;\">Susana Soler\u00a0<\/span><\/b><\/p>\n<p><b>Mestre d&#8217;angl\u00e8s: <span style=\"font-weight: 400;\">Yannick Garcia<\/span><\/b><\/p>\n<p><strong>Mestre de castell\u00e0 4t i 5\u00e8: <\/strong>Enric Matencio<\/p>\n<p><strong>Mestra de castell\u00e0 6\u00e8: <\/strong>Carla Subirana<\/p>\n<p><b>Mestres de m\u00fasica: <\/b>Sergi Rodr\u00edguez i Sonia Jim\u00e9nez<\/p>\n<p><b>Mestre d&#8217;educaci\u00f3 f\u00edsica: <\/b>Ricard Solsona<\/p>\n<div style=\"display: block; background: #22b473; color: white; padding: 5px 0px; margin: 20px 0px;\"><strong>L&#8217;escola<\/strong><\/div>\n<p><b>Directora<\/b>: Isa Siles<br \/>\n<b>Cap d\u2019estudis<\/b>: Carla Subirana<br \/>\n<b>Secret\u00e0ria<\/b>: Sonia Jim\u00e9nez<\/p>\n<p><b>Conserge<\/b>: Xavi Mart\u00ednez<br \/>\n<b>Administrativa<\/b>: Juani Jim\u00e9nez<\/p>\n<p><strong>Mestres de suport a la inclusi\u00f3:<\/strong> Vanesa Jorge i Aloma Vegas<\/p>\n<p><b>Auxiliar d&#8217;educaci\u00f3 especial<\/b>: Noelia Casta\u00f1o<\/p>\n<p><strong>Educadora d&#8217;educaci\u00f3 especial<\/strong>: Laura Cotado<\/p>\n<p><strong>Dinamitzadora de la biblioteca: <\/strong>Eva Font<\/p>\n<p><strong>Dinamitzadora de l&#8217;hort: <\/strong>Joana Aumedes<\/p>\n<p><strong>Dinamitzador de teatre <\/strong>Oscar Bretau<\/p>\n<p><a href=\"https:\/\/agora.xtec.cat\/ceipcanbesora\/wp-content\/uploads\/usu1961\/2025\/09\/IMG_3209.jpg\"><img loading=\"lazy\" decoding=\"async\" class=\"alignnone size-full wp-image-27823\" src=\"https:\/\/agora.xtec.cat\/ceipcanbesora\/wp-content\/uploads\/usu1961\/2025\/09\/IMG_3209.jpg\" alt=\"\" width=\"1792\" height=\"1198\" srcset=\"https:\/\/agora.xtec.cat\/ceipcanbesora\/wp-content\/uploads\/usu1961\/2025\/09\/IMG_3209.jpg 1792w, https:\/\/agora.xtec.cat\/ceipcanbesora\/wp-content\/uploads\/usu1961\/2025\/09\/IMG_3209-300x201.jpg 300w, https:\/\/agora.xtec.cat\/ceipcanbesora\/wp-content\/uploads\/usu1961\/2025\/09\/IMG_3209-1024x685.jpg 1024w, https:\/\/agora.xtec.cat\/ceipcanbesora\/wp-content\/uploads\/usu1961\/2025\/09\/IMG_3209-768x513.jpg 768w, https:\/\/agora.xtec.cat\/ceipcanbesora\/wp-content\/uploads\/usu1961\/2025\/09\/IMG_3209-1536x1027.jpg 1536w\" sizes=\"auto, (max-width: 1792px) 100vw, 1792px\" \/><\/a><\/p>\n","protected":false},"excerpt":{"rendered":"<p>Tram de Petits I3 A: Anna Jim\u00e9nez i Carlota N\u00fa\u00f1ez TEI: Sandra Molina I4 A: Raquel Novo I4 B: M\u00f3nica Alarc\u00f3n I5 A: Bel\u00e9n Ruiz (coordinadora tram petits)\u00a0 Mestre de m\u00fasica: Sergi Morral Mestra d&#8217;angl\u00e8s: Carla Subirana Racons matem\u00e0tics i suports: Rosa Sol\u00e9 Tram de Mitjans 1r A: \u00c0ngels Gris 1r B: Marta Feliu 2n [&hellip;]<\/p>\n","protected":false},"author":1,"featured_media":0,"parent":22,"menu_order":70,"comment_status":"closed","ping_status":"closed","template":"","meta":{"_bbp_topic_count":0,"_bbp_reply_count":0,"_bbp_total_topic_count":0,"_bbp_total_reply_count":0,"_bbp_voice_count":0,"_bbp_anonymous_reply_count":0,"_bbp_topic_count_hidden":0,"_bbp_reply_count_hidden":0,"_bbp_forum_subforum_count":0,"site-sidebar-layout":"default","site-content-layout":"","ast-site-content-layout":"default","site-content-style":"default","site-sidebar-style":"default","ast-global-header-display":"","ast-banner-title-visibility":"","ast-main-header-display":"","ast-hfb-above-header-display":"","ast-hfb-below-header-display":"","ast-hfb-mobile-header-display":"","site-post-title":"","ast-breadcrumbs-content":"","ast-featured-img":"","footer-sml-layout":"","theme-transparent-header-meta":"default","adv-header-id-meta":"","stick-header-meta":"","header-above-stick-meta":"","header-main-stick-meta":"","header-below-stick-meta":"","astra-migrate-meta-layouts":"set","ast-page-background-enabled":"default","ast-page-background-meta":{"desktop":{"background-color":"var(--ast-global-color-4)","background-image":"","background-repeat":"repeat","background-position":"center center","background-size":"auto","background-attachment":"scroll","background-type":"","background-media":"","overlay-type":"","overlay-color":"","overlay-opacity":"","overlay-gradient":""},"tablet":{"background-color":"","background-image":"","background-repeat":"repeat","background-position":"center center","background-size":"auto","background-attachment":"scroll","background-type":"","background-media":"","overlay-type":"","overlay-color":"","overlay-opacity":"","overlay-gradient":""},"mobile":{"background-color":"","background-image":"","background-repeat":"repeat","background-position":"center center","background-size":"auto","background-attachment":"scroll","background-type":"","background-media":"","overlay-type":"","overlay-color":"","overlay-opacity":"","overlay-gradient":""}},"ast-content-background-meta":{"desktop":{"background-color":"var(--ast-global-color-5)","background-image":"","background-repeat":"repeat","background-position":"center center","background-size":"auto","background-attachment":"scroll","background-type":"","background-media":"","overlay-type":"","overlay-color":"","overlay-opacity":"","overlay-gradient":""},"tablet":{"background-color":"var(--ast-global-color-5)","background-image":"","background-repeat":"repeat","background-position":"center center","background-size":"auto","background-attachment":"scroll","background-type":"","background-media":"","overlay-type":"","overlay-color":"","overlay-opacity":"","overlay-gradient":""},"mobile":{"background-color":"var(--ast-global-color-5)","background-image":"","background-repeat":"repeat","background-position":"center center","background-size":"auto","background-attachment":"scroll","background-type":"","background-media":"","overlay-type":"","overlay-color":"","overlay-opacity":"","overlay-gradient":""}},"footnotes":""},"class_list":["post-36","page","type-page","status-publish","hentry"],"post_mailing_queue_ids":[],"_links":{"self":[{"href":"https:\/\/agora.xtec.cat\/ceipcanbesora\/wp-json\/wp\/v2\/pages\/36","targetHints":{"allow":["GET"]}}],"collection":[{"href":"https:\/\/agora.xtec.cat\/ceipcanbesora\/wp-json\/wp\/v2\/pages"}],"about":[{"href":"https:\/\/agora.xtec.cat\/ceipcanbesora\/wp-json\/wp\/v2\/types\/page"}],"author":[{"embeddable":true,"href":"https:\/\/agora.xtec.cat\/ceipcanbesora\/wp-json\/wp\/v2\/users\/1"}],"replies":[{"embeddable":true,"href":"https:\/\/agora.xtec.cat\/ceipcanbesora\/wp-json\/wp\/v2\/comments?post=36"}],"version-history":[{"count":5,"href":"https:\/\/agora.xtec.cat\/ceipcanbesora\/wp-json\/wp\/v2\/pages\/36\/revisions"}],"predecessor-version":[{"id":27824,"href":"https:\/\/agora.xtec.cat\/ceipcanbesora\/wp-json\/wp\/v2\/pages\/36\/revisions\/27824"}],"up":[{"embeddable":true,"href":"https:\/\/agora.xtec.cat\/ceipcanbesora\/wp-json\/wp\/v2\/pages\/22"}],"wp:attachment":[{"href":"https:\/\/agora.xtec.cat\/ceipcanbesora\/wp-json\/wp\/v2\/media?parent=36"}],"curies":[{"name":"wp","href":"https:\/\/api.w.org\/{rel}","templated":true}]}}