{"id":32,"date":"2014-09-18T12:31:33","date_gmt":"2014-09-18T11:31:33","guid":{"rendered":"http:\/\/agora.xtec.cat\/ceipcanbesora\/?page_id=32"},"modified":"2025-06-20T11:15:18","modified_gmt":"2025-06-20T09:15:18","slug":"calendari-del-curs","status":"publish","type":"page","link":"https:\/\/agora.xtec.cat\/ceipcanbesora\/lescola\/calendari-del-curs\/","title":{"rendered":"Calendari del curs"},"content":{"rendered":"<h3>HORARI DEL CENTRE EDUCACI\u00d3 INFANTIL I PRIM\u00c0RIA<\/h3>\n<p>Mat\u00ed de 9 a 12:30h.<br \/>\nTarda de 15 a 16:30h.<\/p>\n<h3>HORARI DE DIRECCI\u00d3 I CAP D&#8217;ESTUDIS<\/h3>\n<p>Divendres de 9:00-10:30h i de 15 a 16:30h<\/p>\n<h3>HORARI DE SECRETARIA DOCENT (comissi\u00f3 econ\u00f2mica)<\/h3>\n<p>Divendres de 9:00-10:30h i de 15 a 16:30h<\/p>\n<div style=\"background: #a2cfd7; padding: 10px;\">\n<h4>ATENCI\u00d3 A LES FAM\u00cdLIES<\/h4>\n<p>Per concertar entrevista amb la Directora, la Secret\u00e0ria o la Cap d&#8217;Estudis s\u2019ha de demanar hora pr\u00e8viament al tel\u00e8fon <strong>93 544 52 83<\/strong><\/p>\n<\/div>\n<div><\/div>\n<p><a href=\"https:\/\/agora.xtec.cat\/ceipcanbesora\/wp-content\/uploads\/usu1961\/2025\/06\/Calendari-2025-26.jpg\"><img loading=\"lazy\" decoding=\"async\" class=\"alignnone size-full wp-image-27708\" src=\"https:\/\/agora.xtec.cat\/ceipcanbesora\/wp-content\/uploads\/usu1961\/2025\/06\/Calendari-2025-26.jpg\" alt=\"\" width=\"1221\" height=\"1606\" srcset=\"https:\/\/agora.xtec.cat\/ceipcanbesora\/wp-content\/uploads\/usu1961\/2025\/06\/Calendari-2025-26.jpg 1221w, https:\/\/agora.xtec.cat\/ceipcanbesora\/wp-content\/uploads\/usu1961\/2025\/06\/Calendari-2025-26-228x300.jpg 228w, https:\/\/agora.xtec.cat\/ceipcanbesora\/wp-content\/uploads\/usu1961\/2025\/06\/Calendari-2025-26-779x1024.jpg 779w, https:\/\/agora.xtec.cat\/ceipcanbesora\/wp-content\/uploads\/usu1961\/2025\/06\/Calendari-2025-26-768x1010.jpg 768w, https:\/\/agora.xtec.cat\/ceipcanbesora\/wp-content\/uploads\/usu1961\/2025\/06\/Calendari-2025-26-1168x1536.jpg 1168w\" sizes=\"auto, (max-width: 1221px) 100vw, 1221px\" \/><\/a><\/p>\n","protected":false},"excerpt":{"rendered":"<p>HORARI DEL CENTRE EDUCACI\u00d3 INFANTIL I PRIM\u00c0RIA Mat\u00ed de 9 a 12:30h. Tarda de 15 a 16:30h. HORARI DE DIRECCI\u00d3 I CAP D&#8217;ESTUDIS Divendres de 9:00-10:30h i de 15 a 16:30h HORARI DE SECRETARIA DOCENT (comissi\u00f3 econ\u00f2mica) Divendres de 9:00-10:30h i de 15 a 16:30h ATENCI\u00d3 A LES FAM\u00cdLIES Per concertar entrevista amb la Directora, [&hellip;]<\/p>\n","protected":false},"author":1,"featured_media":0,"parent":22,"menu_order":50,"comment_status":"closed","ping_status":"closed","template":"page-templates\/side-menu.php","meta":{"_bbp_topic_count":0,"_bbp_reply_count":0,"_bbp_total_topic_count":0,"_bbp_total_reply_count":0,"_bbp_voice_count":0,"_bbp_anonymous_reply_count":0,"_bbp_topic_count_hidden":0,"_bbp_reply_count_hidden":0,"_bbp_forum_subforum_count":0,"site-sidebar-layout":"default","site-content-layout":"","ast-site-content-layout":"","site-content-style":"default","site-sidebar-style":"default","ast-global-header-display":"","ast-banner-title-visibility":"","ast-main-header-display":"","ast-hfb-above-header-display":"","ast-hfb-below-header-display":"","ast-hfb-mobile-header-display":"","site-post-title":"","ast-breadcrumbs-content":"","ast-featured-img":"","footer-sml-layout":"","theme-transparent-header-meta":"","adv-header-id-meta":"","stick-header-meta":"","header-above-stick-meta":"","header-main-stick-meta":"","header-below-stick-meta":"","astra-migrate-meta-layouts":"default","ast-page-background-enabled":"default","ast-page-background-meta":{"desktop":{"background-color":"var(--ast-global-color-4)","background-image":"","background-repeat":"repeat","background-position":"center center","background-size":"auto","background-attachment":"scroll","background-type":"","background-media":"","overlay-type":"","overlay-color":"","overlay-opacity":"","overlay-gradient":""},"tablet":{"background-color":"","background-image":"","background-repeat":"repeat","background-position":"center center","background-size":"auto","background-attachment":"scroll","background-type":"","background-media":"","overlay-type":"","overlay-color":"","overlay-opacity":"","overlay-gradient":""},"mobile":{"background-color":"","background-image":"","background-repeat":"repeat","background-position":"center center","background-size":"auto","background-attachment":"scroll","background-type":"","background-media":"","overlay-type":"","overlay-color":"","overlay-opacity":"","overlay-gradient":""}},"ast-content-background-meta":{"desktop":{"background-color":"var(--ast-global-color-5)","background-image":"","background-repeat":"repeat","background-position":"center center","background-size":"auto","background-attachment":"scroll","background-type":"","background-media":"","overlay-type":"","overlay-color":"","overlay-opacity":"","overlay-gradient":""},"tablet":{"background-color":"var(--ast-global-color-5)","background-image":"","background-repeat":"repeat","background-position":"center center","background-size":"auto","background-attachment":"scroll","background-type":"","background-media":"","overlay-type":"","overlay-color":"","overlay-opacity":"","overlay-gradient":""},"mobile":{"background-color":"var(--ast-global-color-5)","background-image":"","background-repeat":"repeat","background-position":"center center","background-size":"auto","background-attachment":"scroll","background-type":"","background-media":"","overlay-type":"","overlay-color":"","overlay-opacity":"","overlay-gradient":""}},"footnotes":""},"class_list":["post-32","page","type-page","status-publish","hentry"],"post_mailing_queue_ids":[],"_links":{"self":[{"href":"https:\/\/agora.xtec.cat\/ceipcanbesora\/wp-json\/wp\/v2\/pages\/32","targetHints":{"allow":["GET"]}}],"collection":[{"href":"https:\/\/agora.xtec.cat\/ceipcanbesora\/wp-json\/wp\/v2\/pages"}],"about":[{"href":"https:\/\/agora.xtec.cat\/ceipcanbesora\/wp-json\/wp\/v2\/types\/page"}],"author":[{"embeddable":true,"href":"https:\/\/agora.xtec.cat\/ceipcanbesora\/wp-json\/wp\/v2\/users\/1"}],"replies":[{"embeddable":true,"href":"https:\/\/agora.xtec.cat\/ceipcanbesora\/wp-json\/wp\/v2\/comments?post=32"}],"version-history":[{"count":5,"href":"https:\/\/agora.xtec.cat\/ceipcanbesora\/wp-json\/wp\/v2\/pages\/32\/revisions"}],"predecessor-version":[{"id":27709,"href":"https:\/\/agora.xtec.cat\/ceipcanbesora\/wp-json\/wp\/v2\/pages\/32\/revisions\/27709"}],"up":[{"embeddable":true,"href":"https:\/\/agora.xtec.cat\/ceipcanbesora\/wp-json\/wp\/v2\/pages\/22"}],"wp:attachment":[{"href":"https:\/\/agora.xtec.cat\/ceipcanbesora\/wp-json\/wp\/v2\/media?parent=32"}],"curies":[{"name":"wp","href":"https:\/\/api.w.org\/{rel}","templated":true}]}}