{"id":27975,"date":"2025-10-30T08:16:33","date_gmt":"2025-10-30T07:16:33","guid":{"rendered":"https:\/\/agora.xtec.cat\/ceipcanbesora\/?page_id=27975"},"modified":"2025-10-30T08:19:28","modified_gmt":"2025-10-30T07:19:28","slug":"comissio-bricofamilies","status":"publish","type":"page","link":"https:\/\/agora.xtec.cat\/ceipcanbesora\/comissions\/comissio-bricofamilies\/","title":{"rendered":"Comissi\u00f3 Bricofam\u00edlies"},"content":{"rendered":"<p data-pm-slice=\"1 1 []\">La comissi\u00f3 Bricofam\u00edlies est\u00e0 formada per fam\u00edlies volunt\u00e0ries que col\u00b7laboren en la millora i manteniment de l\u2019escola. S\u2019encarrega de gestionar i coordinar les necessitats de reparaci\u00f3 o millora que puguin sorgir, segons les demandes del centre o de la comunitat educativa.<\/p>\n<p>\u00c9s una comissi\u00f3 que actua en funci\u00f3 de les necessitats del moment. Les sol\u00b7licituds es recepcionen des de la mateixa comissi\u00f3 i, en cas que la tasca requereixi m\u00e9s recursos humans, es demana la col\u00b7laboraci\u00f3 de tota la comunitat educativa.<\/p>\n<p>La comunicaci\u00f3 i coordinaci\u00f3 es fan principalment a trav\u00e9s d\u2019un grup de WhatsApp, que permet donar una resposta r\u00e0pida i efica\u00e7.<\/p>\n<p><strong>Correu electr\u00f2nic de contacte: bricofamilies<span class=\"\">@canbesora.com<\/span><\/strong><\/p>\n","protected":false},"excerpt":{"rendered":"<p>La comissi\u00f3 Bricofam\u00edlies est\u00e0 formada per fam\u00edlies volunt\u00e0ries que col\u00b7laboren en la millora i manteniment de l\u2019escola. S\u2019encarrega de gestionar i coordinar les necessitats de reparaci\u00f3 o millora que puguin sorgir, segons les demandes del centre o de la comunitat educativa. \u00c9s una comissi\u00f3 que actua en funci\u00f3 de les necessitats del moment. Les sol\u00b7licituds [&hellip;]<\/p>\n","protected":false},"author":1,"featured_media":0,"parent":479,"menu_order":4,"comment_status":"closed","ping_status":"closed","template":"","meta":{"_bbp_topic_count":0,"_bbp_reply_count":0,"_bbp_total_topic_count":0,"_bbp_total_reply_count":0,"_bbp_voice_count":0,"_bbp_anonymous_reply_count":0,"_bbp_topic_count_hidden":0,"_bbp_reply_count_hidden":0,"_bbp_forum_subforum_count":0,"site-sidebar-layout":"default","site-content-layout":"","ast-site-content-layout":"default","site-content-style":"default","site-sidebar-style":"default","ast-global-header-display":"","ast-banner-title-visibility":"","ast-main-header-display":"","ast-hfb-above-header-display":"","ast-hfb-below-header-display":"","ast-hfb-mobile-header-display":"","site-post-title":"","ast-breadcrumbs-content":"","ast-featured-img":"","footer-sml-layout":"","theme-transparent-header-meta":"default","adv-header-id-meta":"","stick-header-meta":"","header-above-stick-meta":"","header-main-stick-meta":"","header-below-stick-meta":"","astra-migrate-meta-layouts":"set","ast-page-background-enabled":"default","ast-page-background-meta":{"desktop":{"background-color":"var(--ast-global-color-4)","background-image":"","background-repeat":"repeat","background-position":"center center","background-size":"auto","background-attachment":"scroll","background-type":"","background-media":"","overlay-type":"","overlay-color":"","overlay-opacity":"","overlay-gradient":""},"tablet":{"background-color":"","background-image":"","background-repeat":"repeat","background-position":"center center","background-size":"auto","background-attachment":"scroll","background-type":"","background-media":"","overlay-type":"","overlay-color":"","overlay-opacity":"","overlay-gradient":""},"mobile":{"background-color":"","background-image":"","background-repeat":"repeat","background-position":"center center","background-size":"auto","background-attachment":"scroll","background-type":"","background-media":"","overlay-type":"","overlay-color":"","overlay-opacity":"","overlay-gradient":""}},"ast-content-background-meta":{"desktop":{"background-color":"var(--ast-global-color-5)","background-image":"","background-repeat":"repeat","background-position":"center center","background-size":"auto","background-attachment":"scroll","background-type":"","background-media":"","overlay-type":"","overlay-color":"","overlay-opacity":"","overlay-gradient":""},"tablet":{"background-color":"var(--ast-global-color-5)","background-image":"","background-repeat":"repeat","background-position":"center center","background-size":"auto","background-attachment":"scroll","background-type":"","background-media":"","overlay-type":"","overlay-color":"","overlay-opacity":"","overlay-gradient":""},"mobile":{"background-color":"var(--ast-global-color-5)","background-image":"","background-repeat":"repeat","background-position":"center center","background-size":"auto","background-attachment":"scroll","background-type":"","background-media":"","overlay-type":"","overlay-color":"","overlay-opacity":"","overlay-gradient":""}},"footnotes":""},"class_list":["post-27975","page","type-page","status-publish","hentry"],"post_mailing_queue_ids":[],"_links":{"self":[{"href":"https:\/\/agora.xtec.cat\/ceipcanbesora\/wp-json\/wp\/v2\/pages\/27975","targetHints":{"allow":["GET"]}}],"collection":[{"href":"https:\/\/agora.xtec.cat\/ceipcanbesora\/wp-json\/wp\/v2\/pages"}],"about":[{"href":"https:\/\/agora.xtec.cat\/ceipcanbesora\/wp-json\/wp\/v2\/types\/page"}],"author":[{"embeddable":true,"href":"https:\/\/agora.xtec.cat\/ceipcanbesora\/wp-json\/wp\/v2\/users\/1"}],"replies":[{"embeddable":true,"href":"https:\/\/agora.xtec.cat\/ceipcanbesora\/wp-json\/wp\/v2\/comments?post=27975"}],"version-history":[{"count":2,"href":"https:\/\/agora.xtec.cat\/ceipcanbesora\/wp-json\/wp\/v2\/pages\/27975\/revisions"}],"predecessor-version":[{"id":27977,"href":"https:\/\/agora.xtec.cat\/ceipcanbesora\/wp-json\/wp\/v2\/pages\/27975\/revisions\/27977"}],"up":[{"embeddable":true,"href":"https:\/\/agora.xtec.cat\/ceipcanbesora\/wp-json\/wp\/v2\/pages\/479"}],"wp:attachment":[{"href":"https:\/\/agora.xtec.cat\/ceipcanbesora\/wp-json\/wp\/v2\/media?parent=27975"}],"curies":[{"name":"wp","href":"https:\/\/api.w.org\/{rel}","templated":true}]}}