{"id":27973,"date":"2025-10-30T08:13:47","date_gmt":"2025-10-30T07:13:47","guid":{"rendered":"https:\/\/agora.xtec.cat\/ceipcanbesora\/?page_id=27973"},"modified":"2025-11-20T15:10:41","modified_gmt":"2025-11-20T14:10:41","slug":"comissio-carnaval","status":"publish","type":"page","link":"https:\/\/agora.xtec.cat\/ceipcanbesora\/comissions\/comissio-carnaval\/","title":{"rendered":"Comissi\u00f3 Carnaval"},"content":{"rendered":"<p>La Comissi\u00f3 de Carnaval pret\u00e9n fomentar la participaci\u00f3 dels nens, nenes i fam\u00edlies de Can Besora en la Rua de Carnaval que se celebra cada any a la nostra ciutat. L\u2019objectiu \u00e9s potenciar la creativitat, el treball en equip i el sentiment de pertinen\u00e7a a la comunitat educativa que representa la nostra escola.<\/p>\n<p><strong>Correu electr\u00f2nic de contacte: carnaval@canbesora.com\u00a0<\/strong><\/p>\n","protected":false},"excerpt":{"rendered":"<p>La Comissi\u00f3 de Carnaval pret\u00e9n fomentar la participaci\u00f3 dels nens, nenes i fam\u00edlies de Can Besora en la Rua de Carnaval que se celebra cada any a la nostra ciutat. L\u2019objectiu \u00e9s potenciar la creativitat, el treball en equip i el sentiment de pertinen\u00e7a a la comunitat educativa que representa la nostra escola. Correu electr\u00f2nic [&hellip;]<\/p>\n","protected":false},"author":1,"featured_media":0,"parent":479,"menu_order":4,"comment_status":"closed","ping_status":"closed","template":"","meta":{"_bbp_topic_count":0,"_bbp_reply_count":0,"_bbp_total_topic_count":0,"_bbp_total_reply_count":0,"_bbp_voice_count":0,"_bbp_anonymous_reply_count":0,"_bbp_topic_count_hidden":0,"_bbp_reply_count_hidden":0,"_bbp_forum_subforum_count":0,"site-sidebar-layout":"default","site-content-layout":"","ast-site-content-layout":"default","site-content-style":"default","site-sidebar-style":"default","ast-global-header-display":"","ast-banner-title-visibility":"","ast-main-header-display":"","ast-hfb-above-header-display":"","ast-hfb-below-header-display":"","ast-hfb-mobile-header-display":"","site-post-title":"","ast-breadcrumbs-content":"","ast-featured-img":"","footer-sml-layout":"","theme-transparent-header-meta":"default","adv-header-id-meta":"","stick-header-meta":"","header-above-stick-meta":"","header-main-stick-meta":"","header-below-stick-meta":"","astra-migrate-meta-layouts":"set","ast-page-background-enabled":"default","ast-page-background-meta":{"desktop":{"background-color":"var(--ast-global-color-4)","background-image":"","background-repeat":"repeat","background-position":"center center","background-size":"auto","background-attachment":"scroll","background-type":"","background-media":"","overlay-type":"","overlay-color":"","overlay-opacity":"","overlay-gradient":""},"tablet":{"background-color":"","background-image":"","background-repeat":"repeat","background-position":"center center","background-size":"auto","background-attachment":"scroll","background-type":"","background-media":"","overlay-type":"","overlay-color":"","overlay-opacity":"","overlay-gradient":""},"mobile":{"background-color":"","background-image":"","background-repeat":"repeat","background-position":"center center","background-size":"auto","background-attachment":"scroll","background-type":"","background-media":"","overlay-type":"","overlay-color":"","overlay-opacity":"","overlay-gradient":""}},"ast-content-background-meta":{"desktop":{"background-color":"var(--ast-global-color-5)","background-image":"","background-repeat":"repeat","background-position":"center center","background-size":"auto","background-attachment":"scroll","background-type":"","background-media":"","overlay-type":"","overlay-color":"","overlay-opacity":"","overlay-gradient":""},"tablet":{"background-color":"var(--ast-global-color-5)","background-image":"","background-repeat":"repeat","background-position":"center center","background-size":"auto","background-attachment":"scroll","background-type":"","background-media":"","overlay-type":"","overlay-color":"","overlay-opacity":"","overlay-gradient":""},"mobile":{"background-color":"var(--ast-global-color-5)","background-image":"","background-repeat":"repeat","background-position":"center center","background-size":"auto","background-attachment":"scroll","background-type":"","background-media":"","overlay-type":"","overlay-color":"","overlay-opacity":"","overlay-gradient":""}},"footnotes":""},"class_list":["post-27973","page","type-page","status-publish","hentry"],"post_mailing_queue_ids":[],"_links":{"self":[{"href":"https:\/\/agora.xtec.cat\/ceipcanbesora\/wp-json\/wp\/v2\/pages\/27973","targetHints":{"allow":["GET"]}}],"collection":[{"href":"https:\/\/agora.xtec.cat\/ceipcanbesora\/wp-json\/wp\/v2\/pages"}],"about":[{"href":"https:\/\/agora.xtec.cat\/ceipcanbesora\/wp-json\/wp\/v2\/types\/page"}],"author":[{"embeddable":true,"href":"https:\/\/agora.xtec.cat\/ceipcanbesora\/wp-json\/wp\/v2\/users\/1"}],"replies":[{"embeddable":true,"href":"https:\/\/agora.xtec.cat\/ceipcanbesora\/wp-json\/wp\/v2\/comments?post=27973"}],"version-history":[{"count":2,"href":"https:\/\/agora.xtec.cat\/ceipcanbesora\/wp-json\/wp\/v2\/pages\/27973\/revisions"}],"predecessor-version":[{"id":28055,"href":"https:\/\/agora.xtec.cat\/ceipcanbesora\/wp-json\/wp\/v2\/pages\/27973\/revisions\/28055"}],"up":[{"embeddable":true,"href":"https:\/\/agora.xtec.cat\/ceipcanbesora\/wp-json\/wp\/v2\/pages\/479"}],"wp:attachment":[{"href":"https:\/\/agora.xtec.cat\/ceipcanbesora\/wp-json\/wp\/v2\/media?parent=27973"}],"curies":[{"name":"wp","href":"https:\/\/api.w.org\/{rel}","templated":true}]}}