{"id":20550,"date":"2019-10-09T10:56:34","date_gmt":"2019-10-09T08:56:34","guid":{"rendered":"https:\/\/agora.xtec.cat\/ceipcanbesora\/?page_id=20550"},"modified":"2026-01-27T12:48:36","modified_gmt":"2026-01-27T11:48:36","slug":"documentacio","status":"publish","type":"page","link":"https:\/\/agora.xtec.cat\/ceipcanbesora\/lescola\/documentacio\/","title":{"rendered":"Documentaci\u00f3 de centre"},"content":{"rendered":"<p><span style=\"text-decoration: underline;\"><strong>Documents de centre<\/strong><\/span><\/p>\n<p><a href=\"https:\/\/agora.xtec.cat\/ceipcanbesora\/wp-content\/uploads\/usu1961\/2025\/07\/PEC.pdf\">Projecte Educatiu de Centre PEC -Actualitzat 2025-<\/a><\/p>\n<p><a href=\"https:\/\/agora.xtec.cat\/ceipcanbesora\/wp-content\/uploads\/usu1961\/2025\/07\/20250702_NOFC.pdf\">Normes d&#8217;Organitzaci\u00f3 i Funcionament de Centre (NOFC) -Actualitzat 2025-<\/a><\/p>\n<p><a href=\"https:\/\/agora.xtec.cat\/ceipcanbesora\/wp-content\/uploads\/usu1961\/2025\/07\/Infografia-NOFC.pdf\">Resum NOFC -Infografies actualitzades 2025-<\/a><\/p>\n<p><a href=\"https:\/\/agora.xtec.cat\/ceipcanbesora\/wp-content\/uploads\/usu1961\/2022\/06\/Projecte-Linguistic-2.0.pdf\" target=\"_blank\" rel=\"noopener\">Projecte Ling\u00fc\u00edstic (PLC)<\/a><\/p>\n<p><a href=\"https:\/\/agora.xtec.cat\/ceipcanbesora\/wp-content\/uploads\/usu1961\/2019\/10\/Pla-Acollida.pdf\" target=\"_blank\" rel=\"noopener noreferrer\">Pla d&#8217;Acollida<\/a><\/p>\n<p><a href=\"https:\/\/agora.xtec.cat\/ceipcanbesora\/wp-content\/uploads\/usu1961\/2024\/06\/Projecte-de-Convivencia.pdf\">Projecte de Conviv\u00e8ncia<\/a><\/p>\n<p><span style=\"text-decoration: underline;\"><strong>Pla General Anual<\/strong><\/span><\/p>\n<p><a href=\"https:\/\/agora.xtec.cat\/ceipcanbesora\/wp-content\/uploads\/usu1961\/2025\/09\/Resum-PGA-2025-26.pdf\">Resum PGA 2025-26<\/a><\/p>\n<p><a href=\"https:\/\/agora.xtec.cat\/ceipcanbesora\/wp-content\/uploads\/usu1961\/2025\/11\/Addenda-PGA-2025-26.pdf\">Addenda PGA 2025-26<\/a><\/p>\n<p><span style=\"text-decoration: underline;\"><strong>Mem\u00f2ria Anual<\/strong><\/span><\/p>\n<p><a href=\"https:\/\/agora.xtec.cat\/ceipcanbesora\/wp-content\/uploads\/usu1961\/2025\/07\/Resum-MA-2024-25.pdf\">Resum MA 2024-25<\/a><\/p>\n<p><span style=\"text-decoration: underline;\"><strong>Projecte Esportiu de Centre (PES)<\/strong><\/span><\/p>\n<p><a href=\"https:\/\/agora.xtec.cat\/ceipcanbesora\/wp-content\/uploads\/usu1961\/2025\/07\/PES.pdf\">Projecte Esportiu de Centre (PES)<\/a><\/p>\n<p><span style=\"text-decoration: underline;\"><strong>Comunitats d&#8217;Aprenentatge (CdA)<\/strong><\/span><\/p>\n<p><a href=\"https:\/\/agora.xtec.cat\/ceipcanbesora\/wp-content\/uploads\/usu1961\/2019\/10\/document_marc_comunitats_aprenentatge.pdf\" target=\"_blank\" rel=\"noopener noreferrer\">Document marc de les Comunitats d&#8217;Aprenentatge<\/a><\/p>\n<p><span style=\"text-decoration: underline;\"><strong>Estrat\u00e8gia Digital de Centre (EDC)<\/strong><\/span><\/p>\n<p><a href=\"https:\/\/sites.google.com\/canbesora.com\/webesora3\/inici\">Estrat\u00e8gia Digital de Centre (EDC)<\/a><\/p>\n<p><a href=\"https:\/\/agora.xtec.cat\/ceipcanbesora\/wp-content\/uploads\/usu1961\/2019\/10\/PLA-TAC-v3.0.pdf\" target=\"_blank\" rel=\"noopener noreferrer\">Pla TAC 2018-2022 (Tecnologies per a l&#8217;Aprenentatge i la Comunicaci\u00f3)<\/a><\/p>\n<p><a href=\"https:\/\/agora.xtec.cat\/ceipcanbesora\/wp-content\/uploads\/usu1961\/2024\/04\/decalegdelbonus_TRIPTIC.pdf\">Dec\u00e0leg digital<\/a><\/p>\n<p><span style=\"text-decoration: underline;\"><strong>Pressupost 2026<\/strong><\/span><\/p>\n<p><a href=\"https:\/\/agora.xtec.cat\/ceipcanbesora\/wp-content\/uploads\/usu1961\/2026\/01\/Dades-del-pressupost.pdf\">Pressupost 2026<\/a><\/p>\n<p>&nbsp;<\/p>\n","protected":false},"excerpt":{"rendered":"<p>Documents de centre Projecte Educatiu de Centre PEC -Actualitzat 2025- Normes d&#8217;Organitzaci\u00f3 i Funcionament de Centre (NOFC) -Actualitzat 2025- Resum NOFC -Infografies actualitzades 2025- Projecte Ling\u00fc\u00edstic (PLC) Pla d&#8217;Acollida Projecte de Conviv\u00e8ncia Pla General Anual Resum PGA 2025-26 Addenda PGA 2025-26 Mem\u00f2ria Anual Resum MA 2024-25 Projecte Esportiu de Centre (PES) Projecte Esportiu de Centre [&hellip;]<\/p>\n","protected":false},"author":1,"featured_media":0,"parent":22,"menu_order":70,"comment_status":"closed","ping_status":"closed","template":"","meta":{"_bbp_topic_count":0,"_bbp_reply_count":0,"_bbp_total_topic_count":0,"_bbp_total_reply_count":0,"_bbp_voice_count":0,"_bbp_anonymous_reply_count":0,"_bbp_topic_count_hidden":0,"_bbp_reply_count_hidden":0,"_bbp_forum_subforum_count":0,"site-sidebar-layout":"default","site-content-layout":"","ast-site-content-layout":"default","site-content-style":"default","site-sidebar-style":"default","ast-global-header-display":"","ast-banner-title-visibility":"","ast-main-header-display":"","ast-hfb-above-header-display":"","ast-hfb-below-header-display":"","ast-hfb-mobile-header-display":"","site-post-title":"","ast-breadcrumbs-content":"","ast-featured-img":"","footer-sml-layout":"","theme-transparent-header-meta":"default","adv-header-id-meta":"","stick-header-meta":"","header-above-stick-meta":"","header-main-stick-meta":"","header-below-stick-meta":"","astra-migrate-meta-layouts":"set","ast-page-background-enabled":"default","ast-page-background-meta":{"desktop":{"background-color":"var(--ast-global-color-4)","background-image":"","background-repeat":"repeat","background-position":"center center","background-size":"auto","background-attachment":"scroll","background-type":"","background-media":"","overlay-type":"","overlay-color":"","overlay-opacity":"","overlay-gradient":""},"tablet":{"background-color":"","background-image":"","background-repeat":"repeat","background-position":"center center","background-size":"auto","background-attachment":"scroll","background-type":"","background-media":"","overlay-type":"","overlay-color":"","overlay-opacity":"","overlay-gradient":""},"mobile":{"background-color":"","background-image":"","background-repeat":"repeat","background-position":"center center","background-size":"auto","background-attachment":"scroll","background-type":"","background-media":"","overlay-type":"","overlay-color":"","overlay-opacity":"","overlay-gradient":""}},"ast-content-background-meta":{"desktop":{"background-color":"var(--ast-global-color-5)","background-image":"","background-repeat":"repeat","background-position":"center center","background-size":"auto","background-attachment":"scroll","background-type":"","background-media":"","overlay-type":"","overlay-color":"","overlay-opacity":"","overlay-gradient":""},"tablet":{"background-color":"var(--ast-global-color-5)","background-image":"","background-repeat":"repeat","background-position":"center center","background-size":"auto","background-attachment":"scroll","background-type":"","background-media":"","overlay-type":"","overlay-color":"","overlay-opacity":"","overlay-gradient":""},"mobile":{"background-color":"var(--ast-global-color-5)","background-image":"","background-repeat":"repeat","background-position":"center center","background-size":"auto","background-attachment":"scroll","background-type":"","background-media":"","overlay-type":"","overlay-color":"","overlay-opacity":"","overlay-gradient":""}},"footnotes":""},"class_list":["post-20550","page","type-page","status-publish","hentry"],"post_mailing_queue_ids":[],"_links":{"self":[{"href":"https:\/\/agora.xtec.cat\/ceipcanbesora\/wp-json\/wp\/v2\/pages\/20550","targetHints":{"allow":["GET"]}}],"collection":[{"href":"https:\/\/agora.xtec.cat\/ceipcanbesora\/wp-json\/wp\/v2\/pages"}],"about":[{"href":"https:\/\/agora.xtec.cat\/ceipcanbesora\/wp-json\/wp\/v2\/types\/page"}],"author":[{"embeddable":true,"href":"https:\/\/agora.xtec.cat\/ceipcanbesora\/wp-json\/wp\/v2\/users\/1"}],"replies":[{"embeddable":true,"href":"https:\/\/agora.xtec.cat\/ceipcanbesora\/wp-json\/wp\/v2\/comments?post=20550"}],"version-history":[{"count":6,"href":"https:\/\/agora.xtec.cat\/ceipcanbesora\/wp-json\/wp\/v2\/pages\/20550\/revisions"}],"predecessor-version":[{"id":28218,"href":"https:\/\/agora.xtec.cat\/ceipcanbesora\/wp-json\/wp\/v2\/pages\/20550\/revisions\/28218"}],"up":[{"embeddable":true,"href":"https:\/\/agora.xtec.cat\/ceipcanbesora\/wp-json\/wp\/v2\/pages\/22"}],"wp:attachment":[{"href":"https:\/\/agora.xtec.cat\/ceipcanbesora\/wp-json\/wp\/v2\/media?parent=20550"}],"curies":[{"name":"wp","href":"https:\/\/api.w.org\/{rel}","templated":true}]}}