{"id":20395,"date":"2019-06-21T02:08:53","date_gmt":"2019-06-21T00:08:53","guid":{"rendered":"https:\/\/agora.xtec.cat\/ceipcanbesora\/?page_id=20395"},"modified":"2025-11-03T08:17:31","modified_gmt":"2025-11-03T07:17:31","slug":"comissio-de-somnis","status":"publish","type":"page","link":"https:\/\/agora.xtec.cat\/ceipcanbesora\/comissions\/comissio-de-somnis\/","title":{"rendered":"Comissi\u00f3 de Somnis"},"content":{"rendered":"<p data-pm-slice=\"1 1 []\">Aproximadament cada 4 anys a Can Besora somniem l\u2019escola que volem perqu\u00e8 somiar \u00e9s el que ens fa avan\u00e7ar com a comunitat. La Comissi\u00f3 de Somnis est\u00e0 formada per personal docent i fam\u00edlies amb l&#8217;objectiu d&#8217;organitzar el proc\u00e9s del Somni aix\u00ed com materialitzar el resultat d&#8217;aquest.<\/p>\n<p>El somni ens permet compartir els nostres desigs i ens empeny a dur-los a terme. El mecanisme \u00e9s senzill, cada membre de la comunitat escriu el seu somni en un paper que diposita a l\u2019urna dels somnis. Un cop finalitzat el proc\u00e9s la Comissi\u00f3 de Somnis entra en acci\u00f3, cal obrir els paperets i classificar els somnis per tal de saber quins s\u00f3n els anhels de la comunitat, n&#8217;estudiem la viabilitat i entre totes i tots elaborem un pla de treball per afrontar cada projecte.<\/p>\n<p>Gr\u00e0cies al Somni tenim una biblioteca preciosa, un hort que estimem, un pati ple d\u2019elements de joc i un laborArtori la mar de polivalent. Val a dir que sempre ens queden pendents alguns somnis recurrents, la piscina coberta, el pavell\u00f3, la granja, els sem\u00e0fors o l&#8217;institut.<\/p>\n<p>&nbsp;<\/p>\n<p><strong>Correu electr\u00f2nic de contacte: <a href=\"mailto:somnis@canbesora.com\">somnis<span class=\"atwho-query\">@canbesora.com<\/span><\/a><\/strong><\/p>\n<p>&nbsp;<\/p>\n<p><a href=\"https:\/\/agora.xtec.cat\/ceipcanbesora\/wp-content\/uploads\/usu1961\/2025\/11\/1_Parkour.jpeg\"><img loading=\"lazy\" decoding=\"async\" class=\"alignnone size-full wp-image-28023\" src=\"https:\/\/agora.xtec.cat\/ceipcanbesora\/wp-content\/uploads\/usu1961\/2025\/11\/1_Parkour.jpeg\" alt=\"\" width=\"1599\" height=\"899\" srcset=\"https:\/\/agora.xtec.cat\/ceipcanbesora\/wp-content\/uploads\/usu1961\/2025\/11\/1_Parkour.jpeg 1599w, https:\/\/agora.xtec.cat\/ceipcanbesora\/wp-content\/uploads\/usu1961\/2025\/11\/1_Parkour-300x169.jpeg 300w, https:\/\/agora.xtec.cat\/ceipcanbesora\/wp-content\/uploads\/usu1961\/2025\/11\/1_Parkour-1024x576.jpeg 1024w, https:\/\/agora.xtec.cat\/ceipcanbesora\/wp-content\/uploads\/usu1961\/2025\/11\/1_Parkour-768x432.jpeg 768w, https:\/\/agora.xtec.cat\/ceipcanbesora\/wp-content\/uploads\/usu1961\/2025\/11\/1_Parkour-1536x864.jpeg 1536w\" sizes=\"auto, (max-width: 1599px) 100vw, 1599px\" \/><\/a><\/p>\n","protected":false},"excerpt":{"rendered":"<p>Aproximadament cada 4 anys a Can Besora somniem l\u2019escola que volem perqu\u00e8 somiar \u00e9s el que ens fa avan\u00e7ar com a comunitat. La Comissi\u00f3 de Somnis est\u00e0 formada per personal docent i fam\u00edlies amb l&#8217;objectiu d&#8217;organitzar el proc\u00e9s del Somni aix\u00ed com materialitzar el resultat d&#8217;aquest. El somni ens permet compartir els nostres desigs i [&hellip;]<\/p>\n","protected":false},"author":1,"featured_media":0,"parent":479,"menu_order":0,"comment_status":"closed","ping_status":"closed","template":"","meta":{"_bbp_topic_count":0,"_bbp_reply_count":0,"_bbp_total_topic_count":0,"_bbp_total_reply_count":0,"_bbp_voice_count":0,"_bbp_anonymous_reply_count":0,"_bbp_topic_count_hidden":0,"_bbp_reply_count_hidden":0,"_bbp_forum_subforum_count":0,"site-sidebar-layout":"default","site-content-layout":"","ast-site-content-layout":"default","site-content-style":"default","site-sidebar-style":"default","ast-global-header-display":"","ast-banner-title-visibility":"","ast-main-header-display":"","ast-hfb-above-header-display":"","ast-hfb-below-header-display":"","ast-hfb-mobile-header-display":"","site-post-title":"","ast-breadcrumbs-content":"","ast-featured-img":"","footer-sml-layout":"","theme-transparent-header-meta":"default","adv-header-id-meta":"","stick-header-meta":"","header-above-stick-meta":"","header-main-stick-meta":"","header-below-stick-meta":"","astra-migrate-meta-layouts":"set","ast-page-background-enabled":"default","ast-page-background-meta":{"desktop":{"background-color":"var(--ast-global-color-4)","background-image":"","background-repeat":"repeat","background-position":"center center","background-size":"auto","background-attachment":"scroll","background-type":"","background-media":"","overlay-type":"","overlay-color":"","overlay-opacity":"","overlay-gradient":""},"tablet":{"background-color":"","background-image":"","background-repeat":"repeat","background-position":"center center","background-size":"auto","background-attachment":"scroll","background-type":"","background-media":"","overlay-type":"","overlay-color":"","overlay-opacity":"","overlay-gradient":""},"mobile":{"background-color":"","background-image":"","background-repeat":"repeat","background-position":"center center","background-size":"auto","background-attachment":"scroll","background-type":"","background-media":"","overlay-type":"","overlay-color":"","overlay-opacity":"","overlay-gradient":""}},"ast-content-background-meta":{"desktop":{"background-color":"var(--ast-global-color-5)","background-image":"","background-repeat":"repeat","background-position":"center center","background-size":"auto","background-attachment":"scroll","background-type":"","background-media":"","overlay-type":"","overlay-color":"","overlay-opacity":"","overlay-gradient":""},"tablet":{"background-color":"var(--ast-global-color-5)","background-image":"","background-repeat":"repeat","background-position":"center center","background-size":"auto","background-attachment":"scroll","background-type":"","background-media":"","overlay-type":"","overlay-color":"","overlay-opacity":"","overlay-gradient":""},"mobile":{"background-color":"var(--ast-global-color-5)","background-image":"","background-repeat":"repeat","background-position":"center center","background-size":"auto","background-attachment":"scroll","background-type":"","background-media":"","overlay-type":"","overlay-color":"","overlay-opacity":"","overlay-gradient":""}},"footnotes":""},"class_list":["post-20395","page","type-page","status-publish","hentry"],"post_mailing_queue_ids":[],"_links":{"self":[{"href":"https:\/\/agora.xtec.cat\/ceipcanbesora\/wp-json\/wp\/v2\/pages\/20395","targetHints":{"allow":["GET"]}}],"collection":[{"href":"https:\/\/agora.xtec.cat\/ceipcanbesora\/wp-json\/wp\/v2\/pages"}],"about":[{"href":"https:\/\/agora.xtec.cat\/ceipcanbesora\/wp-json\/wp\/v2\/types\/page"}],"author":[{"embeddable":true,"href":"https:\/\/agora.xtec.cat\/ceipcanbesora\/wp-json\/wp\/v2\/users\/1"}],"replies":[{"embeddable":true,"href":"https:\/\/agora.xtec.cat\/ceipcanbesora\/wp-json\/wp\/v2\/comments?post=20395"}],"version-history":[{"count":6,"href":"https:\/\/agora.xtec.cat\/ceipcanbesora\/wp-json\/wp\/v2\/pages\/20395\/revisions"}],"predecessor-version":[{"id":28026,"href":"https:\/\/agora.xtec.cat\/ceipcanbesora\/wp-json\/wp\/v2\/pages\/20395\/revisions\/28026"}],"up":[{"embeddable":true,"href":"https:\/\/agora.xtec.cat\/ceipcanbesora\/wp-json\/wp\/v2\/pages\/479"}],"wp:attachment":[{"href":"https:\/\/agora.xtec.cat\/ceipcanbesora\/wp-json\/wp\/v2\/media?parent=20395"}],"curies":[{"name":"wp","href":"https:\/\/api.w.org\/{rel}","templated":true}]}}