{"id":20307,"date":"2019-06-21T00:25:57","date_gmt":"2019-06-20T22:25:57","guid":{"rendered":"https:\/\/agora.xtec.cat\/ceipcanbesora\/?page_id=20307"},"modified":"2025-11-04T08:05:08","modified_gmt":"2025-11-04T07:05:08","slug":"comissio-de-comunicacio","status":"publish","type":"page","link":"https:\/\/agora.xtec.cat\/ceipcanbesora\/comissions\/comissio-de-comunicacio\/","title":{"rendered":"Comissi\u00f3 de Comunicaci\u00f3"},"content":{"rendered":"<div dir=\"auto\">\n<p data-pm-slice=\"1 1 []\">L\u2019objectiu original de la Comissi\u00f3 era mantenir i coordinar els canals de comunicaci\u00f3 interns de l\u2019escola (email, pantalla amb not\u00edcies, manteniment de la web, ibesora, desenvolupament de diferents campanyes aix\u00ed com les relacions externes). Amb el pas dels anys i amb el r\u00e0pid progr\u00e9s de la tecnologia digital, moltes d\u2019aquestes tasques ja no passen per les nostres mans.<\/p>\n<p>Actualment, les nostres actuacions se centren en l\u2019organitzaci\u00f3 de l\u2019acte de benvinguda a les fam\u00edlies en comen\u00e7ar el curs, la Branca (xerrada \/ debat), el Caf\u00e8 de la Granota (club de lectura destinat a mares i pares), recollida nadalenca de joguines usades, aix\u00ed com servir de suport a qualsevol acte que s\u2019organitzi tant des de l\u2019escola com des de qualsevol altra Comissi\u00f3.<\/p>\n<\/div>\n<p><a href=\"https:\/\/agora.xtec.cat\/ceipcanbesora\/wp-content\/uploads\/usu1961\/2019\/11\/megafono_low.png\"><img loading=\"lazy\" decoding=\"async\" class=\"wp-image-20736 alignright\" src=\"https:\/\/agora.xtec.cat\/ceipcanbesora\/wp-content\/uploads\/usu1961\/2019\/11\/megafono_low.png\" alt=\"\" width=\"174\" height=\"123\" srcset=\"https:\/\/agora.xtec.cat\/ceipcanbesora\/wp-content\/uploads\/usu1961\/2019\/11\/megafono_low.png 945w, https:\/\/agora.xtec.cat\/ceipcanbesora\/wp-content\/uploads\/usu1961\/2019\/11\/megafono_low-300x212.png 300w, https:\/\/agora.xtec.cat\/ceipcanbesora\/wp-content\/uploads\/usu1961\/2019\/11\/megafono_low-768x544.png 768w\" sizes=\"auto, (max-width: 174px) 100vw, 174px\" \/><\/a><\/p>\n<p><strong>Correu electr\u00f2nic de contacte: <a href=\"mailto:comunicacio@canbesora.com\">comunicacio<span class=\"\">@canbesora.com<\/span> <\/a><\/strong><\/p>\n<p>&nbsp;<\/p>\n","protected":false},"excerpt":{"rendered":"<p>L\u2019objectiu original de la Comissi\u00f3 era mantenir i coordinar els canals de comunicaci\u00f3 interns de l\u2019escola (email, pantalla amb not\u00edcies, manteniment de la web, ibesora, desenvolupament de diferents campanyes aix\u00ed com les relacions externes). Amb el pas dels anys i amb el r\u00e0pid progr\u00e9s de la tecnologia digital, moltes d\u2019aquestes tasques ja no passen per [&hellip;]<\/p>\n","protected":false},"author":1,"featured_media":0,"parent":479,"menu_order":0,"comment_status":"closed","ping_status":"closed","template":"","meta":{"_bbp_topic_count":0,"_bbp_reply_count":0,"_bbp_total_topic_count":0,"_bbp_total_reply_count":0,"_bbp_voice_count":0,"_bbp_anonymous_reply_count":0,"_bbp_topic_count_hidden":0,"_bbp_reply_count_hidden":0,"_bbp_forum_subforum_count":0,"site-sidebar-layout":"default","site-content-layout":"","ast-site-content-layout":"default","site-content-style":"default","site-sidebar-style":"default","ast-global-header-display":"","ast-banner-title-visibility":"","ast-main-header-display":"","ast-hfb-above-header-display":"","ast-hfb-below-header-display":"","ast-hfb-mobile-header-display":"","site-post-title":"","ast-breadcrumbs-content":"","ast-featured-img":"","footer-sml-layout":"","theme-transparent-header-meta":"default","adv-header-id-meta":"","stick-header-meta":"","header-above-stick-meta":"","header-main-stick-meta":"","header-below-stick-meta":"","astra-migrate-meta-layouts":"set","ast-page-background-enabled":"default","ast-page-background-meta":{"desktop":{"background-color":"var(--ast-global-color-4)","background-image":"","background-repeat":"repeat","background-position":"center center","background-size":"auto","background-attachment":"scroll","background-type":"","background-media":"","overlay-type":"","overlay-color":"","overlay-opacity":"","overlay-gradient":""},"tablet":{"background-color":"","background-image":"","background-repeat":"repeat","background-position":"center center","background-size":"auto","background-attachment":"scroll","background-type":"","background-media":"","overlay-type":"","overlay-color":"","overlay-opacity":"","overlay-gradient":""},"mobile":{"background-color":"","background-image":"","background-repeat":"repeat","background-position":"center center","background-size":"auto","background-attachment":"scroll","background-type":"","background-media":"","overlay-type":"","overlay-color":"","overlay-opacity":"","overlay-gradient":""}},"ast-content-background-meta":{"desktop":{"background-color":"var(--ast-global-color-5)","background-image":"","background-repeat":"repeat","background-position":"center center","background-size":"auto","background-attachment":"scroll","background-type":"","background-media":"","overlay-type":"","overlay-color":"","overlay-opacity":"","overlay-gradient":""},"tablet":{"background-color":"var(--ast-global-color-5)","background-image":"","background-repeat":"repeat","background-position":"center center","background-size":"auto","background-attachment":"scroll","background-type":"","background-media":"","overlay-type":"","overlay-color":"","overlay-opacity":"","overlay-gradient":""},"mobile":{"background-color":"var(--ast-global-color-5)","background-image":"","background-repeat":"repeat","background-position":"center center","background-size":"auto","background-attachment":"scroll","background-type":"","background-media":"","overlay-type":"","overlay-color":"","overlay-opacity":"","overlay-gradient":""}},"footnotes":""},"class_list":["post-20307","page","type-page","status-publish","hentry"],"post_mailing_queue_ids":[],"_links":{"self":[{"href":"https:\/\/agora.xtec.cat\/ceipcanbesora\/wp-json\/wp\/v2\/pages\/20307","targetHints":{"allow":["GET"]}}],"collection":[{"href":"https:\/\/agora.xtec.cat\/ceipcanbesora\/wp-json\/wp\/v2\/pages"}],"about":[{"href":"https:\/\/agora.xtec.cat\/ceipcanbesora\/wp-json\/wp\/v2\/types\/page"}],"author":[{"embeddable":true,"href":"https:\/\/agora.xtec.cat\/ceipcanbesora\/wp-json\/wp\/v2\/users\/1"}],"replies":[{"embeddable":true,"href":"https:\/\/agora.xtec.cat\/ceipcanbesora\/wp-json\/wp\/v2\/comments?post=20307"}],"version-history":[{"count":6,"href":"https:\/\/agora.xtec.cat\/ceipcanbesora\/wp-json\/wp\/v2\/pages\/20307\/revisions"}],"predecessor-version":[{"id":28034,"href":"https:\/\/agora.xtec.cat\/ceipcanbesora\/wp-json\/wp\/v2\/pages\/20307\/revisions\/28034"}],"up":[{"embeddable":true,"href":"https:\/\/agora.xtec.cat\/ceipcanbesora\/wp-json\/wp\/v2\/pages\/479"}],"wp:attachment":[{"href":"https:\/\/agora.xtec.cat\/ceipcanbesora\/wp-json\/wp\/v2\/media?parent=20307"}],"curies":[{"name":"wp","href":"https:\/\/api.w.org\/{rel}","templated":true}]}}