{"id":20299,"date":"2019-06-21T00:24:30","date_gmt":"2019-06-20T22:24:30","guid":{"rendered":"https:\/\/agora.xtec.cat\/ceipcanbesora\/?page_id=20299"},"modified":"2025-11-03T15:26:14","modified_gmt":"2025-11-03T14:26:14","slug":"comissio-deconomica","status":"publish","type":"page","link":"https:\/\/agora.xtec.cat\/ceipcanbesora\/comissions\/comissio-deconomica\/","title":{"rendered":"Comissi\u00f3 Econ\u00f2mica"},"content":{"rendered":"<p>La Comissi\u00f3 econ\u00f2mica \u00e9s una comissi\u00f3 mitxa formada per membres de l&#8217;AFA i de l&#8217;equip directiu.<\/p>\n<ul>\n<li>Gesti\u00f3 comptable (control moviments del compte AFA, elaboraci\u00f3 pressupostos&#8230;).<\/li>\n<li>Gesti\u00f3 documents (subvencions, ajuts, hisenda&#8230;).<\/li>\n<li>Gesti\u00f3 banc\u00e0ria (ingressos, reintegraments, documentaci\u00f3&#8230;).<\/li>\n<li>Gesti\u00f3 administrativa (ordenaci\u00f3 i control documentaci\u00f3&#8230;).<\/li>\n<\/ul>\n<p>Els pressupostos es presenten, s&#8217;aproven i es justifiquen a l&#8217;Assemblea General d&#8217;AFA i al Consell Escolar.<\/p>\n<p><strong>Correu electr\u00f2nic de contacte: <a href=\"mailto:economica@canbesora.com\">economica<span class=\"\"><span class=\"atwho-query\">@canbesora.com<\/span><\/span><\/a><\/strong><\/p>\n","protected":false},"excerpt":{"rendered":"<p>La Comissi\u00f3 econ\u00f2mica \u00e9s una comissi\u00f3 mitxa formada per membres de l&#8217;AFA i de l&#8217;equip directiu. Gesti\u00f3 comptable (control moviments del compte AFA, elaboraci\u00f3 pressupostos&#8230;). Gesti\u00f3 documents (subvencions, ajuts, hisenda&#8230;). Gesti\u00f3 banc\u00e0ria (ingressos, reintegraments, documentaci\u00f3&#8230;). Gesti\u00f3 administrativa (ordenaci\u00f3 i control documentaci\u00f3&#8230;). Els pressupostos es presenten, s&#8217;aproven i es justifiquen a l&#8217;Assemblea General d&#8217;AFA i al [&hellip;]<\/p>\n","protected":false},"author":1,"featured_media":0,"parent":479,"menu_order":0,"comment_status":"closed","ping_status":"closed","template":"","meta":{"_bbp_topic_count":0,"_bbp_reply_count":0,"_bbp_total_topic_count":0,"_bbp_total_reply_count":0,"_bbp_voice_count":0,"_bbp_anonymous_reply_count":0,"_bbp_topic_count_hidden":0,"_bbp_reply_count_hidden":0,"_bbp_forum_subforum_count":0,"site-sidebar-layout":"default","site-content-layout":"","ast-site-content-layout":"default","site-content-style":"default","site-sidebar-style":"default","ast-global-header-display":"","ast-banner-title-visibility":"","ast-main-header-display":"","ast-hfb-above-header-display":"","ast-hfb-below-header-display":"","ast-hfb-mobile-header-display":"","site-post-title":"","ast-breadcrumbs-content":"","ast-featured-img":"","footer-sml-layout":"","theme-transparent-header-meta":"default","adv-header-id-meta":"","stick-header-meta":"","header-above-stick-meta":"","header-main-stick-meta":"","header-below-stick-meta":"","astra-migrate-meta-layouts":"set","ast-page-background-enabled":"default","ast-page-background-meta":{"desktop":{"background-color":"var(--ast-global-color-4)","background-image":"","background-repeat":"repeat","background-position":"center center","background-size":"auto","background-attachment":"scroll","background-type":"","background-media":"","overlay-type":"","overlay-color":"","overlay-opacity":"","overlay-gradient":""},"tablet":{"background-color":"","background-image":"","background-repeat":"repeat","background-position":"center center","background-size":"auto","background-attachment":"scroll","background-type":"","background-media":"","overlay-type":"","overlay-color":"","overlay-opacity":"","overlay-gradient":""},"mobile":{"background-color":"","background-image":"","background-repeat":"repeat","background-position":"center center","background-size":"auto","background-attachment":"scroll","background-type":"","background-media":"","overlay-type":"","overlay-color":"","overlay-opacity":"","overlay-gradient":""}},"ast-content-background-meta":{"desktop":{"background-color":"var(--ast-global-color-5)","background-image":"","background-repeat":"repeat","background-position":"center center","background-size":"auto","background-attachment":"scroll","background-type":"","background-media":"","overlay-type":"","overlay-color":"","overlay-opacity":"","overlay-gradient":""},"tablet":{"background-color":"var(--ast-global-color-5)","background-image":"","background-repeat":"repeat","background-position":"center center","background-size":"auto","background-attachment":"scroll","background-type":"","background-media":"","overlay-type":"","overlay-color":"","overlay-opacity":"","overlay-gradient":""},"mobile":{"background-color":"var(--ast-global-color-5)","background-image":"","background-repeat":"repeat","background-position":"center center","background-size":"auto","background-attachment":"scroll","background-type":"","background-media":"","overlay-type":"","overlay-color":"","overlay-opacity":"","overlay-gradient":""}},"footnotes":""},"class_list":["post-20299","page","type-page","status-publish","hentry"],"post_mailing_queue_ids":[],"_links":{"self":[{"href":"https:\/\/agora.xtec.cat\/ceipcanbesora\/wp-json\/wp\/v2\/pages\/20299","targetHints":{"allow":["GET"]}}],"collection":[{"href":"https:\/\/agora.xtec.cat\/ceipcanbesora\/wp-json\/wp\/v2\/pages"}],"about":[{"href":"https:\/\/agora.xtec.cat\/ceipcanbesora\/wp-json\/wp\/v2\/types\/page"}],"author":[{"embeddable":true,"href":"https:\/\/agora.xtec.cat\/ceipcanbesora\/wp-json\/wp\/v2\/users\/1"}],"replies":[{"embeddable":true,"href":"https:\/\/agora.xtec.cat\/ceipcanbesora\/wp-json\/wp\/v2\/comments?post=20299"}],"version-history":[{"count":7,"href":"https:\/\/agora.xtec.cat\/ceipcanbesora\/wp-json\/wp\/v2\/pages\/20299\/revisions"}],"predecessor-version":[{"id":28028,"href":"https:\/\/agora.xtec.cat\/ceipcanbesora\/wp-json\/wp\/v2\/pages\/20299\/revisions\/28028"}],"up":[{"embeddable":true,"href":"https:\/\/agora.xtec.cat\/ceipcanbesora\/wp-json\/wp\/v2\/pages\/479"}],"wp:attachment":[{"href":"https:\/\/agora.xtec.cat\/ceipcanbesora\/wp-json\/wp\/v2\/media?parent=20299"}],"curies":[{"name":"wp","href":"https:\/\/api.w.org\/{rel}","templated":true}]}}