{"id":20293,"date":"2019-06-21T00:21:46","date_gmt":"2019-06-20T22:21:46","guid":{"rendered":"https:\/\/agora.xtec.cat\/ceipcanbesora\/?page_id=20293"},"modified":"2023-03-07T19:50:30","modified_gmt":"2023-03-07T18:50:30","slug":"comissio-de-coeducacio","status":"publish","type":"page","link":"https:\/\/agora.xtec.cat\/ceipcanbesora\/comissions\/comissio-de-coeducacio\/","title":{"rendered":"Comissi\u00f3 de Coeducaci\u00f3 i Diversitat"},"content":{"rendered":"<p><strong>MANIFEST DE LA COMISSI\u00d3 DE COEDUCACI\u00d3 I DIVERSITAT DE CAN BESORA<\/strong><\/p>\n<p>Som un grup de persones de diferents cursos de la comunitat d\u2019aprenentatge de Can Besora motivades a posar el nostre granet de sorra per <strong>acompanyar la nostra canalla en la construcci\u00f3 d\u2019una societat m\u00e9s equitativa, justa i lliure<\/strong>. Els nostres principals valors s\u00f3n el <strong>foment de la igualtat i el respecte de la diversitat<\/strong>, i la nostra acci\u00f3 va enfocada a <strong>prevenir i conscienciar la nostra escola contra tot tipus de desigualtats, hostilitats, prejudicis, viol\u00e8ncies i menyspreus<\/strong>. Posant sobretot el focus en les persones m\u00e9s discriminades ja sigui per ra\u00f3 d\u2019edat, llengua, llibertat sexual, g\u00e8nere, color de pell, situaci\u00f3 econ\u00f2mica, etc.<\/p>\n<p><strong>Pel que fa a la coeducaci\u00f3 volem potenciar la igualtat real d\u2019oportunitats entre dones i homes, nens i nenes<\/strong>, i la valoraci\u00f3 indistinta de la seva experi\u00e8ncia, aptituds i aportaci\u00f3 social i cultural; en igualtat de drets, <strong>sense estereotips sexistes, ni actituds discriminat\u00f2ries per ra\u00f3 d\u2019orientaci\u00f3 sexual, identitat o expressi\u00f3 de g\u00e8nere<\/strong>.<\/p>\n<p>Cada curs tindrem un eix vertebrador d\u2019acci\u00f3 en el qual volem motivar la participaci\u00f3 de tota la comunitat educativa. Volem que les nostres accions transcendeixin, inspirin i provoquin canvis d\u2019actituds i comportaments. Tamb\u00e9 <strong>convidem totes les fam\u00edlies que ho vulguin a formar part d\u2019aquesta comissi\u00f3. Ens podeu escriure a <a href=\"mailto:coeducacio@canbesora.com\">coeducacio@canbesora.com<\/a><\/strong>.<\/p>\n<p>Volem un m\u00f3n millor, ens ajudes?<\/p>\n<p>&nbsp;<\/p>\n<p><a href=\"https:\/\/agora.xtec.cat\/ceipcanbesora\/wp-content\/uploads\/usu1961\/2023\/03\/1.png\"><img loading=\"lazy\" decoding=\"async\" class=\"alignnone  wp-image-25422\" src=\"https:\/\/agora.xtec.cat\/ceipcanbesora\/wp-content\/uploads\/usu1961\/2023\/03\/1-1024x819.png\" alt=\"\" width=\"459\" height=\"367\" srcset=\"https:\/\/agora.xtec.cat\/ceipcanbesora\/wp-content\/uploads\/usu1961\/2023\/03\/1-1024x819.png 1024w, https:\/\/agora.xtec.cat\/ceipcanbesora\/wp-content\/uploads\/usu1961\/2023\/03\/1-300x240.png 300w, https:\/\/agora.xtec.cat\/ceipcanbesora\/wp-content\/uploads\/usu1961\/2023\/03\/1-768x614.png 768w, https:\/\/agora.xtec.cat\/ceipcanbesora\/wp-content\/uploads\/usu1961\/2023\/03\/1-1536x1229.png 1536w, https:\/\/agora.xtec.cat\/ceipcanbesora\/wp-content\/uploads\/usu1961\/2023\/03\/1.png 2000w\" sizes=\"auto, (max-width: 459px) 100vw, 459px\" \/>\u00a0 <\/a><\/p>\n<div class=\"ast-oembed-container \" style=\"height: 100%;\"><iframe loading=\"lazy\" title=\"Soc l&#039;\u00cddem!\" width=\"500\" height=\"281\" src=\"https:\/\/www.youtube.com\/embed\/GBiMwDV1j3o?feature=oembed\" frameborder=\"0\" allow=\"accelerometer; autoplay; clipboard-write; encrypted-media; gyroscope; picture-in-picture; web-share\" referrerpolicy=\"strict-origin-when-cross-origin\" allowfullscreen><\/iframe><\/div>\n<div><\/div>\n","protected":false},"excerpt":{"rendered":"<p>MANIFEST DE LA COMISSI\u00d3 DE COEDUCACI\u00d3 I DIVERSITAT DE CAN BESORA Som un grup de persones de diferents cursos de la comunitat d\u2019aprenentatge de Can Besora motivades a posar el nostre granet de sorra per acompanyar la nostra canalla en la construcci\u00f3 d\u2019una societat m\u00e9s equitativa, justa i lliure. Els nostres principals valors s\u00f3n el [&hellip;]<\/p>\n","protected":false},"author":1,"featured_media":0,"parent":479,"menu_order":0,"comment_status":"closed","ping_status":"closed","template":"page-templates\/side-menu.php","meta":{"_bbp_topic_count":0,"_bbp_reply_count":0,"_bbp_total_topic_count":0,"_bbp_total_reply_count":0,"_bbp_voice_count":0,"_bbp_anonymous_reply_count":0,"_bbp_topic_count_hidden":0,"_bbp_reply_count_hidden":0,"_bbp_forum_subforum_count":0,"site-sidebar-layout":"default","site-content-layout":"","ast-site-content-layout":"","site-content-style":"default","site-sidebar-style":"default","ast-global-header-display":"","ast-banner-title-visibility":"","ast-main-header-display":"","ast-hfb-above-header-display":"","ast-hfb-below-header-display":"","ast-hfb-mobile-header-display":"","site-post-title":"","ast-breadcrumbs-content":"","ast-featured-img":"","footer-sml-layout":"","theme-transparent-header-meta":"","adv-header-id-meta":"","stick-header-meta":"","header-above-stick-meta":"","header-main-stick-meta":"","header-below-stick-meta":"","astra-migrate-meta-layouts":"default","ast-page-background-enabled":"default","ast-page-background-meta":{"desktop":{"background-color":"var(--ast-global-color-4)","background-image":"","background-repeat":"repeat","background-position":"center center","background-size":"auto","background-attachment":"scroll","background-type":"","background-media":"","overlay-type":"","overlay-color":"","overlay-opacity":"","overlay-gradient":""},"tablet":{"background-color":"","background-image":"","background-repeat":"repeat","background-position":"center center","background-size":"auto","background-attachment":"scroll","background-type":"","background-media":"","overlay-type":"","overlay-color":"","overlay-opacity":"","overlay-gradient":""},"mobile":{"background-color":"","background-image":"","background-repeat":"repeat","background-position":"center center","background-size":"auto","background-attachment":"scroll","background-type":"","background-media":"","overlay-type":"","overlay-color":"","overlay-opacity":"","overlay-gradient":""}},"ast-content-background-meta":{"desktop":{"background-color":"var(--ast-global-color-5)","background-image":"","background-repeat":"repeat","background-position":"center center","background-size":"auto","background-attachment":"scroll","background-type":"","background-media":"","overlay-type":"","overlay-color":"","overlay-opacity":"","overlay-gradient":""},"tablet":{"background-color":"var(--ast-global-color-5)","background-image":"","background-repeat":"repeat","background-position":"center center","background-size":"auto","background-attachment":"scroll","background-type":"","background-media":"","overlay-type":"","overlay-color":"","overlay-opacity":"","overlay-gradient":""},"mobile":{"background-color":"var(--ast-global-color-5)","background-image":"","background-repeat":"repeat","background-position":"center center","background-size":"auto","background-attachment":"scroll","background-type":"","background-media":"","overlay-type":"","overlay-color":"","overlay-opacity":"","overlay-gradient":""}},"footnotes":""},"class_list":["post-20293","page","type-page","status-publish","hentry"],"post_mailing_queue_ids":[],"_links":{"self":[{"href":"https:\/\/agora.xtec.cat\/ceipcanbesora\/wp-json\/wp\/v2\/pages\/20293","targetHints":{"allow":["GET"]}}],"collection":[{"href":"https:\/\/agora.xtec.cat\/ceipcanbesora\/wp-json\/wp\/v2\/pages"}],"about":[{"href":"https:\/\/agora.xtec.cat\/ceipcanbesora\/wp-json\/wp\/v2\/types\/page"}],"author":[{"embeddable":true,"href":"https:\/\/agora.xtec.cat\/ceipcanbesora\/wp-json\/wp\/v2\/users\/1"}],"replies":[{"embeddable":true,"href":"https:\/\/agora.xtec.cat\/ceipcanbesora\/wp-json\/wp\/v2\/comments?post=20293"}],"version-history":[{"count":3,"href":"https:\/\/agora.xtec.cat\/ceipcanbesora\/wp-json\/wp\/v2\/pages\/20293\/revisions"}],"predecessor-version":[{"id":25424,"href":"https:\/\/agora.xtec.cat\/ceipcanbesora\/wp-json\/wp\/v2\/pages\/20293\/revisions\/25424"}],"up":[{"embeddable":true,"href":"https:\/\/agora.xtec.cat\/ceipcanbesora\/wp-json\/wp\/v2\/pages\/479"}],"wp:attachment":[{"href":"https:\/\/agora.xtec.cat\/ceipcanbesora\/wp-json\/wp\/v2\/media?parent=20293"}],"curies":[{"name":"wp","href":"https:\/\/api.w.org\/{rel}","templated":true}]}}