{"id":428,"date":"2017-05-18T00:35:23","date_gmt":"2017-05-17T22:35:23","guid":{"rendered":"http:\/\/agora.xtec.cat\/ceipcampselisis\/?page_id=428"},"modified":"2026-02-07T12:25:39","modified_gmt":"2026-02-07T11:25:39","slug":"innovacio-2","status":"publish","type":"page","link":"https:\/\/agora.xtec.cat\/ceipcampselisis\/innovacio-2\/","title":{"rendered":"INNOVACI\u00d3"},"content":{"rendered":"<p>Lluny de reproduir les classes magistrals en qu\u00e8 els mestres utilitzaven els coneixements i metodologies dels llibres de text, els ex\u00e0mens i els deures com a recursos educatius, un nombre cada cop m\u00e9s alt de centres escolars estem\u00a0<strong class=\"mce\">apos<\/strong><strong class=\"mce\">tant per crear un ecosistema educatiu propi, a partir de les seves creences com a educadors<\/strong>, que serveixi com a marc per al desenvolupament cognitiu, f\u00edsic, emocional, maduratiu i social dels infants. Un<strong class=\"mce\"> aprenentatge transversal<\/strong> en qu\u00e8 tamb\u00e9 cal encabir-hi l\u2019educaci\u00f3 en valors, l\u2019adquisici\u00f3 de compet\u00e8ncies com els idiomes i les TIC, la capacitat cr\u00edtica, l\u2019autonomia, el treball en equip, l\u2019adaptabilitat al canvi, etc. i que desperti en els infants el gust per aprendre, experimentar, construir i esdevenir l\u2019epicentre de la seva educaci\u00f3. Unes premisses que, de retruc,<strong class=\"mce\"> permeten apropar-se m\u00e9s al concepte d\u2019educaci\u00f3 inclusiva i personalitzada<\/strong>, que at\u00e9n de manera m\u00e9s eficient les necessitats educatives i els ritmes d\u2019aprenentatge dels alumnes.<\/p>\n<p><a href=\"http:\/\/agora.xtec.cat\/ceipcampselisis\/wp-content\/uploads\/usu884\/2017\/05\/inicislider-innovacio2.png\"><img loading=\"lazy\" decoding=\"async\" class=\"alignnone size-full wp-image-1059\" src=\"http:\/\/agora.xtec.cat\/ceipcampselisis\/wp-content\/uploads\/usu884\/2017\/05\/inicislider-innovacio2.png\" alt=\"inicislider-innovacio2\" width=\"647\" height=\"287\" srcset=\"https:\/\/agora.xtec.cat\/ceipcampselisis\/wp-content\/uploads\/usu884\/2017\/05\/inicislider-innovacio2.png 647w, https:\/\/agora.xtec.cat\/ceipcampselisis\/wp-content\/uploads\/usu884\/2017\/05\/inicislider-innovacio2-300x133.png 300w\" sizes=\"auto, (max-width: 647px) 100vw, 647px\" \/><\/a><\/p>\n","protected":false},"excerpt":{"rendered":"<p>Lluny de reproduir les classes magistrals en qu\u00e8 els mestres utilitzaven els coneixements i metodologies dels llibres de text, els ex\u00e0mens i els deures com a recursos educatius, un nombre cada cop m\u00e9s alt de centres escolars estem\u00a0apostant per crear un ecosistema educatiu propi, a partir de les seves creences com a educadors, que serveixi [&hellip;]<\/p>\n","protected":false},"author":3,"featured_media":0,"parent":0,"menu_order":0,"comment_status":"closed","ping_status":"closed","template":"","meta":{"_bbp_topic_count":0,"_bbp_reply_count":0,"_bbp_total_topic_count":0,"_bbp_total_reply_count":0,"_bbp_voice_count":0,"_bbp_anonymous_reply_count":0,"_bbp_topic_count_hidden":0,"_bbp_reply_count_hidden":0,"_bbp_forum_subforum_count":0,"site-sidebar-layout":"default","site-content-layout":"","ast-site-content-layout":"","site-content-style":"default","site-sidebar-style":"default","ast-global-header-display":"","ast-banner-title-visibility":"","ast-main-header-display":"","ast-hfb-above-header-display":"","ast-hfb-below-header-display":"","ast-hfb-mobile-header-display":"","site-post-title":"","ast-breadcrumbs-content":"","ast-featured-img":"","footer-sml-layout":"","theme-transparent-header-meta":"","adv-header-id-meta":"","stick-header-meta":"","header-above-stick-meta":"","header-main-stick-meta":"","header-below-stick-meta":"","astra-migrate-meta-layouts":"default","ast-page-background-enabled":"default","ast-page-background-meta":{"desktop":{"background-color":"var(--ast-global-color-4)","background-image":"","background-repeat":"repeat","background-position":"center center","background-size":"auto","background-attachment":"scroll","background-type":"","background-media":"","overlay-type":"","overlay-color":"","overlay-opacity":"","overlay-gradient":""},"tablet":{"background-color":"","background-image":"","background-repeat":"repeat","background-position":"center center","background-size":"auto","background-attachment":"scroll","background-type":"","background-media":"","overlay-type":"","overlay-color":"","overlay-opacity":"","overlay-gradient":""},"mobile":{"background-color":"","background-image":"","background-repeat":"repeat","background-position":"center center","background-size":"auto","background-attachment":"scroll","background-type":"","background-media":"","overlay-type":"","overlay-color":"","overlay-opacity":"","overlay-gradient":""}},"ast-content-background-meta":{"desktop":{"background-color":"var(--ast-global-color-5)","background-image":"","background-repeat":"repeat","background-position":"center center","background-size":"auto","background-attachment":"scroll","background-type":"","background-media":"","overlay-type":"","overlay-color":"","overlay-opacity":"","overlay-gradient":""},"tablet":{"background-color":"var(--ast-global-color-5)","background-image":"","background-repeat":"repeat","background-position":"center center","background-size":"auto","background-attachment":"scroll","background-type":"","background-media":"","overlay-type":"","overlay-color":"","overlay-opacity":"","overlay-gradient":""},"mobile":{"background-color":"var(--ast-global-color-5)","background-image":"","background-repeat":"repeat","background-position":"center center","background-size":"auto","background-attachment":"scroll","background-type":"","background-media":"","overlay-type":"","overlay-color":"","overlay-opacity":"","overlay-gradient":""}},"footnotes":""},"class_list":["post-428","page","type-page","status-publish","hentry"],"post_mailing_queue_ids":[],"_links":{"self":[{"href":"https:\/\/agora.xtec.cat\/ceipcampselisis\/wp-json\/wp\/v2\/pages\/428","targetHints":{"allow":["GET"]}}],"collection":[{"href":"https:\/\/agora.xtec.cat\/ceipcampselisis\/wp-json\/wp\/v2\/pages"}],"about":[{"href":"https:\/\/agora.xtec.cat\/ceipcampselisis\/wp-json\/wp\/v2\/types\/page"}],"author":[{"embeddable":true,"href":"https:\/\/agora.xtec.cat\/ceipcampselisis\/wp-json\/wp\/v2\/users\/3"}],"replies":[{"embeddable":true,"href":"https:\/\/agora.xtec.cat\/ceipcampselisis\/wp-json\/wp\/v2\/comments?post=428"}],"version-history":[{"count":4,"href":"https:\/\/agora.xtec.cat\/ceipcampselisis\/wp-json\/wp\/v2\/pages\/428\/revisions"}],"predecessor-version":[{"id":11353,"href":"https:\/\/agora.xtec.cat\/ceipcampselisis\/wp-json\/wp\/v2\/pages\/428\/revisions\/11353"}],"wp:attachment":[{"href":"https:\/\/agora.xtec.cat\/ceipcampselisis\/wp-json\/wp\/v2\/media?parent=428"}],"curies":[{"name":"wp","href":"https:\/\/api.w.org\/{rel}","templated":true}]}}