{"id":372,"date":"2025-09-01T22:33:13","date_gmt":"2025-09-01T20:33:13","guid":{"rendered":"http:\/\/agora.xtec.cat\/ceipcampselisis\/?page_id=372"},"modified":"2026-04-05T21:11:39","modified_gmt":"2026-04-05T19:11:39","slug":"menjador-escolar","status":"publish","type":"page","link":"https:\/\/agora.xtec.cat\/ceipcampselisis\/menjador-escolar\/","title":{"rendered":"Menjador"},"content":{"rendered":"<p align=\"center\"><a href=\"https:\/\/agora.xtec.cat\/ceipcampselisis\/wp-content\/uploads\/usu884\/2026\/04\/menus_abril.pdf\"><img loading=\"lazy\" decoding=\"async\" class=\"alignleft wp-image-5932\" src=\"https:\/\/agora.xtec.cat\/ceipcampselisis\/wp-content\/uploads\/usu884\/2020\/11\/cuiners-300x300.jpg\" alt=\"\" width=\"272\" height=\"272\" \/><\/a><a href=\"https:\/\/apps.colechef.com\/GestionMenus\/frmConsultaMenus.aspx?auto=Q7damGdgLdTYgpU1jujZ8Q%3D%3D\"><br \/>\n<\/a><\/p>\n<div align=\"center\"><\/div>\n<div align=\"center\">\n<p style=\"text-align: left;\">Volem que aquest espai del migdia sigui un espai m\u00e9s en la vida escolar dels infants i que cobreixi com a funci\u00f3 espec\u00edfica tant la satisfacci\u00f3 de les necessitats biol\u00f2giques com de les necessitats psicopedag\u00f2giques. A partir d\u2019aqu\u00ed diferenciem b\u00e0sicament dos moments: el temps de dinar i el temps de lleure. Cadascun amb unes caracter\u00edstiques concretes i una import\u00e0ncia educativa definida que fan incid\u00e8ncia en l\u2019educaci\u00f3 per l\u2019autonomia personal i el desenvolupament de la vida comunit\u00e0ria dels infants.<\/p>\n<p style=\"text-align: left;\">La gesti\u00f3 del menjador la dirigeix el Consell Comarcal del Segri\u00e0 i amb l&#8217;empresa COMERTEL, que proveeix els aliments, confecciona els men\u00fas amb una dietista, els elabora i porta el control de qualitat.<\/p>\n<p style=\"text-align: left;\">Disposem d\u2019una cuina recentment reformada i ben equipada.<\/p>\n<p><img loading=\"lazy\" decoding=\"async\" class=\"alignnone wp-image-6467 size-full\" src=\"https:\/\/agora.xtec.cat\/ceipcampselisis\/wp-content\/uploads\/usu884\/2021\/04\/piramide-alimentaria-saludable-600x440.jpg\" alt=\"\" width=\"600\" height=\"440\" srcset=\"https:\/\/agora.xtec.cat\/ceipcampselisis\/wp-content\/uploads\/usu884\/2021\/04\/piramide-alimentaria-saludable-600x440.jpg 600w, https:\/\/agora.xtec.cat\/ceipcampselisis\/wp-content\/uploads\/usu884\/2021\/04\/piramide-alimentaria-saludable-600x440-300x220.jpg 300w\" sizes=\"auto, (max-width: 600px) 100vw, 600px\" \/><\/p>\n<\/div>\n","protected":false},"excerpt":{"rendered":"<p>Volem que aquest espai del migdia sigui un espai m\u00e9s en la vida escolar dels infants i que cobreixi com a funci\u00f3 espec\u00edfica tant la satisfacci\u00f3 de les necessitats biol\u00f2giques com de les necessitats psicopedag\u00f2giques. A partir d\u2019aqu\u00ed diferenciem b\u00e0sicament dos moments: el temps de dinar i el temps de lleure. Cadascun amb unes caracter\u00edstiques [&hellip;]<\/p>\n","protected":false},"author":3,"featured_media":0,"parent":0,"menu_order":1,"comment_status":"closed","ping_status":"closed","template":"","meta":{"_bbp_topic_count":0,"_bbp_reply_count":0,"_bbp_total_topic_count":0,"_bbp_total_reply_count":0,"_bbp_voice_count":0,"_bbp_anonymous_reply_count":0,"_bbp_topic_count_hidden":0,"_bbp_reply_count_hidden":0,"_bbp_forum_subforum_count":0,"site-sidebar-layout":"default","site-content-layout":"","ast-site-content-layout":"default","site-content-style":"default","site-sidebar-style":"default","ast-global-header-display":"","ast-banner-title-visibility":"","ast-main-header-display":"","ast-hfb-above-header-display":"","ast-hfb-below-header-display":"","ast-hfb-mobile-header-display":"","site-post-title":"","ast-breadcrumbs-content":"","ast-featured-img":"","footer-sml-layout":"","theme-transparent-header-meta":"default","adv-header-id-meta":"","stick-header-meta":"","header-above-stick-meta":"","header-main-stick-meta":"","header-below-stick-meta":"","astra-migrate-meta-layouts":"set","ast-page-background-enabled":"default","ast-page-background-meta":{"desktop":{"background-color":"var(--ast-global-color-4)","background-image":"","background-repeat":"repeat","background-position":"center center","background-size":"auto","background-attachment":"scroll","background-type":"","background-media":"","overlay-type":"","overlay-color":"","overlay-opacity":"","overlay-gradient":""},"tablet":{"background-color":"","background-image":"","background-repeat":"repeat","background-position":"center center","background-size":"auto","background-attachment":"scroll","background-type":"","background-media":"","overlay-type":"","overlay-color":"","overlay-opacity":"","overlay-gradient":""},"mobile":{"background-color":"","background-image":"","background-repeat":"repeat","background-position":"center center","background-size":"auto","background-attachment":"scroll","background-type":"","background-media":"","overlay-type":"","overlay-color":"","overlay-opacity":"","overlay-gradient":""}},"ast-content-background-meta":{"desktop":{"background-color":"var(--ast-global-color-5)","background-image":"","background-repeat":"repeat","background-position":"center center","background-size":"auto","background-attachment":"scroll","background-type":"","background-media":"","overlay-type":"","overlay-color":"","overlay-opacity":"","overlay-gradient":""},"tablet":{"background-color":"var(--ast-global-color-5)","background-image":"","background-repeat":"repeat","background-position":"center center","background-size":"auto","background-attachment":"scroll","background-type":"","background-media":"","overlay-type":"","overlay-color":"","overlay-opacity":"","overlay-gradient":""},"mobile":{"background-color":"var(--ast-global-color-5)","background-image":"","background-repeat":"repeat","background-position":"center center","background-size":"auto","background-attachment":"scroll","background-type":"","background-media":"","overlay-type":"","overlay-color":"","overlay-opacity":"","overlay-gradient":""}},"footnotes":""},"class_list":["post-372","page","type-page","status-publish","hentry"],"post_mailing_queue_ids":[],"_links":{"self":[{"href":"https:\/\/agora.xtec.cat\/ceipcampselisis\/wp-json\/wp\/v2\/pages\/372","targetHints":{"allow":["GET"]}}],"collection":[{"href":"https:\/\/agora.xtec.cat\/ceipcampselisis\/wp-json\/wp\/v2\/pages"}],"about":[{"href":"https:\/\/agora.xtec.cat\/ceipcampselisis\/wp-json\/wp\/v2\/types\/page"}],"author":[{"embeddable":true,"href":"https:\/\/agora.xtec.cat\/ceipcampselisis\/wp-json\/wp\/v2\/users\/3"}],"replies":[{"embeddable":true,"href":"https:\/\/agora.xtec.cat\/ceipcampselisis\/wp-json\/wp\/v2\/comments?post=372"}],"version-history":[{"count":6,"href":"https:\/\/agora.xtec.cat\/ceipcampselisis\/wp-json\/wp\/v2\/pages\/372\/revisions"}],"predecessor-version":[{"id":11546,"href":"https:\/\/agora.xtec.cat\/ceipcampselisis\/wp-json\/wp\/v2\/pages\/372\/revisions\/11546"}],"wp:attachment":[{"href":"https:\/\/agora.xtec.cat\/ceipcampselisis\/wp-json\/wp\/v2\/media?parent=372"}],"curies":[{"name":"wp","href":"https:\/\/api.w.org\/{rel}","templated":true}]}}