{"id":30,"date":"2025-08-18T12:30:23","date_gmt":"2025-08-18T10:30:23","guid":{"rendered":"http:\/\/agora.xtec.cat\/ceipcampselisis\/?page_id=30"},"modified":"2026-02-09T23:48:00","modified_gmt":"2026-02-09T22:48:00","slug":"instal%c2%b7lacions","status":"publish","type":"page","link":"https:\/\/agora.xtec.cat\/ceipcampselisis\/lescola\/instal%c2%b7lacions\/","title":{"rendered":"Organitzaci\u00f3 i Recursos"},"content":{"rendered":"\n<p>L\u2019estructura b\u00e0sica d\u2019agrupament de l\u2019alumnat \u00e9s el grup classe, on es reuneixen els infants de la mateixa edat. Per atendre les necessitats educatives individuals, es duen a terme diverses tipologies d\u2019agrupaments ocasionals:<\/p>\n\n\n\n<ul class=\"wp-block-list\">\n<li>Desdoblaments<\/li>\n\n\n\n<li>Expressi\u00f3 oral i escrita en angl\u00e8s<\/li>\n\n\n\n<li>Sessions de Rob\u00f2tica i Pensament Computacional<\/li>\n\n\n\n<li>Biblioteca i Animaci\u00f3 Lectora<\/li>\n\n\n\n<li>Expressi\u00f3 escrita en llengua catalana i castellana<\/li>\n\n\n\n<li>Suport de la mestra de l\u2019aula d\u2019EE i d&#8217;acollida<\/li>\n\n\n\n<li>Suport de la mestra d&#8217;audici\u00f3 i llenguatge<\/li>\n\n\n\n<li>Suports en petit grup<\/li>\n<\/ul>\n\n\n\n<p>A m\u00e9s tamb\u00e9 hi ha activitats que impliquen un agrupament internivell, entre altres:<\/p>\n\n\n\n<ul class=\"wp-block-list\">\n<li>Tallers, amb la participaci\u00f3 d\u2019alumnes de diferents grups del mateix cicle.<\/li>\n\n\n\n<li>Activitats d\u2019apadrinament lector.<\/li>\n\n\n\n<li>Activitats d\u2019Estones de Joc (alumnes dels cursos alts de Prim\u00e0ria amb alumnes d\u2019Infantil).<strong style=\"font-family: inherit; font-size: 1em;\">\u00a0<\/strong><\/li>\n<\/ul>\n\n\n\n<h4 class=\"wp-block-heading\">DESDOBLAMENTS<\/h4>\n\n\n\n<p>Es treballa en grup desdoblat una sessi\u00f3 setmanal:<\/p>\n\n\n\n<ul class=\"wp-block-list\">\n<li><strong>Rob\u00f2tica \/ Angl\u00e8s<\/strong> a I4 i I5.<\/li>\n\n\n\n<li>L\u2019<strong>expressi\u00f3\u00a0escrita<\/strong> <strong>en catal\u00e0 i castell\u00e0<\/strong> des de 1r fins a 6\u00e8.<\/li>\n\n\n\n<li>La sessi\u00f3 de lectura \u201c<strong>Story time\u201d \/ Biblioteca<\/strong> des de 1r fins a 6\u00e8<\/li>\n\n\n\n<li>Els <strong>Work in Corners <\/strong>en una de les tres sessions de llengua anglesa des de 1r fins a 6\u00e8<\/li>\n<\/ul>\n\n\n\n<h4 class=\"wp-block-heading\">REFOR\u00c7OS<\/h4>\n\n\n\n<ul class=\"wp-block-list\">\n<li>A Mitjans i Grans es reforcen di\u00e0riament sessions de <strong>l\u2019\u00e0mbit ling\u00fc\u00edstic i matem\u00e0tic<\/strong>.<\/li>\n\n\n\n<li><strong>A Petits es fan refor\u00e7os a les aules de Llenguatge Verbal, Matem\u00e0tic, Descoberta de l&#8217;Entorn.<\/strong><\/li>\n\n\n\n<li>En tota la Prim\u00e0ria es refor\u00e7a alguna sessi\u00f3 setmanal de <strong>Projectes <\/strong>des de 1r fins a 6\u00e8<\/li>\n<\/ul>\n\n\n\n<h4 class=\"wp-block-heading\">RACONS I TALLERS<\/h4>\n\n\n\n<ul class=\"wp-block-list\">\n<li>En algunes sessions al mat\u00ed al treball de racons ling\u00fc\u00edstics i matem\u00e0tics a la<strong> Comunitat de Petits<\/strong>.<\/li>\n\n\n\n<li>Tres tardes setmanals en els <strong>Caus d\u2019Aprenentatge<\/strong> amb agrupament intercicle a la comunitat de Petits.<\/li>\n\n\n\n<li>Projecte <strong>Connectem<\/strong> a la comunitat de Mitjans i de Grans (dues sessions setmanals).<\/li>\n\n\n\n<li>A Prim\u00e0ria es dedica una sessi\u00f3 setmanal amb dos mestres a l\u2019aula pel treball per <strong>racons ling\u00fc\u00edstics i matem\u00e0tics <\/strong>i una sessi\u00f3 amb tres mestres a l\u2019aula per<strong> Rob\u00f2tica, Pensament Computacional i Jocs<\/strong><strong> Matem\u00e0tics <\/strong>des de 1r\u00a0 fins a 6\u00e8.<\/li>\n\n\n\n<li>Els <strong>Work in Corners <\/strong>en una de les tres sessions de llengua anglesa des de 1r fins a 6\u00e8<\/li>\n<\/ul>\n\n\n\n<p><strong>&nbsp;<\/strong><\/p>\n\n\n\n<div id=\"cos\">\n<h4>SERVEIS EXTRAESCOLARS<\/h4>\n<ul>\n<li>Acolliment matinal &#8220;Espais Inclusius&#8221; (a partir de les 7:30 del mat\u00ed)<\/li>\n<li>Acollida de tarda (de 16:30 a 17:30 h)<\/li>\n<li>Menjador escolar<\/li>\n<li>Activitats de migdia<\/li>\n<li>Activitats extraescolars ofertes per l&#8217;AFA<\/li>\n<li>Tallers d&#8217;oportunitats educatives<\/li>\n<\/ul>\n<h4>&nbsp;<\/h4>\n<h4>SERVEIS EDUCATIUS<\/h4>\n<ul>\n<li>Psicopedagogia (EAP)<\/li>\n<li>Treballador Social (EAP)<\/li>\n<li>Fisioterapeuta (EAP)<\/li>\n<li>CREDA (EAP)<\/li>\n<li>T\u00e8cnic Integraci\u00f3 Social (TIS)<\/li>\n<\/ul>\n<p>La nostra escola disposa de dues l\u00ednies de grups d&#8217;Educaci\u00f3 Infantil i de Prim\u00e0ria fins a 4t incl\u00f2s.<\/p>\n<p>&nbsp;<\/p>\n<h4>EQUIPAMENTS<\/h4>\n<\/div>\n\n\n\n<ul class=\"wp-block-list\">\n<li><span style=\"font-family: Arial, Helvetica, sans-serif; font-size: medium;\">6 Aules d&#8217;Infantil.<\/span><\/li>\n\n\n\n<li><span style=\"font-family: Arial, Helvetica, sans-serif; font-size: medium;\">10 Aules de Prim\u00e0ria<\/span>.<\/li>\n\n\n\n<li><span style=\"font-family: Arial, Helvetica, sans-serif; font-size: medium;\">Aula de M\u00fasica<\/span><\/li>\n\n\n\n<li><span style=\"font-family: Arial, Helvetica, sans-serif; font-size: medium;\">Aula de Psicomotricitat<\/span><\/li>\n\n\n\n<li><span style=\"font-family: Arial, Helvetica, sans-serif; font-size: medium;\">Espais de desdoblaments<\/span><\/li>\n\n\n\n<li><span style=\"font-family: Arial, Helvetica, sans-serif; font-size: medium;\">Biblioteca Escolar<\/span><\/li>\n\n\n\n<li><span style=\"font-family: Arial, Helvetica, sans-serif; font-size: medium;\">Menjador<\/span><\/li>\n\n\n\n<li><span style=\"font-family: Arial, Helvetica, sans-serif; font-size: medium;\">Pista poliesportiva<\/span><\/li>\n\n\n\n<li><span style=\"font-family: Arial, Helvetica, sans-serif; font-size: medium;\">Pati independent per Infantil<\/span><\/li>\n\n\n\n<li><span style=\"font-family: Arial, Helvetica, sans-serif; font-size: medium;\">Pati integrat als Camps Elisis.<\/span><\/li>\n\n\n\n<li><span style=\"font-family: Arial, Helvetica, sans-serif; font-size: medium;\">Disponibilitat del Pavell\u00f3 de Vidre.<\/span><\/li>\n\n\n\n<li><span style=\"font-family: Arial, Helvetica, sans-serif; font-size: medium;\">Totes les aules disposen de connexi\u00f3 a la xarxa inform\u00e0tica.<\/span><\/li>\n<\/ul>\n\n\n\n<figure class=\"wp-block-image\"><img loading=\"lazy\" decoding=\"async\" width=\"1024\" height=\"768\" src=\"https:\/\/agora.xtec.cat\/ceipcampselisis\/wp-content\/uploads\/usu884\/2021\/02\/IMG_20210204_102712-1024x768.jpg\" alt=\"\" class=\"wp-image-6213\" srcset=\"https:\/\/agora.xtec.cat\/ceipcampselisis\/wp-content\/uploads\/usu884\/2021\/02\/IMG_20210204_102712-1024x768.jpg 1024w, https:\/\/agora.xtec.cat\/ceipcampselisis\/wp-content\/uploads\/usu884\/2021\/02\/IMG_20210204_102712-300x225.jpg 300w, https:\/\/agora.xtec.cat\/ceipcampselisis\/wp-content\/uploads\/usu884\/2021\/02\/IMG_20210204_102712-768x576.jpg 768w, https:\/\/agora.xtec.cat\/ceipcampselisis\/wp-content\/uploads\/usu884\/2021\/02\/IMG_20210204_102712-200x150.jpg 200w\" sizes=\"auto, (max-width: 1024px) 100vw, 1024px\" \/><\/figure>\n\n\n\n<figure class=\"wp-block-image\"><img loading=\"lazy\" decoding=\"async\" width=\"640\" height=\"480\" src=\"https:\/\/agora.xtec.cat\/ceipcampselisis\/wp-content\/uploads\/usu884\/2021\/02\/IMG_5085.jpg\" alt=\"\" class=\"wp-image-6216\" srcset=\"https:\/\/agora.xtec.cat\/ceipcampselisis\/wp-content\/uploads\/usu884\/2021\/02\/IMG_5085.jpg 640w, https:\/\/agora.xtec.cat\/ceipcampselisis\/wp-content\/uploads\/usu884\/2021\/02\/IMG_5085-300x225.jpg 300w, https:\/\/agora.xtec.cat\/ceipcampselisis\/wp-content\/uploads\/usu884\/2021\/02\/IMG_5085-200x150.jpg 200w\" sizes=\"auto, (max-width: 640px) 100vw, 640px\" \/><\/figure>\n\n\n\n<figure class=\"wp-block-image\"><img loading=\"lazy\" decoding=\"async\" width=\"1024\" height=\"768\" src=\"https:\/\/agora.xtec.cat\/ceipcampselisis\/wp-content\/uploads\/usu884\/2022\/10\/IMG-6613-1024x768.jpg\" alt=\"\" class=\"wp-image-7764\" srcset=\"https:\/\/agora.xtec.cat\/ceipcampselisis\/wp-content\/uploads\/usu884\/2022\/10\/IMG-6613-1024x768.jpg 1024w, https:\/\/agora.xtec.cat\/ceipcampselisis\/wp-content\/uploads\/usu884\/2022\/10\/IMG-6613-300x225.jpg 300w, https:\/\/agora.xtec.cat\/ceipcampselisis\/wp-content\/uploads\/usu884\/2022\/10\/IMG-6613-768x576.jpg 768w, https:\/\/agora.xtec.cat\/ceipcampselisis\/wp-content\/uploads\/usu884\/2022\/10\/IMG-6613-1536x1152.jpg 1536w, https:\/\/agora.xtec.cat\/ceipcampselisis\/wp-content\/uploads\/usu884\/2022\/10\/IMG-6613-2048x1536.jpg 2048w, https:\/\/agora.xtec.cat\/ceipcampselisis\/wp-content\/uploads\/usu884\/2022\/10\/IMG-6613-200x150.jpg 200w\" sizes=\"auto, (max-width: 1024px) 100vw, 1024px\" \/><\/figure>\n","protected":false},"excerpt":{"rendered":"<p>L\u2019estructura b\u00e0sica d\u2019agrupament de l\u2019alumnat \u00e9s el grup classe, on es reuneixen els infants de la mateixa edat. Per atendre les necessitats educatives individuals, es duen a terme diverses tipologies d\u2019agrupaments ocasionals: A m\u00e9s tamb\u00e9 hi ha activitats que impliquen un agrupament internivell, entre altres: DESDOBLAMENTS Es treballa en grup desdoblat una sessi\u00f3 setmanal: REFOR\u00c7OS [&hellip;]<\/p>\n","protected":false},"author":1,"featured_media":0,"parent":22,"menu_order":4,"comment_status":"closed","ping_status":"closed","template":"","meta":{"_bbp_topic_count":0,"_bbp_reply_count":0,"_bbp_total_topic_count":0,"_bbp_total_reply_count":0,"_bbp_voice_count":0,"_bbp_anonymous_reply_count":0,"_bbp_topic_count_hidden":0,"_bbp_reply_count_hidden":0,"_bbp_forum_subforum_count":0,"site-sidebar-layout":"default","site-content-layout":"","ast-site-content-layout":"default","site-content-style":"default","site-sidebar-style":"default","ast-global-header-display":"","ast-banner-title-visibility":"","ast-main-header-display":"","ast-hfb-above-header-display":"","ast-hfb-below-header-display":"","ast-hfb-mobile-header-display":"","site-post-title":"","ast-breadcrumbs-content":"","ast-featured-img":"","footer-sml-layout":"","theme-transparent-header-meta":"","adv-header-id-meta":"","stick-header-meta":"","header-above-stick-meta":"","header-main-stick-meta":"","header-below-stick-meta":"","astra-migrate-meta-layouts":"set","ast-page-background-enabled":"default","ast-page-background-meta":{"desktop":{"background-color":"var(--ast-global-color-4)","background-image":"","background-repeat":"repeat","background-position":"center center","background-size":"auto","background-attachment":"scroll","background-type":"","background-media":"","overlay-type":"","overlay-color":"","overlay-opacity":"","overlay-gradient":""},"tablet":{"background-color":"","background-image":"","background-repeat":"repeat","background-position":"center center","background-size":"auto","background-attachment":"scroll","background-type":"","background-media":"","overlay-type":"","overlay-color":"","overlay-opacity":"","overlay-gradient":""},"mobile":{"background-color":"","background-image":"","background-repeat":"repeat","background-position":"center center","background-size":"auto","background-attachment":"scroll","background-type":"","background-media":"","overlay-type":"","overlay-color":"","overlay-opacity":"","overlay-gradient":""}},"ast-content-background-meta":{"desktop":{"background-color":"var(--ast-global-color-5)","background-image":"","background-repeat":"repeat","background-position":"center center","background-size":"auto","background-attachment":"scroll","background-type":"","background-media":"","overlay-type":"","overlay-color":"","overlay-opacity":"","overlay-gradient":""},"tablet":{"background-color":"var(--ast-global-color-5)","background-image":"","background-repeat":"repeat","background-position":"center center","background-size":"auto","background-attachment":"scroll","background-type":"","background-media":"","overlay-type":"","overlay-color":"","overlay-opacity":"","overlay-gradient":""},"mobile":{"background-color":"var(--ast-global-color-5)","background-image":"","background-repeat":"repeat","background-position":"center center","background-size":"auto","background-attachment":"scroll","background-type":"","background-media":"","overlay-type":"","overlay-color":"","overlay-opacity":"","overlay-gradient":""}},"footnotes":""},"class_list":["post-30","page","type-page","status-publish","hentry"],"post_mailing_queue_ids":[],"_links":{"self":[{"href":"https:\/\/agora.xtec.cat\/ceipcampselisis\/wp-json\/wp\/v2\/pages\/30","targetHints":{"allow":["GET"]}}],"collection":[{"href":"https:\/\/agora.xtec.cat\/ceipcampselisis\/wp-json\/wp\/v2\/pages"}],"about":[{"href":"https:\/\/agora.xtec.cat\/ceipcampselisis\/wp-json\/wp\/v2\/types\/page"}],"author":[{"embeddable":true,"href":"https:\/\/agora.xtec.cat\/ceipcampselisis\/wp-json\/wp\/v2\/users\/1"}],"replies":[{"embeddable":true,"href":"https:\/\/agora.xtec.cat\/ceipcampselisis\/wp-json\/wp\/v2\/comments?post=30"}],"version-history":[{"count":6,"href":"https:\/\/agora.xtec.cat\/ceipcampselisis\/wp-json\/wp\/v2\/pages\/30\/revisions"}],"predecessor-version":[{"id":11408,"href":"https:\/\/agora.xtec.cat\/ceipcampselisis\/wp-json\/wp\/v2\/pages\/30\/revisions\/11408"}],"up":[{"embeddable":true,"href":"https:\/\/agora.xtec.cat\/ceipcampselisis\/wp-json\/wp\/v2\/pages\/22"}],"wp:attachment":[{"href":"https:\/\/agora.xtec.cat\/ceipcampselisis\/wp-json\/wp\/v2\/media?parent=30"}],"curies":[{"name":"wp","href":"https:\/\/api.w.org\/{rel}","templated":true}]}}