{"id":268,"date":"2017-05-17T20:48:40","date_gmt":"2017-05-17T18:48:40","guid":{"rendered":"http:\/\/agora.xtec.cat\/ceipcampselisis\/?page_id=268"},"modified":"2025-12-13T01:54:53","modified_gmt":"2025-12-13T00:54:53","slug":"consell-escolar-2","status":"publish","type":"page","link":"https:\/\/agora.xtec.cat\/ceipcampselisis\/lescola\/consell-escolar-2\/","title":{"rendered":"Consell Escolar"},"content":{"rendered":"<blockquote>\n<p align=\"justify\"><strong><img loading=\"lazy\" decoding=\"async\" class=\"alignnone wp-image-11020 size-large\" src=\"https:\/\/agora.xtec.cat\/ceipcampselisis\/wp-content\/uploads\/usu884\/2025\/12\/IMG_7595-1024x768.jpg\" alt=\"\" width=\"1024\" height=\"768\" srcset=\"https:\/\/agora.xtec.cat\/ceipcampselisis\/wp-content\/uploads\/usu884\/2025\/12\/IMG_7595-1024x768.jpg 1024w, https:\/\/agora.xtec.cat\/ceipcampselisis\/wp-content\/uploads\/usu884\/2025\/12\/IMG_7595-300x225.jpg 300w, https:\/\/agora.xtec.cat\/ceipcampselisis\/wp-content\/uploads\/usu884\/2025\/12\/IMG_7595-768x576.jpg 768w, https:\/\/agora.xtec.cat\/ceipcampselisis\/wp-content\/uploads\/usu884\/2025\/12\/IMG_7595-1536x1152.jpg 1536w, https:\/\/agora.xtec.cat\/ceipcampselisis\/wp-content\/uploads\/usu884\/2025\/12\/IMG_7595-2048x1536.jpg 2048w, https:\/\/agora.xtec.cat\/ceipcampselisis\/wp-content\/uploads\/usu884\/2025\/12\/IMG_7595-200x150.jpg 200w\" sizes=\"auto, (max-width: 1024px) 100vw, 1024px\" \/><\/strong><\/p>\n<p align=\"justify\"><strong>Qu\u00e8 \u00e9s?<\/strong> El Consell escolar del centre \u00e9s l&#8217;\u00f2rgan col\u00b7legiat de participaci\u00f3 de la comunitat escolar en el govern del centre. Corresponen al Consell Escolar les funcions establertes a la Llei 12\/2009, de 10 de juliol, d&#8217;educaci\u00f3.<\/p>\n<p><strong>Composici\u00f3 del consell escolar<\/strong><\/p>\n<p>a) El director que el presideix<\/p>\n<p>b) El cap d&#8217;estudis<\/p>\n<p>c) Els i les 6 representants del professorat s&#8217;elegeixen pel claustre<\/p>\n<p>d) Els i les 5 representants de pares i mares o tutors, elegits respectivament per ells i entre ells<\/p>\n<p>e) Una representant de l&#8217;ajuntament de la localitat<\/p>\n<p>f) Dos representants d&#8217;administraci\u00f3 i serveis (PAS), elegits per i entre aquest personal<\/p>\n<p>g) Una de les persones representants del sector pares\/mares que la designa l\u2019AFA<\/p>\n<p>h) La secret\u00e0ria del centre amb veu i sense vot i exerceix la secretaria del consell<\/p>\n<table style=\"width: 270px;\">\n<tbody>\n<tr>\n<td style=\"width: 264px;\"><a href=\"http:\/\/www.xtec.cat\/centres\/a8025927\/Noticies\/Eleccions%20Consell%20Escolar\/01_funcions.pdf\"><img loading=\"lazy\" decoding=\"async\" class=\"alignnone wp-image-6391 size-medium\" src=\"https:\/\/agora.xtec.cat\/ceipcampselisis\/wp-content\/uploads\/usu884\/2021\/04\/logo-consell-escolarv-300x279.jpg\" alt=\"\" width=\"300\" height=\"279\" srcset=\"https:\/\/agora.xtec.cat\/ceipcampselisis\/wp-content\/uploads\/usu884\/2021\/04\/logo-consell-escolarv-300x279.jpg 300w, https:\/\/agora.xtec.cat\/ceipcampselisis\/wp-content\/uploads\/usu884\/2021\/04\/logo-consell-escolarv-768x714.jpg 768w, https:\/\/agora.xtec.cat\/ceipcampselisis\/wp-content\/uploads\/usu884\/2021\/04\/logo-consell-escolarv-1024x952.jpg 1024w, https:\/\/agora.xtec.cat\/ceipcampselisis\/wp-content\/uploads\/usu884\/2021\/04\/logo-consell-escolarv.jpg 1051w\" sizes=\"auto, (max-width: 300px) 100vw, 300px\" \/><\/a><\/td>\n<\/tr>\n<tr>\n<td style=\"width: 264px; text-align: center;\"><a href=\"http:\/\/www.xtec.cat\/centres\/a8025927\/Noticies\/Eleccions%20Consell%20Escolar\/01_funcions.pdf\"><strong>Funcions del Consell Escolar<\/strong><\/a><\/td>\n<\/tr>\n<\/tbody>\n<\/table>\n<table style=\"width: 271px;\">\n<tbody>\n<tr>\n<td style=\"width: 265px;\" align=\"center\">\n<div align=\"center\"><a href=\"https:\/\/agora.xtec.cat\/ceipcampselisis\/wp-content\/uploads\/usu884\/2025\/10\/Eleccions-Consell-Escolar-2025.pdf\"><img loading=\"lazy\" decoding=\"async\" class=\"aligncenter\" src=\"https:\/\/static2.laverdad.es\/www\/multimedia\/201806\/06\/media\/cortadas\/calendario-kpWB-U502146857037qdG-624x385@La%20Verdad.jpg\" alt=\"Resultat d'imatges de calendario\" width=\"202\" height=\"124\" \/><\/a><\/div>\n<\/td>\n<\/tr>\n<tr>\n<td style=\"width: 265px;\" align=\"center\"><a href=\"https:\/\/agora.xtec.cat\/ceipcampselisis\/wp-content\/uploads\/usu884\/2025\/10\/Calendari-electoral-2025.pdf\"><strong>Calendari Eleccions 2025<\/strong><\/a><\/td>\n<\/tr>\n<\/tbody>\n<\/table>\n<table style=\"width: 275px;\">\n<tbody>\n<tr>\n<td style=\"width: 269px;\" align=\"center\">\n<div align=\"center\"><a href=\"https:\/\/agora.xtec.cat\/ceipcampselisis\/wp-content\/uploads\/usu884\/2025\/10\/Eleccions-Consell-Escolar-2025.pdf\"><img loading=\"lazy\" decoding=\"async\" class=\"alignnone\" src=\"https:\/\/sanjoseplasencia.files.wordpress.com\/2017\/07\/1671741-informaciones_varias_version2.jpg?w=207&amp;h=207\" alt=\"Resultat d'imatges de informaciones\" width=\"207\" height=\"207\" \/><\/a><\/div>\n<\/td>\n<\/tr>\n<tr>\n<td style=\"width: 269px;\" align=\"center\"><a href=\"https:\/\/agora.xtec.cat\/ceipcampselisis\/wp-content\/uploads\/usu884\/2025\/10\/Eleccions-Consell-Escolar-2025.pdf\"><strong>Informacions Eleccions 2025<\/strong><\/a><\/td>\n<\/tr>\n<\/tbody>\n<\/table>\n<table style=\"width: 271.59px;\">\n<tbody>\n<tr style=\"height: 406px;\">\n<td style=\"height: 406px; width: 271.59px;\" align=\"center\" width=\"33%\">\n<div align=\"center\"><a href=\"http:\/\/familiaiescola.gencat.cat\/ca\/escolaritat\/participacio-compromis\/participacio-coresponsabilitzacio\/participacio-funcionament-centre\/consell-escolar\/\"><img loading=\"lazy\" decoding=\"async\" class=\"alignnone\" src=\"http:\/\/2.bp.blogspot.com\/-HhGTUpiw-Fg\/VtW4ZkOsamI\/AAAAAAAAPVY\/bbAHRD_M7Dc\/s1600-r\/familiaescola.jpg\" alt=\"Resultat d'imatges de familia i escola\" width=\"759\" height=\"224\" \/><\/a><\/div>\n<\/td>\n<\/tr>\n<tr style=\"height: 31px;\">\n<td style=\"height: 31px; width: 271.59px;\" align=\"center\" width=\"25%\"><a href=\"http:\/\/familiaiescola.gencat.cat\/ca\/recomanacions\/recomanacions\/eleccions_als_consells_escolars\/\"><strong>Fam\u00edlia i Escola Generalitat Catalunya<\/strong><\/a><\/td>\n<\/tr>\n<\/tbody>\n<\/table>\n<p>&nbsp;<\/p><\/blockquote>\n","protected":false},"excerpt":{"rendered":"<p>Qu\u00e8 \u00e9s? El Consell escolar del centre \u00e9s l&#8217;\u00f2rgan col\u00b7legiat de participaci\u00f3 de la comunitat escolar en el govern del centre. Corresponen al Consell Escolar les funcions establertes a la Llei 12\/2009, de 10 de juliol, d&#8217;educaci\u00f3. Composici\u00f3 del consell escolar a) El director que el presideix b) El cap d&#8217;estudis c) Els i les [&hellip;]<\/p>\n","protected":false},"author":3,"featured_media":0,"parent":22,"menu_order":10,"comment_status":"closed","ping_status":"closed","template":"page-templates\/side-menu.php","meta":{"_bbp_topic_count":0,"_bbp_reply_count":0,"_bbp_total_topic_count":0,"_bbp_total_reply_count":0,"_bbp_voice_count":0,"_bbp_anonymous_reply_count":0,"_bbp_topic_count_hidden":0,"_bbp_reply_count_hidden":0,"_bbp_forum_subforum_count":0,"site-sidebar-layout":"default","site-content-layout":"","ast-site-content-layout":"","site-content-style":"default","site-sidebar-style":"default","ast-global-header-display":"","ast-banner-title-visibility":"","ast-main-header-display":"","ast-hfb-above-header-display":"","ast-hfb-below-header-display":"","ast-hfb-mobile-header-display":"","site-post-title":"","ast-breadcrumbs-content":"","ast-featured-img":"","footer-sml-layout":"","theme-transparent-header-meta":"","adv-header-id-meta":"","stick-header-meta":"","header-above-stick-meta":"","header-main-stick-meta":"","header-below-stick-meta":"","astra-migrate-meta-layouts":"default","ast-page-background-enabled":"default","ast-page-background-meta":{"desktop":{"background-color":"var(--ast-global-color-4)","background-image":"","background-repeat":"repeat","background-position":"center center","background-size":"auto","background-attachment":"scroll","background-type":"","background-media":"","overlay-type":"","overlay-color":"","overlay-opacity":"","overlay-gradient":""},"tablet":{"background-color":"","background-image":"","background-repeat":"repeat","background-position":"center center","background-size":"auto","background-attachment":"scroll","background-type":"","background-media":"","overlay-type":"","overlay-color":"","overlay-opacity":"","overlay-gradient":""},"mobile":{"background-color":"","background-image":"","background-repeat":"repeat","background-position":"center center","background-size":"auto","background-attachment":"scroll","background-type":"","background-media":"","overlay-type":"","overlay-color":"","overlay-opacity":"","overlay-gradient":""}},"ast-content-background-meta":{"desktop":{"background-color":"var(--ast-global-color-5)","background-image":"","background-repeat":"repeat","background-position":"center center","background-size":"auto","background-attachment":"scroll","background-type":"","background-media":"","overlay-type":"","overlay-color":"","overlay-opacity":"","overlay-gradient":""},"tablet":{"background-color":"var(--ast-global-color-5)","background-image":"","background-repeat":"repeat","background-position":"center center","background-size":"auto","background-attachment":"scroll","background-type":"","background-media":"","overlay-type":"","overlay-color":"","overlay-opacity":"","overlay-gradient":""},"mobile":{"background-color":"var(--ast-global-color-5)","background-image":"","background-repeat":"repeat","background-position":"center center","background-size":"auto","background-attachment":"scroll","background-type":"","background-media":"","overlay-type":"","overlay-color":"","overlay-opacity":"","overlay-gradient":""}},"footnotes":""},"class_list":["post-268","page","type-page","status-publish","hentry"],"post_mailing_queue_ids":[],"_links":{"self":[{"href":"https:\/\/agora.xtec.cat\/ceipcampselisis\/wp-json\/wp\/v2\/pages\/268","targetHints":{"allow":["GET"]}}],"collection":[{"href":"https:\/\/agora.xtec.cat\/ceipcampselisis\/wp-json\/wp\/v2\/pages"}],"about":[{"href":"https:\/\/agora.xtec.cat\/ceipcampselisis\/wp-json\/wp\/v2\/types\/page"}],"author":[{"embeddable":true,"href":"https:\/\/agora.xtec.cat\/ceipcampselisis\/wp-json\/wp\/v2\/users\/3"}],"replies":[{"embeddable":true,"href":"https:\/\/agora.xtec.cat\/ceipcampselisis\/wp-json\/wp\/v2\/comments?post=268"}],"version-history":[{"count":7,"href":"https:\/\/agora.xtec.cat\/ceipcampselisis\/wp-json\/wp\/v2\/pages\/268\/revisions"}],"predecessor-version":[{"id":11021,"href":"https:\/\/agora.xtec.cat\/ceipcampselisis\/wp-json\/wp\/v2\/pages\/268\/revisions\/11021"}],"up":[{"embeddable":true,"href":"https:\/\/agora.xtec.cat\/ceipcampselisis\/wp-json\/wp\/v2\/pages\/22"}],"wp:attachment":[{"href":"https:\/\/agora.xtec.cat\/ceipcampselisis\/wp-json\/wp\/v2\/media?parent=268"}],"curies":[{"name":"wp","href":"https:\/\/api.w.org\/{rel}","templated":true}]}}