{"id":26,"date":"2024-09-18T12:24:32","date_gmt":"2024-09-18T10:24:32","guid":{"rendered":"http:\/\/agora.xtec.cat\/ceipcampselisis\/?page_id=26"},"modified":"2025-09-06T13:04:46","modified_gmt":"2025-09-06T11:04:46","slug":"historia","status":"publish","type":"page","link":"https:\/\/agora.xtec.cat\/ceipcampselisis\/lescola\/historia\/","title":{"rendered":"Qui som i cap a on anem"},"content":{"rendered":"<h4><\/h4>\n<h4>VALORS, LA NOSTRA FORMA D&#8217;ACTUAR&#8230;<\/h4>\n<hr \/>\n<h4><img loading=\"lazy\" decoding=\"async\" class=\"alignright\" src=\"http:\/\/www.xtec.cat\/ceipcampselisis\/img\/P1030535.JPG\" width=\"150\" height=\"113\" align=\"left\" \/><\/h4>\n<p>A l\u2019escola Camps Elisis considerem primordials els \u00a0\u00a0seg\u00fcents\u00a0principis generals per prendre qualsevol decisi\u00f3, estructura, forma organitzativa i activitat en tots els \u00e0mbits de la vida del nostre centre:<\/p>\n<ul>\n<li>El comprom\u00eds amb la cultura i la llengua catalana.<\/li>\n<li>El pluralisme, el respecte a la diversitat cultural.<\/li>\n<li>El respecte per l\u2019entorn natural i cultural.<\/li>\n<li>L\u2019esfor\u00e7, l\u2019autoexig\u00e8ncia, la responsabilitat i el treball ben fet.<\/li>\n<li>La conviv\u00e8ncia basada en el di\u00e0leg, el respecte, la toler\u00e0ncia i la solidaritat.<\/li>\n<li>La cultura de la pau, l\u2019equitat, la defensa dels drets humans, la coeducaci\u00f3, la participaci\u00f3 democr\u00e0tica i el sentit cr\u00edtic.<\/li>\n<\/ul>\n<p>&nbsp;<\/p>\n<h4 align=\"left\">MISSI\u00d3, L&#8217;ESS\u00c8NCIA DE L&#8217;ESCOLA&#8230;<\/h4>\n<hr \/>\n<h4 align=\"left\"><img loading=\"lazy\" decoding=\"async\" class=\"alignright\" src=\"http:\/\/www.xtec.cat\/ceipcampselisis\/img\/8-de-mar-1.JPG\" width=\"137\" height=\"103\" align=\"right\" \/><\/h4>\n<p>L\u2019escola Camps Elisis \u00e9s una escola p\u00fablica, catalana, arrelada i compromesa amb l\u2019entorn, on el respecte, la toler\u00e0ncia i la solidaritat s\u00f3n pilars b\u00e0sics per a la conviv\u00e8ncia. Promou l\u2019esfor\u00e7, l\u2019autoexig\u00e8ncia, la responsabilitat i el treball ben fet.<\/p>\n<p>Pret\u00e9n el desenvolupament de les compet\u00e8ncies b\u00e0siques en l\u2019alumnat, assolint un bon nivell de comprensi\u00f3 lectora, d\u2019expressi\u00f3 oral i escrita, d\u2019agilitat en el c\u00e0lcul i en la resoluci\u00f3 de problemes i d\u2019autonomia en l\u2019aprenentatge.<\/p>\n<p>Fomenta la participaci\u00f3 de les fam\u00edlies en l\u2019educaci\u00f3 dels seus fills per a qu\u00e8 esdevinguin ciutadans responsables, solidaris, respectuosos amb els altres i amb l\u2019entorn, i competents en les habilitats socials i personals que els permetin incorporar-se a una societat multicultural i din\u00e0mica .<\/p>\n<h4>VISI\u00d3, L&#8217;ESCOLA QUE VOLEM&#8230;<\/h4>\n<hr \/>\n<h4><img decoding=\"async\" class=\"alignright\" src=\"http:\/\/www.xtec.cat\/ceipcampselisis\/img\/P5050161.JPG\" width=\"150\" align=\"left\" \/><\/h4>\n<p>Volem ser:<\/p>\n<ul>\n<li style=\"list-style-type: none;\">\n<ul>\n<li>Un centre actiu, emprenedor, amb visi\u00f3 de futur que pret\u00e9n la millora constant del rendiment acad\u00e8mic dels alumnes mitjan\u00e7ant l\u2019\u00fas habitual de les TIC, l\u2019impuls de les lleng\u00fces estrangeres i la promoci\u00f3 de les habilitats socials i el treball cooperatiu per arribar a ser un referent de qualitat educativa.<\/li>\n<li>Un centre que formi persones compromeses amb la societat: solid\u00e0ries, dialogants, respectuoses amb el medi ambient, tolerants amb els altres, pac\u00edfiques, amb criteri propi i responsables.<\/li>\n<li>Un equip il\u2022lusionat i format professionalment per portar a terme el nostre projecte educatiu, continuant mantenint un clima acollidor i motivador per afavorir la tasca docent.<\/li>\n<\/ul>\n<\/li>\n<\/ul>\n<h4><a href=\"https:\/\/agora.xtec.cat\/ceipcampselisis\/wp-content\/uploads\/usu884\/2019\/04\/D\u00cdPTIC-GENERAL.pdf\"><img loading=\"lazy\" decoding=\"async\" class=\"alignnone wp-image-4031 size-full\" src=\"https:\/\/agora.xtec.cat\/ceipcampselisis\/wp-content\/uploads\/usu884\/2019\/04\/dibuix.jpg\" alt=\"\" width=\"858\" height=\"600\" srcset=\"https:\/\/agora.xtec.cat\/ceipcampselisis\/wp-content\/uploads\/usu884\/2019\/04\/dibuix.jpg 858w, https:\/\/agora.xtec.cat\/ceipcampselisis\/wp-content\/uploads\/usu884\/2019\/04\/dibuix-300x210.jpg 300w, https:\/\/agora.xtec.cat\/ceipcampselisis\/wp-content\/uploads\/usu884\/2019\/04\/dibuix-768x537.jpg 768w\" sizes=\"auto, (max-width: 858px) 100vw, 858px\" \/><\/a><\/h4>\n","protected":false},"excerpt":{"rendered":"<p>VALORS, LA NOSTRA FORMA D&#8217;ACTUAR&#8230; A l\u2019escola Camps Elisis considerem primordials els \u00a0\u00a0seg\u00fcents\u00a0principis generals per prendre qualsevol decisi\u00f3, estructura, forma organitzativa i activitat en tots els \u00e0mbits de la vida del nostre centre: El comprom\u00eds amb la cultura i la llengua catalana. El pluralisme, el respecte a la diversitat cultural. El respecte per l\u2019entorn natural [&hellip;]<\/p>\n","protected":false},"author":1,"featured_media":0,"parent":22,"menu_order":2,"comment_status":"closed","ping_status":"closed","template":"page-templates\/side-menu.php","meta":{"_bbp_topic_count":0,"_bbp_reply_count":0,"_bbp_total_topic_count":0,"_bbp_total_reply_count":0,"_bbp_voice_count":0,"_bbp_anonymous_reply_count":0,"_bbp_topic_count_hidden":0,"_bbp_reply_count_hidden":0,"_bbp_forum_subforum_count":0,"site-sidebar-layout":"default","site-content-layout":"","ast-site-content-layout":"","site-content-style":"default","site-sidebar-style":"default","ast-global-header-display":"","ast-banner-title-visibility":"","ast-main-header-display":"","ast-hfb-above-header-display":"","ast-hfb-below-header-display":"","ast-hfb-mobile-header-display":"","site-post-title":"","ast-breadcrumbs-content":"","ast-featured-img":"","footer-sml-layout":"","theme-transparent-header-meta":"","adv-header-id-meta":"","stick-header-meta":"","header-above-stick-meta":"","header-main-stick-meta":"","header-below-stick-meta":"","astra-migrate-meta-layouts":"default","ast-page-background-enabled":"default","ast-page-background-meta":{"desktop":{"background-color":"var(--ast-global-color-4)","background-image":"","background-repeat":"repeat","background-position":"center center","background-size":"auto","background-attachment":"scroll","background-type":"","background-media":"","overlay-type":"","overlay-color":"","overlay-opacity":"","overlay-gradient":""},"tablet":{"background-color":"","background-image":"","background-repeat":"repeat","background-position":"center center","background-size":"auto","background-attachment":"scroll","background-type":"","background-media":"","overlay-type":"","overlay-color":"","overlay-opacity":"","overlay-gradient":""},"mobile":{"background-color":"","background-image":"","background-repeat":"repeat","background-position":"center center","background-size":"auto","background-attachment":"scroll","background-type":"","background-media":"","overlay-type":"","overlay-color":"","overlay-opacity":"","overlay-gradient":""}},"ast-content-background-meta":{"desktop":{"background-color":"var(--ast-global-color-5)","background-image":"","background-repeat":"repeat","background-position":"center center","background-size":"auto","background-attachment":"scroll","background-type":"","background-media":"","overlay-type":"","overlay-color":"","overlay-opacity":"","overlay-gradient":""},"tablet":{"background-color":"var(--ast-global-color-5)","background-image":"","background-repeat":"repeat","background-position":"center center","background-size":"auto","background-attachment":"scroll","background-type":"","background-media":"","overlay-type":"","overlay-color":"","overlay-opacity":"","overlay-gradient":""},"mobile":{"background-color":"var(--ast-global-color-5)","background-image":"","background-repeat":"repeat","background-position":"center center","background-size":"auto","background-attachment":"scroll","background-type":"","background-media":"","overlay-type":"","overlay-color":"","overlay-opacity":"","overlay-gradient":""}},"footnotes":""},"class_list":["post-26","page","type-page","status-publish","hentry"],"post_mailing_queue_ids":[],"_links":{"self":[{"href":"https:\/\/agora.xtec.cat\/ceipcampselisis\/wp-json\/wp\/v2\/pages\/26","targetHints":{"allow":["GET"]}}],"collection":[{"href":"https:\/\/agora.xtec.cat\/ceipcampselisis\/wp-json\/wp\/v2\/pages"}],"about":[{"href":"https:\/\/agora.xtec.cat\/ceipcampselisis\/wp-json\/wp\/v2\/types\/page"}],"author":[{"embeddable":true,"href":"https:\/\/agora.xtec.cat\/ceipcampselisis\/wp-json\/wp\/v2\/users\/1"}],"replies":[{"embeddable":true,"href":"https:\/\/agora.xtec.cat\/ceipcampselisis\/wp-json\/wp\/v2\/comments?post=26"}],"version-history":[{"count":6,"href":"https:\/\/agora.xtec.cat\/ceipcampselisis\/wp-json\/wp\/v2\/pages\/26\/revisions"}],"predecessor-version":[{"id":10698,"href":"https:\/\/agora.xtec.cat\/ceipcampselisis\/wp-json\/wp\/v2\/pages\/26\/revisions\/10698"}],"up":[{"embeddable":true,"href":"https:\/\/agora.xtec.cat\/ceipcampselisis\/wp-json\/wp\/v2\/pages\/22"}],"wp:attachment":[{"href":"https:\/\/agora.xtec.cat\/ceipcampselisis\/wp-json\/wp\/v2\/media?parent=26"}],"curies":[{"name":"wp","href":"https:\/\/api.w.org\/{rel}","templated":true}]}}