{"id":237,"date":"2017-05-17T17:12:44","date_gmt":"2017-05-17T15:12:44","guid":{"rendered":"http:\/\/agora.xtec.cat\/ceipcampselisis\/?page_id=237"},"modified":"2023-10-06T12:29:06","modified_gmt":"2023-10-06T10:29:06","slug":"consell-escolar-2-2","status":"publish","type":"page","link":"https:\/\/agora.xtec.cat\/ceipcampselisis\/lescola\/consell-escolar-2-2\/","title":{"rendered":"Consell de Delegats"},"content":{"rendered":"<div align=\"center\"><\/div>\n<div align=\"center\"><\/div>\n<p align=\"justify\">El Consell de Delegats \u00e9s l\u2019\u00f2rgan que facilita la comunicaci\u00f3 entre els alumnes i els \u00f2rgans de govern de l\u2019escola i canalitza la participaci\u00f3 de l\u2019alumnat en la vida del centre.<\/p>\n<p>El presideix el Cap d\u2019estudis i participen altres membres de l\u2019Equip Directiu i del professorat en funci\u00f3 dels temes a tractar. El Consell de Delegats\/des col\u00b7labora amb la gesti\u00f3 de l\u2019escola, aportant suggeriments, resolent queixes, propostes, debatent idees i arribant a acords que afecten el funcionament i la bona marxa del centre. Aquestes propostes, temes i acords es parlen pr\u00e8viament i posteriorment a les tutories.<\/p>\n<p>El Consell de Delegats\/des tracta tamb\u00e9 temes que provenen del Consell dels Infants de la ciutat de Lleida on hi assisteixen els alumnes de 5\u00e8 i 6\u00e8 de la nostra escola.<\/p>\n<p>Es reuneix en assemblea un cop al mes de manera ordin\u00e0ria i altres cops, quan l\u2019Equip Directiu ho consideri necessari o a petici\u00f3 del mateix alumnat. Les reunions es porten a terme dins de la franja hor\u00e0ria d\u2019esbarjo allargant-se fins a una hora de durada a la sala de mestres.<\/p>\n<p>El consell de delegats est\u00e0 format pels delegats i sots-delegats escollits per cada grupclasse des de P5 fins a 6\u00e8 i ho seran al llarg de tot un trimestre. Els Delegats\/des de P5 representaran l\u2019etapa d\u2019educaci\u00f3 infantil.<\/p>\n<p>El Consell de Delegats\/des realitza les seg\u00fcents funcions:<\/p>\n<p>\u2022 Intercanviar informaci\u00f3 entre l\u2019alumnat, l\u2019Equip Directiu i el professorat.<\/p>\n<p>\u2022 Fer suggeriments d\u2019activitats i propostes per la Programaci\u00f3 General Anual.<\/p>\n<p>\u2022 Col\u00b7laborar en la gesti\u00f3 de l\u2019escola.<\/p>\n<p>\u2022 Intercanviar informacions entre el centre i el Consell dels Infants.<\/p>\n<p>\u2022 Altres, que determini el Claustre o el Consell Escolar.<\/p>\n<p><img loading=\"lazy\" decoding=\"async\" class=\"alignnone size-large wp-image-8648\" src=\"https:\/\/agora.xtec.cat\/ceipcampselisis\/wp-content\/uploads\/usu884\/2023\/10\/IMG_1994-1024x623.jpg\" alt=\"\" width=\"1024\" height=\"623\" srcset=\"https:\/\/agora.xtec.cat\/ceipcampselisis\/wp-content\/uploads\/usu884\/2023\/10\/IMG_1994-1024x623.jpg 1024w, https:\/\/agora.xtec.cat\/ceipcampselisis\/wp-content\/uploads\/usu884\/2023\/10\/IMG_1994-300x182.jpg 300w, https:\/\/agora.xtec.cat\/ceipcampselisis\/wp-content\/uploads\/usu884\/2023\/10\/IMG_1994-768x467.jpg 768w, https:\/\/agora.xtec.cat\/ceipcampselisis\/wp-content\/uploads\/usu884\/2023\/10\/IMG_1994-1536x934.jpg 1536w, https:\/\/agora.xtec.cat\/ceipcampselisis\/wp-content\/uploads\/usu884\/2023\/10\/IMG_1994-2048x1246.jpg 2048w\" sizes=\"auto, (max-width: 1024px) 100vw, 1024px\" \/><\/p>\n<p><img loading=\"lazy\" decoding=\"async\" class=\"alignnone size-large wp-image-8647\" src=\"https:\/\/agora.xtec.cat\/ceipcampselisis\/wp-content\/uploads\/usu884\/2023\/10\/IMG_1992-1024x614.jpg\" alt=\"\" width=\"1024\" height=\"614\" srcset=\"https:\/\/agora.xtec.cat\/ceipcampselisis\/wp-content\/uploads\/usu884\/2023\/10\/IMG_1992-1024x614.jpg 1024w, https:\/\/agora.xtec.cat\/ceipcampselisis\/wp-content\/uploads\/usu884\/2023\/10\/IMG_1992-300x180.jpg 300w, https:\/\/agora.xtec.cat\/ceipcampselisis\/wp-content\/uploads\/usu884\/2023\/10\/IMG_1992-768x461.jpg 768w, https:\/\/agora.xtec.cat\/ceipcampselisis\/wp-content\/uploads\/usu884\/2023\/10\/IMG_1992-1536x921.jpg 1536w, https:\/\/agora.xtec.cat\/ceipcampselisis\/wp-content\/uploads\/usu884\/2023\/10\/IMG_1992-2048x1229.jpg 2048w\" sizes=\"auto, (max-width: 1024px) 100vw, 1024px\" \/><\/p>\n<p><img loading=\"lazy\" decoding=\"async\" class=\"alignnone wp-image-6388 size-large\" src=\"https:\/\/agora.xtec.cat\/ceipcampselisis\/wp-content\/uploads\/usu884\/2021\/04\/IMG_6148-1024x576.jpg\" alt=\"\" width=\"1024\" height=\"576\" srcset=\"https:\/\/agora.xtec.cat\/ceipcampselisis\/wp-content\/uploads\/usu884\/2021\/04\/IMG_6148-1024x576.jpg 1024w, https:\/\/agora.xtec.cat\/ceipcampselisis\/wp-content\/uploads\/usu884\/2021\/04\/IMG_6148-300x169.jpg 300w, https:\/\/agora.xtec.cat\/ceipcampselisis\/wp-content\/uploads\/usu884\/2021\/04\/IMG_6148-768x432.jpg 768w\" sizes=\"auto, (max-width: 1024px) 100vw, 1024px\" \/><\/p>\n","protected":false},"excerpt":{"rendered":"<p>El Consell de Delegats \u00e9s l\u2019\u00f2rgan que facilita la comunicaci\u00f3 entre els alumnes i els \u00f2rgans de govern de l\u2019escola i canalitza la participaci\u00f3 de l\u2019alumnat en la vida del centre. El presideix el Cap d\u2019estudis i participen altres membres de l\u2019Equip Directiu i del professorat en funci\u00f3 dels temes a tractar. El Consell de [&hellip;]<\/p>\n","protected":false},"author":3,"featured_media":0,"parent":22,"menu_order":11,"comment_status":"closed","ping_status":"closed","template":"page-templates\/side-menu.php","meta":{"_bbp_topic_count":0,"_bbp_reply_count":0,"_bbp_total_topic_count":0,"_bbp_total_reply_count":0,"_bbp_voice_count":0,"_bbp_anonymous_reply_count":0,"_bbp_topic_count_hidden":0,"_bbp_reply_count_hidden":0,"_bbp_forum_subforum_count":0,"site-sidebar-layout":"default","site-content-layout":"","ast-site-content-layout":"","site-content-style":"default","site-sidebar-style":"default","ast-global-header-display":"","ast-banner-title-visibility":"","ast-main-header-display":"","ast-hfb-above-header-display":"","ast-hfb-below-header-display":"","ast-hfb-mobile-header-display":"","site-post-title":"","ast-breadcrumbs-content":"","ast-featured-img":"","footer-sml-layout":"","theme-transparent-header-meta":"","adv-header-id-meta":"","stick-header-meta":"","header-above-stick-meta":"","header-main-stick-meta":"","header-below-stick-meta":"","astra-migrate-meta-layouts":"default","ast-page-background-enabled":"default","ast-page-background-meta":{"desktop":{"background-color":"var(--ast-global-color-4)","background-image":"","background-repeat":"repeat","background-position":"center center","background-size":"auto","background-attachment":"scroll","background-type":"","background-media":"","overlay-type":"","overlay-color":"","overlay-opacity":"","overlay-gradient":""},"tablet":{"background-color":"","background-image":"","background-repeat":"repeat","background-position":"center center","background-size":"auto","background-attachment":"scroll","background-type":"","background-media":"","overlay-type":"","overlay-color":"","overlay-opacity":"","overlay-gradient":""},"mobile":{"background-color":"","background-image":"","background-repeat":"repeat","background-position":"center center","background-size":"auto","background-attachment":"scroll","background-type":"","background-media":"","overlay-type":"","overlay-color":"","overlay-opacity":"","overlay-gradient":""}},"ast-content-background-meta":{"desktop":{"background-color":"var(--ast-global-color-5)","background-image":"","background-repeat":"repeat","background-position":"center center","background-size":"auto","background-attachment":"scroll","background-type":"","background-media":"","overlay-type":"","overlay-color":"","overlay-opacity":"","overlay-gradient":""},"tablet":{"background-color":"var(--ast-global-color-5)","background-image":"","background-repeat":"repeat","background-position":"center center","background-size":"auto","background-attachment":"scroll","background-type":"","background-media":"","overlay-type":"","overlay-color":"","overlay-opacity":"","overlay-gradient":""},"mobile":{"background-color":"var(--ast-global-color-5)","background-image":"","background-repeat":"repeat","background-position":"center center","background-size":"auto","background-attachment":"scroll","background-type":"","background-media":"","overlay-type":"","overlay-color":"","overlay-opacity":"","overlay-gradient":""}},"footnotes":""},"class_list":["post-237","page","type-page","status-publish","hentry"],"post_mailing_queue_ids":[],"_links":{"self":[{"href":"https:\/\/agora.xtec.cat\/ceipcampselisis\/wp-json\/wp\/v2\/pages\/237","targetHints":{"allow":["GET"]}}],"collection":[{"href":"https:\/\/agora.xtec.cat\/ceipcampselisis\/wp-json\/wp\/v2\/pages"}],"about":[{"href":"https:\/\/agora.xtec.cat\/ceipcampselisis\/wp-json\/wp\/v2\/types\/page"}],"author":[{"embeddable":true,"href":"https:\/\/agora.xtec.cat\/ceipcampselisis\/wp-json\/wp\/v2\/users\/3"}],"replies":[{"embeddable":true,"href":"https:\/\/agora.xtec.cat\/ceipcampselisis\/wp-json\/wp\/v2\/comments?post=237"}],"version-history":[{"count":5,"href":"https:\/\/agora.xtec.cat\/ceipcampselisis\/wp-json\/wp\/v2\/pages\/237\/revisions"}],"predecessor-version":[{"id":8650,"href":"https:\/\/agora.xtec.cat\/ceipcampselisis\/wp-json\/wp\/v2\/pages\/237\/revisions\/8650"}],"up":[{"embeddable":true,"href":"https:\/\/agora.xtec.cat\/ceipcampselisis\/wp-json\/wp\/v2\/pages\/22"}],"wp:attachment":[{"href":"https:\/\/agora.xtec.cat\/ceipcampselisis\/wp-json\/wp\/v2\/media?parent=237"}],"curies":[{"name":"wp","href":"https:\/\/api.w.org\/{rel}","templated":true}]}}