{"id":11130,"date":"2026-01-15T23:12:13","date_gmt":"2026-01-15T22:12:13","guid":{"rendered":"https:\/\/agora.xtec.cat\/ceipcampselisis\/?page_id=11130"},"modified":"2026-02-10T00:11:59","modified_gmt":"2026-02-09T23:11:59","slug":"sensei","status":"publish","type":"page","link":"https:\/\/agora.xtec.cat\/ceipcampselisis\/sensei\/","title":{"rendered":"Sensei"},"content":{"rendered":"\n<div class=\"wp-block-columns is-layout-flex wp-container-core-columns-is-layout-1 wp-block-columns-is-layout-flex\">\n<div class=\"wp-block-column is-layout-flow wp-block-column-is-layout-flow\" style=\"flex-basis:33.33%\">\n<h3 class=\"wp-block-heading\"><strong>Qu\u00e8 \u00e9s?<\/strong><\/h3>\n\n\n\n<figure class=\"wp-block-image alignfull size-full\"><a href=\"https:\/\/agora.xtec.cat\/ceipcampselisis\/wp-content\/uploads\/usu884\/2026\/02\/20230131_sensei.jpg\"><img loading=\"lazy\" decoding=\"async\" width=\"609\" height=\"416\" src=\"https:\/\/agora.xtec.cat\/ceipcampselisis\/wp-content\/uploads\/usu884\/2026\/02\/20230131_sensei.jpg\" alt=\"\" class=\"wp-image-11412\" srcset=\"https:\/\/agora.xtec.cat\/ceipcampselisis\/wp-content\/uploads\/usu884\/2026\/02\/20230131_sensei.jpg 609w, https:\/\/agora.xtec.cat\/ceipcampselisis\/wp-content\/uploads\/usu884\/2026\/02\/20230131_sensei-300x205.jpg 300w\" sizes=\"auto, (max-width: 609px) 100vw, 609px\" \/><\/a><\/figure>\n<\/div>\n\n\n\n<div class=\"wp-block-column is-layout-flow wp-block-column-is-layout-flow\" style=\"flex-basis:66.66%\">\n<p><\/p>\n\n\n\n<p>El programa <strong>Sensei <\/strong>(Resid\u00e8ncia Inicial Docent) \u00e9s una iniciativa pionera del Departament d\u2019Educaci\u00f3 de la Generalitat de Catalunya, inspirada en els models de resid\u00e8ncia m\u00e8dica (com el MIR), per\u00f2 aplicada al m\u00f3n de l&#8217;ensenyament.<\/p>\n\n\n\n<p>El seu objectiu principal \u00e9s <strong>acompanyar els docents novells <\/strong>(que acaben de sortir de la facultat o tenen menys de 3 mesos d&#8217;experi\u00e8ncia) durant el seu primer any de carrera professional per garantir que la seva entrada a l&#8217;aula sigui guiada i d&#8217;alta qualitat.<\/p>\n<\/div>\n<\/div>\n\n\n\n<h3 class=\"wp-block-heading\"><strong>Eixos principals del programa<\/strong><\/h3>\n\n\n\n<p>El programa no \u00e9s nom\u00e9s un per\u00edode de pr\u00e0ctiques; \u00e9s una <strong>formaci\u00f3 intensiva en el lloc de treball<\/strong> que es basa en:<\/p>\n\n\n\n<ul class=\"wp-block-list\">\n<li><strong>Mentoria personalitzada:<\/strong> Cada docent novell t\u00e9 assignat un <strong>mentor<\/strong> (un mestre o professor amb experi\u00e8ncia del mateix centre) que el guia, l&#8217;observa i li dona feedback constant.<\/li>\n\n\n\n<li><strong>Codoc\u00e8ncia:<\/strong> El novell no est\u00e0 sol davant del perill; comparteix l&#8217;aula amb el seu mentor o altres docents, cosa que permet aprendre &#8220;fent&#8221; i veient com gestionen els conflictes i els aprenentatges els experts.<\/li>\n\n\n\n<li><strong>Cercles d&#8217;aprenentatge:<\/strong> espais de reflexi\u00f3 compartits amb els diferents novells i els mentors on es discuteixen evid\u00e8ncies educatives i situacions viscudes durant la setmana.<\/li>\n\n\n\n<li>Observaci\u00f3 entre iguals: Es tracta de convertir l&#8217;aula en un &#8220;laboratori&#8221; on els docents s&#8217;observen m\u00fatuament per millorar. Amb l&#8217;observaci\u00f3 etre iguals s&#8217;instaura una cultura de <strong>col\u00b7laboraci\u00f3 i transpar\u00e8ncia<\/strong>, on l&#8217;error es veu com una oportunitat d&#8217;aprenentatge i no com un frac\u00e0s. L&#8217;objectiu final \u00e9s que el docent novell integri la <strong>reflexi\u00f3 sobre la pr\u00f2pia pr\u00e0ctica<\/strong> com una rutina habitual en la seva vida professional.<\/li>\n<\/ul>\n\n\n\n<p><\/p>\n\n\n\n<figure class=\"wp-block-image aligncenter size-full is-resized\"><a href=\"https:\/\/agora.xtec.cat\/ceipcampselisis\/wp-content\/uploads\/usu884\/2026\/02\/maxresdefault.jpg\"><img loading=\"lazy\" decoding=\"async\" width=\"1016\" height=\"382\" src=\"https:\/\/agora.xtec.cat\/ceipcampselisis\/wp-content\/uploads\/usu884\/2026\/02\/maxresdefault.jpg\" alt=\"\" class=\"wp-image-11411\" style=\"width:402px;height:auto\" srcset=\"https:\/\/agora.xtec.cat\/ceipcampselisis\/wp-content\/uploads\/usu884\/2026\/02\/maxresdefault.jpg 1016w, https:\/\/agora.xtec.cat\/ceipcampselisis\/wp-content\/uploads\/usu884\/2026\/02\/maxresdefault-300x113.jpg 300w, https:\/\/agora.xtec.cat\/ceipcampselisis\/wp-content\/uploads\/usu884\/2026\/02\/maxresdefault-768x289.jpg 768w\" sizes=\"auto, (max-width: 1016px) 100vw, 1016px\" \/><\/a><\/figure>\n","protected":false},"excerpt":{"rendered":"<p>Qu\u00e8 \u00e9s? El programa Sensei (Resid\u00e8ncia Inicial Docent) \u00e9s una iniciativa pionera del Departament d\u2019Educaci\u00f3 de la Generalitat de Catalunya, inspirada en els models de resid\u00e8ncia m\u00e8dica (com el MIR), per\u00f2 aplicada al m\u00f3n de l&#8217;ensenyament. El seu objectiu principal \u00e9s acompanyar els docents novells (que acaben de sortir de la facultat o tenen menys [&hellip;]<\/p>\n","protected":false},"author":3,"featured_media":0,"parent":0,"menu_order":0,"comment_status":"closed","ping_status":"close","template":"","meta":{"_bbp_topic_count":0,"_bbp_reply_count":0,"_bbp_total_topic_count":0,"_bbp_total_reply_count":0,"_bbp_voice_count":0,"_bbp_anonymous_reply_count":0,"_bbp_topic_count_hidden":0,"_bbp_reply_count_hidden":0,"_bbp_forum_subforum_count":0,"site-sidebar-layout":"default","site-content-layout":"","ast-site-content-layout":"default","site-content-style":"default","site-sidebar-style":"default","ast-global-header-display":"","ast-banner-title-visibility":"","ast-main-header-display":"","ast-hfb-above-header-display":"","ast-hfb-below-header-display":"","ast-hfb-mobile-header-display":"","site-post-title":"","ast-breadcrumbs-content":"","ast-featured-img":"","footer-sml-layout":"","theme-transparent-header-meta":"","adv-header-id-meta":"","stick-header-meta":"","header-above-stick-meta":"","header-main-stick-meta":"","header-below-stick-meta":"","astra-migrate-meta-layouts":"set","ast-page-background-enabled":"default","ast-page-background-meta":{"desktop":{"background-color":"var(--ast-global-color-4)","background-image":"","background-repeat":"repeat","background-position":"center center","background-size":"auto","background-attachment":"scroll","background-type":"","background-media":"","overlay-type":"","overlay-color":"","overlay-opacity":"","overlay-gradient":""},"tablet":{"background-color":"","background-image":"","background-repeat":"repeat","background-position":"center center","background-size":"auto","background-attachment":"scroll","background-type":"","background-media":"","overlay-type":"","overlay-color":"","overlay-opacity":"","overlay-gradient":""},"mobile":{"background-color":"","background-image":"","background-repeat":"repeat","background-position":"center center","background-size":"auto","background-attachment":"scroll","background-type":"","background-media":"","overlay-type":"","overlay-color":"","overlay-opacity":"","overlay-gradient":""}},"ast-content-background-meta":{"desktop":{"background-color":"var(--ast-global-color-5)","background-image":"","background-repeat":"repeat","background-position":"center center","background-size":"auto","background-attachment":"scroll","background-type":"","background-media":"","overlay-type":"","overlay-color":"","overlay-opacity":"","overlay-gradient":""},"tablet":{"background-color":"var(--ast-global-color-5)","background-image":"","background-repeat":"repeat","background-position":"center center","background-size":"auto","background-attachment":"scroll","background-type":"","background-media":"","overlay-type":"","overlay-color":"","overlay-opacity":"","overlay-gradient":""},"mobile":{"background-color":"var(--ast-global-color-5)","background-image":"","background-repeat":"repeat","background-position":"center center","background-size":"auto","background-attachment":"scroll","background-type":"","background-media":"","overlay-type":"","overlay-color":"","overlay-opacity":"","overlay-gradient":""}},"footnotes":""},"class_list":["post-11130","page","type-page","status-publish","hentry"],"post_mailing_queue_ids":[],"_links":{"self":[{"href":"https:\/\/agora.xtec.cat\/ceipcampselisis\/wp-json\/wp\/v2\/pages\/11130","targetHints":{"allow":["GET"]}}],"collection":[{"href":"https:\/\/agora.xtec.cat\/ceipcampselisis\/wp-json\/wp\/v2\/pages"}],"about":[{"href":"https:\/\/agora.xtec.cat\/ceipcampselisis\/wp-json\/wp\/v2\/types\/page"}],"author":[{"embeddable":true,"href":"https:\/\/agora.xtec.cat\/ceipcampselisis\/wp-json\/wp\/v2\/users\/3"}],"replies":[{"embeddable":true,"href":"https:\/\/agora.xtec.cat\/ceipcampselisis\/wp-json\/wp\/v2\/comments?post=11130"}],"version-history":[{"count":4,"href":"https:\/\/agora.xtec.cat\/ceipcampselisis\/wp-json\/wp\/v2\/pages\/11130\/revisions"}],"predecessor-version":[{"id":11414,"href":"https:\/\/agora.xtec.cat\/ceipcampselisis\/wp-json\/wp\/v2\/pages\/11130\/revisions\/11414"}],"wp:attachment":[{"href":"https:\/\/agora.xtec.cat\/ceipcampselisis\/wp-json\/wp\/v2\/media?parent=11130"}],"curies":[{"name":"wp","href":"https:\/\/api.w.org\/{rel}","templated":true}]}}