{"id":10502,"date":"2025-06-01T01:45:39","date_gmt":"2025-05-31T23:45:39","guid":{"rendered":"https:\/\/agora.xtec.cat\/ceipcampselisis\/?page_id=10502"},"modified":"2025-06-01T02:40:47","modified_gmt":"2025-06-01T00:40:47","slug":"el-gegant-elisi","status":"publish","type":"page","link":"https:\/\/agora.xtec.cat\/ceipcampselisis\/el-gegant-elisi\/","title":{"rendered":"El Gegant ELISI"},"content":{"rendered":"<p><a href=\"https:\/\/drive.google.com\/drive\/folders\/1QkOSfrS9RiuaBKb1PbR2SSJ3fmcwdKE7?usp=sharing\">Restauraci\u00f3 del Gegant<\/a><\/p>\n<p>En el seg\u00fcent enlla\u00e7 podreu veure tot el proc\u00e9s de restauraci\u00f3 del Gegant del Centenari.<\/p>\n<p><a href=\"https:\/\/drive.google.com\/drive\/folders\/1QkOSfrS9RiuaBKb1PbR2SSJ3fmcwdKE7?usp=sharing\"><img loading=\"lazy\" decoding=\"async\" class=\"alignnone wp-image-10512 size-large\" src=\"https:\/\/agora.xtec.cat\/ceipcampselisis\/wp-content\/uploads\/usu884\/2025\/06\/129-1024x768.jpg\" alt=\"\" width=\"1024\" height=\"768\" srcset=\"https:\/\/agora.xtec.cat\/ceipcampselisis\/wp-content\/uploads\/usu884\/2025\/06\/129-1024x768.jpg 1024w, https:\/\/agora.xtec.cat\/ceipcampselisis\/wp-content\/uploads\/usu884\/2025\/06\/129-300x225.jpg 300w, https:\/\/agora.xtec.cat\/ceipcampselisis\/wp-content\/uploads\/usu884\/2025\/06\/129-768x576.jpg 768w, https:\/\/agora.xtec.cat\/ceipcampselisis\/wp-content\/uploads\/usu884\/2025\/06\/129-1536x1152.jpg 1536w, https:\/\/agora.xtec.cat\/ceipcampselisis\/wp-content\/uploads\/usu884\/2025\/06\/129-2048x1536.jpg 2048w, https:\/\/agora.xtec.cat\/ceipcampselisis\/wp-content\/uploads\/usu884\/2025\/06\/129-200x150.jpg 200w\" sizes=\"auto, (max-width: 1024px) 100vw, 1024px\" \/><\/a><\/p>\n<p><a href=\"https:\/\/agora.xtec.cat\/ceipcampselisis\/infantil\/p3a\/bateig-del-gegant-del-centenari\/\">Bateig del Gegant<\/a><\/p>\n<p>A continuaci\u00f3 podreu veure l&#8217;acte de celebraci\u00f3 del bateig del nostre gegant on vam tenir uns padrins de bateig molt divertits!!!<\/p>\n<p><a href=\"https:\/\/agora.xtec.cat\/ceipcampselisis\/infantil\/p3a\/bateig-del-gegant-del-centenari\/\"><img loading=\"lazy\" decoding=\"async\" class=\"alignnone wp-image-10382 size-large\" src=\"https:\/\/agora.xtec.cat\/ceipcampselisis\/wp-content\/uploads\/usu884\/2025\/05\/139-1024x576.jpg\" alt=\"\" width=\"1024\" height=\"576\" srcset=\"https:\/\/agora.xtec.cat\/ceipcampselisis\/wp-content\/uploads\/usu884\/2025\/05\/139-1024x576.jpg 1024w, https:\/\/agora.xtec.cat\/ceipcampselisis\/wp-content\/uploads\/usu884\/2025\/05\/139-300x169.jpg 300w, https:\/\/agora.xtec.cat\/ceipcampselisis\/wp-content\/uploads\/usu884\/2025\/05\/139-768x432.jpg 768w, https:\/\/agora.xtec.cat\/ceipcampselisis\/wp-content\/uploads\/usu884\/2025\/05\/139-1536x864.jpg 1536w, https:\/\/agora.xtec.cat\/ceipcampselisis\/wp-content\/uploads\/usu884\/2025\/05\/139-2048x1152.jpg 2048w\" sizes=\"auto, (max-width: 1024px) 100vw, 1024px\" \/><\/a><\/p>\n<p><a href=\"https:\/\/agora.xtec.cat\/ceipcampselisis\/portada\/la-batucada-posa-musica-i-color-al-bateig-de-lelisi\/\">La Batucada posa m\u00fasica i color al bateig de l&#8217;Elisi<\/a><\/p>\n<p><a href=\"https:\/\/agora.xtec.cat\/ceipcampselisis\/portada\/la-batucada-posa-musica-i-color-al-bateig-de-lelisi\/\"><img loading=\"lazy\" decoding=\"async\" class=\"alignnone wp-image-10385 size-large\" src=\"https:\/\/agora.xtec.cat\/ceipcampselisis\/wp-content\/uploads\/usu884\/2025\/05\/batucada-1024x629.png\" alt=\"\" width=\"1024\" height=\"629\" srcset=\"https:\/\/agora.xtec.cat\/ceipcampselisis\/wp-content\/uploads\/usu884\/2025\/05\/batucada-1024x629.png 1024w, https:\/\/agora.xtec.cat\/ceipcampselisis\/wp-content\/uploads\/usu884\/2025\/05\/batucada-300x184.png 300w, https:\/\/agora.xtec.cat\/ceipcampselisis\/wp-content\/uploads\/usu884\/2025\/05\/batucada-768x471.png 768w, https:\/\/agora.xtec.cat\/ceipcampselisis\/wp-content\/uploads\/usu884\/2025\/05\/batucada.png 1437w\" sizes=\"auto, (max-width: 1024px) 100vw, 1024px\" \/><\/a><\/p>\n","protected":false},"excerpt":{"rendered":"<p>Restauraci\u00f3 del Gegant En el seg\u00fcent enlla\u00e7 podreu veure tot el proc\u00e9s de restauraci\u00f3 del Gegant del Centenari. Bateig del Gegant A continuaci\u00f3 podreu veure l&#8217;acte de celebraci\u00f3 del bateig del nostre gegant on vam tenir uns padrins de bateig molt divertits!!! La Batucada posa m\u00fasica i color al bateig de l&#8217;Elisi<\/p>\n","protected":false},"author":3,"featured_media":0,"parent":0,"menu_order":0,"comment_status":"closed","ping_status":"closed","template":"","meta":{"_bbp_topic_count":0,"_bbp_reply_count":0,"_bbp_total_topic_count":0,"_bbp_total_reply_count":0,"_bbp_voice_count":0,"_bbp_anonymous_reply_count":0,"_bbp_topic_count_hidden":0,"_bbp_reply_count_hidden":0,"_bbp_forum_subforum_count":0,"site-sidebar-layout":"default","site-content-layout":"","ast-site-content-layout":"","site-content-style":"default","site-sidebar-style":"default","ast-global-header-display":"","ast-banner-title-visibility":"","ast-main-header-display":"","ast-hfb-above-header-display":"","ast-hfb-below-header-display":"","ast-hfb-mobile-header-display":"","site-post-title":"","ast-breadcrumbs-content":"","ast-featured-img":"","footer-sml-layout":"","theme-transparent-header-meta":"","adv-header-id-meta":"","stick-header-meta":"","header-above-stick-meta":"","header-main-stick-meta":"","header-below-stick-meta":"","astra-migrate-meta-layouts":"default","ast-page-background-enabled":"default","ast-page-background-meta":{"desktop":{"background-color":"var(--ast-global-color-4)","background-image":"","background-repeat":"repeat","background-position":"center center","background-size":"auto","background-attachment":"scroll","background-type":"","background-media":"","overlay-type":"","overlay-color":"","overlay-opacity":"","overlay-gradient":""},"tablet":{"background-color":"","background-image":"","background-repeat":"repeat","background-position":"center center","background-size":"auto","background-attachment":"scroll","background-type":"","background-media":"","overlay-type":"","overlay-color":"","overlay-opacity":"","overlay-gradient":""},"mobile":{"background-color":"","background-image":"","background-repeat":"repeat","background-position":"center center","background-size":"auto","background-attachment":"scroll","background-type":"","background-media":"","overlay-type":"","overlay-color":"","overlay-opacity":"","overlay-gradient":""}},"ast-content-background-meta":{"desktop":{"background-color":"var(--ast-global-color-5)","background-image":"","background-repeat":"repeat","background-position":"center center","background-size":"auto","background-attachment":"scroll","background-type":"","background-media":"","overlay-type":"","overlay-color":"","overlay-opacity":"","overlay-gradient":""},"tablet":{"background-color":"var(--ast-global-color-5)","background-image":"","background-repeat":"repeat","background-position":"center center","background-size":"auto","background-attachment":"scroll","background-type":"","background-media":"","overlay-type":"","overlay-color":"","overlay-opacity":"","overlay-gradient":""},"mobile":{"background-color":"var(--ast-global-color-5)","background-image":"","background-repeat":"repeat","background-position":"center center","background-size":"auto","background-attachment":"scroll","background-type":"","background-media":"","overlay-type":"","overlay-color":"","overlay-opacity":"","overlay-gradient":""}},"footnotes":""},"class_list":["post-10502","page","type-page","status-publish","hentry"],"post_mailing_queue_ids":[],"_links":{"self":[{"href":"https:\/\/agora.xtec.cat\/ceipcampselisis\/wp-json\/wp\/v2\/pages\/10502","targetHints":{"allow":["GET"]}}],"collection":[{"href":"https:\/\/agora.xtec.cat\/ceipcampselisis\/wp-json\/wp\/v2\/pages"}],"about":[{"href":"https:\/\/agora.xtec.cat\/ceipcampselisis\/wp-json\/wp\/v2\/types\/page"}],"author":[{"embeddable":true,"href":"https:\/\/agora.xtec.cat\/ceipcampselisis\/wp-json\/wp\/v2\/users\/3"}],"replies":[{"embeddable":true,"href":"https:\/\/agora.xtec.cat\/ceipcampselisis\/wp-json\/wp\/v2\/comments?post=10502"}],"version-history":[{"count":6,"href":"https:\/\/agora.xtec.cat\/ceipcampselisis\/wp-json\/wp\/v2\/pages\/10502\/revisions"}],"predecessor-version":[{"id":10520,"href":"https:\/\/agora.xtec.cat\/ceipcampselisis\/wp-json\/wp\/v2\/pages\/10502\/revisions\/10520"}],"wp:attachment":[{"href":"https:\/\/agora.xtec.cat\/ceipcampselisis\/wp-json\/wp\/v2\/media?parent=10502"}],"curies":[{"name":"wp","href":"https:\/\/api.w.org\/{rel}","templated":true}]}}