{"id":875,"date":"2020-10-19T14:05:48","date_gmt":"2020-10-19T12:05:48","guid":{"rendered":"https:\/\/agora.xtec.cat\/ceipcamins\/?page_id=875"},"modified":"2025-03-24T10:22:44","modified_gmt":"2025-03-24T09:22:44","slug":"criteris-davaluacio","status":"publish","type":"page","link":"https:\/\/agora.xtec.cat\/ceipcamins\/lescola\/criteris-davaluacio\/","title":{"rendered":"Criteris d&#8217;avaluaci\u00f3"},"content":{"rendered":"<table style=\"width: 100%; border-collapse: collapse; border-color: #690e5f;\">\n<tbody>\n<tr>\n<td style=\"width: 100%; background-color: #a3e2f7; text-align: center;\"><strong>Etapa d&#8217;Educaci\u00f3 Infantil<\/strong><\/td>\n<\/tr>\n<tr>\n<td style=\"width: 100%;\"><a href=\"https:\/\/drive.google.com\/file\/d\/1uD8TGGhFaGPAX4AjQxzjH03chRVYIdiD\/view?usp=sharing\">DECRET 21\/2023, de 7 de febrer, d\u2019ordenaci\u00f3 dels ensenyaments de l\u2019educaci\u00f3 infantil.<\/a><\/td>\n<\/tr>\n<\/tbody>\n<\/table>\n<table style=\"border-collapse: collapse; width: 100%; height: 450px;\">\n<tbody>\n<tr style=\"height: 33px;\">\n<td style=\"width: 100%; height: 33px; background-color: #a2bce8; text-align: center;\"><strong>Criteris d&#8217;avaluaci\u00f3 de l&#8217;Educaci\u00f3 Prim\u00e0ria per \u00e0rees<\/strong><\/td>\n<\/tr>\n<tr style=\"height: 32px;\">\n<td style=\"width: 100%; height: 32px;\"><a href=\"https:\/\/drive.google.com\/file\/d\/1qjPJzfrG2ol1PZOYfNXO7CdjvwGSqmoh\/view?usp=drive_link\">Llengua Catalana i Literatura<\/a><\/td>\n<\/tr>\n<tr style=\"height: 32px;\">\n<td style=\"width: 100%; height: 32px;\"><a href=\"https:\/\/drive.google.com\/file\/d\/1qjPJzfrG2ol1PZOYfNXO7CdjvwGSqmoh\/view?usp=drive_link\">Llengua Castellana i Literatura<\/a><\/td>\n<\/tr>\n<tr style=\"height: 32px;\">\n<td style=\"width: 100%; height: 32px;\"><a href=\"https:\/\/drive.google.com\/file\/d\/1iVlR3IiABvb41RK6JdHyplFvVLI48_Vm\/view?usp=drive_link\">Llengua Estrangera &#8211; Angl\u00e8s<\/a><\/td>\n<\/tr>\n<tr style=\"height: 32px;\">\n<td style=\"width: 100%; height: 32px;\"><a href=\"https:\/\/drive.google.com\/file\/d\/1pQaebRXBG-kZuPT0dX-TS3n4HZYG7gqJ\/view?usp=drive_link\">Matem\u00e0tiques<\/a><\/td>\n<\/tr>\n<tr style=\"height: 32px;\">\n<td style=\"width: 100%; height: 32px;\"><a href=\"https:\/\/drive.google.com\/file\/d\/1a1BDo-gowmwCpHICli91f4dfwDmu_1E5\/view?usp=drive_link\">Coneixement del Medi Natural, Social i Cultural<\/a><\/td>\n<\/tr>\n<tr style=\"height: 32px;\">\n<td style=\"width: 100%; height: 32px;\"><a href=\"https:\/\/drive.google.com\/file\/d\/18JpGIxXKTZK7OsvXG-qA_E13q-toA5_k\/view?usp=drive_link\">Educaci\u00f3 en Valors C\u00edvics i \u00c8tics (Tram 4 &#8211; 6\u00e8)<\/a><\/td>\n<\/tr>\n<tr style=\"height: 32px;\">\n<td style=\"width: 100%; height: 32px;\"><a href=\"https:\/\/drive.google.com\/file\/d\/1wK71vunWCLxfm3PNsHiGTJ96hKd1Udma\/view?usp=drive_link\">Educaci\u00f3 Art\u00edstica<\/a><\/td>\n<\/tr>\n<tr style=\"height: 32px;\">\n<td style=\"width: 100%; height: 32px;\"><a href=\"https:\/\/drive.google.com\/file\/d\/1Rkm4-z8reEdbnZKL4diMoZLZiBsbfrEM\/view?usp=drive_link\">Educaci\u00f3 F\u00edsica<\/a><\/td>\n<\/tr>\n<tr style=\"height: 33px;\">\n<td style=\"width: 100%; height: 33px; background-color: #b5ffde; text-align: center;\"><strong>Compet\u00e8ncies transversals de l&#8217;Educaci\u00f3 Prim\u00e0ria<\/strong><\/td>\n<\/tr>\n<tr style=\"height: 32px;\">\n<td style=\"width: 100%; height: 32px;\"><a href=\"https:\/\/drive.google.com\/file\/d\/1n6GGvQ69EzDvDHXkoJZOjJFICZ1TORm6\/view?usp=drive_link\">Compet\u00e8ncia personal, social i d&#8217;aprendre a aprendre (CPSAA)<\/a><\/td>\n<\/tr>\n<tr style=\"height: 32px;\">\n<td style=\"width: 100%; height: 32px;\"><a href=\"https:\/\/drive.google.com\/file\/d\/1mP_STWnp0S6rcGb00iap7mBGNO9afuQv\/view?usp=drive_link\">Compet\u00e8ncia ciutadana (CC)<\/a><\/td>\n<\/tr>\n<tr style=\"height: 32px;\">\n<td style=\"width: 100%; height: 32px;\"><a href=\"https:\/\/drive.google.com\/file\/d\/1KXy8yGnxLqh76epBSDxz6Rb2SwpSJK4Y\/view?usp=drive_link\">Compet\u00e8ncia emprenedora (CE)<\/a><\/td>\n<\/tr>\n<tr style=\"height: 32px;\">\n<td style=\"width: 100%; height: 32px;\"><a href=\"https:\/\/drive.google.com\/file\/d\/1aTKH5AI5wk0Xoi_OGfnttfnR9VFezzqA\/view?usp=drive_link\">Compet\u00e8ncia digital (CD)<\/a><\/td>\n<\/tr>\n<\/tbody>\n<\/table>\n","protected":false},"excerpt":{"rendered":"<p>Etapa d&#8217;Educaci\u00f3 Infantil<\/p>\n<p><a href=\"https:\/\/drive.google.com\/file\/d\/1uD8TGGhFaGPAX4AjQxzjH03chRVYIdiD\/view?usp=sharing\">DECRET 21\/2023, de 7 de febrer, d\u2019ordenaci\u00f3 dels ensenyaments de l\u2019educaci\u00f3 infantil.<\/a><\/p>\n<p>Criteris d&#8217;avaluaci\u00f3 de l&#8217;Educaci\u00f3 Prim\u00e0ria per \u00e0rees<\/p>\n<p><a href=\"https:\/\/drive.google.com\/file\/d\/1qjPJzfrG2ol1PZOYfNXO7CdjvwGSqmoh\/view?usp=drive_link\">Llengua Catalana i Literatura<\/a><\/p>\n<p><a href=\"https:\/\/drive.google.com\/file\/d\/1qjPJzfrG2ol1PZOYfNXO7CdjvwGSqmoh\/view?usp=drive_link\">Llengua Castellana i Literatura<\/a><\/p>\n<p><a href=\"https:\/\/drive.google.com\/file\/d\/1iVlR3IiABvb41RK6JdHyplFvVLI48_Vm\/view?usp=drive_link\">Llengua Estrangera &#8211; Angl\u00e8s<\/a><\/p>\n<p><a href=\"https:\/\/drive.google.com\/file\/d\/1pQaebRXBG-kZuPT0dX-TS3n4HZYG7gqJ\/view?usp=drive_link\">Matem\u00e0tiques<\/a><\/p>\n<p><a href=\"https:\/\/drive.google.com\/file\/d\/1a1BDo-gowmwCpHICli91f4dfwDmu_1E5\/view?usp=drive_link\">Coneixement del Medi Natural, Social i Cultural<\/a><\/p>\n<p><a href=\"https:\/\/drive.google.com\/file\/d\/18JpGIxXKTZK7OsvXG-qA_E13q-toA5_k\/view?usp=drive_link\">Educaci\u00f3 en Valors C\u00edvics&hellip;  <a href=\"https:\/\/agora.xtec.cat\/ceipcamins\/lescola\/criteris-davaluacio\/\" title=\"Read Criteris d&#8217;avaluaci\u00f3\">Llegeix m\u00e9s\u00bb<\/a><\/p>\n","protected":false},"author":1,"featured_media":0,"parent":22,"menu_order":6,"comment_status":"closed","ping_status":"closed","template":"page-templates\/side-menu.php","meta":{"_bbp_topic_count":0,"_bbp_reply_count":0,"_bbp_total_topic_count":0,"_bbp_total_reply_count":0,"_bbp_voice_count":0,"_bbp_anonymous_reply_count":0,"_bbp_topic_count_hidden":0,"_bbp_reply_count_hidden":0,"_bbp_forum_subforum_count":0,"footnotes":""},"class_list":["post-875","page","type-page","status-publish","hentry"],"post_mailing_queue_ids":[],"_links":{"self":[{"href":"https:\/\/agora.xtec.cat\/ceipcamins\/wp-json\/wp\/v2\/pages\/875","targetHints":{"allow":["GET"]}}],"collection":[{"href":"https:\/\/agora.xtec.cat\/ceipcamins\/wp-json\/wp\/v2\/pages"}],"about":[{"href":"https:\/\/agora.xtec.cat\/ceipcamins\/wp-json\/wp\/v2\/types\/page"}],"author":[{"embeddable":true,"href":"https:\/\/agora.xtec.cat\/ceipcamins\/wp-json\/wp\/v2\/users\/1"}],"replies":[{"embeddable":true,"href":"https:\/\/agora.xtec.cat\/ceipcamins\/wp-json\/wp\/v2\/comments?post=875"}],"version-history":[{"count":6,"href":"https:\/\/agora.xtec.cat\/ceipcamins\/wp-json\/wp\/v2\/pages\/875\/revisions"}],"predecessor-version":[{"id":8702,"href":"https:\/\/agora.xtec.cat\/ceipcamins\/wp-json\/wp\/v2\/pages\/875\/revisions\/8702"}],"up":[{"embeddable":true,"href":"https:\/\/agora.xtec.cat\/ceipcamins\/wp-json\/wp\/v2\/pages\/22"}],"wp:attachment":[{"href":"https:\/\/agora.xtec.cat\/ceipcamins\/wp-json\/wp\/v2\/media?parent=875"}],"curies":[{"name":"wp","href":"https:\/\/api.w.org\/{rel}","templated":true}]}}